{"id":4269,"date":"2025-03-09T13:23:50","date_gmt":"2025-03-09T13:23:50","guid":{"rendered":"https:\/\/artstella-elixirs-floraux.com\/product\/snake-serpent-wea-30-ml\/"},"modified":"2025-05-05T12:41:49","modified_gmt":"2025-05-05T12:41:49","slug":"snake-serpent-wea-30-ml","status":"publish","type":"product","link":"https:\/\/artstella-elixirs-floraux.com\/en\/product\/snake-serpent-wea-30-ml\/","title":{"rendered":"SNAKE\/SERPENT WEA 30 ML"},"content":{"rendered":"","protected":false},"excerpt":{"rendered":"<p><strong><em>Snake (serpent)<\/em><\/strong><\/p>\n<p>En Ma\u00eetre chamanique, Snake facilite l\u2019initiation aux royaumes les plus profonds et transpersonnels de la psych\u00e9. Il est un puissant soutien pour la transformation aux niveaux les plus profonds. Pour s\u2019\u00e9veiller aux myst\u00e8res les plus profonds.<\/p>\n<p><strong><em>Spider (araign\u00e9e)<\/em><\/strong><\/p>","protected":false},"featured_media":4270,"template":"","meta":[],"product_brand":[],"product_cat":[145],"product_tag":[],"class_list":{"0":"post-4269","1":"product","2":"type-product","3":"status-publish","4":"has-post-thumbnail","6":"product_cat-les-elixirs-d-animaux","8":"first","9":"instock","10":"taxable","11":"shipping-taxable","12":"purchasable","13":"product-type-simple"},"etheme_brands":{"errors":{"invalid_taxonomy":["Invalid taxonomy."]},"error_data":[]},"jetpack_sharing_enabled":true,"jetpack-related-posts":[{"id":5816,"url":"https:\/\/artstella-elixirs-floraux.com\/en\/product\/anaconda-eunectes-murinus-15ml-phi\/","url_meta":{"origin":4269,"position":0},"title":"Anaconda (Eunectes murinus) 15ml PHI","author":"eveapprill","date":"9 March 2025","format":false,"excerpt":"Anaconda (Eunectes murinus)\u00a0 L\u2019\u00e9lixir de ce serpent gigantesque nous apporte force et flexibilit\u00e9. Il est en relation avec notre \u00e9nergie Kundalini. L\u2019anaconda est un animal de haute spiritualit\u00e9 qui peut nous mettre en relation avec la sagesse int\u00e9rieure profonde et la spiritualit\u00e9.","rel":"","context":"Similar post","block_context":{"text":"Similar post","link":""},"img":{"alt_text":"","src":"","width":0,"height":0},"classes":[]},{"id":3964,"url":"https:\/\/artstella-elixirs-floraux.com\/en\/product\/serpent-15ml-phi\/","url_meta":{"origin":4269,"position":1},"title":"SERPENT 15ML PHI","author":"eveapprill","date":"9 March 2025","format":false,"excerpt":"Serpent (Dendroaspis) (Schlange) Active nos forces d\u2019autogu\u00e9rison et apporte de l\u2019harmonie dans les situations \u00e9motionnelles empoisonn\u00e9es.","rel":"","context":"Similar post","block_context":{"text":"Similar post","link":""},"img":{"alt_text":"","src":"https:\/\/i0.wp.com\/artstella-elixirs-floraux.com\/wp-content\/uploads\/2025\/03\/wp-image730.png?resize=350%2C200&ssl=1","width":350,"height":200},"classes":[]},{"id":4101,"url":"https:\/\/artstella-elixirs-floraux.com\/en\/product\/serpiente-serpent-transmutation-15ml\/","url_meta":{"origin":4269,"position":2},"title":"SERPIENTE \/ SERPENT Transmutation 15ML","author":"eveapprill","date":"9 March 2025","format":false,"excerpt":"SERPIENTE \/ SERPENT Transmutation \u2013 Force de Vie \u2013 R\u00e9g\u00e9n\u00e9ration. Le Serpent accompagne les mues r\u00e9guli\u00e8res n\u00e9cessaires, mais aussi les grandes transformations qui impliquent de laisser le \u00ab\u00a0vieux\u00a0\u00bb pour acc\u00e9der au \u00ab\u00a0nouveau\u00a0\u00bb.","rel":"","context":"Similar post","block_context":{"text":"Similar post","link":""},"img":{"alt_text":"","src":"","width":0,"height":0},"classes":[]},{"id":4243,"url":"https:\/\/artstella-elixirs-floraux.com\/en\/product\/lion-wea-30-ml\/","url_meta":{"origin":4269,"position":3},"title":"LION WEA 30 ML","author":"eveapprill","date":"9 March 2025","format":false,"excerpt":"Lion Pour revendiquer sa plus profonde autorit\u00e9 personnelle et son plus profond pouvoir spirituel. Favorise le courage, l\u2019intr\u00e9pidit\u00e9, le \u00ab\u00a0leadership\u00a0\u00bb, la performance et le succ\u00e8s. D\u00e9veloppe un sens de bien-\u00eatre et de force.","rel":"","context":"Similar post","block_context":{"text":"Similar post","link":""},"img":{"alt_text":"","src":"https:\/\/i0.wp.com\/artstella-elixirs-floraux.com\/wp-content\/uploads\/2025\/03\/wp-image2267.png?resize=350%2C200&ssl=1","width":350,"height":200,"srcset":"https:\/\/i0.wp.com\/artstella-elixirs-floraux.com\/wp-content\/uploads\/2025\/03\/wp-image2267.png?resize=350%2C200&ssl=1 1x, https:\/\/i0.wp.com\/artstella-elixirs-floraux.com\/wp-content\/uploads\/2025\/03\/wp-image2267.png?resize=525%2C300&ssl=1 1.5x, https:\/\/i0.wp.com\/artstella-elixirs-floraux.com\/wp-content\/uploads\/2025\/03\/wp-image2267.png?resize=700%2C400&ssl=1 2x, https:\/\/i0.wp.com\/artstella-elixirs-floraux.com\/wp-content\/uploads\/2025\/03\/wp-image2267.png?resize=1050%2C600&ssl=1 3x"},"classes":[]},{"id":6290,"url":"https:\/\/artstella-elixirs-floraux.com\/en\/product\/yerba-santa-sylfos-15ml\/","url_meta":{"origin":4269,"position":4},"title":"YERBA SANTA SYLFOS 15ML","author":"eveapprill","date":"9 March 2025","format":false,"excerpt":"YERBA SANTA (Eriodictyoncalifornicum) \u00a0Lib\u00e9ration - \u00a0Ouverture -\u00a0 Conscience facilite la lib\u00e9ration des traumatismes et des impuret\u00e9s \u00e9motionnelles, souvent profond\u00e9ment refoul\u00e9es. Pour ceux, confront\u00e9s \u00e0 un chagrin profond, comme la perte d'un parent ou d'un \u00eatre cher, d\u00e8s le d\u00e9but de sa vie, il restaure progressivement le temple du c\u0153ur, le\u2026","rel":"","context":"Similar post","block_context":{"text":"Similar post","link":""},"img":{"alt_text":"","src":"https:\/\/i0.wp.com\/artstella-elixirs-floraux.com\/wp-content\/uploads\/2025\/03\/wp-image2233.png?resize=350%2C200&ssl=1","width":350,"height":200},"classes":[]},{"id":3687,"url":"https:\/\/artstella-elixirs-floraux.com\/en\/product\/70-voice-of-courage-ltoe-15ml\/","url_meta":{"origin":4269,"position":5},"title":"70. VOICE OF COURAGE LTOE 15ML","author":"eveapprill","date":"9 March 2025","format":false,"excerpt":"Voice of Courage \/ la Voix du courage Un \u00e9lixir tr\u00e8s important pour gu\u00e9rir les niveaux profonds du 3\u00e8me chakra, de m\u00eame qu\u2019il \u00e9nerg\u00e9tise le chakra de la gorge. Donne force et courage et permet de renouveler notre engagement par rapport aux buts de notre \u00e2me dans cette vie","rel":"","context":"Similar post","block_context":{"text":"Similar post","link":""},"img":{"alt_text":"","src":"https:\/\/i0.wp.com\/artstella-elixirs-floraux.com\/wp-content\/uploads\/2025\/03\/29909093-978a-4b79-857b-1fffc2be6331.jpg?resize=350%2C200&ssl=1","width":350,"height":200,"srcset":"https:\/\/i0.wp.com\/artstella-elixirs-floraux.com\/wp-content\/uploads\/2025\/03\/29909093-978a-4b79-857b-1fffc2be6331.jpg?resize=350%2C200&ssl=1 1x, https:\/\/i0.wp.com\/artstella-elixirs-floraux.com\/wp-content\/uploads\/2025\/03\/29909093-978a-4b79-857b-1fffc2be6331.jpg?resize=525%2C300&ssl=1 1.5x, https:\/\/i0.wp.com\/artstella-elixirs-floraux.com\/wp-content\/uploads\/2025\/03\/29909093-978a-4b79-857b-1fffc2be6331.jpg?resize=700%2C400&ssl=1 2x"},"classes":[]}],"_links":{"self":[{"href":"https:\/\/artstella-elixirs-floraux.com\/en\/wp-json\/wp\/v2\/product\/4269","targetHints":{"allow":["GET"]}}],"collection":[{"href":"https:\/\/artstella-elixirs-floraux.com\/en\/wp-json\/wp\/v2\/product"}],"about":[{"href":"https:\/\/artstella-elixirs-floraux.com\/en\/wp-json\/wp\/v2\/types\/product"}],"version-history":[{"count":0,"href":"https:\/\/artstella-elixirs-floraux.com\/en\/wp-json\/wp\/v2\/product\/4269\/revisions"}],"wp:featuredmedia":[{"embeddable":true,"href":"https:\/\/artstella-elixirs-floraux.com\/en\/wp-json\/wp\/v2\/media\/4270"}],"wp:attachment":[{"href":"https:\/\/artstella-elixirs-floraux.com\/en\/wp-json\/wp\/v2\/media?parent=4269"}],"wp:term":[{"taxonomy":"product_brand","embeddable":true,"href":"https:\/\/artstella-elixirs-floraux.com\/en\/wp-json\/wp\/v2\/product_brand?post=4269"},{"taxonomy":"product_cat","embeddable":true,"href":"https:\/\/artstella-elixirs-floraux.com\/en\/wp-json\/wp\/v2\/product_cat?post=4269"},{"taxonomy":"product_tag","embeddable":true,"href":"https:\/\/artstella-elixirs-floraux.com\/en\/wp-json\/wp\/v2\/product_tag?post=4269"}],"curies":[{"name":"wp","href":"https:\/\/api.w.org\/{rel}","templated":true}]}}