{"id":4273,"date":"2025-03-09T13:23:55","date_gmt":"2025-03-09T13:23:55","guid":{"rendered":"https:\/\/artstella-elixirs-floraux.com\/product\/squirrel-ecureuil-wea-30-ml\/"},"modified":"2025-05-05T12:41:47","modified_gmt":"2025-05-05T12:41:47","slug":"squirrel-ecureuil-wea-30-ml","status":"publish","type":"product","link":"https:\/\/artstella-elixirs-floraux.com\/en\/product\/squirrel-ecureuil-wea-30-ml\/","title":{"rendered":"SQUIRREL\/ECUREUIL WEA 30 ML"},"content":{"rendered":"","protected":false},"excerpt":{"rendered":"<p><strong><em>Squirrel (\u00e9cureuil)<\/em><\/strong><\/p>\n<p>Aide \u00e0 trouver une int\u00e9gration dynamique du travail et du jeu. Eveille la conscience de son enfant int\u00e9rieur plein d\u2019entrain. Pour faire de chaque t\u00e2che un jeu d\u00e9licieux. Favorise la capacit\u00e9 \u00e0 recueillir\/stocker les ressources<\/p>","protected":false},"featured_media":4274,"template":"","meta":[],"product_brand":[],"product_cat":[145],"product_tag":[],"class_list":{"0":"post-4273","1":"product","2":"type-product","3":"status-publish","4":"has-post-thumbnail","6":"product_cat-les-elixirs-d-animaux","8":"first","9":"instock","10":"taxable","11":"shipping-taxable","12":"purchasable","13":"product-type-simple"},"etheme_brands":{"errors":{"invalid_taxonomy":["Invalid taxonomy."]},"error_data":[]},"jetpack_sharing_enabled":true,"jetpack-related-posts":[{"id":5253,"url":"https:\/\/artstella-elixirs-floraux.com\/en\/product\/jeu-de-60-cartes-danimaux\/","url_meta":{"origin":4273,"position":0},"title":"Jeu de 60 cartes d&rsquo;Animaux","author":"eveapprill","date":"9 March 2025","format":false,"excerpt":"Jeu de cartes r\u00e9pr\u00e9senatnt les 60 animaux dont Andr\u00e9as Korte a r\u00e9alis\u00e9 un \u00e9lixir (sans aucun dommage pour les animaux)","rel":"","context":"Similar post","block_context":{"text":"Similar post","link":""},"img":{"alt_text":"","src":"https:\/\/i0.wp.com\/artstella-elixirs-floraux.com\/wp-content\/uploads\/2025\/03\/wp-image2490.png?resize=350%2C200&ssl=1","width":350,"height":200},"classes":[]},{"id":5261,"url":"https:\/\/artstella-elixirs-floraux.com\/en\/product\/jeu-de-23-cartes-danges\/","url_meta":{"origin":4273,"position":1},"title":"Jeu de 23 cartes d&rsquo;anges","author":"","date":"9 March 2025","format":false,"excerpt":"Jeu de 23 cartes d'Anges avec une phrase d'affirmation positive dont Andr\u00e9as Korte a r\u00e9alis\u00e9 un \u00e9lixir.","rel":"","context":"Similar post","block_context":{"text":"Similar post","link":""},"img":{"alt_text":"","src":"https:\/\/i0.wp.com\/artstella-elixirs-floraux.com\/wp-content\/uploads\/2025\/03\/wp-image1535.png?resize=350%2C200&ssl=1","width":350,"height":200,"srcset":"https:\/\/i0.wp.com\/artstella-elixirs-floraux.com\/wp-content\/uploads\/2025\/03\/wp-image1535.png?resize=350%2C200&ssl=1 1x, https:\/\/i0.wp.com\/artstella-elixirs-floraux.com\/wp-content\/uploads\/2025\/03\/wp-image1535.png?resize=525%2C300&ssl=1 1.5x"},"classes":[]},{"id":5257,"url":"https:\/\/artstella-elixirs-floraux.com\/en\/product\/jeu-de-20-cartes-de-fleurs-dafrique\/","url_meta":{"origin":4273,"position":2},"title":"Jeu de 20 cartes de fleurs d&rsquo;Afrique","author":"","date":"9 March 2025","format":false,"excerpt":"Jeu de 20 cartes de fleurs d'Afrique et des Canaries repr\u00e9sentant les fleurs \u00e0 partir desquelles ces \u00e9lixirs ont \u00e9t\u00e9 r\u00e9alis\u00e9s","rel":"","context":"Similar post","block_context":{"text":"Similar post","link":""},"img":{"alt_text":"","src":"","width":0,"height":0},"classes":[]},{"id":5259,"url":"https:\/\/artstella-elixirs-floraux.com\/en\/product\/jeu-de-40-cartes-de-fleurs-sauvages\/","url_meta":{"origin":4273,"position":3},"title":"Jeu de 40 cartes de fleurs sauvages","author":"","date":"9 March 2025","format":false,"excerpt":"Jeu de 40 cartes de fleurs sauvages europ\u00e9ennes repr\u00e9sentant les fleurs \u00e0 partir desquelles ces \u00e9lixirs ont \u00e9t\u00e9 r\u00e9alis\u00e9s","rel":"","context":"Similar post","block_context":{"text":"Similar post","link":""},"img":{"alt_text":"","src":"","width":0,"height":0},"classes":[]},{"id":4590,"url":"https:\/\/artstella-elixirs-floraux.com\/en\/product\/jeu-cartes-australie-en-angais\/","url_meta":{"origin":4273,"position":4},"title":"JEU CARTES AUSTRALIE en angais","author":"eveapprill","date":"9 March 2025","format":false,"excerpt":"Un jeu de carte pr\u00e9sentant toutes les fleurs des \u00e9lixirs du Bush Australien. Tr\u00e8s pratique \u00e0 utiliser et notamment pour choisir les \u00e9lixirs.","rel":"","context":"Similar post","block_context":{"text":"Similar post","link":""},"img":{"alt_text":"","src":"https:\/\/i0.wp.com\/artstella-elixirs-floraux.com\/wp-content\/uploads\/2025\/03\/wp-image1216.png?resize=350%2C200&ssl=1","width":350,"height":200,"srcset":"https:\/\/i0.wp.com\/artstella-elixirs-floraux.com\/wp-content\/uploads\/2025\/03\/wp-image1216.png?resize=350%2C200&ssl=1 1x, https:\/\/i0.wp.com\/artstella-elixirs-floraux.com\/wp-content\/uploads\/2025\/03\/wp-image1216.png?resize=525%2C300&ssl=1 1.5x"},"classes":[]},{"id":6262,"url":"https:\/\/artstella-elixirs-floraux.com\/en\/product\/jeu-cartes-australie-en-francais\/","url_meta":{"origin":4273,"position":5},"title":"JEU CARTES AUSTRALIE en fran\u00e7ais","author":"eveapprill","date":"9 March 2025","format":false,"excerpt":"Un jeu de carte pr\u00e9sentant toutes les fleurs des \u00e9lixirs du Bush Australien. Tr\u00e8s pratique \u00e0 utiliser et notamment pour choisir les \u00e9lixirs.","rel":"","context":"Similar post","block_context":{"text":"Similar post","link":""},"img":{"alt_text":"","src":"https:\/\/i0.wp.com\/artstella-elixirs-floraux.com\/wp-content\/uploads\/2025\/03\/wp-image2221.png?resize=350%2C200&ssl=1","width":350,"height":200,"srcset":"https:\/\/i0.wp.com\/artstella-elixirs-floraux.com\/wp-content\/uploads\/2025\/03\/wp-image2221.png?resize=350%2C200&ssl=1 1x, https:\/\/i0.wp.com\/artstella-elixirs-floraux.com\/wp-content\/uploads\/2025\/03\/wp-image2221.png?resize=525%2C300&ssl=1 1.5x"},"classes":[]}],"_links":{"self":[{"href":"https:\/\/artstella-elixirs-floraux.com\/en\/wp-json\/wp\/v2\/product\/4273","targetHints":{"allow":["GET"]}}],"collection":[{"href":"https:\/\/artstella-elixirs-floraux.com\/en\/wp-json\/wp\/v2\/product"}],"about":[{"href":"https:\/\/artstella-elixirs-floraux.com\/en\/wp-json\/wp\/v2\/types\/product"}],"version-history":[{"count":0,"href":"https:\/\/artstella-elixirs-floraux.com\/en\/wp-json\/wp\/v2\/product\/4273\/revisions"}],"wp:featuredmedia":[{"embeddable":true,"href":"https:\/\/artstella-elixirs-floraux.com\/en\/wp-json\/wp\/v2\/media\/4274"}],"wp:attachment":[{"href":"https:\/\/artstella-elixirs-floraux.com\/en\/wp-json\/wp\/v2\/media?parent=4273"}],"wp:term":[{"taxonomy":"product_brand","embeddable":true,"href":"https:\/\/artstella-elixirs-floraux.com\/en\/wp-json\/wp\/v2\/product_brand?post=4273"},{"taxonomy":"product_cat","embeddable":true,"href":"https:\/\/artstella-elixirs-floraux.com\/en\/wp-json\/wp\/v2\/product_cat?post=4273"},{"taxonomy":"product_tag","embeddable":true,"href":"https:\/\/artstella-elixirs-floraux.com\/en\/wp-json\/wp\/v2\/product_tag?post=4273"}],"curies":[{"name":"wp","href":"https:\/\/api.w.org\/{rel}","templated":true}]}}