{"id":4277,"date":"2025-03-09T13:24:00","date_gmt":"2025-03-09T13:24:00","guid":{"rendered":"https:\/\/artstella-elixirs-floraux.com\/product\/tigre-wea-30-ml\/"},"modified":"2025-06-08T13:59:43","modified_gmt":"2025-06-08T13:59:43","slug":"tigre-wea-30-ml","status":"publish","type":"product","link":"https:\/\/artstella-elixirs-floraux.com\/en\/product\/tigre-wea-30-ml\/","title":{"rendered":"TIGRE WEA 30 ML"},"content":{"rendered":"","protected":false},"excerpt":{"rendered":"<p><strong><em>Tiger (tigre)<\/em><\/strong><\/p>\n<p>Pour calmer l\u2019esprit et arriver \u00e0 la conscience pure et brute et au pouvoir de l\u2019instant pr\u00e9sent. Apporte la force et la concentration. D\u00e9veloppe un sens de force et de ma\u00eetrise spirituelle. Pour d\u00e9velopper un esprit in\u00e9branlable.<\/p>","protected":false},"featured_media":4278,"template":"","meta":[],"product_brand":[],"product_cat":[145],"product_tag":[],"class_list":{"0":"post-4277","1":"product","2":"type-product","3":"status-publish","4":"has-post-thumbnail","6":"product_cat-les-elixirs-d-animaux","8":"first","9":"instock","10":"taxable","11":"shipping-taxable","12":"purchasable","13":"product-type-simple"},"etheme_brands":{"errors":{"invalid_taxonomy":["Invalid taxonomy."]},"error_data":[]},"jetpack_sharing_enabled":true,"jetpack-related-posts":[{"id":5846,"url":"https:\/\/artstella-elixirs-floraux.com\/en\/product\/tigre-tiger-panthera-tigris-15ml-phi\/","url_meta":{"origin":4277,"position":0},"title":"Tigre &#8211; Tiger (Panthera tigris) 15ml PHI","author":"eveapprill","date":"9 March 2025","format":false,"excerpt":"Tigre - Tiger (Panthera tigris)\u00a0 Cet \u00e9lixir\u00a0 nous apporte pouvoir et vitalit\u00e9. Nos forces vitales sont renforc\u00e9es et nous pouvons d\u00e9velopper une sensation claire du moment juste pour agir.","rel":"","context":"Similar post","block_context":{"text":"Similar post","link":""},"img":{"alt_text":"","src":"","width":0,"height":0},"classes":[]},{"id":3944,"url":"https:\/\/artstella-elixirs-floraux.com\/en\/product\/tigre-phi-15-ml\/","url_meta":{"origin":4277,"position":1},"title":"TIGRE PHI 15 ML","author":"eveapprill","date":"27 May 2025","format":false,"excerpt":"Tigre (Pantshera tigri) Tiger Cet \u00e9lixir nous procure la force de patienter et l'aide pour pouvoir agir au bon moment. Il favorise la flexibilit\u00e9.","rel":"","context":"Similar post","block_context":{"text":"Similar post","link":""},"img":{"alt_text":"","src":"","width":0,"height":0},"classes":[]},{"id":4038,"url":"https:\/\/artstella-elixirs-floraux.com\/en\/product\/flor-de-un-dia-15-ml-sylfos\/","url_meta":{"origin":4277,"position":2},"title":"FLOR DE UN DIA \/ FLEUR DU TIGRE SYLFOS","author":"eveapprill","date":"9 March 2025","format":false,"excerpt":"FLOR DE UN D\u00cdA \/ FLEUR DU TIGRE Tigridia pavonea R\u00e9veil du Guerrier Int\u00e9rieur, oser, courage. Aide \u00e0 sortir de son cocon pseudo-protecteur tout en se sentant fort et prot\u00e9g\u00e9.","rel":"","context":"Similar post","block_context":{"text":"Similar post","link":""},"img":{"alt_text":"","src":"","width":0,"height":0},"classes":[]},{"id":6325,"url":"https:\/\/artstella-elixirs-floraux.com\/en\/product\/septieme-chakra-weae-30ml\/","url_meta":{"origin":4277,"position":3},"title":"SEPTIEME CHAKRA WEAE 30 ml","author":"eveapprill","date":"9 March 2025","format":false,"excerpt":"Seventh Chakra Essence fournit un soutien pour recevoir les dons du septi\u00e8me chakra, y compris: \u00eatre en unit\u00e9 avec l'esprit, recevoir des conseils sup\u00e9rieurs, la connexion divine.","rel":"","context":"Similar post","block_context":{"text":"Similar post","link":""},"img":{"alt_text":"","src":"https:\/\/i0.wp.com\/artstella-elixirs-floraux.com\/wp-content\/uploads\/2025\/03\/1f748c53-28aa-4d2b-a2a4-484c606e5bf4.jpg?resize=350%2C200&ssl=1","width":350,"height":200,"srcset":"https:\/\/i0.wp.com\/artstella-elixirs-floraux.com\/wp-content\/uploads\/2025\/03\/1f748c53-28aa-4d2b-a2a4-484c606e5bf4.jpg?resize=350%2C200&ssl=1 1x, https:\/\/i0.wp.com\/artstella-elixirs-floraux.com\/wp-content\/uploads\/2025\/03\/1f748c53-28aa-4d2b-a2a4-484c606e5bf4.jpg?resize=525%2C300&ssl=1 1.5x, https:\/\/i0.wp.com\/artstella-elixirs-floraux.com\/wp-content\/uploads\/2025\/03\/1f748c53-28aa-4d2b-a2a4-484c606e5bf4.jpg?resize=700%2C400&ssl=1 2x"},"classes":[]},{"id":5536,"url":"https:\/\/artstella-elixirs-floraux.com\/en\/product\/coffret-10-elixirs-d-animaux-n4-15ml\/","url_meta":{"origin":4277,"position":4},"title":"COFFRET 10 \u00e9lixirs d&rsquo; ANIMAUX N\u00b04 15ML","author":"eveapprill","date":"9 March 2025","format":false,"excerpt":"Coffret n\u00b0 4 10 \u00e9lixirs d'animaux : contient : Tarentule, Tigre, Tortue, Baleine \u00e0 bosse, Baleine franche australe, Cachalot, Rorqual commun, Papillon Morpho, Papillon grand cuivr\u00e9, Dauphin rose","rel":"","context":"Similar post","block_context":{"text":"Similar post","link":""},"img":{"alt_text":"","src":"https:\/\/i0.wp.com\/artstella-elixirs-floraux.com\/wp-content\/uploads\/2025\/03\/wp-image1763.png?resize=350%2C200&ssl=1","width":350,"height":200},"classes":[]},{"id":4837,"url":"https:\/\/artstella-elixirs-floraux.com\/en\/product\/vivre-le-divin-en-tte-chose\/","url_meta":{"origin":4277,"position":5},"title":"VIVRE LE DIVIN EN TTE CHOSE","author":"","date":"9 March 2025","format":false,"excerpt":"VIVRE LE DIVIN EN TOUTE CHOSE L'exp\u00e9rience du jardin de Perelandra par Machaelle Small Wright Editions Co-Cr\u00e9atives","rel":"","context":"Similar post","block_context":{"text":"Similar post","link":""},"img":{"alt_text":"","src":"https:\/\/i0.wp.com\/artstella-elixirs-floraux.com\/wp-content\/uploads\/2025\/03\/wp-image1348.png?resize=350%2C200&ssl=1","width":350,"height":200},"classes":[]}],"_links":{"self":[{"href":"https:\/\/artstella-elixirs-floraux.com\/en\/wp-json\/wp\/v2\/product\/4277","targetHints":{"allow":["GET"]}}],"collection":[{"href":"https:\/\/artstella-elixirs-floraux.com\/en\/wp-json\/wp\/v2\/product"}],"about":[{"href":"https:\/\/artstella-elixirs-floraux.com\/en\/wp-json\/wp\/v2\/types\/product"}],"version-history":[{"count":0,"href":"https:\/\/artstella-elixirs-floraux.com\/en\/wp-json\/wp\/v2\/product\/4277\/revisions"}],"wp:featuredmedia":[{"embeddable":true,"href":"https:\/\/artstella-elixirs-floraux.com\/en\/wp-json\/wp\/v2\/media\/4278"}],"wp:attachment":[{"href":"https:\/\/artstella-elixirs-floraux.com\/en\/wp-json\/wp\/v2\/media?parent=4277"}],"wp:term":[{"taxonomy":"product_brand","embeddable":true,"href":"https:\/\/artstella-elixirs-floraux.com\/en\/wp-json\/wp\/v2\/product_brand?post=4277"},{"taxonomy":"product_cat","embeddable":true,"href":"https:\/\/artstella-elixirs-floraux.com\/en\/wp-json\/wp\/v2\/product_cat?post=4277"},{"taxonomy":"product_tag","embeddable":true,"href":"https:\/\/artstella-elixirs-floraux.com\/en\/wp-json\/wp\/v2\/product_tag?post=4277"}],"curies":[{"name":"wp","href":"https:\/\/api.w.org\/{rel}","templated":true}]}}