{"id":4279,"date":"2025-03-09T13:24:02","date_gmt":"2025-03-09T13:24:02","guid":{"rendered":"https:\/\/artstella-elixirs-floraux.com\/product\/turtle-tortue-wea-30-ml\/"},"modified":"2025-05-05T12:41:37","modified_gmt":"2025-05-05T12:41:37","slug":"turtle-tortue-wea-30-ml","status":"publish","type":"product","link":"https:\/\/artstella-elixirs-floraux.com\/en\/product\/turtle-tortue-wea-30-ml\/","title":{"rendered":"TURTLE\/TORTUE WEA 30 ML"},"content":{"rendered":"","protected":false},"excerpt":{"rendered":"<p><strong><em>Turtle (tortue)<\/em><\/strong><\/p>\n<p>Pour ralentir et ressentir l\u2019ancrage profond et l\u2019Unit\u00e9 avecla Terre. Apporteune protection psychique et \u00e9motionnelle pour se sentir en s\u00e9curit\u00e9 dans les situations\/environnements intenses.<\/p>","protected":false},"featured_media":4280,"template":"","meta":[],"product_brand":[],"product_cat":[145],"product_tag":[],"class_list":{"0":"post-4279","1":"product","2":"type-product","3":"status-publish","4":"has-post-thumbnail","6":"product_cat-les-elixirs-d-animaux","8":"first","9":"instock","10":"taxable","11":"shipping-taxable","12":"purchasable","13":"product-type-simple"},"etheme_brands":{"errors":{"invalid_taxonomy":["Invalid taxonomy."]},"error_data":[]},"jetpack_sharing_enabled":true,"jetpack-related-posts":[{"id":5848,"url":"https:\/\/artstella-elixirs-floraux.com\/en\/product\/tortue-turtle-chelonia-mydas-15ml-phi\/","url_meta":{"origin":4279,"position":0},"title":"Tortue &#8211; Turtle (Chelonia mydas) 15ml PHI","author":"eveapprill","date":"9 March 2025","format":false,"excerpt":"Tortue - Turtle (Chelonia mydas)\u00a0 C\u2019est \u00e9lixir de la gestion du stress. Nous pouvons nous sentir prot\u00e9ger par la carapace, de cette fa\u00e7on le stress ne peut pas nous affecter directement et nous apprenons \u00e0 faire les choses \u00e0 notre propre rythme. Il nous aide \u00e0 nous relaxer, \u00e0 retrouver\u2026","rel":"","context":"Similar post","block_context":{"text":"Similar post","link":""},"img":{"alt_text":"","src":"","width":0,"height":0},"classes":[]},{"id":3966,"url":"https:\/\/artstella-elixirs-floraux.com\/en\/product\/tortue-phi-15-ml\/","url_meta":{"origin":4279,"position":1},"title":"TORTUE PHI 15 ML","author":"eveapprill","date":"27 May 2025","format":false,"excerpt":"Tortue Schildkr\u00f6te (Lepidochelys olivacea) aide \u00e0 contr\u00f4ler le stress en se cr\u00e9ant une coquille solide. Il permet de garder son calme et d\u2019agir avec ses forces int\u00e9rieures. Nous apprenons que nous pouvons aussi fonctionner dans la paix.","rel":"","context":"Similar post","block_context":{"text":"Similar post","link":""},"img":{"alt_text":"","src":"","width":0,"height":0},"classes":[]},{"id":5536,"url":"https:\/\/artstella-elixirs-floraux.com\/en\/product\/coffret-10-elixirs-d-animaux-n4-15ml\/","url_meta":{"origin":4279,"position":2},"title":"COFFRET 10 \u00e9lixirs d&rsquo; ANIMAUX N\u00b04 15ML","author":"eveapprill","date":"9 March 2025","format":false,"excerpt":"Coffret n\u00b0 4 10 \u00e9lixirs d'animaux : contient : Tarentule, Tigre, Tortue, Baleine \u00e0 bosse, Baleine franche australe, Cachalot, Rorqual commun, Papillon Morpho, Papillon grand cuivr\u00e9, Dauphin rose","rel":"","context":"Similar post","block_context":{"text":"Similar post","link":""},"img":{"alt_text":"","src":"https:\/\/i0.wp.com\/artstella-elixirs-floraux.com\/wp-content\/uploads\/2025\/03\/wp-image1763.png?resize=350%2C200&ssl=1","width":350,"height":200},"classes":[]}],"_links":{"self":[{"href":"https:\/\/artstella-elixirs-floraux.com\/en\/wp-json\/wp\/v2\/product\/4279","targetHints":{"allow":["GET"]}}],"collection":[{"href":"https:\/\/artstella-elixirs-floraux.com\/en\/wp-json\/wp\/v2\/product"}],"about":[{"href":"https:\/\/artstella-elixirs-floraux.com\/en\/wp-json\/wp\/v2\/types\/product"}],"version-history":[{"count":0,"href":"https:\/\/artstella-elixirs-floraux.com\/en\/wp-json\/wp\/v2\/product\/4279\/revisions"}],"wp:featuredmedia":[{"embeddable":true,"href":"https:\/\/artstella-elixirs-floraux.com\/en\/wp-json\/wp\/v2\/media\/4280"}],"wp:attachment":[{"href":"https:\/\/artstella-elixirs-floraux.com\/en\/wp-json\/wp\/v2\/media?parent=4279"}],"wp:term":[{"taxonomy":"product_brand","embeddable":true,"href":"https:\/\/artstella-elixirs-floraux.com\/en\/wp-json\/wp\/v2\/product_brand?post=4279"},{"taxonomy":"product_cat","embeddable":true,"href":"https:\/\/artstella-elixirs-floraux.com\/en\/wp-json\/wp\/v2\/product_cat?post=4279"},{"taxonomy":"product_tag","embeddable":true,"href":"https:\/\/artstella-elixirs-floraux.com\/en\/wp-json\/wp\/v2\/product_tag?post=4279"}],"curies":[{"name":"wp","href":"https:\/\/api.w.org\/{rel}","templated":true}]}}