{"id":4288,"date":"2025-03-09T13:24:10","date_gmt":"2025-03-09T13:24:10","guid":{"rendered":"https:\/\/artstella-elixirs-floraux.com\/product\/zebra-zebre-wea-30-ml\/"},"modified":"2025-05-05T12:41:22","modified_gmt":"2025-05-05T12:41:22","slug":"zebra-zebre-wea-30-ml","status":"publish","type":"product","link":"https:\/\/artstella-elixirs-floraux.com\/en\/product\/zebra-zebre-wea-30-ml\/","title":{"rendered":"ZEBRA\/ZEBRE WEA 30 ML"},"content":{"rendered":"","protected":false},"excerpt":{"rendered":"<p><strong><em>Zebra (z\u00e8bre)<\/em><\/strong><\/p>\n<p>Favorise une profonde int\u00e9gration des oppos\u00e9s. Pour aller au-del\u00e0 de la pens\u00e9e du \u00ab\u00a0tout blanc ou tout noir\u00a0\u00bb et pour rel\u00e2cher les projections. Pour voir la vraie v\u00e9rit\u00e9 derri\u00e8re ce qui pourrait sembler masqu\u00e9 ou cach\u00e9.<\/p>","protected":false},"featured_media":4289,"template":"","meta":[],"product_brand":[],"product_cat":[145],"product_tag":[],"class_list":{"0":"post-4288","1":"product","2":"type-product","3":"status-publish","4":"has-post-thumbnail","6":"product_cat-les-elixirs-d-animaux","8":"first","9":"instock","10":"taxable","11":"shipping-taxable","12":"purchasable","13":"product-type-simple"},"etheme_brands":{"errors":{"invalid_taxonomy":["Invalid taxonomy."]},"error_data":[]},"jetpack_sharing_enabled":true,"jetpack-related-posts":[{"id":6052,"url":"https:\/\/artstella-elixirs-floraux.com\/en\/product\/elixir-ocean-n12-phi-15ml\/","url_meta":{"origin":4288,"position":0},"title":"ELIXIR OCEAN N\u00b012 PHI 15ML","author":"eveapprill","date":"9 March 2025","format":false,"excerpt":"L\u2019\u00e9lixir nous ram\u00e8ne au tout d\u00e9but, \u00e0 la cr\u00e9ation divine. Il nous relie avec l\u2019information originelle, pure, qui est aussi contenue dans les toutes premi\u00e8res cellules. Equilibre le plexus solaire et le chakra du c\u0153ur. Harmonise et \u00e9quilibre le sentiment d\u2019\u00eatre reli\u00e9 \u00e0 la Source.","rel":"","context":"Similar post","block_context":{"text":"Similar post","link":""},"img":{"alt_text":"","src":"https:\/\/i0.wp.com\/artstella-elixirs-floraux.com\/wp-content\/uploads\/2025\/03\/wp-image2050.png?resize=350%2C200&ssl=1","width":350,"height":200},"classes":[]},{"id":6095,"url":"https:\/\/artstella-elixirs-floraux.com\/en\/product\/collier-beauty\/","url_meta":{"origin":4288,"position":1},"title":"COLLIER \u00ab\u00a0BEAUTY\u00a0\u00bb","author":"eveapprill","date":"9 March 2025","format":false,"excerpt":"La \u00ab beaut\u00e9 de la cr\u00e9ation \u00bb Le grand Tout se b\u00e2tit \u00e0 partir de la plus petite structure. Tout advient selon le plan divin. La Formation nous rappelle l\u2019\u00e9tincelle divine en nous et que tout est reli\u00e9. La Lumi\u00e8re rayonne \u00e0 partir du c\u0153ur dans chaque cellule. Avec une\u2026","rel":"","context":"Similar post","block_context":{"text":"Similar post","link":""},"img":{"alt_text":"","src":"https:\/\/i0.wp.com\/artstella-elixirs-floraux.com\/wp-content\/uploads\/2025\/03\/wp-image2129.png?resize=350%2C200&ssl=1","width":350,"height":200,"srcset":"https:\/\/i0.wp.com\/artstella-elixirs-floraux.com\/wp-content\/uploads\/2025\/03\/wp-image2129.png?resize=350%2C200&ssl=1 1x, https:\/\/i0.wp.com\/artstella-elixirs-floraux.com\/wp-content\/uploads\/2025\/03\/wp-image2129.png?resize=525%2C300&ssl=1 1.5x, https:\/\/i0.wp.com\/artstella-elixirs-floraux.com\/wp-content\/uploads\/2025\/03\/wp-image2129.png?resize=700%2C400&ssl=1 2x"},"classes":[]},{"id":6335,"url":"https:\/\/artstella-elixirs-floraux.com\/en\/product\/assistance-spray-deva-30ml\/","url_meta":{"origin":4288,"position":2},"title":"ASSISTANCE SPRAY DEVA 30ML","author":"eveapprill","date":"9 March 2025","format":false,"excerpt":"Le compos\u00e9 floral ASSISTANCE est \u00e0 utiliser dans toutes les situations d\u2019urgence \u00e9motionnelle et de grande tension, avant tout \u00e9v\u00e9nement \u00e9prouvant pour garder son sang-froid : nouvelle inattendue, entretien d\u2019embauche, RDV chez le dentiste, trac\u2026","rel":"","context":"Similar post","block_context":{"text":"Similar post","link":""},"img":{"alt_text":"","src":"https:\/\/i0.wp.com\/artstella-elixirs-floraux.com\/wp-content\/uploads\/2025\/03\/wp-image2342.png?resize=350%2C200&ssl=1","width":350,"height":200,"srcset":"https:\/\/i0.wp.com\/artstella-elixirs-floraux.com\/wp-content\/uploads\/2025\/03\/wp-image2342.png?resize=350%2C200&ssl=1 1x, https:\/\/i0.wp.com\/artstella-elixirs-floraux.com\/wp-content\/uploads\/2025\/03\/wp-image2342.png?resize=525%2C300&ssl=1 1.5x, https:\/\/i0.wp.com\/artstella-elixirs-floraux.com\/wp-content\/uploads\/2025\/03\/wp-image2342.png?resize=700%2C400&ssl=1 2x"},"classes":[]},{"id":2735,"url":"https:\/\/artstella-elixirs-floraux.com\/en\/product\/meditation-bush-30-ml\/","url_meta":{"origin":4288,"position":3},"title":"MEDITATION BUSH 30 ml","author":"eveapprill","date":"9 March 2025","format":false,"excerpt":"Meditation Eveille la spiritualit\u00e9. Aide approfondir toute pratique spirituelle ou religieuse et favorise l'acc\u00e8s \u00e0 un autre niveau de conscience, tout en assurant une plus grande protection du Moi et la sauvegarde de l'aura. Fortement recommand\u00e9 \u00e0 tous ceux qui pratiquent la m\u00e9ditation.","rel":"","context":"Similar post","block_context":{"text":"Similar post","link":""},"img":{"alt_text":"","src":"https:\/\/i0.wp.com\/artstella-elixirs-floraux.com\/wp-content\/uploads\/2025\/03\/8213eb41-48ef-461b-ada2-bbd45136e611.jpg?resize=350%2C200&ssl=1","width":350,"height":200,"srcset":"https:\/\/i0.wp.com\/artstella-elixirs-floraux.com\/wp-content\/uploads\/2025\/03\/8213eb41-48ef-461b-ada2-bbd45136e611.jpg?resize=350%2C200&ssl=1 1x, https:\/\/i0.wp.com\/artstella-elixirs-floraux.com\/wp-content\/uploads\/2025\/03\/8213eb41-48ef-461b-ada2-bbd45136e611.jpg?resize=525%2C300&ssl=1 1.5x, https:\/\/i0.wp.com\/artstella-elixirs-floraux.com\/wp-content\/uploads\/2025\/03\/8213eb41-48ef-461b-ada2-bbd45136e611.jpg?resize=700%2C400&ssl=1 2x"},"classes":[]},{"id":5702,"url":"https:\/\/artstella-elixirs-floraux.com\/en\/product\/hibiscus-15-ml-deva\/","url_meta":{"origin":4288,"position":4},"title":"Hibiscus 15 ml DEVA","author":"eveapprill","date":"9 March 2025","format":false,"excerpt":"Hibiscus Int\u00e9gration de l\u2019amour dans la sexualit\u00e9. Pour les femmes qui ont perdu tout \u00abfeeling\u00bb, tout contact avec leur sexualit\u00e9.","rel":"","context":"Similar post","block_context":{"text":"Similar post","link":""},"img":{"alt_text":"","src":"https:\/\/i0.wp.com\/artstella-elixirs-floraux.com\/wp-content\/uploads\/2025\/03\/wp-image2408.png?resize=350%2C200&ssl=1","width":350,"height":200},"classes":[]},{"id":6070,"url":"https:\/\/artstella-elixirs-floraux.com\/en\/product\/elixir-ocean-n21-phi-15ml\/","url_meta":{"origin":4288,"position":5},"title":"ELIXIR OCEAN N\u00b021 PHI 15ML","author":"eveapprill","date":"9 March 2025","format":false,"excerpt":"Sur un plan \u00e9nerg\u00e9tique, cet \u00e9lixir agit comme un tonique de tout le corps. Le syst\u00e8me nerveux est renforc\u00e9 et \u00e9quilibr\u00e9. Apporte une forte action de r\u00e9g\u00e9n\u00e9ration, \u00e9galement au niveau du 2\u00e8me chakra. Renforcement de la force vitale du corps.","rel":"","context":"Similar post","block_context":{"text":"Similar post","link":""},"img":{"alt_text":"","src":"https:\/\/i0.wp.com\/artstella-elixirs-floraux.com\/wp-content\/uploads\/2025\/03\/wp-image2059.png?resize=350%2C200&ssl=1","width":350,"height":200},"classes":[]}],"_links":{"self":[{"href":"https:\/\/artstella-elixirs-floraux.com\/en\/wp-json\/wp\/v2\/product\/4288","targetHints":{"allow":["GET"]}}],"collection":[{"href":"https:\/\/artstella-elixirs-floraux.com\/en\/wp-json\/wp\/v2\/product"}],"about":[{"href":"https:\/\/artstella-elixirs-floraux.com\/en\/wp-json\/wp\/v2\/types\/product"}],"version-history":[{"count":0,"href":"https:\/\/artstella-elixirs-floraux.com\/en\/wp-json\/wp\/v2\/product\/4288\/revisions"}],"wp:featuredmedia":[{"embeddable":true,"href":"https:\/\/artstella-elixirs-floraux.com\/en\/wp-json\/wp\/v2\/media\/4289"}],"wp:attachment":[{"href":"https:\/\/artstella-elixirs-floraux.com\/en\/wp-json\/wp\/v2\/media?parent=4288"}],"wp:term":[{"taxonomy":"product_brand","embeddable":true,"href":"https:\/\/artstella-elixirs-floraux.com\/en\/wp-json\/wp\/v2\/product_brand?post=4288"},{"taxonomy":"product_cat","embeddable":true,"href":"https:\/\/artstella-elixirs-floraux.com\/en\/wp-json\/wp\/v2\/product_cat?post=4288"},{"taxonomy":"product_tag","embeddable":true,"href":"https:\/\/artstella-elixirs-floraux.com\/en\/wp-json\/wp\/v2\/product_tag?post=4288"}],"curies":[{"name":"wp","href":"https:\/\/api.w.org\/{rel}","templated":true}]}}