{"id":4294,"date":"2025-03-09T13:24:16","date_gmt":"2025-03-09T13:24:16","guid":{"rendered":"https:\/\/artstella-elixirs-floraux.com\/product\/arctic-tern-terne-arctique-wea-30-m\/"},"modified":"2025-05-05T12:55:41","modified_gmt":"2025-05-05T12:55:41","slug":"arctic-tern-terne-arctique-wea-30-m","status":"publish","type":"product","link":"https:\/\/artstella-elixirs-floraux.com\/en\/product\/arctic-tern-terne-arctique-wea-30-m\/","title":{"rendered":"ARCTIC TERN\/TERNE ARCTIQUE WEA 30 M"},"content":{"rendered":"","protected":false},"excerpt":{"rendered":"<p><strong><em>Artic Stern (Sterne arctique)<\/em><\/strong><\/p>\n<p>Accomplir facilement des t\u00e2ches consid\u00e9rables\u00a0; facilit\u00e9 \u00e0 r\u00e9aliser des grandes choses\u00a0; voyages au long cours\u00a0; vol-marathon.<\/p>","protected":false},"featured_media":4295,"template":"","meta":[],"product_brand":[],"product_cat":[150],"product_tag":[],"class_list":{"0":"post-4294","1":"product","2":"type-product","3":"status-publish","4":"has-post-thumbnail","6":"product_cat-les-elixirs-d-animaux-complementaires","8":"first","9":"instock","10":"taxable","11":"shipping-taxable","12":"purchasable","13":"product-type-simple"},"etheme_brands":{"errors":{"invalid_taxonomy":["Invalid taxonomy."]},"error_data":[]},"jetpack_sharing_enabled":true,"jetpack-related-posts":[{"id":2769,"url":"https:\/\/artstella-elixirs-floraux.com\/en\/product\/arctic-essence-bush-lf\/","url_meta":{"origin":4294,"position":0},"title":"ARCTIC ESSENCE BUSH LF","author":"eveapprill","date":"9 March 2025","format":false,"excerpt":"Arctic Essence \u2013 Elixir de l'Arctique Lib\u00e8re le potentiel lumineux de chaque individu. Favorise la spiritualit\u00e9 et nous aide \u00e0 \u00e9quilibrer notre fr\u00e9quence \u00e9lectromagn\u00e9tique avec celle de la plan\u00e8te.","rel":"","context":"Similar post","block_context":{"text":"Similar post","link":""},"img":{"alt_text":"","src":"https:\/\/i0.wp.com\/artstella-elixirs-floraux.com\/wp-content\/uploads\/2025\/03\/a56184b6-0ac2-44d9-a881-46b1cf098ebd.jpg?resize=350%2C200&ssl=1","width":350,"height":200,"srcset":"https:\/\/i0.wp.com\/artstella-elixirs-floraux.com\/wp-content\/uploads\/2025\/03\/a56184b6-0ac2-44d9-a881-46b1cf098ebd.jpg?resize=350%2C200&ssl=1 1x, https:\/\/i0.wp.com\/artstella-elixirs-floraux.com\/wp-content\/uploads\/2025\/03\/a56184b6-0ac2-44d9-a881-46b1cf098ebd.jpg?resize=525%2C300&ssl=1 1.5x, https:\/\/i0.wp.com\/artstella-elixirs-floraux.com\/wp-content\/uploads\/2025\/03\/a56184b6-0ac2-44d9-a881-46b1cf098ebd.jpg?resize=700%2C400&ssl=1 2x"},"classes":[]},{"id":2394,"url":"https:\/\/artstella-elixirs-floraux.com\/en\/product\/polar-ice\/","url_meta":{"origin":4294,"position":1},"title":"POLAR ICE &#8211; Glace Polaire","author":"eveapprill","date":"9 March 2025","format":false,"excerpt":"POLAR ICE . GLACE POLAIRE Cet \u00e9lixir fut pr\u00e9par\u00e9 sur la banquise de l'Oc\u00e9an Arctique pr\u00e8s du P\u00f4le Nord. C'est un \u00e9lixir de transition et d'accomplissement des cycles. Pour une compr\u00e9hension plus patiente des subtilit\u00e9s du temps ; nous aide \u00e0 rester pr\u00e9sent dans un lieu d'attente pure, sans anticipation\u2026","rel":"","context":"Similar post","block_context":{"text":"Similar post","link":""},"img":{"alt_text":"","src":"https:\/\/i0.wp.com\/artstella-elixirs-floraux.com\/wp-content\/uploads\/2025\/03\/Polar_Ice_1024x1024.jpg?resize=350%2C200&ssl=1","width":350,"height":200},"classes":[]},{"id":2390,"url":"https:\/\/artstella-elixirs-floraux.com\/en\/product\/northern-light\/","url_meta":{"origin":4294,"position":2},"title":"NORTHERN LIGHT &#8211; Aurores bor\u00e9ales","author":"eveapprill","date":"9 March 2025","format":false,"excerpt":"NORTHERN LIGHT. LUMIERE DU NORD Cet \u00e9lixir a \u00e9t\u00e9 fait lors d'une nuit arctique venteuse avec des temp\u00e9ratures inf\u00e9rieures \u00e0 z\u00e9ro, sous le foisonnement vert d'une aurore bor\u00e9ale. Il nous aide \u00e0 nous d\u00e9passer la seule perspective terrestre pour joindre la danse de la source de la cr\u00e9ation.","rel":"","context":"Similar post","block_context":{"text":"Similar post","link":""},"img":{"alt_text":"","src":"https:\/\/i0.wp.com\/artstella-elixirs-floraux.com\/wp-content\/uploads\/2025\/03\/Northern_Lights_1024x1024.jpg?resize=350%2C200&ssl=1","width":350,"height":200},"classes":[]},{"id":5796,"url":"https:\/\/artstella-elixirs-floraux.com\/en\/product\/sureau-15-ml-deva\/","url_meta":{"origin":4294,"position":3},"title":"Sureau 15 ml DEVA","author":"eveapprill","date":"9 March 2025","format":false,"excerpt":"Sureau Aide \u00e0 surmonter le sentiment de honte, de souillure ou d'imperfection. Pour les temp\u00e9raments ternes, effac\u00e9s, soumis, manquant de vitalit\u00e9.","rel":"","context":"Similar post","block_context":{"text":"Similar post","link":""},"img":{"alt_text":"","src":"https:\/\/i0.wp.com\/artstella-elixirs-floraux.com\/wp-content\/uploads\/2025\/03\/wp-image2448.png?resize=350%2C200&ssl=1","width":350,"height":200},"classes":[]}],"_links":{"self":[{"href":"https:\/\/artstella-elixirs-floraux.com\/en\/wp-json\/wp\/v2\/product\/4294","targetHints":{"allow":["GET"]}}],"collection":[{"href":"https:\/\/artstella-elixirs-floraux.com\/en\/wp-json\/wp\/v2\/product"}],"about":[{"href":"https:\/\/artstella-elixirs-floraux.com\/en\/wp-json\/wp\/v2\/types\/product"}],"version-history":[{"count":0,"href":"https:\/\/artstella-elixirs-floraux.com\/en\/wp-json\/wp\/v2\/product\/4294\/revisions"}],"wp:featuredmedia":[{"embeddable":true,"href":"https:\/\/artstella-elixirs-floraux.com\/en\/wp-json\/wp\/v2\/media\/4295"}],"wp:attachment":[{"href":"https:\/\/artstella-elixirs-floraux.com\/en\/wp-json\/wp\/v2\/media?parent=4294"}],"wp:term":[{"taxonomy":"product_brand","embeddable":true,"href":"https:\/\/artstella-elixirs-floraux.com\/en\/wp-json\/wp\/v2\/product_brand?post=4294"},{"taxonomy":"product_cat","embeddable":true,"href":"https:\/\/artstella-elixirs-floraux.com\/en\/wp-json\/wp\/v2\/product_cat?post=4294"},{"taxonomy":"product_tag","embeddable":true,"href":"https:\/\/artstella-elixirs-floraux.com\/en\/wp-json\/wp\/v2\/product_tag?post=4294"}],"curies":[{"name":"wp","href":"https:\/\/api.w.org\/{rel}","templated":true}]}}