{"id":4296,"date":"2025-03-09T13:24:19","date_gmt":"2025-03-09T13:24:19","guid":{"rendered":"https:\/\/artstella-elixirs-floraux.com\/product\/armadillo-tatou-wea-30-ml\/"},"modified":"2025-05-05T12:55:39","modified_gmt":"2025-05-05T12:55:39","slug":"armadillo-tatou-wea-30-ml","status":"publish","type":"product","link":"https:\/\/artstella-elixirs-floraux.com\/en\/product\/armadillo-tatou-wea-30-ml\/","title":{"rendered":"ARMADILLO\/TATOU WEA 30 ML"},"content":{"rendered":"","protected":false},"excerpt":{"rendered":"<p><strong><em>Armadillo (tatou) <\/em><\/strong><\/p>\n<p>Protection supr\u00eame\u00a0; avancer en s\u00e9curit\u00e9\u00a0; bouclier protecteur\u00a0; impr\u00e9gnabilit\u00e9.<\/p>","protected":false},"featured_media":4297,"template":"","meta":[],"product_brand":[],"product_cat":[150],"product_tag":[],"class_list":{"0":"post-4296","1":"product","2":"type-product","3":"status-publish","4":"has-post-thumbnail","6":"product_cat-les-elixirs-d-animaux-complementaires","8":"first","9":"instock","10":"taxable","11":"shipping-taxable","12":"purchasable","13":"product-type-simple"},"etheme_brands":{"errors":{"invalid_taxonomy":["Invalid taxonomy."]},"error_data":[]},"jetpack_sharing_enabled":true,"jetpack-related-posts":[{"id":4388,"url":"https:\/\/artstella-elixirs-floraux.com\/en\/product\/supreme-confidence-wea-30-ml\/","url_meta":{"origin":4296,"position":0},"title":"SUPREME CONFIDENCE WEA 30 ML","author":"eveapprill","date":"27 May 2025","format":false,"excerpt":"Supreme Confidence Nous aide \u00e0 agir avec confiance, force et puissance.","rel":"","context":"Similar post","block_context":{"text":"Similar post","link":""},"img":{"alt_text":"","src":"https:\/\/i0.wp.com\/artstella-elixirs-floraux.com\/wp-content\/uploads\/2025\/03\/supreme.jpeg?resize=350%2C200&ssl=1","width":350,"height":200},"classes":[]},{"id":4279,"url":"https:\/\/artstella-elixirs-floraux.com\/en\/product\/turtle-tortue-wea-30-ml\/","url_meta":{"origin":4296,"position":1},"title":"TURTLE\/TORTUE WEA 30 ML","author":"eveapprill","date":"9 March 2025","format":false,"excerpt":"Turtle (tortue) Pour ralentir et ressentir l\u2019ancrage profond et l\u2019Unit\u00e9 avecla Terre. Apporteune protection psychique et \u00e9motionnelle pour se sentir en s\u00e9curit\u00e9 dans les situations\/environnements intenses.","rel":"","context":"Similar post","block_context":{"text":"Similar post","link":""},"img":{"alt_text":"","src":"https:\/\/i0.wp.com\/artstella-elixirs-floraux.com\/wp-content\/uploads\/2025\/03\/wp-image2281.png?resize=350%2C200&ssl=1","width":350,"height":200,"srcset":"https:\/\/i0.wp.com\/artstella-elixirs-floraux.com\/wp-content\/uploads\/2025\/03\/wp-image2281.png?resize=350%2C200&ssl=1 1x, https:\/\/i0.wp.com\/artstella-elixirs-floraux.com\/wp-content\/uploads\/2025\/03\/wp-image2281.png?resize=525%2C300&ssl=1 1.5x, https:\/\/i0.wp.com\/artstella-elixirs-floraux.com\/wp-content\/uploads\/2025\/03\/wp-image2281.png?resize=700%2C400&ssl=1 2x"},"classes":[]},{"id":4364,"url":"https:\/\/artstella-elixirs-floraux.com\/en\/product\/elephant-calf-elephanteau-wea-30-ml\/","url_meta":{"origin":4296,"position":2},"title":"ELEPHANT CALF\/ELEPHANTEAU WEA 30 ML","author":"eveapprill","date":"9 March 2025","format":false,"excerpt":"Elephant Calf (\u00e9l\u00e9phanteau) Favorise les sentiments de s\u00e9curit\u00e9 physique et \u00e9motionnelle, d\u2019ancrage, de protection et de soutien d\u2019une famille plus \u00e9tendue mais toujours saine et solidaire.","rel":"","context":"Similar post","block_context":{"text":"Similar post","link":""},"img":{"alt_text":"","src":"https:\/\/i0.wp.com\/artstella-elixirs-floraux.com\/wp-content\/uploads\/2025\/03\/wp-image2320.png?resize=350%2C200&ssl=1","width":350,"height":200,"srcset":"https:\/\/i0.wp.com\/artstella-elixirs-floraux.com\/wp-content\/uploads\/2025\/03\/wp-image2320.png?resize=350%2C200&ssl=1 1x, https:\/\/i0.wp.com\/artstella-elixirs-floraux.com\/wp-content\/uploads\/2025\/03\/wp-image2320.png?resize=525%2C300&ssl=1 1.5x, https:\/\/i0.wp.com\/artstella-elixirs-floraux.com\/wp-content\/uploads\/2025\/03\/wp-image2320.png?resize=700%2C400&ssl=1 2x"},"classes":[]},{"id":4383,"url":"https:\/\/artstella-elixirs-floraux.com\/en\/product\/protection-wea-30-ml\/","url_meta":{"origin":4296,"position":3},"title":"PROTECTION WEA 30 ML","author":"eveapprill","date":"27 May 2025","format":false,"excerpt":"Protection Pour faire face aux situations, environnements et personnes \u00e9motionnellement intenses. Ce complexe nous apporte la protection \u00e9motionnelle et psychique, un sentiment de s\u00fbret\u00e9 personnelle et d\u2019autoprotection.","rel":"","context":"Similar post","block_context":{"text":"Similar post","link":""},"img":{"alt_text":"","src":"https:\/\/i0.wp.com\/artstella-elixirs-floraux.com\/wp-content\/uploads\/2025\/03\/protection.jpeg?resize=350%2C200&ssl=1","width":350,"height":200},"classes":[]},{"id":4312,"url":"https:\/\/artstella-elixirs-floraux.com\/en\/product\/gorilla-gorille-wea-exp-30-ml\/","url_meta":{"origin":4296,"position":4},"title":"GORILLA\/GORILLE WEA EXP 30 ML","author":"eveapprill","date":"9 March 2025","format":false,"excerpt":"Gorilla (gorille) Connaissance et expression de soi affirm\u00e9es\u00a0; force supr\u00eame\u00a0; revendication du pouvoir personnel\u00a0; tenir bon.","rel":"","context":"Similar post","block_context":{"text":"Similar post","link":""},"img":{"alt_text":"","src":"https:\/\/i0.wp.com\/artstella-elixirs-floraux.com\/wp-content\/uploads\/2025\/03\/wp-image2293.png?resize=350%2C200&ssl=1","width":350,"height":200,"srcset":"https:\/\/i0.wp.com\/artstella-elixirs-floraux.com\/wp-content\/uploads\/2025\/03\/wp-image2293.png?resize=350%2C200&ssl=1 1x, https:\/\/i0.wp.com\/artstella-elixirs-floraux.com\/wp-content\/uploads\/2025\/03\/wp-image2293.png?resize=525%2C300&ssl=1 1.5x, https:\/\/i0.wp.com\/artstella-elixirs-floraux.com\/wp-content\/uploads\/2025\/03\/wp-image2293.png?resize=700%2C400&ssl=1 2x"},"classes":[]},{"id":4332,"url":"https:\/\/artstella-elixirs-floraux.com\/en\/product\/opossum-wea-exp-30-ml\/","url_meta":{"origin":4296,"position":5},"title":"OPOSSUM WEA EXP 30 ML","author":"eveapprill","date":"9 March 2025","format":false,"excerpt":"Opossum D\u00e9fense et protection de ses enfants\u00a0; force maternelle\u00a0; protection parentale.","rel":"","context":"Similar post","block_context":{"text":"Similar post","link":""},"img":{"alt_text":"","src":"https:\/\/i0.wp.com\/artstella-elixirs-floraux.com\/wp-content\/uploads\/2025\/03\/wp-image2303.png?resize=350%2C200&ssl=1","width":350,"height":200,"srcset":"https:\/\/i0.wp.com\/artstella-elixirs-floraux.com\/wp-content\/uploads\/2025\/03\/wp-image2303.png?resize=350%2C200&ssl=1 1x, https:\/\/i0.wp.com\/artstella-elixirs-floraux.com\/wp-content\/uploads\/2025\/03\/wp-image2303.png?resize=525%2C300&ssl=1 1.5x, https:\/\/i0.wp.com\/artstella-elixirs-floraux.com\/wp-content\/uploads\/2025\/03\/wp-image2303.png?resize=700%2C400&ssl=1 2x, https:\/\/i0.wp.com\/artstella-elixirs-floraux.com\/wp-content\/uploads\/2025\/03\/wp-image2303.png?resize=1050%2C600&ssl=1 3x"},"classes":[]}],"_links":{"self":[{"href":"https:\/\/artstella-elixirs-floraux.com\/en\/wp-json\/wp\/v2\/product\/4296","targetHints":{"allow":["GET"]}}],"collection":[{"href":"https:\/\/artstella-elixirs-floraux.com\/en\/wp-json\/wp\/v2\/product"}],"about":[{"href":"https:\/\/artstella-elixirs-floraux.com\/en\/wp-json\/wp\/v2\/types\/product"}],"version-history":[{"count":0,"href":"https:\/\/artstella-elixirs-floraux.com\/en\/wp-json\/wp\/v2\/product\/4296\/revisions"}],"wp:featuredmedia":[{"embeddable":true,"href":"https:\/\/artstella-elixirs-floraux.com\/en\/wp-json\/wp\/v2\/media\/4297"}],"wp:attachment":[{"href":"https:\/\/artstella-elixirs-floraux.com\/en\/wp-json\/wp\/v2\/media?parent=4296"}],"wp:term":[{"taxonomy":"product_brand","embeddable":true,"href":"https:\/\/artstella-elixirs-floraux.com\/en\/wp-json\/wp\/v2\/product_brand?post=4296"},{"taxonomy":"product_cat","embeddable":true,"href":"https:\/\/artstella-elixirs-floraux.com\/en\/wp-json\/wp\/v2\/product_cat?post=4296"},{"taxonomy":"product_tag","embeddable":true,"href":"https:\/\/artstella-elixirs-floraux.com\/en\/wp-json\/wp\/v2\/product_tag?post=4296"}],"curies":[{"name":"wp","href":"https:\/\/api.w.org\/{rel}","templated":true}]}}