{"id":4300,"date":"2025-03-09T13:24:23","date_gmt":"2025-03-09T13:24:23","guid":{"rendered":"https:\/\/artstella-elixirs-floraux.com\/product\/bighorn-sheep-mouflon-wea-30-ml\/"},"modified":"2025-05-05T12:55:35","modified_gmt":"2025-05-05T12:55:35","slug":"bighorn-sheep-mouflon-wea-30-ml","status":"publish","type":"product","link":"https:\/\/artstella-elixirs-floraux.com\/en\/product\/bighorn-sheep-mouflon-wea-30-ml\/","title":{"rendered":"BIGHORN SHEEP\/MOUFLON WEA 30 ML"},"content":{"rendered":"","protected":false},"excerpt":{"rendered":"<p><strong><em>Bighorn Sheep (mouflon)<\/em><\/strong><\/p>\n<p>Revendication et expression du pouvoir int\u00e9rieur et de l\u2019autorit\u00e9\u00a0; se donner le pouvoir\u00a0; majest\u00e9\u00a0; sagesse de la montagne.<\/p>","protected":false},"featured_media":4301,"template":"","meta":[],"product_brand":[],"product_cat":[150],"product_tag":[],"class_list":{"0":"post-4300","1":"product","2":"type-product","3":"status-publish","4":"has-post-thumbnail","6":"product_cat-les-elixirs-d-animaux-complementaires","8":"first","9":"instock","10":"taxable","11":"shipping-taxable","12":"purchasable","13":"product-type-simple"},"etheme_brands":{"errors":{"invalid_taxonomy":["Invalid taxonomy."]},"error_data":[]},"jetpack_sharing_enabled":true,"jetpack-related-posts":[{"id":2288,"url":"https:\/\/artstella-elixirs-floraux.com\/en\/product\/soapberry-alaskan\/","url_meta":{"origin":4300,"position":0},"title":"Soapberry Alaskan","author":"eveapprill","date":"9 March 2025","format":false,"excerpt":"Soapberry. Sheperdia canadensis Crainte du pouvoir de la Nature, peur de son propre pouvoir, utilisation de son pouvoir de fa\u00e7on d\u00e9s\u00e9quilibr\u00e9e, inappropri\u00e9e et irresponsable.","rel":"","context":"Similar post","block_context":{"text":"Similar post","link":""},"img":{"alt_text":"","src":"https:\/\/i0.wp.com\/artstella-elixirs-floraux.com\/wp-content\/uploads\/2025\/03\/wp-image583.png?resize=350%2C200&ssl=1","width":350,"height":200},"classes":[]},{"id":6000,"url":"https:\/\/artstella-elixirs-floraux.com\/en\/product\/le-pouvoir-de-guerison-des-animaux-a-korte\/","url_meta":{"origin":4300,"position":1},"title":"Le pouvoir de gu\u00e9rison des animaux A. Korte","author":"eveapprill","date":"9 March 2025","format":false,"excerpt":"Nouveau ! Le dernier livre d'Andreas Korte paru en fran\u00e7ais reprenant ses recherches sur ses rencontres avec les animaux, leur pouvoir de gu\u00e9rison et les \u00e9lixirs qu'ils en a recueilli.","rel":"","context":"Similar post","block_context":{"text":"Similar post","link":""},"img":{"alt_text":"","src":"https:\/\/i0.wp.com\/artstella-elixirs-floraux.com\/wp-content\/uploads\/2025\/03\/wp-image2019.png?resize=350%2C200&ssl=1","width":350,"height":200},"classes":[]},{"id":4201,"url":"https:\/\/artstella-elixirs-floraux.com\/en\/product\/bear-ours-wea-30-ml\/","url_meta":{"origin":4300,"position":2},"title":"BEAR\/OURS WEA 30 ML","author":"eveapprill","date":"9 March 2025","format":false,"excerpt":"Bear (ours) Aide \u00e0 incuber les id\u00e9es, plans et r\u00eaves et \u00e0 les concr\u00e9tiser. Pour se mettre en contact avec le pouvoir de son propre inconscient et cultiver la force, l\u2019ancrage et le pouvoir.","rel":"","context":"Similar post","block_context":{"text":"Similar post","link":""},"img":{"alt_text":"","src":"https:\/\/i0.wp.com\/artstella-elixirs-floraux.com\/wp-content\/uploads\/2025\/03\/wp-image2247.png?resize=350%2C200&ssl=1","width":350,"height":200,"srcset":"https:\/\/i0.wp.com\/artstella-elixirs-floraux.com\/wp-content\/uploads\/2025\/03\/wp-image2247.png?resize=350%2C200&ssl=1 1x, https:\/\/i0.wp.com\/artstella-elixirs-floraux.com\/wp-content\/uploads\/2025\/03\/wp-image2247.png?resize=525%2C300&ssl=1 1.5x, https:\/\/i0.wp.com\/artstella-elixirs-floraux.com\/wp-content\/uploads\/2025\/03\/wp-image2247.png?resize=700%2C400&ssl=1 2x, https:\/\/i0.wp.com\/artstella-elixirs-floraux.com\/wp-content\/uploads\/2025\/03\/wp-image2247.png?resize=1050%2C600&ssl=1 3x"},"classes":[]},{"id":4431,"url":"https:\/\/artstella-elixirs-floraux.com\/en\/product\/monga-waratah-15-ml-bush\/","url_meta":{"origin":4300,"position":3},"title":"MONGA WARATAH 15 ML BUSH","author":"eveapprill","date":"9 March 2025","format":false,"excerpt":"Monga Waratah D\u00e9pendant des autres, ne pas pouvoir faire les choses seul, sentiment d\u2019impuissance, personnalit\u00e9 d\u00e9pendante. Fortifier sa volont\u00e9, r\u00e9clamer\/reprendre son esprit, avoir la certitude de pouvoir se d\u00e9faire de toute forme de d\u00e9pendance.","rel":"","context":"Similar post","block_context":{"text":"Similar post","link":""},"img":{"alt_text":"","src":"https:\/\/i0.wp.com\/artstella-elixirs-floraux.com\/wp-content\/uploads\/2025\/03\/wp-image1043.png?resize=350%2C200&ssl=1","width":350,"height":200},"classes":[]},{"id":5404,"url":"https:\/\/artstella-elixirs-floraux.com\/en\/product\/purpura-grande-sylfos\/","url_meta":{"origin":4300,"position":4},"title":"PURPURA GRANDE SYLFOS","author":"eveapprill","date":"9 March 2025","format":false,"excerpt":"38 - P\u00daRPURA GRANDE\/ GRANDE POURPRE Atlides halesus Evolution \u2013 Prise de conscience Cet \u00e9lixir nous enseigne que toutes les choses arrivent pour le d\u00e9veloppement et la croissance de notre Esprit, et que nous pouvons nous l\u00e2cher afin de pouvoir \u00e9voluer librement et naturellement.","rel":"","context":"Similar post","block_context":{"text":"Similar post","link":""},"img":{"alt_text":"","src":"","width":0,"height":0},"classes":[]},{"id":3064,"url":"https:\/\/artstella-elixirs-floraux.com\/en\/product\/jupiter-planete-15-ml-phi\/","url_meta":{"origin":4300,"position":5},"title":"JUPITER PLANETE 15 ML PHI","author":"eveapprill","date":"9 March 2025","format":false,"excerpt":"JupiterCet \u00e9lixir nous aide \u00e0 appr\u00e9hender le pouvoir et \u00e0 concevoir ce qu'il est. Il nous aide aussi \u00e0 reconna\u00eetre l'argent comme une forme d'\u00e9nergie et \u00e0 nous en servir en tant que tel, consciemment. Plus largement, nous nous rendons compte du lien qui existe entre le pouvoir et la\u2026","rel":"","context":"Similar post","block_context":{"text":"Similar post","link":""},"img":{"alt_text":"","src":"","width":0,"height":0},"classes":[]}],"_links":{"self":[{"href":"https:\/\/artstella-elixirs-floraux.com\/en\/wp-json\/wp\/v2\/product\/4300","targetHints":{"allow":["GET"]}}],"collection":[{"href":"https:\/\/artstella-elixirs-floraux.com\/en\/wp-json\/wp\/v2\/product"}],"about":[{"href":"https:\/\/artstella-elixirs-floraux.com\/en\/wp-json\/wp\/v2\/types\/product"}],"version-history":[{"count":0,"href":"https:\/\/artstella-elixirs-floraux.com\/en\/wp-json\/wp\/v2\/product\/4300\/revisions"}],"wp:featuredmedia":[{"embeddable":true,"href":"https:\/\/artstella-elixirs-floraux.com\/en\/wp-json\/wp\/v2\/media\/4301"}],"wp:attachment":[{"href":"https:\/\/artstella-elixirs-floraux.com\/en\/wp-json\/wp\/v2\/media?parent=4300"}],"wp:term":[{"taxonomy":"product_brand","embeddable":true,"href":"https:\/\/artstella-elixirs-floraux.com\/en\/wp-json\/wp\/v2\/product_brand?post=4300"},{"taxonomy":"product_cat","embeddable":true,"href":"https:\/\/artstella-elixirs-floraux.com\/en\/wp-json\/wp\/v2\/product_cat?post=4300"},{"taxonomy":"product_tag","embeddable":true,"href":"https:\/\/artstella-elixirs-floraux.com\/en\/wp-json\/wp\/v2\/product_tag?post=4300"}],"curies":[{"name":"wp","href":"https:\/\/api.w.org\/{rel}","templated":true}]}}