{"id":4316,"date":"2025-03-09T13:24:40","date_gmt":"2025-03-09T13:24:40","guid":{"rendered":"https:\/\/artstella-elixirs-floraux.com\/product\/hawk-faucon-wea-exp-30-ml\/"},"modified":"2025-05-05T12:55:27","modified_gmt":"2025-05-05T12:55:27","slug":"hawk-faucon-wea-exp-30-ml","status":"publish","type":"product","link":"https:\/\/artstella-elixirs-floraux.com\/en\/product\/hawk-faucon-wea-exp-30-ml\/","title":{"rendered":"HAWK\/FAUCON WEA EXP 30 ML"},"content":{"rendered":"","protected":false},"excerpt":{"rendered":"<p><strong><em>Hawk (faucon)<\/em><\/strong><\/p>\n<p>Vision absolue et parfaitement claire\u00a0; vision et connaissance pr\u00e9cise de l\u2019endroit o\u00f9 l\u2019on se trouve\u00a0; perspective\u00a0; vue parfaite.<\/p>","protected":false},"featured_media":4317,"template":"","meta":[],"product_brand":[],"product_cat":[150],"product_tag":[],"class_list":{"0":"post-4316","1":"product","2":"type-product","3":"status-publish","4":"has-post-thumbnail","6":"product_cat-les-elixirs-d-animaux-complementaires","8":"first","9":"instock","10":"taxable","11":"shipping-taxable","12":"purchasable","13":"product-type-simple"},"etheme_brands":{"errors":{"invalid_taxonomy":["Invalid taxonomy."]},"error_data":[]},"jetpack_sharing_enabled":true,"jetpack-related-posts":[{"id":6323,"url":"https:\/\/artstella-elixirs-floraux.com\/en\/product\/sixieme-chakra-weae-30ml\/","url_meta":{"origin":4316,"position":0},"title":"SIXIEME CHAKRA WEAE 30ML","author":"eveapprill","date":"9 March 2025","format":false,"excerpt":"Sixth Chakra Essence fournit un soutien pour recevoir les dons du sixi\u00e8me chakra, y compris: la vision spirituelle, l\u2019intuition, l\u2019imagination, la sagesse du troisi\u00e8me \u0153il, la perspective spirituelle au-del\u00e0 du monde 3D. \u00a0 \u00a0","rel":"","context":"Similar post","block_context":{"text":"Similar post","link":""},"img":{"alt_text":"","src":"https:\/\/i0.wp.com\/artstella-elixirs-floraux.com\/wp-content\/uploads\/2025\/03\/7a3ca3fb-056a-43c8-879b-aedd4bd1e7be.jpg?resize=350%2C200&ssl=1","width":350,"height":200,"srcset":"https:\/\/i0.wp.com\/artstella-elixirs-floraux.com\/wp-content\/uploads\/2025\/03\/7a3ca3fb-056a-43c8-879b-aedd4bd1e7be.jpg?resize=350%2C200&ssl=1 1x, https:\/\/i0.wp.com\/artstella-elixirs-floraux.com\/wp-content\/uploads\/2025\/03\/7a3ca3fb-056a-43c8-879b-aedd4bd1e7be.jpg?resize=525%2C300&ssl=1 1.5x, https:\/\/i0.wp.com\/artstella-elixirs-floraux.com\/wp-content\/uploads\/2025\/03\/7a3ca3fb-056a-43c8-879b-aedd4bd1e7be.jpg?resize=700%2C400&ssl=1 2x"},"classes":[]},{"id":3577,"url":"https:\/\/artstella-elixirs-floraux.com\/en\/product\/16-direct-vision-ltoe-15-ml\/","url_meta":{"origin":4316,"position":1},"title":"16. DIRECT VISION LTOE 15 ML","author":"eveapprill","date":"9 March 2025","format":false,"excerpt":"Direct Vision \/Vision directe : Permet d'exp\u00e9rimenter le 3eme \u0152il. L'\u00e9lixir peut \u00eatre utile dans une qu\u00eate de vision.","rel":"","context":"Similar post","block_context":{"text":"Similar post","link":""},"img":{"alt_text":"","src":"https:\/\/i0.wp.com\/artstella-elixirs-floraux.com\/wp-content\/uploads\/2025\/03\/5dba4f93-ea81-4db0-9d9e-51f896a3ffba.jpg?resize=350%2C200&ssl=1","width":350,"height":200,"srcset":"https:\/\/i0.wp.com\/artstella-elixirs-floraux.com\/wp-content\/uploads\/2025\/03\/5dba4f93-ea81-4db0-9d9e-51f896a3ffba.jpg?resize=350%2C200&ssl=1 1x, https:\/\/i0.wp.com\/artstella-elixirs-floraux.com\/wp-content\/uploads\/2025\/03\/5dba4f93-ea81-4db0-9d9e-51f896a3ffba.jpg?resize=525%2C300&ssl=1 1.5x, https:\/\/i0.wp.com\/artstella-elixirs-floraux.com\/wp-content\/uploads\/2025\/03\/5dba4f93-ea81-4db0-9d9e-51f896a3ffba.jpg?resize=700%2C400&ssl=1 2x"},"classes":[]},{"id":4096,"url":"https:\/\/artstella-elixirs-floraux.com\/en\/product\/condor-el-chamaniques-15ml\/","url_meta":{"origin":4316,"position":2},"title":"CONDOR EL CHAMANIQUES 15ML","author":"eveapprill","date":"9 March 2025","format":false,"excerpt":"CONDOR\u00a0\u00a0 Le Roi Inca \u2013 Vision - Renaissance Le Condor cherche les plus hautes altitudes afin de communiquer avec les dieux.","rel":"","context":"Similar post","block_context":{"text":"Similar post","link":""},"img":{"alt_text":"","src":"https:\/\/i0.wp.com\/artstella-elixirs-floraux.com\/wp-content\/uploads\/2025\/03\/wp-image762.png?resize=350%2C200&ssl=1","width":350,"height":200},"classes":[]},{"id":5410,"url":"https:\/\/artstella-elixirs-floraux.com\/en\/product\/serene-overview-devata-ltoe-15-ml\/","url_meta":{"origin":4316,"position":3},"title":"Serene overview (Devata) LTOE 15 ML","author":"eveapprill","date":"9 March 2025","format":false,"excerpt":"Serene overview (Devata)\u00a0 \/ Vision sereine \u00a0Cr\u00e9e en soi-m\u00eame les conditions d\u2019une vision sereine et mise en perspective de sa vie.\u00a0","rel":"","context":"Similar post","block_context":{"text":"Similar post","link":""},"img":{"alt_text":"","src":"https:\/\/i0.wp.com\/artstella-elixirs-floraux.com\/wp-content\/uploads\/2025\/03\/5c814628-c78b-4115-86a8-52838cb0db8c.jpg?resize=350%2C200&ssl=1","width":350,"height":200,"srcset":"https:\/\/i0.wp.com\/artstella-elixirs-floraux.com\/wp-content\/uploads\/2025\/03\/5c814628-c78b-4115-86a8-52838cb0db8c.jpg?resize=350%2C200&ssl=1 1x, https:\/\/i0.wp.com\/artstella-elixirs-floraux.com\/wp-content\/uploads\/2025\/03\/5c814628-c78b-4115-86a8-52838cb0db8c.jpg?resize=525%2C300&ssl=1 1.5x, https:\/\/i0.wp.com\/artstella-elixirs-floraux.com\/wp-content\/uploads\/2025\/03\/5c814628-c78b-4115-86a8-52838cb0db8c.jpg?resize=700%2C400&ssl=1 2x"},"classes":[]},{"id":4892,"url":"https:\/\/artstella-elixirs-floraux.com\/en\/product\/cloudberry-alaskan-f-sup\/","url_meta":{"origin":4316,"position":4},"title":"CLOUDBERRY ALASKAN F SUP","author":"eveapprill","date":"9 March 2025","format":false,"excerpt":"CLOUDBERRY Indications : trouble vision int\u00e9rieure ; vous cherchez \u00e0 l'ext\u00e9rieur de nous-m\u00eames insight et r\u00e9ponses ; toujours d\u00e9bord\u00e9s avec pr\u00e9cision ; obs\u00e9d\u00e9 par essayer de comprendre les choses.","rel":"","context":"Similar post","block_context":{"text":"Similar post","link":""},"img":{"alt_text":"","src":"https:\/\/i0.wp.com\/artstella-elixirs-floraux.com\/wp-content\/uploads\/2025\/03\/wp-image1378.png?resize=350%2C200&ssl=1","width":350,"height":200},"classes":[]},{"id":3962,"url":"https:\/\/artstella-elixirs-floraux.com\/en\/product\/aigle-a-tete-blanche-15-ml-phi\/","url_meta":{"origin":4316,"position":5},"title":"AIGLE A TETE BLANCHE 15 ML PHI","author":"eveapprill","date":"9 March 2025","format":false,"excerpt":"Aigle \u00e0 t\u00eate blanche (Haliaetus leucocephalus) (Weisskopfseeadler) Il \u00e9tablit une clart\u00e9 de l\u2019esprit, renforce une vision plus large des choses,","rel":"","context":"Similar post","block_context":{"text":"Similar post","link":""},"img":{"alt_text":"","src":"","width":0,"height":0},"classes":[]}],"_links":{"self":[{"href":"https:\/\/artstella-elixirs-floraux.com\/en\/wp-json\/wp\/v2\/product\/4316","targetHints":{"allow":["GET"]}}],"collection":[{"href":"https:\/\/artstella-elixirs-floraux.com\/en\/wp-json\/wp\/v2\/product"}],"about":[{"href":"https:\/\/artstella-elixirs-floraux.com\/en\/wp-json\/wp\/v2\/types\/product"}],"version-history":[{"count":0,"href":"https:\/\/artstella-elixirs-floraux.com\/en\/wp-json\/wp\/v2\/product\/4316\/revisions"}],"wp:featuredmedia":[{"embeddable":true,"href":"https:\/\/artstella-elixirs-floraux.com\/en\/wp-json\/wp\/v2\/media\/4317"}],"wp:attachment":[{"href":"https:\/\/artstella-elixirs-floraux.com\/en\/wp-json\/wp\/v2\/media?parent=4316"}],"wp:term":[{"taxonomy":"product_brand","embeddable":true,"href":"https:\/\/artstella-elixirs-floraux.com\/en\/wp-json\/wp\/v2\/product_brand?post=4316"},{"taxonomy":"product_cat","embeddable":true,"href":"https:\/\/artstella-elixirs-floraux.com\/en\/wp-json\/wp\/v2\/product_cat?post=4316"},{"taxonomy":"product_tag","embeddable":true,"href":"https:\/\/artstella-elixirs-floraux.com\/en\/wp-json\/wp\/v2\/product_tag?post=4316"}],"curies":[{"name":"wp","href":"https:\/\/api.w.org\/{rel}","templated":true}]}}