{"id":4322,"date":"2025-03-09T13:24:48","date_gmt":"2025-03-09T13:24:48","guid":{"rendered":"https:\/\/artstella-elixirs-floraux.com\/product\/mallard-colvert-wea-exp-30-ml\/"},"modified":"2025-05-05T12:54:13","modified_gmt":"2025-05-05T12:54:13","slug":"mallard-colvert-wea-exp-30-ml","status":"publish","type":"product","link":"https:\/\/artstella-elixirs-floraux.com\/en\/product\/mallard-colvert-wea-exp-30-ml\/","title":{"rendered":"MALLARD\/COLVERT WEA EXP 30 ML"},"content":{"rendered":"","protected":false},"excerpt":{"rendered":"<p><strong><em>Mallard (colvert)<\/em><\/strong><\/p>\n<p>Trajectoire et action inspir\u00e9es\u00a0; agir avec l\u2019esprit d\u2019un enfant\u00a0; joie enfantine\u00a0; accomplir avec joie.<\/p>","protected":false},"featured_media":4323,"template":"","meta":[],"product_brand":[],"product_cat":[150],"product_tag":[],"class_list":{"0":"post-4322","1":"product","2":"type-product","3":"status-publish","4":"has-post-thumbnail","6":"product_cat-les-elixirs-d-animaux-complementaires","8":"first","9":"instock","10":"taxable","11":"shipping-taxable","12":"purchasable","13":"product-type-simple"},"etheme_brands":{"errors":{"invalid_taxonomy":["Invalid taxonomy."]},"error_data":[]},"jetpack_sharing_enabled":true,"jetpack-related-posts":[{"id":5576,"url":"https:\/\/artstella-elixirs-floraux.com\/en\/product\/retriever-joie-et-jeu-30ml\/","url_meta":{"origin":4322,"position":0},"title":"Retriever \/ joie et jeu 30ml","author":"eveapprill","date":"9 March 2025","format":false,"excerpt":"Retriever \/ joie et jeu Pour exp\u00e9rimenter la joie et l\u2019exub\u00e9rance d\u2019\u00eatre en vie. Pour les sentiments de gaiet\u00e9, joie et enchantement enfantin. \u00ab Allons jouer ! \u00bb. Pour vivre chaque moment avec enthousiasme et joie. Aide \u00e0 accomplir les t\u00e2ches r\u00e9p\u00e9titives avec bonheur et grande joie plut\u00f4t qu\u2019avec ennui\u2026","rel":"","context":"Similar post","block_context":{"text":"Similar post","link":""},"img":{"alt_text":"","src":"https:\/\/i0.wp.com\/artstella-elixirs-floraux.com\/wp-content\/uploads\/2025\/03\/3e1c3a1f-62a4-4440-8a10-b0c766b16052.jpg?resize=350%2C200&ssl=1","width":350,"height":200,"srcset":"https:\/\/i0.wp.com\/artstella-elixirs-floraux.com\/wp-content\/uploads\/2025\/03\/3e1c3a1f-62a4-4440-8a10-b0c766b16052.jpg?resize=350%2C200&ssl=1 1x, https:\/\/i0.wp.com\/artstella-elixirs-floraux.com\/wp-content\/uploads\/2025\/03\/3e1c3a1f-62a4-4440-8a10-b0c766b16052.jpg?resize=525%2C300&ssl=1 1.5x, https:\/\/i0.wp.com\/artstella-elixirs-floraux.com\/wp-content\/uploads\/2025\/03\/3e1c3a1f-62a4-4440-8a10-b0c766b16052.jpg?resize=700%2C400&ssl=1 2x"},"classes":[]},{"id":5580,"url":"https:\/\/artstella-elixirs-floraux.com\/en\/product\/terrier-simplicite-et-joie-30ml\/","url_meta":{"origin":4322,"position":1},"title":"Terrier \/ simplicit\u00e9 et joie 30ml","author":"eveapprill","date":"9 March 2025","format":false,"excerpt":"Terrier \/ simplicit\u00e9 et joie Pour exp\u00e9rimenter la simplicit\u00e9 et joie du moment pr\u00e9sent. Pour l\u00e2cher notre esprit sur-occup\u00e9 et appr\u00e9cier ce qui nous entoure. Tout est si simple, vraiment ! La vie est un parcoursde joie et bonheur. Pour laisser aller les complexit\u00e9s de la vie et savourer les\u2026","rel":"","context":"Similar post","block_context":{"text":"Similar post","link":""},"img":{"alt_text":"","src":"https:\/\/i0.wp.com\/artstella-elixirs-floraux.com\/wp-content\/uploads\/2025\/03\/bfbbed25-4c52-4a51-9d08-dbdd8aad9c72.jpg?resize=350%2C200&ssl=1","width":350,"height":200,"srcset":"https:\/\/i0.wp.com\/artstella-elixirs-floraux.com\/wp-content\/uploads\/2025\/03\/bfbbed25-4c52-4a51-9d08-dbdd8aad9c72.jpg?resize=350%2C200&ssl=1 1x, https:\/\/i0.wp.com\/artstella-elixirs-floraux.com\/wp-content\/uploads\/2025\/03\/bfbbed25-4c52-4a51-9d08-dbdd8aad9c72.jpg?resize=525%2C300&ssl=1 1.5x, https:\/\/i0.wp.com\/artstella-elixirs-floraux.com\/wp-content\/uploads\/2025\/03\/bfbbed25-4c52-4a51-9d08-dbdd8aad9c72.jpg?resize=700%2C400&ssl=1 2x"},"classes":[]},{"id":6084,"url":"https:\/\/artstella-elixirs-floraux.com\/en\/product\/complexe-n20-joie-de-vivre-deva-30ml\/","url_meta":{"origin":4322,"position":2},"title":"Complexe N\u00b020 JOIE DE VIVRE DEVA 30ML","author":"eveapprill","date":"9 March 2025","format":false,"excerpt":"Le compos\u00e9 floral DEVA JOIE DE VIVRE, permet de retrouver la joie simple et spontan\u00e9e de la Nature. Habit\u00e9s par une \u00e9nergie fluide et l\u00e9g\u00e8re, reli\u00e9s \u00e0 la lumi\u00e8re, nous sommes invit\u00e9s \u00e0 danser avec la vie et \u00e0 r\u00e9aliser r\u00eaves et projets avec optimisme et enthousiasme.","rel":"","context":"Similar post","block_context":{"text":"Similar post","link":""},"img":{"alt_text":"","src":"https:\/\/i0.wp.com\/artstella-elixirs-floraux.com\/wp-content\/uploads\/2025\/03\/d12de6ff-3be4-4749-91e9-4503779cc823.jpg?resize=350%2C200&ssl=1","width":350,"height":200,"srcset":"https:\/\/i0.wp.com\/artstella-elixirs-floraux.com\/wp-content\/uploads\/2025\/03\/d12de6ff-3be4-4749-91e9-4503779cc823.jpg?resize=350%2C200&ssl=1 1x, https:\/\/i0.wp.com\/artstella-elixirs-floraux.com\/wp-content\/uploads\/2025\/03\/d12de6ff-3be4-4749-91e9-4503779cc823.jpg?resize=525%2C300&ssl=1 1.5x, https:\/\/i0.wp.com\/artstella-elixirs-floraux.com\/wp-content\/uploads\/2025\/03\/d12de6ff-3be4-4749-91e9-4503779cc823.jpg?resize=700%2C400&ssl=1 2x"},"classes":[]},{"id":4026,"url":"https:\/\/artstella-elixirs-floraux.com\/en\/product\/copihue-lys-du-chili-15-ml-sylfos\/","url_meta":{"origin":4322,"position":3},"title":"COPIHUE \/ LYS DU CHILI SYLFOS","author":"eveapprill","date":"9 March 2025","format":false,"excerpt":"COPIHUE\/ LYS DU CHILI\u00a0 Lapageria rosea Joie int\u00e9rieure. Aide \u00e0 retrouver la joie int\u00e9rieure. Elixir recommand\u00e9 aux temp\u00e9raments pessimistes,","rel":"","context":"Similar post","block_context":{"text":"Similar post","link":""},"img":{"alt_text":"","src":"","width":0,"height":0},"classes":[]},{"id":5586,"url":"https:\/\/artstella-elixirs-floraux.com\/en\/product\/combination-blessings-of-dog-30ml\/","url_meta":{"origin":4322,"position":4},"title":"Combination Blessings of Dog 30ML","author":"eveapprill","date":"9 March 2025","format":false,"excerpt":"Combination Blessings of Dog (Complexe \u201cB\u00e9n\u00e9diction de chien\u201d) Pour exp\u00e9rimenter la joie, l\u2019amour, l\u2019enjouement, la simplicit\u00e9 et la pr\u00e9sence incarn\u00e9s par les chiens, en g\u00e9n\u00e9ral. Grande joie d\u2019\u00eatre vivant et vivre du c\u0153ur. Cr\u00e9ation des liens affectifs avec autrui, \u00eatre loyal et d\u00e9vou\u00e9 \u00e0 ceux que nous aimons.\u00a0","rel":"","context":"Similar post","block_context":{"text":"Similar post","link":""},"img":{"alt_text":"","src":"https:\/\/i0.wp.com\/artstella-elixirs-floraux.com\/wp-content\/uploads\/2025\/03\/5f231411-2387-45a0-b372-3733395a77dc.jpg?resize=350%2C200&ssl=1","width":350,"height":200,"srcset":"https:\/\/i0.wp.com\/artstella-elixirs-floraux.com\/wp-content\/uploads\/2025\/03\/5f231411-2387-45a0-b372-3733395a77dc.jpg?resize=350%2C200&ssl=1 1x, https:\/\/i0.wp.com\/artstella-elixirs-floraux.com\/wp-content\/uploads\/2025\/03\/5f231411-2387-45a0-b372-3733395a77dc.jpg?resize=525%2C300&ssl=1 1.5x, https:\/\/i0.wp.com\/artstella-elixirs-floraux.com\/wp-content\/uploads\/2025\/03\/5f231411-2387-45a0-b372-3733395a77dc.jpg?resize=700%2C400&ssl=1 2x"},"classes":[]},{"id":2617,"url":"https:\/\/artstella-elixirs-floraux.com\/en\/product\/alpine-mint-bush-15ml\/","url_meta":{"origin":4322,"position":5},"title":"ALPINE MINT BUSH 15ml","author":"eveapprill","date":"9 March 2025","format":false,"excerpt":"Alpine Mint Bush Epuisement mental et \u00e9motionnel, manque de joie de vivre, poids des responsabilit\u00e9s. Vitalit\u00e9, joie, reprise des forces.","rel":"","context":"Similar post","block_context":{"text":"Similar post","link":""},"img":{"alt_text":"","src":"https:\/\/i0.wp.com\/artstella-elixirs-floraux.com\/wp-content\/uploads\/2025\/03\/wp-image239.png?resize=350%2C200&ssl=1","width":350,"height":200},"classes":[]}],"_links":{"self":[{"href":"https:\/\/artstella-elixirs-floraux.com\/en\/wp-json\/wp\/v2\/product\/4322","targetHints":{"allow":["GET"]}}],"collection":[{"href":"https:\/\/artstella-elixirs-floraux.com\/en\/wp-json\/wp\/v2\/product"}],"about":[{"href":"https:\/\/artstella-elixirs-floraux.com\/en\/wp-json\/wp\/v2\/types\/product"}],"version-history":[{"count":0,"href":"https:\/\/artstella-elixirs-floraux.com\/en\/wp-json\/wp\/v2\/product\/4322\/revisions"}],"wp:featuredmedia":[{"embeddable":true,"href":"https:\/\/artstella-elixirs-floraux.com\/en\/wp-json\/wp\/v2\/media\/4323"}],"wp:attachment":[{"href":"https:\/\/artstella-elixirs-floraux.com\/en\/wp-json\/wp\/v2\/media?parent=4322"}],"wp:term":[{"taxonomy":"product_brand","embeddable":true,"href":"https:\/\/artstella-elixirs-floraux.com\/en\/wp-json\/wp\/v2\/product_brand?post=4322"},{"taxonomy":"product_cat","embeddable":true,"href":"https:\/\/artstella-elixirs-floraux.com\/en\/wp-json\/wp\/v2\/product_cat?post=4322"},{"taxonomy":"product_tag","embeddable":true,"href":"https:\/\/artstella-elixirs-floraux.com\/en\/wp-json\/wp\/v2\/product_tag?post=4322"}],"curies":[{"name":"wp","href":"https:\/\/api.w.org\/{rel}","templated":true}]}}