{"id":4324,"date":"2025-03-09T13:24:51","date_gmt":"2025-03-09T13:24:51","guid":{"rendered":"https:\/\/artstella-elixirs-floraux.com\/product\/manta-ray-raie-manta-wea-exp-30-ml\/"},"modified":"2025-05-05T12:54:10","modified_gmt":"2025-05-05T12:54:10","slug":"manta-ray-raie-manta-wea-exp-30-ml","status":"publish","type":"product","link":"https:\/\/artstella-elixirs-floraux.com\/en\/product\/manta-ray-raie-manta-wea-exp-30-ml\/","title":{"rendered":"MANTA RAY\/RAIE MANTA WEA EXP 30 ML"},"content":{"rendered":"","protected":false},"excerpt":{"rendered":"<p><strong><em>Manta Ray (raie manta)<\/em><\/strong><\/p>\n<p>Mouvement gracieux\u00a0; efficacit\u00e9 absolue de l\u2019action\u00a0; \u00eatre en paix dans l\u2019instant tout en avan\u00e7ant.<\/p>","protected":false},"featured_media":4325,"template":"","meta":[],"product_brand":[],"product_cat":[150],"product_tag":[],"class_list":{"0":"post-4324","1":"product","2":"type-product","3":"status-publish","4":"has-post-thumbnail","6":"product_cat-les-elixirs-d-animaux-complementaires","8":"first","9":"instock","10":"taxable","11":"shipping-taxable","12":"purchasable","13":"product-type-simple"},"etheme_brands":{"errors":{"invalid_taxonomy":["Invalid taxonomy."]},"error_data":[]},"jetpack_sharing_enabled":true,"jetpack-related-posts":[{"id":4342,"url":"https:\/\/artstella-elixirs-floraux.com\/en\/product\/praying-mantis-mante-religieuse-wea\/","url_meta":{"origin":4324,"position":0},"title":"PRAYING MANTIS\/MANTE RELIGIEUSE WEA","author":"eveapprill","date":"9 March 2025","format":false,"excerpt":"Praying Mantis (mante religieuse) Connexion avec les royaumes spirituels sup\u00e9rieurs\u00a0; aller au-del\u00e0 du visible\u00a0; d\u00e9votion de l\u2019Esprit.","rel":"","context":"Similar post","block_context":{"text":"Similar post","link":""},"img":{"alt_text":"","src":"https:\/\/i0.wp.com\/artstella-elixirs-floraux.com\/wp-content\/uploads\/2025\/03\/wp-image2308.png?resize=350%2C200&ssl=1","width":350,"height":200,"srcset":"https:\/\/i0.wp.com\/artstella-elixirs-floraux.com\/wp-content\/uploads\/2025\/03\/wp-image2308.png?resize=350%2C200&ssl=1 1x, https:\/\/i0.wp.com\/artstella-elixirs-floraux.com\/wp-content\/uploads\/2025\/03\/wp-image2308.png?resize=525%2C300&ssl=1 1.5x, https:\/\/i0.wp.com\/artstella-elixirs-floraux.com\/wp-content\/uploads\/2025\/03\/wp-image2308.png?resize=700%2C400&ssl=1 2x, https:\/\/i0.wp.com\/artstella-elixirs-floraux.com\/wp-content\/uploads\/2025\/03\/wp-image2308.png?resize=1050%2C600&ssl=1 3x"},"classes":[]},{"id":4684,"url":"https:\/\/artstella-elixirs-floraux.com\/en\/product\/coffret-soul-ray\/","url_meta":{"origin":4324,"position":1},"title":"COFFRET SOUL RAY","author":"eveapprill","date":"9 March 2025","format":false,"excerpt":"COFFRET SOUL RAY Coffret de 8 flacons de Soul Ray Essences","rel":"","context":"Similar post","block_context":{"text":"Similar post","link":""},"img":{"alt_text":"","src":"https:\/\/i0.wp.com\/artstella-elixirs-floraux.com\/wp-content\/uploads\/2025\/03\/wp-image1272.png?resize=350%2C200&ssl=1","width":350,"height":200},"classes":[]},{"id":4304,"url":"https:\/\/artstella-elixirs-floraux.com\/en\/product\/chipmunk-tamia-raye-wea-30-ml\/","url_meta":{"origin":4324,"position":2},"title":"CHIPMUNK\/TAMIA RAYE WEA 30 ML","author":"eveapprill","date":"9 March 2025","format":false,"excerpt":"Chipmunk (tamia ray\u00e9) Spontan\u00e9it\u00e9 espi\u00e8gle\u00a0; exub\u00e9rance enfantine\u00a0; jeu d\u2019enfant\u00a0; vivre la vie comme un jeu joyeux.","rel":"","context":"Similar post","block_context":{"text":"Similar post","link":""},"img":{"alt_text":"","src":"https:\/\/i0.wp.com\/artstella-elixirs-floraux.com\/wp-content\/uploads\/2025\/03\/wp-image2289.png?resize=350%2C200&ssl=1","width":350,"height":200,"srcset":"https:\/\/i0.wp.com\/artstella-elixirs-floraux.com\/wp-content\/uploads\/2025\/03\/wp-image2289.png?resize=350%2C200&ssl=1 1x, https:\/\/i0.wp.com\/artstella-elixirs-floraux.com\/wp-content\/uploads\/2025\/03\/wp-image2289.png?resize=525%2C300&ssl=1 1.5x, https:\/\/i0.wp.com\/artstella-elixirs-floraux.com\/wp-content\/uploads\/2025\/03\/wp-image2289.png?resize=700%2C400&ssl=1 2x"},"classes":[]},{"id":4790,"url":"https:\/\/artstella-elixirs-floraux.com\/en\/product\/sre-8-perelandra-14-2-ml\/","url_meta":{"origin":4324,"position":3},"title":"SRE 8 PERELANDRA 14.2 ML","author":"eveapprill","date":"9 March 2025","format":false,"excerpt":"SRE 8 PERELANDRA 15 ML","rel":"","context":"Similar post","block_context":{"text":"Similar post","link":""},"img":{"alt_text":"","src":"https:\/\/i0.wp.com\/artstella-elixirs-floraux.com\/wp-content\/uploads\/2025\/03\/wp-image1328.png?resize=350%2C200&ssl=1","width":350,"height":200},"classes":[]},{"id":4778,"url":"https:\/\/artstella-elixirs-floraux.com\/en\/product\/sre2-perelandra-14-2ml\/","url_meta":{"origin":4324,"position":4},"title":"SRE2 PERELANDRA 14.2ML","author":"eveapprill","date":"9 March 2025","format":false,"excerpt":"SRE 2 PERELANDRA 15ML","rel":"","context":"Similar post","block_context":{"text":"Similar post","link":""},"img":{"alt_text":"","src":"https:\/\/i0.wp.com\/artstella-elixirs-floraux.com\/wp-content\/uploads\/2025\/03\/wp-image1322.png?resize=350%2C200&ssl=1","width":350,"height":200},"classes":[]},{"id":4788,"url":"https:\/\/artstella-elixirs-floraux.com\/en\/product\/sr7-perelandra-14-2ml\/","url_meta":{"origin":4324,"position":5},"title":"SR7 PERELANDRA 14.2ML","author":"eveapprill","date":"9 March 2025","format":false,"excerpt":"SR7 PERELANDRA 15ML","rel":"","context":"Similar post","block_context":{"text":"Similar post","link":""},"img":{"alt_text":"","src":"https:\/\/i0.wp.com\/artstella-elixirs-floraux.com\/wp-content\/uploads\/2025\/03\/wp-image1327.png?resize=350%2C200&ssl=1","width":350,"height":200},"classes":[]}],"_links":{"self":[{"href":"https:\/\/artstella-elixirs-floraux.com\/en\/wp-json\/wp\/v2\/product\/4324","targetHints":{"allow":["GET"]}}],"collection":[{"href":"https:\/\/artstella-elixirs-floraux.com\/en\/wp-json\/wp\/v2\/product"}],"about":[{"href":"https:\/\/artstella-elixirs-floraux.com\/en\/wp-json\/wp\/v2\/types\/product"}],"version-history":[{"count":0,"href":"https:\/\/artstella-elixirs-floraux.com\/en\/wp-json\/wp\/v2\/product\/4324\/revisions"}],"wp:featuredmedia":[{"embeddable":true,"href":"https:\/\/artstella-elixirs-floraux.com\/en\/wp-json\/wp\/v2\/media\/4325"}],"wp:attachment":[{"href":"https:\/\/artstella-elixirs-floraux.com\/en\/wp-json\/wp\/v2\/media?parent=4324"}],"wp:term":[{"taxonomy":"product_brand","embeddable":true,"href":"https:\/\/artstella-elixirs-floraux.com\/en\/wp-json\/wp\/v2\/product_brand?post=4324"},{"taxonomy":"product_cat","embeddable":true,"href":"https:\/\/artstella-elixirs-floraux.com\/en\/wp-json\/wp\/v2\/product_cat?post=4324"},{"taxonomy":"product_tag","embeddable":true,"href":"https:\/\/artstella-elixirs-floraux.com\/en\/wp-json\/wp\/v2\/product_tag?post=4324"}],"curies":[{"name":"wp","href":"https:\/\/api.w.org\/{rel}","templated":true}]}}