{"id":4330,"date":"2025-03-09T13:25:00","date_gmt":"2025-03-09T13:25:00","guid":{"rendered":"https:\/\/artstella-elixirs-floraux.com\/product\/octopus-pieuvre-wea-exp-30-ml\/"},"modified":"2025-05-05T12:54:02","modified_gmt":"2025-05-05T12:54:02","slug":"octopus-pieuvre-wea-exp-30-ml","status":"publish","type":"product","link":"https:\/\/artstella-elixirs-floraux.com\/en\/product\/octopus-pieuvre-wea-exp-30-ml\/","title":{"rendered":"OCTOPUS\/PIEUVRE WEA EXP 30 ML"},"content":{"rendered":"","protected":false},"excerpt":{"rendered":"<p><strong><em>Octopus (pieuvre)<\/em><\/strong><\/p>\n<p>Aisance avec la profondeur\u00a0; nager dans les profondeurs int\u00e9rieures\u00a0; \u00eatre en paix\u00a0; \u00eatre baign\u00e9 dans la chaleur de la mer.<\/p>","protected":false},"featured_media":4331,"template":"","meta":[],"product_brand":[],"product_cat":[150],"product_tag":[],"class_list":{"0":"post-4330","1":"product","2":"type-product","3":"status-publish","4":"has-post-thumbnail","6":"product_cat-les-elixirs-d-animaux-complementaires","8":"first","9":"instock","10":"taxable","11":"shipping-taxable","12":"purchasable","13":"product-type-simple"},"etheme_brands":{"errors":{"invalid_taxonomy":["Invalid taxonomy."]},"error_data":[]},"jetpack_sharing_enabled":true,"jetpack-related-posts":[{"id":6072,"url":"https:\/\/artstella-elixirs-floraux.com\/en\/product\/coffret-elixirs-ocean-20-fl-15ml\/","url_meta":{"origin":4330,"position":0},"title":"COFFRET ELIXIRS OCEAN 20 FL 15ML","author":"eveapprill","date":"9 March 2025","format":false,"excerpt":"COFFRET ELIXIRS OCEAN contient les 21 flacons de 15ML des nouveaux \u00e9lixirs \"Oc\u00e9an\" Ces nouveaux \u00e9lixirs proviennent des \u00eatres vivants des profondeurs. Ils cherchent les blocages dans les profondeurs de l\u2019inconscient cellulaire pour les mettre \u00e0 la lumi\u00e8re et en favoriser la transformation.","rel":"","context":"Similar post","block_context":{"text":"Similar post","link":""},"img":{"alt_text":"","src":"https:\/\/i0.wp.com\/artstella-elixirs-floraux.com\/wp-content\/uploads\/2025\/03\/wp-image2060.png?resize=350%2C200&ssl=1","width":350,"height":200,"srcset":"https:\/\/i0.wp.com\/artstella-elixirs-floraux.com\/wp-content\/uploads\/2025\/03\/wp-image2060.png?resize=350%2C200&ssl=1 1x, https:\/\/i0.wp.com\/artstella-elixirs-floraux.com\/wp-content\/uploads\/2025\/03\/wp-image2060.png?resize=525%2C300&ssl=1 1.5x, https:\/\/i0.wp.com\/artstella-elixirs-floraux.com\/wp-content\/uploads\/2025\/03\/wp-image2060.png?resize=700%2C400&ssl=1 2x"},"classes":[]},{"id":6034,"url":"https:\/\/artstella-elixirs-floraux.com\/en\/product\/elixir-ocean-n03-phi15ml\/","url_meta":{"origin":4330,"position":1},"title":"ELIXIR OCEAN N\u00b003 PHI15ML","author":"eveapprill","date":"9 March 2025","format":false,"excerpt":"De la m\u00eame fa\u00e7on que l\u2019animal monte des profondeurs, l\u2019\u00e9lixir fait remonter l\u2019information des profondeurs de l\u2019inconscient \u00e0 la surface. L\u2019ancien peut \u00eatre l\u00e2ch\u00e9 et nettoy\u00e9. Il agit \u00e9nerg\u00e9tiquement sur la r\u00e9g\u00e9n\u00e9ration cellulaire. Le vieux peut \u00eatre remplac\u00e9 par du nouveau. Rajeunit \u00e9nerg\u00e9tique. Il stimule le m\u00e9tabolisme \u00e9galement des plaquettes\u2026","rel":"","context":"Similar post","block_context":{"text":"Similar post","link":""},"img":{"alt_text":"","src":"https:\/\/i0.wp.com\/artstella-elixirs-floraux.com\/wp-content\/uploads\/2025\/03\/wp-image2041.png?resize=350%2C200&ssl=1","width":350,"height":200},"classes":[]},{"id":6223,"url":"https:\/\/artstella-elixirs-floraux.com\/en\/product\/elixir-ocean-n32\/","url_meta":{"origin":4330,"position":2},"title":"ELIXIR OCEAN N\u00b032","author":"eveapprill","date":"9 March 2025","format":false,"excerpt":"ELIXIR OCEAN N\u00b032\u00a0 nous relie avec les profondeurs de l\u2019inconscient. Les sentiments tels la honte, la peur ou la timidit\u00e9 peuvent devenir conscients et ainsi \u00eatre transform\u00e9s avec amour. Am\u00e9liore la conscience de soi permettant se d\u00e9passer de limitations int\u00e9rieures. Pour gagner de la confiance en soi.","rel":"","context":"Similar post","block_context":{"text":"Similar post","link":""},"img":{"alt_text":"","src":"https:\/\/i0.wp.com\/artstella-elixirs-floraux.com\/wp-content\/uploads\/2025\/03\/wp-image2206.png?resize=350%2C200&ssl=1","width":350,"height":200},"classes":[]},{"id":6361,"url":"https:\/\/artstella-elixirs-floraux.com\/en\/product\/spray-ocean-par-phi-50ml\/","url_meta":{"origin":4330,"position":3},"title":"Spray \u00ab\u00a0Oc\u00e9an\u00a0\u00bb par PHI 50ml","author":"eveapprill","date":"9 March 2025","format":false,"excerpt":"Spray 50ml R\u00e9g\u00e9n\u00e9ration issue des profondeurs de la mer. Pour le rafra\u00eechissement \u00e9nerg\u00e9tique, a un effet stimulant et r\u00e9g\u00e9n\u00e9rant. Activation de notre information originelle non falsifi\u00e9e.","rel":"","context":"Similar post","block_context":{"text":"Similar post","link":""},"img":{"alt_text":"","src":"https:\/\/i0.wp.com\/artstella-elixirs-floraux.com\/wp-content\/uploads\/2025\/03\/c4cb72a0-ce36-4bf3-9605-497fa4e82129.jpg?resize=350%2C200&ssl=1","width":350,"height":200,"srcset":"https:\/\/i0.wp.com\/artstella-elixirs-floraux.com\/wp-content\/uploads\/2025\/03\/c4cb72a0-ce36-4bf3-9605-497fa4e82129.jpg?resize=350%2C200&ssl=1 1x, https:\/\/i0.wp.com\/artstella-elixirs-floraux.com\/wp-content\/uploads\/2025\/03\/c4cb72a0-ce36-4bf3-9605-497fa4e82129.jpg?resize=525%2C300&ssl=1 1.5x, https:\/\/i0.wp.com\/artstella-elixirs-floraux.com\/wp-content\/uploads\/2025\/03\/c4cb72a0-ce36-4bf3-9605-497fa4e82129.jpg?resize=700%2C400&ssl=1 2x"},"classes":[]},{"id":6036,"url":"https:\/\/artstella-elixirs-floraux.com\/en\/product\/elixir-ocean-n04-phi15ml\/","url_meta":{"origin":4330,"position":4},"title":"ELIXIR OCEAN N\u00b004 PHI15ML","author":"eveapprill","date":"9 March 2025","format":false,"excerpt":"A partir des profondeurs du subconscient, l\u2019\u00e9lixir nous aide \u00e0 avancer lentement mais surement. Il permet de s\u2019orienter et de (re) trouver notre espace int\u00e9rieur. Nous n\u2019avons plus besoin d\u2019\u00eatre transparents et pouvons revendiquer notre place dans la vie.","rel":"","context":"Similar post","block_context":{"text":"Similar post","link":""},"img":{"alt_text":"","src":"https:\/\/i0.wp.com\/artstella-elixirs-floraux.com\/wp-content\/uploads\/2025\/03\/wp-image2042.png?resize=350%2C200&ssl=1","width":350,"height":200},"classes":[]},{"id":5372,"url":"https:\/\/artstella-elixirs-floraux.com\/en\/product\/karmic-calm-apaiser-le-karma\/","url_meta":{"origin":4330,"position":5},"title":"Karmic calm \/ Apaiser le Karma","author":"eveapprill","date":"9 March 2025","format":false,"excerpt":"Karmic calm \/ Apaiser le Karma (Celebration, Secret Wisdom, Pushing Back the Nigth, True Connections) Clarifie les empreintes \u00e9nerg\u00e9tiques de l\u2019\u00e2me dues \u00e0 des troubles du pass\u00e9 et qui emp\u00eachent notre progression.","rel":"","context":"Similar post","block_context":{"text":"Similar post","link":""},"img":{"alt_text":"","src":"https:\/\/i0.wp.com\/artstella-elixirs-floraux.com\/wp-content\/uploads\/2025\/03\/3e630349-c4e6-4285-a95e-4664c89779a3.jpg?resize=350%2C200&ssl=1","width":350,"height":200,"srcset":"https:\/\/i0.wp.com\/artstella-elixirs-floraux.com\/wp-content\/uploads\/2025\/03\/3e630349-c4e6-4285-a95e-4664c89779a3.jpg?resize=350%2C200&ssl=1 1x, https:\/\/i0.wp.com\/artstella-elixirs-floraux.com\/wp-content\/uploads\/2025\/03\/3e630349-c4e6-4285-a95e-4664c89779a3.jpg?resize=525%2C300&ssl=1 1.5x, https:\/\/i0.wp.com\/artstella-elixirs-floraux.com\/wp-content\/uploads\/2025\/03\/3e630349-c4e6-4285-a95e-4664c89779a3.jpg?resize=700%2C400&ssl=1 2x"},"classes":[]}],"_links":{"self":[{"href":"https:\/\/artstella-elixirs-floraux.com\/en\/wp-json\/wp\/v2\/product\/4330","targetHints":{"allow":["GET"]}}],"collection":[{"href":"https:\/\/artstella-elixirs-floraux.com\/en\/wp-json\/wp\/v2\/product"}],"about":[{"href":"https:\/\/artstella-elixirs-floraux.com\/en\/wp-json\/wp\/v2\/types\/product"}],"version-history":[{"count":0,"href":"https:\/\/artstella-elixirs-floraux.com\/en\/wp-json\/wp\/v2\/product\/4330\/revisions"}],"wp:featuredmedia":[{"embeddable":true,"href":"https:\/\/artstella-elixirs-floraux.com\/en\/wp-json\/wp\/v2\/media\/4331"}],"wp:attachment":[{"href":"https:\/\/artstella-elixirs-floraux.com\/en\/wp-json\/wp\/v2\/media?parent=4330"}],"wp:term":[{"taxonomy":"product_brand","embeddable":true,"href":"https:\/\/artstella-elixirs-floraux.com\/en\/wp-json\/wp\/v2\/product_brand?post=4330"},{"taxonomy":"product_cat","embeddable":true,"href":"https:\/\/artstella-elixirs-floraux.com\/en\/wp-json\/wp\/v2\/product_cat?post=4330"},{"taxonomy":"product_tag","embeddable":true,"href":"https:\/\/artstella-elixirs-floraux.com\/en\/wp-json\/wp\/v2\/product_tag?post=4330"}],"curies":[{"name":"wp","href":"https:\/\/api.w.org\/{rel}","templated":true}]}}