{"id":4332,"date":"2025-03-09T13:25:02","date_gmt":"2025-03-09T13:25:02","guid":{"rendered":"https:\/\/artstella-elixirs-floraux.com\/product\/opossum-wea-exp-30-ml\/"},"modified":"2025-05-05T12:54:01","modified_gmt":"2025-05-05T12:54:01","slug":"opossum-wea-exp-30-ml","status":"publish","type":"product","link":"https:\/\/artstella-elixirs-floraux.com\/en\/product\/opossum-wea-exp-30-ml\/","title":{"rendered":"OPOSSUM WEA EXP 30 ML"},"content":{"rendered":"","protected":false},"excerpt":{"rendered":"<p><strong><em>Opossum<\/em><\/strong><\/p>\n<p>D\u00e9fense et protection de ses enfants\u00a0; force maternelle\u00a0; protection parentale.<\/p>","protected":false},"featured_media":4333,"template":"","meta":[],"product_brand":[],"product_cat":[150],"product_tag":[],"class_list":{"0":"post-4332","1":"product","2":"type-product","3":"status-publish","4":"has-post-thumbnail","6":"product_cat-les-elixirs-d-animaux-complementaires","8":"first","9":"instock","10":"taxable","11":"shipping-taxable","12":"purchasable","13":"product-type-simple"},"etheme_brands":{"errors":{"invalid_taxonomy":["Invalid taxonomy."]},"error_data":[]},"jetpack_sharing_enabled":true,"jetpack-related-posts":[{"id":4312,"url":"https:\/\/artstella-elixirs-floraux.com\/en\/product\/gorilla-gorille-wea-exp-30-ml\/","url_meta":{"origin":4332,"position":0},"title":"GORILLA\/GORILLE WEA EXP 30 ML","author":"eveapprill","date":"9 March 2025","format":false,"excerpt":"Gorilla (gorille) Connaissance et expression de soi affirm\u00e9es\u00a0; force supr\u00eame\u00a0; revendication du pouvoir personnel\u00a0; tenir bon.","rel":"","context":"Similar post","block_context":{"text":"Similar post","link":""},"img":{"alt_text":"","src":"https:\/\/i0.wp.com\/artstella-elixirs-floraux.com\/wp-content\/uploads\/2025\/03\/wp-image2293.png?resize=350%2C200&ssl=1","width":350,"height":200,"srcset":"https:\/\/i0.wp.com\/artstella-elixirs-floraux.com\/wp-content\/uploads\/2025\/03\/wp-image2293.png?resize=350%2C200&ssl=1 1x, https:\/\/i0.wp.com\/artstella-elixirs-floraux.com\/wp-content\/uploads\/2025\/03\/wp-image2293.png?resize=525%2C300&ssl=1 1.5x, https:\/\/i0.wp.com\/artstella-elixirs-floraux.com\/wp-content\/uploads\/2025\/03\/wp-image2293.png?resize=700%2C400&ssl=1 2x"},"classes":[]},{"id":4322,"url":"https:\/\/artstella-elixirs-floraux.com\/en\/product\/mallard-colvert-wea-exp-30-ml\/","url_meta":{"origin":4332,"position":1},"title":"MALLARD\/COLVERT WEA EXP 30 ML","author":"eveapprill","date":"9 March 2025","format":false,"excerpt":"Mallard (colvert) Trajectoire et action inspir\u00e9es\u00a0; agir avec l\u2019esprit d\u2019un enfant\u00a0; joie enfantine\u00a0; accomplir avec joie.","rel":"","context":"Similar post","block_context":{"text":"Similar post","link":""},"img":{"alt_text":"","src":"https:\/\/i0.wp.com\/artstella-elixirs-floraux.com\/wp-content\/uploads\/2025\/03\/wp-image2298.png?resize=350%2C200&ssl=1","width":350,"height":200,"srcset":"https:\/\/i0.wp.com\/artstella-elixirs-floraux.com\/wp-content\/uploads\/2025\/03\/wp-image2298.png?resize=350%2C200&ssl=1 1x, https:\/\/i0.wp.com\/artstella-elixirs-floraux.com\/wp-content\/uploads\/2025\/03\/wp-image2298.png?resize=525%2C300&ssl=1 1.5x, https:\/\/i0.wp.com\/artstella-elixirs-floraux.com\/wp-content\/uploads\/2025\/03\/wp-image2298.png?resize=700%2C400&ssl=1 2x"},"classes":[]},{"id":4397,"url":"https:\/\/artstella-elixirs-floraux.com\/en\/product\/loving-parent-30-ml-wea\/","url_meta":{"origin":4332,"position":2},"title":"LOVING PARENT 30 ML WEA","author":"eveapprill","date":"9 March 2025","format":false,"excerpt":"Loving Parent (l'amour parental) Favorise l\u2019amour parental envers soi et ses enfants.","rel":"","context":"Similar post","block_context":{"text":"Similar post","link":""},"img":{"alt_text":"","src":"","width":0,"height":0},"classes":[]},{"id":4383,"url":"https:\/\/artstella-elixirs-floraux.com\/en\/product\/protection-wea-30-ml\/","url_meta":{"origin":4332,"position":3},"title":"PROTECTION WEA 30 ML","author":"eveapprill","date":"27 May 2025","format":false,"excerpt":"Protection Pour faire face aux situations, environnements et personnes \u00e9motionnellement intenses. Ce complexe nous apporte la protection \u00e9motionnelle et psychique, un sentiment de s\u00fbret\u00e9 personnelle et d\u2019autoprotection.","rel":"","context":"Similar post","block_context":{"text":"Similar post","link":""},"img":{"alt_text":"","src":"https:\/\/i0.wp.com\/artstella-elixirs-floraux.com\/wp-content\/uploads\/2025\/03\/protection.jpeg?resize=350%2C200&ssl=1","width":350,"height":200},"classes":[]},{"id":4306,"url":"https:\/\/artstella-elixirs-floraux.com\/en\/product\/coyote-wea-exp-30-ml\/","url_meta":{"origin":4332,"position":4},"title":"COYOTE WEA EXP 30 ML","author":"eveapprill","date":"9 March 2025","format":false,"excerpt":"Coyote Filouterie\u00a0; m\u00e9tamorphose\u00a0; mettre les choses sens dessus dessous\u00a0; rire de ceux qui prennent la vie trop au s\u00e9rieux.","rel":"","context":"Similar post","block_context":{"text":"Similar post","link":""},"img":{"alt_text":"","src":"https:\/\/i0.wp.com\/artstella-elixirs-floraux.com\/wp-content\/uploads\/2025\/03\/wp-image2290.png?resize=350%2C200&ssl=1","width":350,"height":200,"srcset":"https:\/\/i0.wp.com\/artstella-elixirs-floraux.com\/wp-content\/uploads\/2025\/03\/wp-image2290.png?resize=350%2C200&ssl=1 1x, https:\/\/i0.wp.com\/artstella-elixirs-floraux.com\/wp-content\/uploads\/2025\/03\/wp-image2290.png?resize=525%2C300&ssl=1 1.5x, https:\/\/i0.wp.com\/artstella-elixirs-floraux.com\/wp-content\/uploads\/2025\/03\/wp-image2290.png?resize=700%2C400&ssl=1 2x"},"classes":[]},{"id":4340,"url":"https:\/\/artstella-elixirs-floraux.com\/en\/product\/prairie-dog-wea-exp-30-ml\/","url_meta":{"origin":4332,"position":5},"title":"PRAIRIE DOG WEA EXP 30 ML","author":"eveapprill","date":"9 March 2025","format":false,"excerpt":"Prairie Dog (chien de prairie) Etablir des contacts avec les autres\u00a0; sociabilit\u00e9\u00a0; implication et participation communautaires.","rel":"","context":"Similar post","block_context":{"text":"Similar post","link":""},"img":{"alt_text":"","src":"https:\/\/i0.wp.com\/artstella-elixirs-floraux.com\/wp-content\/uploads\/2025\/03\/wp-image2307.png?resize=350%2C200&ssl=1","width":350,"height":200,"srcset":"https:\/\/i0.wp.com\/artstella-elixirs-floraux.com\/wp-content\/uploads\/2025\/03\/wp-image2307.png?resize=350%2C200&ssl=1 1x, https:\/\/i0.wp.com\/artstella-elixirs-floraux.com\/wp-content\/uploads\/2025\/03\/wp-image2307.png?resize=525%2C300&ssl=1 1.5x, https:\/\/i0.wp.com\/artstella-elixirs-floraux.com\/wp-content\/uploads\/2025\/03\/wp-image2307.png?resize=700%2C400&ssl=1 2x, https:\/\/i0.wp.com\/artstella-elixirs-floraux.com\/wp-content\/uploads\/2025\/03\/wp-image2307.png?resize=1050%2C600&ssl=1 3x"},"classes":[]}],"_links":{"self":[{"href":"https:\/\/artstella-elixirs-floraux.com\/en\/wp-json\/wp\/v2\/product\/4332","targetHints":{"allow":["GET"]}}],"collection":[{"href":"https:\/\/artstella-elixirs-floraux.com\/en\/wp-json\/wp\/v2\/product"}],"about":[{"href":"https:\/\/artstella-elixirs-floraux.com\/en\/wp-json\/wp\/v2\/types\/product"}],"version-history":[{"count":0,"href":"https:\/\/artstella-elixirs-floraux.com\/en\/wp-json\/wp\/v2\/product\/4332\/revisions"}],"wp:featuredmedia":[{"embeddable":true,"href":"https:\/\/artstella-elixirs-floraux.com\/en\/wp-json\/wp\/v2\/media\/4333"}],"wp:attachment":[{"href":"https:\/\/artstella-elixirs-floraux.com\/en\/wp-json\/wp\/v2\/media?parent=4332"}],"wp:term":[{"taxonomy":"product_brand","embeddable":true,"href":"https:\/\/artstella-elixirs-floraux.com\/en\/wp-json\/wp\/v2\/product_brand?post=4332"},{"taxonomy":"product_cat","embeddable":true,"href":"https:\/\/artstella-elixirs-floraux.com\/en\/wp-json\/wp\/v2\/product_cat?post=4332"},{"taxonomy":"product_tag","embeddable":true,"href":"https:\/\/artstella-elixirs-floraux.com\/en\/wp-json\/wp\/v2\/product_tag?post=4332"}],"curies":[{"name":"wp","href":"https:\/\/api.w.org\/{rel}","templated":true}]}}