{"id":4344,"date":"2025-03-09T13:25:17","date_gmt":"2025-03-09T13:25:17","guid":{"rendered":"https:\/\/artstella-elixirs-floraux.com\/product\/raven-corbeau-wea-exp-30-ml\/"},"modified":"2025-05-05T12:53:50","modified_gmt":"2025-05-05T12:53:50","slug":"raven-corbeau-wea-exp-30-ml","status":"publish","type":"product","link":"https:\/\/artstella-elixirs-floraux.com\/en\/product\/raven-corbeau-wea-exp-30-ml\/","title":{"rendered":"RAVEN\/CORBEAU WEA EXP 30 ML"},"content":{"rendered":"","protected":false},"excerpt":{"rendered":"<p><strong><em>Raven (corbeau)<\/em><\/strong><\/p>\n<p>Calme chamanique\u00a0; conscience lumineuse\u00a0; \u00eatre le myst\u00e8re\u00a0; guide sacr\u00e9 vers les royaumes<\/p>","protected":false},"featured_media":4345,"template":"","meta":[],"product_brand":[],"product_cat":[150],"product_tag":[],"class_list":{"0":"post-4344","1":"product","2":"type-product","3":"status-publish","4":"has-post-thumbnail","6":"product_cat-les-elixirs-d-animaux-complementaires","8":"first","9":"instock","10":"taxable","11":"shipping-taxable","12":"purchasable","13":"product-type-simple"},"etheme_brands":{"errors":{"invalid_taxonomy":["Invalid taxonomy."]},"error_data":[]},"jetpack_sharing_enabled":true,"jetpack-related-posts":[{"id":4215,"url":"https:\/\/artstella-elixirs-floraux.com\/en\/product\/crow-corbeau-wea-30-ml\/","url_meta":{"origin":4344,"position":0},"title":"CROW\/CORBEAU WEA 30 ML","author":"eveapprill","date":"9 March 2025","format":false,"excerpt":"Crow (corbeau\/corneille) Favorise le d\u00e9veloppement des capacit\u00e9s intuitives et du pouvoir chamanique. Pour se d\u00e9placer entre les diff\u00e9rents royaumes, pour transpercer l\u2019illusion. \u00ab\u00a0Ouvrez vos yeux, ouvrez vos oreilles, car tout n\u2019est pas comme il para\u00eet\u00a0\u00bb.","rel":"","context":"Similar post","block_context":{"text":"Similar post","link":""},"img":{"alt_text":"","src":"https:\/\/i0.wp.com\/artstella-elixirs-floraux.com\/wp-content\/uploads\/2025\/03\/wp-image2252.png?resize=350%2C200&ssl=1","width":350,"height":200,"srcset":"https:\/\/i0.wp.com\/artstella-elixirs-floraux.com\/wp-content\/uploads\/2025\/03\/wp-image2252.png?resize=350%2C200&ssl=1 1x, https:\/\/i0.wp.com\/artstella-elixirs-floraux.com\/wp-content\/uploads\/2025\/03\/wp-image2252.png?resize=525%2C300&ssl=1 1.5x"},"classes":[]},{"id":6323,"url":"https:\/\/artstella-elixirs-floraux.com\/en\/product\/sixieme-chakra-weae-30ml\/","url_meta":{"origin":4344,"position":1},"title":"SIXIEME CHAKRA WEAE 30ML","author":"eveapprill","date":"9 March 2025","format":false,"excerpt":"Sixth Chakra Essence fournit un soutien pour recevoir les dons du sixi\u00e8me chakra, y compris: la vision spirituelle, l\u2019intuition, l\u2019imagination, la sagesse du troisi\u00e8me \u0153il, la perspective spirituelle au-del\u00e0 du monde 3D. \u00a0 \u00a0","rel":"","context":"Similar post","block_context":{"text":"Similar post","link":""},"img":{"alt_text":"","src":"https:\/\/i0.wp.com\/artstella-elixirs-floraux.com\/wp-content\/uploads\/2025\/03\/7a3ca3fb-056a-43c8-879b-aedd4bd1e7be.jpg?resize=350%2C200&ssl=1","width":350,"height":200,"srcset":"https:\/\/i0.wp.com\/artstella-elixirs-floraux.com\/wp-content\/uploads\/2025\/03\/7a3ca3fb-056a-43c8-879b-aedd4bd1e7be.jpg?resize=350%2C200&ssl=1 1x, https:\/\/i0.wp.com\/artstella-elixirs-floraux.com\/wp-content\/uploads\/2025\/03\/7a3ca3fb-056a-43c8-879b-aedd4bd1e7be.jpg?resize=525%2C300&ssl=1 1.5x, https:\/\/i0.wp.com\/artstella-elixirs-floraux.com\/wp-content\/uploads\/2025\/03\/7a3ca3fb-056a-43c8-879b-aedd4bd1e7be.jpg?resize=700%2C400&ssl=1 2x"},"classes":[]},{"id":4269,"url":"https:\/\/artstella-elixirs-floraux.com\/en\/product\/snake-serpent-wea-30-ml\/","url_meta":{"origin":4344,"position":2},"title":"SNAKE\/SERPENT WEA 30 ML","author":"eveapprill","date":"9 March 2025","format":false,"excerpt":"Snake (serpent) En Ma\u00eetre chamanique, Snake facilite l\u2019initiation aux royaumes les plus profonds et transpersonnels de la psych\u00e9. Il est un puissant soutien pour la transformation aux niveaux les plus profonds. Pour s\u2019\u00e9veiller aux myst\u00e8res les plus profonds. Spider (araign\u00e9e)","rel":"","context":"Similar post","block_context":{"text":"Similar post","link":""},"img":{"alt_text":"","src":"https:\/\/i0.wp.com\/artstella-elixirs-floraux.com\/wp-content\/uploads\/2025\/03\/wp-image2275.png?resize=350%2C200&ssl=1","width":350,"height":200,"srcset":"https:\/\/i0.wp.com\/artstella-elixirs-floraux.com\/wp-content\/uploads\/2025\/03\/wp-image2275.png?resize=350%2C200&ssl=1 1x, https:\/\/i0.wp.com\/artstella-elixirs-floraux.com\/wp-content\/uploads\/2025\/03\/wp-image2275.png?resize=525%2C300&ssl=1 1.5x, https:\/\/i0.wp.com\/artstella-elixirs-floraux.com\/wp-content\/uploads\/2025\/03\/wp-image2275.png?resize=700%2C400&ssl=1 2x, https:\/\/i0.wp.com\/artstella-elixirs-floraux.com\/wp-content\/uploads\/2025\/03\/wp-image2275.png?resize=1050%2C600&ssl=1 3x"},"classes":[]},{"id":4350,"url":"https:\/\/artstella-elixirs-floraux.com\/en\/product\/sloth-paresseux-wea-exp-30-ml\/","url_meta":{"origin":4344,"position":3},"title":"SLOTH\/PARESSEUX WEA EXP 30 ML","author":"eveapprill","date":"9 March 2025","format":false,"excerpt":"Sloth (paresseux) S\u2019arr\u00eater\u00a0; lenteur de mouvement\u00a0; repos\u00a0; calmer l\u2019esprit hyperactif\u00a0; agir avec grande prudence et r\u00e9flexion.","rel":"","context":"Similar post","block_context":{"text":"Similar post","link":""},"img":{"alt_text":"","src":"https:\/\/i0.wp.com\/artstella-elixirs-floraux.com\/wp-content\/uploads\/2025\/03\/wp-image2312.png?resize=350%2C200&ssl=1","width":350,"height":200,"srcset":"https:\/\/i0.wp.com\/artstella-elixirs-floraux.com\/wp-content\/uploads\/2025\/03\/wp-image2312.png?resize=350%2C200&ssl=1 1x, https:\/\/i0.wp.com\/artstella-elixirs-floraux.com\/wp-content\/uploads\/2025\/03\/wp-image2312.png?resize=525%2C300&ssl=1 1.5x, https:\/\/i0.wp.com\/artstella-elixirs-floraux.com\/wp-content\/uploads\/2025\/03\/wp-image2312.png?resize=700%2C400&ssl=1 2x"},"classes":[]},{"id":4330,"url":"https:\/\/artstella-elixirs-floraux.com\/en\/product\/octopus-pieuvre-wea-exp-30-ml\/","url_meta":{"origin":4344,"position":4},"title":"OCTOPUS\/PIEUVRE WEA EXP 30 ML","author":"eveapprill","date":"9 March 2025","format":false,"excerpt":"Octopus (pieuvre) Aisance avec la profondeur\u00a0; nager dans les profondeurs int\u00e9rieures\u00a0; \u00eatre en paix\u00a0; \u00eatre baign\u00e9 dans la chaleur de la mer.","rel":"","context":"Similar post","block_context":{"text":"Similar post","link":""},"img":{"alt_text":"","src":"https:\/\/i0.wp.com\/artstella-elixirs-floraux.com\/wp-content\/uploads\/2025\/03\/wp-image2302.png?resize=350%2C200&ssl=1","width":350,"height":200,"srcset":"https:\/\/i0.wp.com\/artstella-elixirs-floraux.com\/wp-content\/uploads\/2025\/03\/wp-image2302.png?resize=350%2C200&ssl=1 1x, https:\/\/i0.wp.com\/artstella-elixirs-floraux.com\/wp-content\/uploads\/2025\/03\/wp-image2302.png?resize=525%2C300&ssl=1 1.5x, https:\/\/i0.wp.com\/artstella-elixirs-floraux.com\/wp-content\/uploads\/2025\/03\/wp-image2302.png?resize=700%2C400&ssl=1 2x, https:\/\/i0.wp.com\/artstella-elixirs-floraux.com\/wp-content\/uploads\/2025\/03\/wp-image2302.png?resize=1050%2C600&ssl=1 3x"},"classes":[]},{"id":4281,"url":"https:\/\/artstella-elixirs-floraux.com\/en\/product\/whale-baleine-wea-30-ml\/","url_meta":{"origin":4344,"position":5},"title":"WHALE\/BALEINE WEA 30 ML","author":"eveapprill","date":"9 March 2025","format":false,"excerpt":"Whale (baleine) Pour se connecter avec les plans sup\u00e9rieurs de conscience, au-del\u00e0 du royaume terrestre. Pour l\u2019expansion aux niveaux les plus profonds. Calme et \u00e9claircit l\u2019esprit. Pour explorer la r\u00e9alit\u00e9 dans sa plus vaste totalit\u00e9.","rel":"","context":"Similar post","block_context":{"text":"Similar post","link":""},"img":{"alt_text":"","src":"https:\/\/i0.wp.com\/artstella-elixirs-floraux.com\/wp-content\/uploads\/2025\/03\/wp-image2261.png?resize=350%2C200&ssl=1","width":350,"height":200,"srcset":"https:\/\/i0.wp.com\/artstella-elixirs-floraux.com\/wp-content\/uploads\/2025\/03\/wp-image2261.png?resize=350%2C200&ssl=1 1x, https:\/\/i0.wp.com\/artstella-elixirs-floraux.com\/wp-content\/uploads\/2025\/03\/wp-image2261.png?resize=525%2C300&ssl=1 1.5x, https:\/\/i0.wp.com\/artstella-elixirs-floraux.com\/wp-content\/uploads\/2025\/03\/wp-image2261.png?resize=700%2C400&ssl=1 2x, https:\/\/i0.wp.com\/artstella-elixirs-floraux.com\/wp-content\/uploads\/2025\/03\/wp-image2261.png?resize=1050%2C600&ssl=1 3x"},"classes":[]}],"_links":{"self":[{"href":"https:\/\/artstella-elixirs-floraux.com\/en\/wp-json\/wp\/v2\/product\/4344","targetHints":{"allow":["GET"]}}],"collection":[{"href":"https:\/\/artstella-elixirs-floraux.com\/en\/wp-json\/wp\/v2\/product"}],"about":[{"href":"https:\/\/artstella-elixirs-floraux.com\/en\/wp-json\/wp\/v2\/types\/product"}],"version-history":[{"count":0,"href":"https:\/\/artstella-elixirs-floraux.com\/en\/wp-json\/wp\/v2\/product\/4344\/revisions"}],"wp:featuredmedia":[{"embeddable":true,"href":"https:\/\/artstella-elixirs-floraux.com\/en\/wp-json\/wp\/v2\/media\/4345"}],"wp:attachment":[{"href":"https:\/\/artstella-elixirs-floraux.com\/en\/wp-json\/wp\/v2\/media?parent=4344"}],"wp:term":[{"taxonomy":"product_brand","embeddable":true,"href":"https:\/\/artstella-elixirs-floraux.com\/en\/wp-json\/wp\/v2\/product_brand?post=4344"},{"taxonomy":"product_cat","embeddable":true,"href":"https:\/\/artstella-elixirs-floraux.com\/en\/wp-json\/wp\/v2\/product_cat?post=4344"},{"taxonomy":"product_tag","embeddable":true,"href":"https:\/\/artstella-elixirs-floraux.com\/en\/wp-json\/wp\/v2\/product_tag?post=4344"}],"curies":[{"name":"wp","href":"https:\/\/api.w.org\/{rel}","templated":true}]}}