{"id":4352,"date":"2025-03-09T13:25:26","date_gmt":"2025-03-09T13:25:26","guid":{"rendered":"https:\/\/artstella-elixirs-floraux.com\/product\/snow-leopard-leopard-des-neiges-wea\/"},"modified":"2025-05-05T12:53:40","modified_gmt":"2025-05-05T12:53:40","slug":"snow-leopard-leopard-des-neiges-wea","status":"publish","type":"product","link":"https:\/\/artstella-elixirs-floraux.com\/en\/product\/snow-leopard-leopard-des-neiges-wea\/","title":{"rendered":"SNOW LEOPARD\/LEOPARD DES NEIGES WEA"},"content":{"rendered":"","protected":false},"excerpt":{"rendered":"<p><strong><em>Snow Leopard (l\u00e9opard des neiges)<\/em><\/strong><\/p>\n<p>Sagesse de l\u2019Himalaya\u00a0; centrage et connexion spirituelle\u00a0; conscience tib\u00e9taine\u00a0; mysticisme oriental.<\/p>","protected":false},"featured_media":4353,"template":"","meta":[],"product_brand":[],"product_cat":[150],"product_tag":[],"class_list":{"0":"post-4352","1":"product","2":"type-product","3":"status-publish","4":"has-post-thumbnail","6":"product_cat-les-elixirs-d-animaux-complementaires","8":"first","9":"instock","10":"taxable","11":"shipping-taxable","12":"purchasable","13":"product-type-simple"},"etheme_brands":{"errors":{"invalid_taxonomy":["Invalid taxonomy."]},"error_data":[]},"jetpack_sharing_enabled":true,"jetpack-related-posts":[{"id":5842,"url":"https:\/\/artstella-elixirs-floraux.com\/en\/product\/leopard-des-neiges-snow-leopard-15-ml-phi\/","url_meta":{"origin":4352,"position":0},"title":"L\u00e9opard des neiges &#8211; Snow Leopard 15 ml PHI","author":"eveapprill","date":"9 March 2025","format":false,"excerpt":"L\u00e9opard des neiges - Snow Leopard (Panthera unica)\u00a0 C\u2019est l\u2019\u00e9lixir qui accfro\u00eet le sentiment de s\u00e9curit\u00e9 et d\u2019\u00e9quilibre. Nous apprenons \u00e0 une vision d\u2019ensemble de nos vies tout en developpant gentillesse et d\u00e9termination","rel":"","context":"Similar post","block_context":{"text":"Similar post","link":""},"img":{"alt_text":"","src":"","width":0,"height":0},"classes":[]},{"id":1935,"url":"https:\/\/artstella-elixirs-floraux.com\/en\/product\/leopard-des-neiges-phi-15ml\/","url_meta":{"origin":4352,"position":1},"title":"LEOPARD DES NEIGES PHI 15ML","author":"eveapprill","date":"27 May 2025","format":false,"excerpt":"","rel":"","context":"Similar post","block_context":{"text":"Similar post","link":""},"img":{"alt_text":"","src":"","width":0,"height":0},"classes":[]},{"id":5450,"url":"https:\/\/artstella-elixirs-floraux.com\/en\/product\/perce-neige-sneeuwwklokje\/","url_meta":{"origin":4352,"position":2},"title":"Perce-neige &#8211; SNEEUWWKLOKJE","author":"eveapprill","date":"9 March 2025","format":false,"excerpt":"Perce-neige \/ Galanthus nivalis (snow drop) Lib\u00e8re des douleurs profondes, larmes et traumas qui ont \u00e9t\u00e9 emmagasin\u00e9s depuis longtemps, surtout s\u2019ils ont pour origine une difficult\u00e9 \u00e0 suivre son c\u0153ur et \u00e0 faire respecter ses sentiments.","rel":"","context":"Similar post","block_context":{"text":"Similar post","link":""},"img":{"alt_text":"","src":"","width":0,"height":0},"classes":[]},{"id":3952,"url":"https:\/\/artstella-elixirs-floraux.com\/en\/product\/leopard-phi-15-ml\/","url_meta":{"origin":4352,"position":3},"title":"LEOPARD PHI 15 ML","author":"eveapprill","date":"9 March 2025","format":false,"excerpt":"L\u00e9opard (Panthera pardus) am\u00e9liore la vitesse, la rapidit\u00e9 et l\u2019\u00e9l\u00e9gance. Nous apprenons \u00e0 porter nos efforts o\u00f9 c\u2019est utile. Nous apprenons la prudence et le recul.","rel":"","context":"Similar post","block_context":{"text":"Similar post","link":""},"img":{"alt_text":"","src":"","width":0,"height":0},"classes":[]},{"id":5534,"url":"https:\/\/artstella-elixirs-floraux.com\/en\/product\/coffret-10-elixirs-danimaux-n-3-15ml\/","url_meta":{"origin":4352,"position":4},"title":"COFFRET 10 \u00e9lixirs d&rsquo;ANIMAUX N\u00b0 3 15ML","author":"eveapprill","date":"9 March 2025","format":false,"excerpt":"Coffret 10 \u00e9lixirs d'animaux 15ml : Colibri, Lama, L\u00e9zard, pandan, Perroquet, Pingouin, Scorpion, Paresseux \u00e0 2 doigts, L\u00e9opard des neiges, Ours \u00e0 lunettes","rel":"","context":"Similar post","block_context":{"text":"Similar post","link":""},"img":{"alt_text":"","src":"https:\/\/i0.wp.com\/artstella-elixirs-floraux.com\/wp-content\/uploads\/2025\/03\/wp-image1762.png?resize=350%2C200&ssl=1","width":350,"height":200},"classes":[]},{"id":6319,"url":"https:\/\/artstella-elixirs-floraux.com\/en\/product\/quatrieme-chakra-weae-30ml\/","url_meta":{"origin":4352,"position":5},"title":"QUATRIEME CHAKRA WEAE 30ML","author":"eveapprill","date":"9 March 2025","format":false,"excerpt":"Fourth Chakra Essence fournit un soutien pour recevoir les cadeaux du quatri\u00e8me chakra, notamment: ressentir et exprimer l'amour et la compassion, la paix, l'amour divin, la gu\u00e9rison du c\u0153ur. \u00a0 \u00a0","rel":"","context":"Similar post","block_context":{"text":"Similar post","link":""},"img":{"alt_text":"","src":"https:\/\/i0.wp.com\/artstella-elixirs-floraux.com\/wp-content\/uploads\/2025\/03\/07c03158-dfd3-4f57-9f61-011751f60e74.jpg?resize=350%2C200&ssl=1","width":350,"height":200,"srcset":"https:\/\/i0.wp.com\/artstella-elixirs-floraux.com\/wp-content\/uploads\/2025\/03\/07c03158-dfd3-4f57-9f61-011751f60e74.jpg?resize=350%2C200&ssl=1 1x, https:\/\/i0.wp.com\/artstella-elixirs-floraux.com\/wp-content\/uploads\/2025\/03\/07c03158-dfd3-4f57-9f61-011751f60e74.jpg?resize=525%2C300&ssl=1 1.5x, https:\/\/i0.wp.com\/artstella-elixirs-floraux.com\/wp-content\/uploads\/2025\/03\/07c03158-dfd3-4f57-9f61-011751f60e74.jpg?resize=700%2C400&ssl=1 2x"},"classes":[]}],"_links":{"self":[{"href":"https:\/\/artstella-elixirs-floraux.com\/en\/wp-json\/wp\/v2\/product\/4352","targetHints":{"allow":["GET"]}}],"collection":[{"href":"https:\/\/artstella-elixirs-floraux.com\/en\/wp-json\/wp\/v2\/product"}],"about":[{"href":"https:\/\/artstella-elixirs-floraux.com\/en\/wp-json\/wp\/v2\/types\/product"}],"version-history":[{"count":0,"href":"https:\/\/artstella-elixirs-floraux.com\/en\/wp-json\/wp\/v2\/product\/4352\/revisions"}],"wp:featuredmedia":[{"embeddable":true,"href":"https:\/\/artstella-elixirs-floraux.com\/en\/wp-json\/wp\/v2\/media\/4353"}],"wp:attachment":[{"href":"https:\/\/artstella-elixirs-floraux.com\/en\/wp-json\/wp\/v2\/media?parent=4352"}],"wp:term":[{"taxonomy":"product_brand","embeddable":true,"href":"https:\/\/artstella-elixirs-floraux.com\/en\/wp-json\/wp\/v2\/product_brand?post=4352"},{"taxonomy":"product_cat","embeddable":true,"href":"https:\/\/artstella-elixirs-floraux.com\/en\/wp-json\/wp\/v2\/product_cat?post=4352"},{"taxonomy":"product_tag","embeddable":true,"href":"https:\/\/artstella-elixirs-floraux.com\/en\/wp-json\/wp\/v2\/product_tag?post=4352"}],"curies":[{"name":"wp","href":"https:\/\/api.w.org\/{rel}","templated":true}]}}