{"id":4364,"date":"2025-03-09T13:25:40","date_gmt":"2025-03-09T13:25:40","guid":{"rendered":"https:\/\/artstella-elixirs-floraux.com\/product\/elephant-calf-elephanteau-wea-30-ml\/"},"modified":"2025-05-05T12:59:18","modified_gmt":"2025-05-05T12:59:18","slug":"elephant-calf-elephanteau-wea-30-ml","status":"publish","type":"product","link":"https:\/\/artstella-elixirs-floraux.com\/en\/product\/elephant-calf-elephanteau-wea-30-ml\/","title":{"rendered":"ELEPHANT CALF\/ELEPHANTEAU WEA 30 ML"},"content":{"rendered":"","protected":false},"excerpt":{"rendered":"<p><strong><em>Elephant Calf (\u00e9l\u00e9phanteau)<\/em><\/strong><\/p>\n<p>Favorise les sentiments de s\u00e9curit\u00e9 physique et \u00e9motionnelle, d\u2019ancrage, de protection et de soutien d\u2019une famille plus \u00e9tendue mais toujours saine et solidaire.<\/p>","protected":false},"featured_media":4365,"template":"","meta":[],"product_brand":[],"product_cat":[106],"product_tag":[],"class_list":{"0":"post-4364","1":"product","2":"type-product","3":"status-publish","4":"has-post-thumbnail","6":"product_cat-les-elixirs-de-bebes-d-animaux","8":"first","9":"instock","10":"taxable","11":"shipping-taxable","12":"purchasable","13":"product-type-simple"},"etheme_brands":{"errors":{"invalid_taxonomy":["Invalid taxonomy."]},"error_data":[]},"jetpack_sharing_enabled":true,"jetpack-related-posts":[{"id":4362,"url":"https:\/\/artstella-elixirs-floraux.com\/en\/product\/dolphin-calf-delphineau-wea-30-ml\/","url_meta":{"origin":4364,"position":0},"title":"DOLPHIN CALF\/DELPHINEAU WEA 30 ML","author":"eveapprill","date":"9 March 2025","format":false,"excerpt":"Dolphin Calf (delphineau) Favorise l\u2019approfondissement des liens enfant - parent, le contact et l\u2019intimit\u00e9, la communication, l\u2019harmonie et l\u2019unit\u00e9.","rel":"","context":"Similar post","block_context":{"text":"Similar post","link":""},"img":{"alt_text":"","src":"https:\/\/i0.wp.com\/artstella-elixirs-floraux.com\/wp-content\/uploads\/2025\/03\/wp-image2319.png?resize=350%2C200&ssl=1","width":350,"height":200,"srcset":"https:\/\/i0.wp.com\/artstella-elixirs-floraux.com\/wp-content\/uploads\/2025\/03\/wp-image2319.png?resize=350%2C200&ssl=1 1x, https:\/\/i0.wp.com\/artstella-elixirs-floraux.com\/wp-content\/uploads\/2025\/03\/wp-image2319.png?resize=525%2C300&ssl=1 1.5x"},"classes":[]},{"id":1961,"url":"https:\/\/artstella-elixirs-floraux.com\/en\/product\/hippopotamus-calf-30ml-wea\/","url_meta":{"origin":4364,"position":1},"title":"HIPPOPOTAMUS CALF 30ML WEA","author":"eveapprill","date":"9 September 2025","format":false,"excerpt":"Hippopotamus Calf (b\u00e9b\u00e9 hippopotame) apporte la chaleur nourrici\u00e8re n\u00e9cessaire pour ressentir et exprimer les sentiments cach\u00e9s au fond de nous suite aux blessures de l\u2019enfance. Nous aide \u00e0 nous connecter avec, ressentir et exprimer les sentiments r\u00e9prim\u00e9s suite \u00e0 des blessures\/traumatismes du pass\u00e9 qui doivent \u00eatre lib\u00e9r\u00e9s pour que la\u2026","rel":"","context":"Similar post","block_context":{"text":"Similar post","link":""},"img":{"alt_text":"","src":"https:\/\/i0.wp.com\/artstella-elixirs-floraux.com\/wp-content\/uploads\/2025\/05\/Hippocalf.jpg?resize=350%2C200&ssl=1","width":350,"height":200,"srcset":"https:\/\/i0.wp.com\/artstella-elixirs-floraux.com\/wp-content\/uploads\/2025\/05\/Hippocalf.jpg?resize=350%2C200&ssl=1 1x, https:\/\/i0.wp.com\/artstella-elixirs-floraux.com\/wp-content\/uploads\/2025\/05\/Hippocalf.jpg?resize=525%2C300&ssl=1 1.5x, https:\/\/i0.wp.com\/artstella-elixirs-floraux.com\/wp-content\/uploads\/2025\/05\/Hippocalf.jpg?resize=700%2C400&ssl=1 2x"},"classes":[]},{"id":6313,"url":"https:\/\/artstella-elixirs-floraux.com\/en\/product\/premier-chakra-weae-30-ml\/","url_meta":{"origin":4364,"position":2},"title":"Premier Chakra WEAE 30 ml","author":"eveapprill","date":"9 March 2025","format":false,"excerpt":"First Chakra Essence fournit un soutien pour recevoir les cadeaux du premier chakra, y compris: s\u2019ancrer, accepter notre corps physique, nous sentir en s\u00e9curit\u00e9, faire face aux probl\u00e8mes de survie, stabilit\u00e9 et enracinement.","rel":"","context":"Similar post","block_context":{"text":"Similar post","link":""},"img":{"alt_text":"","src":"https:\/\/i0.wp.com\/artstella-elixirs-floraux.com\/wp-content\/uploads\/2025\/03\/68bf7613-c8fd-48ce-a419-a6b266b3bb71.jpg?resize=350%2C200&ssl=1","width":350,"height":200,"srcset":"https:\/\/i0.wp.com\/artstella-elixirs-floraux.com\/wp-content\/uploads\/2025\/03\/68bf7613-c8fd-48ce-a419-a6b266b3bb71.jpg?resize=350%2C200&ssl=1 1x, https:\/\/i0.wp.com\/artstella-elixirs-floraux.com\/wp-content\/uploads\/2025\/03\/68bf7613-c8fd-48ce-a419-a6b266b3bb71.jpg?resize=525%2C300&ssl=1 1.5x, https:\/\/i0.wp.com\/artstella-elixirs-floraux.com\/wp-content\/uploads\/2025\/03\/68bf7613-c8fd-48ce-a419-a6b266b3bb71.jpg?resize=700%2C400&ssl=1 2x"},"classes":[]},{"id":4227,"url":"https:\/\/artstella-elixirs-floraux.com\/en\/product\/elephant-wea-30-ml\/","url_meta":{"origin":4364,"position":3},"title":"ELEPHANT WEA 30 ML","author":"eveapprill","date":"9 March 2025","format":false,"excerpt":"Elephant Pour \u00e9tablir un ancrage profond et une expansion spirituelle. Favorise la communication t\u00e9l\u00e9pathique au-del\u00e0 des distances, et aide \u00e0 \u00e9couter les autres et soi-m\u00eame. Pour se souvenir de ce qui est important.","rel":"","context":"Similar post","block_context":{"text":"Similar post","link":""},"img":{"alt_text":"","src":"https:\/\/i0.wp.com\/artstella-elixirs-floraux.com\/wp-content\/uploads\/2025\/03\/wp-image2257.png?resize=350%2C200&ssl=1","width":350,"height":200,"srcset":"https:\/\/i0.wp.com\/artstella-elixirs-floraux.com\/wp-content\/uploads\/2025\/03\/wp-image2257.png?resize=350%2C200&ssl=1 1x, https:\/\/i0.wp.com\/artstella-elixirs-floraux.com\/wp-content\/uploads\/2025\/03\/wp-image2257.png?resize=525%2C300&ssl=1 1.5x, https:\/\/i0.wp.com\/artstella-elixirs-floraux.com\/wp-content\/uploads\/2025\/03\/wp-image2257.png?resize=700%2C400&ssl=1 2x, https:\/\/i0.wp.com\/artstella-elixirs-floraux.com\/wp-content\/uploads\/2025\/03\/wp-image2257.png?resize=1050%2C600&ssl=1 3x"},"classes":[]},{"id":3976,"url":"https:\/\/artstella-elixirs-floraux.com\/en\/product\/elephant-15-ml-phi\/","url_meta":{"origin":4364,"position":4},"title":"ELEPHANT 15 ML PHI","author":"eveapprill","date":"9 March 2025","format":false,"excerpt":"\u00c9l\u00e9phant (Loxodonta africana) aide les personnes sensibles qui hyper-r\u00e9agissent face \u00e0 leur environnement, \u00e0 mieux se prot\u00e9ger et d\u00e9fendre leurs limites. Il aide \u00e0 avoir la \u00ab\u00a0peau \u00e9paisse\u00a0\u00bb.","rel":"","context":"Similar post","block_context":{"text":"Similar post","link":""},"img":{"alt_text":"","src":"","width":0,"height":0},"classes":[]},{"id":6315,"url":"https:\/\/artstella-elixirs-floraux.com\/en\/product\/second-chakra-weae-30ml\/","url_meta":{"origin":4364,"position":5},"title":"SECOND CHAKRA WEAE 30ML","author":"eveapprill","date":"9 March 2025","format":false,"excerpt":"Second Chakra Essence fournit un soutien pour recevoir les cadeaux du deuxi\u00e8me chakra, y compris: ressentir profond\u00e9ment, accepter sa vie \u00e9motionnelle, sa sexualit\u00e9, sa cr\u00e9ativit\u00e9, sa digestion.","rel":"","context":"Similar post","block_context":{"text":"Similar post","link":""},"img":{"alt_text":"","src":"https:\/\/i0.wp.com\/artstella-elixirs-floraux.com\/wp-content\/uploads\/2025\/03\/0c616d60-16b2-47e1-8d25-f8ccdc3e3a26.jpg?resize=350%2C200&ssl=1","width":350,"height":200,"srcset":"https:\/\/i0.wp.com\/artstella-elixirs-floraux.com\/wp-content\/uploads\/2025\/03\/0c616d60-16b2-47e1-8d25-f8ccdc3e3a26.jpg?resize=350%2C200&ssl=1 1x, https:\/\/i0.wp.com\/artstella-elixirs-floraux.com\/wp-content\/uploads\/2025\/03\/0c616d60-16b2-47e1-8d25-f8ccdc3e3a26.jpg?resize=525%2C300&ssl=1 1.5x, https:\/\/i0.wp.com\/artstella-elixirs-floraux.com\/wp-content\/uploads\/2025\/03\/0c616d60-16b2-47e1-8d25-f8ccdc3e3a26.jpg?resize=700%2C400&ssl=1 2x"},"classes":[]}],"_links":{"self":[{"href":"https:\/\/artstella-elixirs-floraux.com\/en\/wp-json\/wp\/v2\/product\/4364","targetHints":{"allow":["GET"]}}],"collection":[{"href":"https:\/\/artstella-elixirs-floraux.com\/en\/wp-json\/wp\/v2\/product"}],"about":[{"href":"https:\/\/artstella-elixirs-floraux.com\/en\/wp-json\/wp\/v2\/types\/product"}],"version-history":[{"count":0,"href":"https:\/\/artstella-elixirs-floraux.com\/en\/wp-json\/wp\/v2\/product\/4364\/revisions"}],"wp:featuredmedia":[{"embeddable":true,"href":"https:\/\/artstella-elixirs-floraux.com\/en\/wp-json\/wp\/v2\/media\/4365"}],"wp:attachment":[{"href":"https:\/\/artstella-elixirs-floraux.com\/en\/wp-json\/wp\/v2\/media?parent=4364"}],"wp:term":[{"taxonomy":"product_brand","embeddable":true,"href":"https:\/\/artstella-elixirs-floraux.com\/en\/wp-json\/wp\/v2\/product_brand?post=4364"},{"taxonomy":"product_cat","embeddable":true,"href":"https:\/\/artstella-elixirs-floraux.com\/en\/wp-json\/wp\/v2\/product_cat?post=4364"},{"taxonomy":"product_tag","embeddable":true,"href":"https:\/\/artstella-elixirs-floraux.com\/en\/wp-json\/wp\/v2\/product_tag?post=4364"}],"curies":[{"name":"wp","href":"https:\/\/api.w.org\/{rel}","templated":true}]}}