{"id":4368,"date":"2025-03-09T13:25:44","date_gmt":"2025-03-09T13:25:44","guid":{"rendered":"https:\/\/artstella-elixirs-floraux.com\/product\/lion-cub-lionceau-wea-30-ml\/"},"modified":"2025-05-05T12:59:07","modified_gmt":"2025-05-05T12:59:07","slug":"lion-cub-lionceau-wea-30-ml","status":"publish","type":"product","link":"https:\/\/artstella-elixirs-floraux.com\/en\/product\/lion-cub-lionceau-wea-30-ml\/","title":{"rendered":"LION CUB\/LIONCEAU WEA 30 ML"},"content":{"rendered":"","protected":false},"excerpt":{"rendered":"<p><strong><em>Lion Cub (lionceau)<\/em><\/strong><\/p>\n<p>Favorise l\u2019intr\u00e9pidit\u00e9, la confiance, le courage, la puissance et le pouvoir authentiques.<\/p>","protected":false},"featured_media":4369,"template":"","meta":[],"product_brand":[],"product_cat":[106],"product_tag":[],"class_list":{"0":"post-4368","1":"product","2":"type-product","3":"status-publish","4":"has-post-thumbnail","6":"product_cat-les-elixirs-de-bebes-d-animaux","8":"first","9":"instock","10":"taxable","11":"shipping-taxable","12":"purchasable","13":"product-type-simple"},"etheme_brands":{"errors":{"invalid_taxonomy":["Invalid taxonomy."]},"error_data":[]},"jetpack_sharing_enabled":true,"jetpack-related-posts":[{"id":4243,"url":"https:\/\/artstella-elixirs-floraux.com\/en\/product\/lion-wea-30-ml\/","url_meta":{"origin":4368,"position":0},"title":"LION WEA 30 ML","author":"eveapprill","date":"9 March 2025","format":false,"excerpt":"Lion Pour revendiquer sa plus profonde autorit\u00e9 personnelle et son plus profond pouvoir spirituel. Favorise le courage, l\u2019intr\u00e9pidit\u00e9, le \u00ab\u00a0leadership\u00a0\u00bb, la performance et le succ\u00e8s. D\u00e9veloppe un sens de bien-\u00eatre et de force.","rel":"","context":"Similar post","block_context":{"text":"Similar post","link":""},"img":{"alt_text":"","src":"https:\/\/i0.wp.com\/artstella-elixirs-floraux.com\/wp-content\/uploads\/2025\/03\/wp-image2267.png?resize=350%2C200&ssl=1","width":350,"height":200,"srcset":"https:\/\/i0.wp.com\/artstella-elixirs-floraux.com\/wp-content\/uploads\/2025\/03\/wp-image2267.png?resize=350%2C200&ssl=1 1x, https:\/\/i0.wp.com\/artstella-elixirs-floraux.com\/wp-content\/uploads\/2025\/03\/wp-image2267.png?resize=525%2C300&ssl=1 1.5x, https:\/\/i0.wp.com\/artstella-elixirs-floraux.com\/wp-content\/uploads\/2025\/03\/wp-image2267.png?resize=700%2C400&ssl=1 2x, https:\/\/i0.wp.com\/artstella-elixirs-floraux.com\/wp-content\/uploads\/2025\/03\/wp-image2267.png?resize=1050%2C600&ssl=1 3x"},"classes":[]},{"id":4245,"url":"https:\/\/artstella-elixirs-floraux.com\/en\/product\/mountain-lion-puma-wea-30-ml\/","url_meta":{"origin":4368,"position":1},"title":"MOUNTAIN LION\/PUMA WEA 30 ML","author":"eveapprill","date":"9 March 2025","format":false,"excerpt":"Mountain Lion (puma) Favorise l\u2019action d\u00e9termin\u00e9e. Est d\u2019un grand soutien pour manifester ses r\u00eaves et visions Aide \u00e0 rester vrai envers soi-m\u00eame. Favorise la capacit\u00e9 \u00e0 \u00ab\u00a0agir selon ses dires\u00a0\u00bb.","rel":"","context":"Similar post","block_context":{"text":"Similar post","link":""},"img":{"alt_text":"","src":"","width":0,"height":0},"classes":[]},{"id":4360,"url":"https:\/\/artstella-elixirs-floraux.com\/en\/product\/bear-cub-ourson-wea-30-ml\/","url_meta":{"origin":4368,"position":2},"title":"BEAR CUB\/OURSON WEA 30 ML","author":"eveapprill","date":"9 March 2025","format":false,"excerpt":"Bear Cub (ourson) Favorise la prise de conscience de nos sentiments et de ceux des autres. Cet \u00e9lixir nous \u00e9claire sur l\u2019influence de nos actions sur les autres. Pour approfondir la prise de conscience de soi, l\u2019ancrage, l\u2019introspection et mieux nous conna\u00eetre. Pour savoir qui nous sommes.","rel":"","context":"Similar post","block_context":{"text":"Similar post","link":""},"img":{"alt_text":"","src":"https:\/\/i0.wp.com\/artstella-elixirs-floraux.com\/wp-content\/uploads\/2025\/03\/wp-image2318.png?resize=350%2C200&ssl=1","width":350,"height":200,"srcset":"https:\/\/i0.wp.com\/artstella-elixirs-floraux.com\/wp-content\/uploads\/2025\/03\/wp-image2318.png?resize=350%2C200&ssl=1 1x, https:\/\/i0.wp.com\/artstella-elixirs-floraux.com\/wp-content\/uploads\/2025\/03\/wp-image2318.png?resize=525%2C300&ssl=1 1.5x, https:\/\/i0.wp.com\/artstella-elixirs-floraux.com\/wp-content\/uploads\/2025\/03\/wp-image2318.png?resize=700%2C400&ssl=1 2x, https:\/\/i0.wp.com\/artstella-elixirs-floraux.com\/wp-content\/uploads\/2025\/03\/wp-image2318.png?resize=1050%2C600&ssl=1 3x"},"classes":[]},{"id":3954,"url":"https:\/\/artstella-elixirs-floraux.com\/en\/product\/lion-phi-15-ml\/","url_meta":{"origin":4368,"position":3},"title":"LION PHI 15 ML","author":"eveapprill","date":"9 March 2025","format":false,"excerpt":"Lion (Panthera Leo) apporte la s\u00fbret\u00e9 et la confiance en soi. Il aide \u00e0 se reposer et \u00e0 appr\u00e9cier la vie. Nous sommes au milieu de l\u2019attention.","rel":"","context":"Similar post","block_context":{"text":"Similar post","link":""},"img":{"alt_text":"","src":"","width":0,"height":0},"classes":[]},{"id":4374,"url":"https:\/\/artstella-elixirs-floraux.com\/en\/product\/badger-cub-blaireautin-30ml-wea\/","url_meta":{"origin":4368,"position":4},"title":"BADGER CUB BLAIREAUTIN 30ML WEA","author":"eveapprill","date":"27 May 2025","format":false,"excerpt":"","rel":"","context":"Similar post","block_context":{"text":"Similar post","link":""},"img":{"alt_text":"","src":"https:\/\/i0.wp.com\/artstella-elixirs-floraux.com\/wp-content\/uploads\/2025\/03\/wp-image2324.png?resize=350%2C200&ssl=1","width":350,"height":200,"srcset":"https:\/\/i0.wp.com\/artstella-elixirs-floraux.com\/wp-content\/uploads\/2025\/03\/wp-image2324.png?resize=350%2C200&ssl=1 1x, https:\/\/i0.wp.com\/artstella-elixirs-floraux.com\/wp-content\/uploads\/2025\/03\/wp-image2324.png?resize=525%2C300&ssl=1 1.5x, https:\/\/i0.wp.com\/artstella-elixirs-floraux.com\/wp-content\/uploads\/2025\/03\/wp-image2324.png?resize=700%2C400&ssl=1 2x, https:\/\/i0.wp.com\/artstella-elixirs-floraux.com\/wp-content\/uploads\/2025\/03\/wp-image2324.png?resize=1050%2C600&ssl=1 3x"},"classes":[]},{"id":4388,"url":"https:\/\/artstella-elixirs-floraux.com\/en\/product\/supreme-confidence-wea-30-ml\/","url_meta":{"origin":4368,"position":5},"title":"SUPREME CONFIDENCE WEA 30 ML","author":"eveapprill","date":"27 May 2025","format":false,"excerpt":"Supreme Confidence Nous aide \u00e0 agir avec confiance, force et puissance.","rel":"","context":"Similar post","block_context":{"text":"Similar post","link":""},"img":{"alt_text":"","src":"https:\/\/i0.wp.com\/artstella-elixirs-floraux.com\/wp-content\/uploads\/2025\/03\/supreme.jpeg?resize=350%2C200&ssl=1","width":350,"height":200},"classes":[]}],"_links":{"self":[{"href":"https:\/\/artstella-elixirs-floraux.com\/en\/wp-json\/wp\/v2\/product\/4368","targetHints":{"allow":["GET"]}}],"collection":[{"href":"https:\/\/artstella-elixirs-floraux.com\/en\/wp-json\/wp\/v2\/product"}],"about":[{"href":"https:\/\/artstella-elixirs-floraux.com\/en\/wp-json\/wp\/v2\/types\/product"}],"version-history":[{"count":0,"href":"https:\/\/artstella-elixirs-floraux.com\/en\/wp-json\/wp\/v2\/product\/4368\/revisions"}],"wp:featuredmedia":[{"embeddable":true,"href":"https:\/\/artstella-elixirs-floraux.com\/en\/wp-json\/wp\/v2\/media\/4369"}],"wp:attachment":[{"href":"https:\/\/artstella-elixirs-floraux.com\/en\/wp-json\/wp\/v2\/media?parent=4368"}],"wp:term":[{"taxonomy":"product_brand","embeddable":true,"href":"https:\/\/artstella-elixirs-floraux.com\/en\/wp-json\/wp\/v2\/product_brand?post=4368"},{"taxonomy":"product_cat","embeddable":true,"href":"https:\/\/artstella-elixirs-floraux.com\/en\/wp-json\/wp\/v2\/product_cat?post=4368"},{"taxonomy":"product_tag","embeddable":true,"href":"https:\/\/artstella-elixirs-floraux.com\/en\/wp-json\/wp\/v2\/product_tag?post=4368"}],"curies":[{"name":"wp","href":"https:\/\/api.w.org\/{rel}","templated":true}]}}