{"id":4376,"date":"2025-05-27T16:08:56","date_gmt":"2025-05-27T16:08:56","guid":{"rendered":"https:\/\/artstella-elixirs-floraux.com\/?post_type=product&#038;p=4376"},"modified":"2025-05-27T16:08:56","modified_gmt":"2025-05-27T16:08:56","slug":"bat-pup-chauve-souriceau-30ml-wea","status":"publish","type":"product","link":"https:\/\/artstella-elixirs-floraux.com\/en\/product\/bat-pup-chauve-souriceau-30ml-wea\/","title":{"rendered":"BAT PUP \/ CHAUVE SOURICEAU 30ML WEA"},"content":{"rendered":"","protected":false},"excerpt":{"rendered":"","protected":false},"featured_media":4377,"template":"","meta":[],"product_brand":[],"product_cat":[106],"product_tag":[],"class_list":{"0":"post-4376","1":"product","2":"type-product","3":"status-publish","4":"has-post-thumbnail","6":"product_cat-les-elixirs-de-bebes-d-animaux","8":"first","9":"instock","10":"taxable","11":"shipping-taxable","12":"purchasable","13":"product-type-simple"},"etheme_brands":{"errors":{"invalid_taxonomy":["Invalid taxonomy."]},"error_data":[]},"jetpack_sharing_enabled":true,"jetpack-related-posts":[{"id":4199,"url":"https:\/\/artstella-elixirs-floraux.com\/en\/product\/bat-chauve-souris-wea-30-ml\/","url_meta":{"origin":4376,"position":0},"title":"BAT\/CHAUVE-SOURIS WEA 30 ML","author":"eveapprill","date":"9 March 2025","format":false,"excerpt":"Bat (chauve-souris) Nous aide \u00e0 voir et \u00e0 naviguer \u00e0 travers notre propre obscurit\u00e9 Apporte la confiance n\u00e9cessaire pour faire face aux probl\u00e8mes non r\u00e9solus et les gu\u00e9rir. Nous aide \u00e0 savoir qui et o\u00f9 nous sommes.","rel":"","context":"Similar post","block_context":{"text":"Similar post","link":""},"img":{"alt_text":"","src":"https:\/\/i0.wp.com\/artstella-elixirs-floraux.com\/wp-content\/uploads\/2025\/03\/wp-image2246.png?resize=350%2C200&ssl=1","width":350,"height":200,"srcset":"https:\/\/i0.wp.com\/artstella-elixirs-floraux.com\/wp-content\/uploads\/2025\/03\/wp-image2246.png?resize=350%2C200&ssl=1 1x, https:\/\/i0.wp.com\/artstella-elixirs-floraux.com\/wp-content\/uploads\/2025\/03\/wp-image2246.png?resize=525%2C300&ssl=1 1.5x, https:\/\/i0.wp.com\/artstella-elixirs-floraux.com\/wp-content\/uploads\/2025\/03\/wp-image2246.png?resize=700%2C400&ssl=1 2x"},"classes":[]},{"id":4370,"url":"https:\/\/artstella-elixirs-floraux.com\/en\/product\/wolf-pup-louveteau-wea-30-ml\/","url_meta":{"origin":4376,"position":1},"title":"WOLF PUP\/LOUVETEAU WEA 30 ML","author":"eveapprill","date":"9 March 2025","format":false,"excerpt":"Wolf Pup (louveteau) Favorise un profond sentiment d\u2019appartenance, d\u2019int\u00e9gration, la conscience de notre importance et de notre place dans le monde","rel":"","context":"Similar post","block_context":{"text":"Similar post","link":""},"img":{"alt_text":"","src":"https:\/\/i0.wp.com\/artstella-elixirs-floraux.com\/wp-content\/uploads\/2025\/03\/wp-image2323.png?resize=350%2C200&ssl=1","width":350,"height":200,"srcset":"https:\/\/i0.wp.com\/artstella-elixirs-floraux.com\/wp-content\/uploads\/2025\/03\/wp-image2323.png?resize=350%2C200&ssl=1 1x, https:\/\/i0.wp.com\/artstella-elixirs-floraux.com\/wp-content\/uploads\/2025\/03\/wp-image2323.png?resize=525%2C300&ssl=1 1.5x"},"classes":[]},{"id":4374,"url":"https:\/\/artstella-elixirs-floraux.com\/en\/product\/badger-cub-blaireautin-30ml-wea\/","url_meta":{"origin":4376,"position":2},"title":"BADGER CUB BLAIREAUTIN 30ML WEA","author":"eveapprill","date":"27 May 2025","format":false,"excerpt":"","rel":"","context":"Similar post","block_context":{"text":"Similar post","link":""},"img":{"alt_text":"","src":"https:\/\/i0.wp.com\/artstella-elixirs-floraux.com\/wp-content\/uploads\/2025\/03\/wp-image2324.png?resize=350%2C200&ssl=1","width":350,"height":200,"srcset":"https:\/\/i0.wp.com\/artstella-elixirs-floraux.com\/wp-content\/uploads\/2025\/03\/wp-image2324.png?resize=350%2C200&ssl=1 1x, https:\/\/i0.wp.com\/artstella-elixirs-floraux.com\/wp-content\/uploads\/2025\/03\/wp-image2324.png?resize=525%2C300&ssl=1 1.5x, https:\/\/i0.wp.com\/artstella-elixirs-floraux.com\/wp-content\/uploads\/2025\/03\/wp-image2324.png?resize=700%2C400&ssl=1 2x, https:\/\/i0.wp.com\/artstella-elixirs-floraux.com\/wp-content\/uploads\/2025\/03\/wp-image2324.png?resize=1050%2C600&ssl=1 3x"},"classes":[]},{"id":4378,"url":"https:\/\/artstella-elixirs-floraux.com\/en\/product\/cygnet-cignon-30ml-wea-child\/","url_meta":{"origin":4376,"position":3},"title":"CYGNET CIGNON 30ML WEA CHILD","author":"eveapprill","date":"27 May 2025","format":false,"excerpt":"","rel":"","context":"Similar post","block_context":{"text":"Similar post","link":""},"img":{"alt_text":"","src":"https:\/\/i0.wp.com\/artstella-elixirs-floraux.com\/wp-content\/uploads\/2025\/03\/wp-image1427.png?resize=350%2C200&ssl=1","width":350,"height":200,"srcset":"https:\/\/i0.wp.com\/artstella-elixirs-floraux.com\/wp-content\/uploads\/2025\/03\/wp-image1427.png?resize=350%2C200&ssl=1 1x, https:\/\/i0.wp.com\/artstella-elixirs-floraux.com\/wp-content\/uploads\/2025\/03\/wp-image1427.png?resize=525%2C300&ssl=1 1.5x, https:\/\/i0.wp.com\/artstella-elixirs-floraux.com\/wp-content\/uploads\/2025\/03\/wp-image1427.png?resize=700%2C400&ssl=1 2x"},"classes":[]},{"id":4392,"url":"https:\/\/artstella-elixirs-floraux.com\/en\/product\/gratitude-wea-30ml\/","url_meta":{"origin":4376,"position":4},"title":"GRATITUDE WEA 30ML","author":"eveapprill","date":"9 March 2025","format":false,"excerpt":"Gratitude Aide \u00e0 prendre conscience et exprimer de la gratitude pour les nombreux cadeaux que la vie offre.","rel":"","context":"Similar post","block_context":{"text":"Similar post","link":""},"img":{"alt_text":"","src":"https:\/\/i0.wp.com\/artstella-elixirs-floraux.com\/wp-content\/uploads\/2025\/03\/wp-image1016.png?resize=350%2C200&ssl=1","width":350,"height":200},"classes":[]},{"id":4372,"url":"https:\/\/artstella-elixirs-floraux.com\/en\/product\/balanced-child-wea-30ml\/","url_meta":{"origin":4376,"position":5},"title":"BALANCED CHILD WEA 30ML","author":"eveapprill","date":"9 March 2025","format":false,"excerpt":"Balanced Child (un complexe de tous les b\u00e9b\u00e9s animaux) soutient au plus profond pour arriver \u00e0 un \u00e9tat d\u2019\u00e9quilibre et d\u2019harmonie. S\u2019adresse aux enfants et \u00e0 l\u2019enfant en chacun.","rel":"","context":"Similar post","block_context":{"text":"Similar post","link":""},"img":{"alt_text":"","src":"","width":0,"height":0},"classes":[]}],"_links":{"self":[{"href":"https:\/\/artstella-elixirs-floraux.com\/en\/wp-json\/wp\/v2\/product\/4376","targetHints":{"allow":["GET"]}}],"collection":[{"href":"https:\/\/artstella-elixirs-floraux.com\/en\/wp-json\/wp\/v2\/product"}],"about":[{"href":"https:\/\/artstella-elixirs-floraux.com\/en\/wp-json\/wp\/v2\/types\/product"}],"version-history":[{"count":0,"href":"https:\/\/artstella-elixirs-floraux.com\/en\/wp-json\/wp\/v2\/product\/4376\/revisions"}],"wp:featuredmedia":[{"embeddable":true,"href":"https:\/\/artstella-elixirs-floraux.com\/en\/wp-json\/wp\/v2\/media\/4377"}],"wp:attachment":[{"href":"https:\/\/artstella-elixirs-floraux.com\/en\/wp-json\/wp\/v2\/media?parent=4376"}],"wp:term":[{"taxonomy":"product_brand","embeddable":true,"href":"https:\/\/artstella-elixirs-floraux.com\/en\/wp-json\/wp\/v2\/product_brand?post=4376"},{"taxonomy":"product_cat","embeddable":true,"href":"https:\/\/artstella-elixirs-floraux.com\/en\/wp-json\/wp\/v2\/product_cat?post=4376"},{"taxonomy":"product_tag","embeddable":true,"href":"https:\/\/artstella-elixirs-floraux.com\/en\/wp-json\/wp\/v2\/product_tag?post=4376"}],"curies":[{"name":"wp","href":"https:\/\/api.w.org\/{rel}","templated":true}]}}