{"id":4382,"date":"2025-05-27T16:23:55","date_gmt":"2025-05-27T16:23:55","guid":{"rendered":"https:\/\/artstella-elixirs-floraux.com\/?post_type=product&#038;p=4382"},"modified":"2025-05-27T16:25:07","modified_gmt":"2025-05-27T16:25:07","slug":"playtime-wea-30-ml","status":"publish","type":"product","link":"https:\/\/artstella-elixirs-floraux.com\/en\/product\/playtime-wea-30-ml\/","title":{"rendered":"PLAYTIME WEA 30 ML"},"content":{"rendered":"<p><strong><em>Playtime<\/em><\/strong><\/p>\n<p>Favorise le d\u00e9sir de jouer avec plaisir et bonheur.<\/p>","protected":false},"excerpt":{"rendered":"<p>Playtime Favorise le d\u00e9sir de jouer avec plaisir et bonheur.<\/p>","protected":false},"featured_media":9710,"template":"","meta":[],"product_brand":[],"product_cat":[339],"product_tag":[],"class_list":{"0":"post-4382","1":"product","2":"type-product","3":"status-publish","4":"has-post-thumbnail","6":"product_cat-les-composes-weae","8":"first","9":"instock","10":"taxable","11":"shipping-taxable","12":"purchasable","13":"product-type-simple"},"etheme_brands":{"errors":{"invalid_taxonomy":["Invalid taxonomy."]},"error_data":[]},"jetpack_sharing_enabled":true,"jetpack-related-posts":[{"id":4219,"url":"https:\/\/artstella-elixirs-floraux.com\/en\/product\/dolphin-dauphin-wea-30-ml\/","url_meta":{"origin":4382,"position":0},"title":"DOLPHIN\/DAUPHIN WEA 30 ML","author":"eveapprill","date":"9 March 2025","format":false,"excerpt":"Dolphin (dauphin) En grand Ma\u00eetre du jeu et de l\u2019amour inconditionnel, cet \u00e9lixir favorise les sentiments de joie, le rire et le bonheur, de m\u00eame que la compassion pour soi et les autres. Il aide \u00e0 se souvenir de ses r\u00eaves et soutient le d\u00e9veloppement psychique.","rel":"","context":"Similar post","block_context":{"text":"Similar post","link":""},"img":{"alt_text":"","src":"https:\/\/i0.wp.com\/artstella-elixirs-floraux.com\/wp-content\/uploads\/2025\/03\/wp-image2253.png?resize=350%2C200&ssl=1","width":350,"height":200,"srcset":"https:\/\/i0.wp.com\/artstella-elixirs-floraux.com\/wp-content\/uploads\/2025\/03\/wp-image2253.png?resize=350%2C200&ssl=1 1x, https:\/\/i0.wp.com\/artstella-elixirs-floraux.com\/wp-content\/uploads\/2025\/03\/wp-image2253.png?resize=525%2C300&ssl=1 1.5x, https:\/\/i0.wp.com\/artstella-elixirs-floraux.com\/wp-content\/uploads\/2025\/03\/wp-image2253.png?resize=700%2C400&ssl=1 2x, https:\/\/i0.wp.com\/artstella-elixirs-floraux.com\/wp-content\/uploads\/2025\/03\/wp-image2253.png?resize=1050%2C600&ssl=1 3x"},"classes":[]},{"id":4346,"url":"https:\/\/artstella-elixirs-floraux.com\/en\/product\/seagull-goeland-wea-exp-30-ml\/","url_meta":{"origin":4382,"position":1},"title":"SEAGULL\/GOELAND WEA EXP 30 ML","author":"eveapprill","date":"9 March 2025","format":false,"excerpt":"Seagull (go\u00e9land) Joie de la place\u00a0; confort du bord de mer\u00a0; vivre la vie avec facilit\u00e9\u00a0; bonheur d\u2019\u00eatre vivant.","rel":"","context":"Similar post","block_context":{"text":"Similar post","link":""},"img":{"alt_text":"","src":"https:\/\/i0.wp.com\/artstella-elixirs-floraux.com\/wp-content\/uploads\/2025\/03\/wp-image2310.png?resize=350%2C200&ssl=1","width":350,"height":200,"srcset":"https:\/\/i0.wp.com\/artstella-elixirs-floraux.com\/wp-content\/uploads\/2025\/03\/wp-image2310.png?resize=350%2C200&ssl=1 1x, https:\/\/i0.wp.com\/artstella-elixirs-floraux.com\/wp-content\/uploads\/2025\/03\/wp-image2310.png?resize=525%2C300&ssl=1 1.5x, https:\/\/i0.wp.com\/artstella-elixirs-floraux.com\/wp-content\/uploads\/2025\/03\/wp-image2310.png?resize=700%2C400&ssl=1 2x"},"classes":[]},{"id":4397,"url":"https:\/\/artstella-elixirs-floraux.com\/en\/product\/loving-parent-30-ml-wea\/","url_meta":{"origin":4382,"position":2},"title":"LOVING PARENT 30 ML WEA","author":"eveapprill","date":"9 March 2025","format":false,"excerpt":"Loving Parent (l'amour parental) Favorise l\u2019amour parental envers soi et ses enfants.","rel":"","context":"Similar post","block_context":{"text":"Similar post","link":""},"img":{"alt_text":"","src":"","width":0,"height":0},"classes":[]},{"id":4239,"url":"https:\/\/artstella-elixirs-floraux.com\/en\/product\/hummingbird-colibri-wea-30-ml\/","url_meta":{"origin":4382,"position":3},"title":"HUMMINGBIRD\/COLIBRI WEA 30 ML","author":"eveapprill","date":"9 March 2025","format":false,"excerpt":"Hummingbird (colobri) D\u00e9veloppe des sentiments de joie et de bonheur devant le cadeau d\u2019\u00eatre vivant. Pour \u00ab\u00a0s\u2019\u00e9gayer\u00a0\u00bb. Aide \u00e0 se purifier en douceur. Utile dans les moments de transition physique (voyage, d\u00e9placement, etc.).","rel":"","context":"Similar post","block_context":{"text":"Similar post","link":""},"img":{"alt_text":"","src":"https:\/\/i0.wp.com\/artstella-elixirs-floraux.com\/wp-content\/uploads\/2025\/03\/wp-image2265.png?resize=350%2C200&ssl=1","width":350,"height":200,"srcset":"https:\/\/i0.wp.com\/artstella-elixirs-floraux.com\/wp-content\/uploads\/2025\/03\/wp-image2265.png?resize=350%2C200&ssl=1 1x, https:\/\/i0.wp.com\/artstella-elixirs-floraux.com\/wp-content\/uploads\/2025\/03\/wp-image2265.png?resize=525%2C300&ssl=1 1.5x, https:\/\/i0.wp.com\/artstella-elixirs-floraux.com\/wp-content\/uploads\/2025\/03\/wp-image2265.png?resize=700%2C400&ssl=1 2x"},"classes":[]},{"id":4245,"url":"https:\/\/artstella-elixirs-floraux.com\/en\/product\/mountain-lion-puma-wea-30-ml\/","url_meta":{"origin":4382,"position":4},"title":"MOUNTAIN LION\/PUMA WEA 30 ML","author":"eveapprill","date":"9 March 2025","format":false,"excerpt":"Mountain Lion (puma) Favorise l\u2019action d\u00e9termin\u00e9e. Est d\u2019un grand soutien pour manifester ses r\u00eaves et visions Aide \u00e0 rester vrai envers soi-m\u00eame. Favorise la capacit\u00e9 \u00e0 \u00ab\u00a0agir selon ses dires\u00a0\u00bb.","rel":"","context":"Similar post","block_context":{"text":"Similar post","link":""},"img":{"alt_text":"","src":"","width":0,"height":0},"classes":[]},{"id":4381,"url":"https:\/\/artstella-elixirs-floraux.com\/en\/product\/joyfulwork-wea-30-ml\/","url_meta":{"origin":4382,"position":5},"title":"JOYFULWORK WEA 30 ML","author":"eveapprill","date":"27 May 2025","format":false,"excerpt":"Joyful work Pour ressentir la joie et l\u2019accomplissement dans notre travail quotidien. Ce complexe favorise le jeu et l\u2019enchantement, la productivit\u00e9 et la cr\u00e9ativit\u00e9 et l\u2019int\u00e9gration du travail et du jeu.","rel":"","context":"Similar post","block_context":{"text":"Similar post","link":""},"img":{"alt_text":"","src":"https:\/\/i0.wp.com\/artstella-elixirs-floraux.com\/wp-content\/uploads\/2025\/05\/joyful.jpeg?resize=350%2C200&ssl=1","width":350,"height":200},"classes":[]}],"_links":{"self":[{"href":"https:\/\/artstella-elixirs-floraux.com\/en\/wp-json\/wp\/v2\/product\/4382","targetHints":{"allow":["GET"]}}],"collection":[{"href":"https:\/\/artstella-elixirs-floraux.com\/en\/wp-json\/wp\/v2\/product"}],"about":[{"href":"https:\/\/artstella-elixirs-floraux.com\/en\/wp-json\/wp\/v2\/types\/product"}],"version-history":[{"count":0,"href":"https:\/\/artstella-elixirs-floraux.com\/en\/wp-json\/wp\/v2\/product\/4382\/revisions"}],"wp:featuredmedia":[{"embeddable":true,"href":"https:\/\/artstella-elixirs-floraux.com\/en\/wp-json\/wp\/v2\/media\/9710"}],"wp:attachment":[{"href":"https:\/\/artstella-elixirs-floraux.com\/en\/wp-json\/wp\/v2\/media?parent=4382"}],"wp:term":[{"taxonomy":"product_brand","embeddable":true,"href":"https:\/\/artstella-elixirs-floraux.com\/en\/wp-json\/wp\/v2\/product_brand?post=4382"},{"taxonomy":"product_cat","embeddable":true,"href":"https:\/\/artstella-elixirs-floraux.com\/en\/wp-json\/wp\/v2\/product_cat?post=4382"},{"taxonomy":"product_tag","embeddable":true,"href":"https:\/\/artstella-elixirs-floraux.com\/en\/wp-json\/wp\/v2\/product_tag?post=4382"}],"curies":[{"name":"wp","href":"https:\/\/api.w.org\/{rel}","templated":true}]}}