{"id":4383,"date":"2025-05-27T16:30:20","date_gmt":"2025-05-27T16:30:20","guid":{"rendered":"https:\/\/artstella-elixirs-floraux.com\/?post_type=product&#038;p=4383"},"modified":"2025-05-27T16:30:20","modified_gmt":"2025-05-27T16:30:20","slug":"protection-wea-30-ml","status":"publish","type":"product","link":"https:\/\/artstella-elixirs-floraux.com\/en\/product\/protection-wea-30-ml\/","title":{"rendered":"PROTECTION WEA 30 ML"},"content":{"rendered":"","protected":false},"excerpt":{"rendered":"<p><strong><em>Protection<\/em><\/strong><\/p>\n<p>Pour faire face aux situations, environnements et personnes \u00e9motionnellement intenses. Ce complexe nous apporte la protection \u00e9motionnelle et psychique, un sentiment de s\u00fbret\u00e9 personnelle et d\u2019autoprotection.<\/p>","protected":false},"featured_media":9713,"template":"","meta":[],"product_brand":[],"product_cat":[339],"product_tag":[],"class_list":{"0":"post-4383","1":"product","2":"type-product","3":"status-publish","4":"has-post-thumbnail","6":"product_cat-les-composes-weae","8":"first","9":"instock","10":"taxable","11":"shipping-taxable","12":"purchasable","13":"product-type-simple"},"etheme_brands":{"errors":{"invalid_taxonomy":["Invalid taxonomy."]},"error_data":[]},"jetpack_sharing_enabled":true,"jetpack-related-posts":[{"id":5482,"url":"https:\/\/artstella-elixirs-floraux.com\/en\/product\/protection-bescherming-30ml-bloesem-remedies\/","url_meta":{"origin":4383,"position":0},"title":"PROTECTION (Bescherming)Bloesem Remedies","author":"eveapprill","date":"9 March 2025","format":false,"excerpt":"Protection\u00a0 Bloesem Remedies 30ml (Bescherming) (Achill\u00e9e, Ch\u00e9lidoine, Rue, Sensitive) am\u00e9liore la protection \u00e9motionnelle et spirituelle. Permet de rester centr\u00e9 dans la tension","rel":"","context":"Similar post","block_context":{"text":"Similar post","link":""},"img":{"alt_text":"","src":"","width":0,"height":0},"classes":[]},{"id":5283,"url":"https:\/\/artstella-elixirs-floraux.com\/en\/product\/complexe-n4-protection-emotionelle-deva-30ml\/","url_meta":{"origin":4383,"position":1},"title":"COMPLEXE N\u00b04 Protection \u00e9motionelle DEVA 30ml","author":"eveapprill","date":"9 March 2025","format":false,"excerpt":"COMPLEXE N\u00b04 PROTECTION \u00c9MOTIONNELLE est conseill\u00e9 \u00e0 ceux qui se sentent vuln\u00e9rables, fragiles, en ins\u00e9curit\u00e9 face aux autres et \u00e0 leur environnement. Recommand\u00e9 aux personnes \u00e9motives, sensibles ou facilement influen\u00e7ables. Il aide \u00e0 se prot\u00e9ger de le n\u00e9gativit\u00e9 ambiante.","rel":"","context":"Similar post","block_context":{"text":"Similar post","link":""},"img":{"alt_text":"","src":"https:\/\/i0.wp.com\/artstella-elixirs-floraux.com\/wp-content\/uploads\/2025\/03\/cb8ab318-97e5-4fe9-8283-e7796df4bc23.jpg?resize=350%2C200&ssl=1","width":350,"height":200,"srcset":"https:\/\/i0.wp.com\/artstella-elixirs-floraux.com\/wp-content\/uploads\/2025\/03\/cb8ab318-97e5-4fe9-8283-e7796df4bc23.jpg?resize=350%2C200&ssl=1 1x, https:\/\/i0.wp.com\/artstella-elixirs-floraux.com\/wp-content\/uploads\/2025\/03\/cb8ab318-97e5-4fe9-8283-e7796df4bc23.jpg?resize=525%2C300&ssl=1 1.5x, https:\/\/i0.wp.com\/artstella-elixirs-floraux.com\/wp-content\/uploads\/2025\/03\/cb8ab318-97e5-4fe9-8283-e7796df4bc23.jpg?resize=700%2C400&ssl=1 2x"},"classes":[]},{"id":5978,"url":"https:\/\/artstella-elixirs-floraux.com\/en\/product\/isis-10-ml-bush\/","url_meta":{"origin":4383,"position":2},"title":"ISIS 10 ML BUSH","author":"eveapprill","date":"9 March 2025","format":false,"excerpt":"ISIS \u2022 Permet de ressentir la pr\u00e9sence, la protection et l\u2019amour du Divin F\u00e9minin. \u2022 Illumine nos zones d\u2019ombre o\u00f9 nous gardons nos douleurs et nos souffrances \u00e9motionnelles.","rel":"","context":"Similar post","block_context":{"text":"Similar post","link":""},"img":{"alt_text":"Les \u00e9lixirs \"Divine Presence\" du Bush australien","src":"https:\/\/i0.wp.com\/artstella-elixirs-floraux.com\/wp-content\/uploads\/2025\/03\/9f27a3de-c812-4d8c-b286-c7b3bc580552.jpg?resize=350%2C200&ssl=1","width":350,"height":200,"srcset":"https:\/\/i0.wp.com\/artstella-elixirs-floraux.com\/wp-content\/uploads\/2025\/03\/9f27a3de-c812-4d8c-b286-c7b3bc580552.jpg?resize=350%2C200&ssl=1 1x, https:\/\/i0.wp.com\/artstella-elixirs-floraux.com\/wp-content\/uploads\/2025\/03\/9f27a3de-c812-4d8c-b286-c7b3bc580552.jpg?resize=525%2C300&ssl=1 1.5x, https:\/\/i0.wp.com\/artstella-elixirs-floraux.com\/wp-content\/uploads\/2025\/03\/9f27a3de-c812-4d8c-b286-c7b3bc580552.jpg?resize=700%2C400&ssl=1 2x"},"classes":[]},{"id":4279,"url":"https:\/\/artstella-elixirs-floraux.com\/en\/product\/turtle-tortue-wea-30-ml\/","url_meta":{"origin":4383,"position":3},"title":"TURTLE\/TORTUE WEA 30 ML","author":"eveapprill","date":"9 March 2025","format":false,"excerpt":"Turtle (tortue) Pour ralentir et ressentir l\u2019ancrage profond et l\u2019Unit\u00e9 avecla Terre. Apporteune protection psychique et \u00e9motionnelle pour se sentir en s\u00e9curit\u00e9 dans les situations\/environnements intenses.","rel":"","context":"Similar post","block_context":{"text":"Similar post","link":""},"img":{"alt_text":"","src":"https:\/\/i0.wp.com\/artstella-elixirs-floraux.com\/wp-content\/uploads\/2025\/03\/wp-image2281.png?resize=350%2C200&ssl=1","width":350,"height":200,"srcset":"https:\/\/i0.wp.com\/artstella-elixirs-floraux.com\/wp-content\/uploads\/2025\/03\/wp-image2281.png?resize=350%2C200&ssl=1 1x, https:\/\/i0.wp.com\/artstella-elixirs-floraux.com\/wp-content\/uploads\/2025\/03\/wp-image2281.png?resize=525%2C300&ssl=1 1.5x, https:\/\/i0.wp.com\/artstella-elixirs-floraux.com\/wp-content\/uploads\/2025\/03\/wp-image2281.png?resize=700%2C400&ssl=1 2x"},"classes":[]},{"id":4094,"url":"https:\/\/artstella-elixirs-floraux.com\/en\/product\/lin-15ml-fleur-sylfos\/","url_meta":{"origin":4383,"position":4},"title":"LIN 15ML FLEUR SYLFOS","author":"eveapprill","date":"9 March 2025","format":false,"excerpt":"LIN \/ LINO\u00a0\u00a0\u00a0\u00a0 Blue Flax \u00a0\u00a0\u00a0Linum usitatissimum \u00a0 \u00a0 Pour \u00e9quilibrer le stress \u00e9motionnel et rel\u00e2cher les attitudes rigides, les acc\u00e8s de col\u00e8re,\u00a0","rel":"","context":"Similar post","block_context":{"text":"Similar post","link":""},"img":{"alt_text":"","src":"","width":0,"height":0},"classes":[]},{"id":4364,"url":"https:\/\/artstella-elixirs-floraux.com\/en\/product\/elephant-calf-elephanteau-wea-30-ml\/","url_meta":{"origin":4383,"position":5},"title":"ELEPHANT CALF\/ELEPHANTEAU WEA 30 ML","author":"eveapprill","date":"9 March 2025","format":false,"excerpt":"Elephant Calf (\u00e9l\u00e9phanteau) Favorise les sentiments de s\u00e9curit\u00e9 physique et \u00e9motionnelle, d\u2019ancrage, de protection et de soutien d\u2019une famille plus \u00e9tendue mais toujours saine et solidaire.","rel":"","context":"Similar post","block_context":{"text":"Similar post","link":""},"img":{"alt_text":"","src":"https:\/\/i0.wp.com\/artstella-elixirs-floraux.com\/wp-content\/uploads\/2025\/03\/wp-image2320.png?resize=350%2C200&ssl=1","width":350,"height":200,"srcset":"https:\/\/i0.wp.com\/artstella-elixirs-floraux.com\/wp-content\/uploads\/2025\/03\/wp-image2320.png?resize=350%2C200&ssl=1 1x, https:\/\/i0.wp.com\/artstella-elixirs-floraux.com\/wp-content\/uploads\/2025\/03\/wp-image2320.png?resize=525%2C300&ssl=1 1.5x, https:\/\/i0.wp.com\/artstella-elixirs-floraux.com\/wp-content\/uploads\/2025\/03\/wp-image2320.png?resize=700%2C400&ssl=1 2x"},"classes":[]}],"_links":{"self":[{"href":"https:\/\/artstella-elixirs-floraux.com\/en\/wp-json\/wp\/v2\/product\/4383","targetHints":{"allow":["GET"]}}],"collection":[{"href":"https:\/\/artstella-elixirs-floraux.com\/en\/wp-json\/wp\/v2\/product"}],"about":[{"href":"https:\/\/artstella-elixirs-floraux.com\/en\/wp-json\/wp\/v2\/types\/product"}],"version-history":[{"count":0,"href":"https:\/\/artstella-elixirs-floraux.com\/en\/wp-json\/wp\/v2\/product\/4383\/revisions"}],"wp:featuredmedia":[{"embeddable":true,"href":"https:\/\/artstella-elixirs-floraux.com\/en\/wp-json\/wp\/v2\/media\/9713"}],"wp:attachment":[{"href":"https:\/\/artstella-elixirs-floraux.com\/en\/wp-json\/wp\/v2\/media?parent=4383"}],"wp:term":[{"taxonomy":"product_brand","embeddable":true,"href":"https:\/\/artstella-elixirs-floraux.com\/en\/wp-json\/wp\/v2\/product_brand?post=4383"},{"taxonomy":"product_cat","embeddable":true,"href":"https:\/\/artstella-elixirs-floraux.com\/en\/wp-json\/wp\/v2\/product_cat?post=4383"},{"taxonomy":"product_tag","embeddable":true,"href":"https:\/\/artstella-elixirs-floraux.com\/en\/wp-json\/wp\/v2\/product_tag?post=4383"}],"curies":[{"name":"wp","href":"https:\/\/api.w.org\/{rel}","templated":true}]}}