{"id":4388,"date":"2025-05-27T16:35:42","date_gmt":"2025-05-27T16:35:42","guid":{"rendered":"https:\/\/artstella-elixirs-floraux.com\/?post_type=product&#038;p=4388"},"modified":"2025-05-27T16:35:42","modified_gmt":"2025-05-27T16:35:42","slug":"supreme-confidence-wea-30-ml","status":"publish","type":"product","link":"https:\/\/artstella-elixirs-floraux.com\/en\/product\/supreme-confidence-wea-30-ml\/","title":{"rendered":"SUPREME CONFIDENCE WEA 30 ML"},"content":{"rendered":"<p><strong><em>Supreme Confidence<\/em><\/strong><\/p>\n<p>Nous aide \u00e0 agir avec confiance, force et puissance.<\/p>","protected":false},"excerpt":{"rendered":"<p>Supreme Confidence Nous aide \u00e0 agir avec confiance, force et puissance.<\/p>","protected":false},"featured_media":9719,"template":"","meta":[],"product_brand":[],"product_cat":[339],"product_tag":[],"class_list":{"0":"post-4388","1":"product","2":"type-product","3":"status-publish","4":"has-post-thumbnail","6":"product_cat-les-composes-weae","8":"first","9":"instock","10":"taxable","11":"shipping-taxable","12":"purchasable","13":"product-type-simple"},"etheme_brands":{"errors":{"invalid_taxonomy":["Invalid taxonomy."]},"error_data":[]},"jetpack_sharing_enabled":true,"jetpack-related-posts":[{"id":4312,"url":"https:\/\/artstella-elixirs-floraux.com\/en\/product\/gorilla-gorille-wea-exp-30-ml\/","url_meta":{"origin":4388,"position":0},"title":"GORILLA\/GORILLE WEA EXP 30 ML","author":"eveapprill","date":"9 March 2025","format":false,"excerpt":"Gorilla (gorille) Connaissance et expression de soi affirm\u00e9es\u00a0; force supr\u00eame\u00a0; revendication du pouvoir personnel\u00a0; tenir bon.","rel":"","context":"Similar post","block_context":{"text":"Similar post","link":""},"img":{"alt_text":"","src":"https:\/\/i0.wp.com\/artstella-elixirs-floraux.com\/wp-content\/uploads\/2025\/03\/wp-image2293.png?resize=350%2C200&ssl=1","width":350,"height":200,"srcset":"https:\/\/i0.wp.com\/artstella-elixirs-floraux.com\/wp-content\/uploads\/2025\/03\/wp-image2293.png?resize=350%2C200&ssl=1 1x, https:\/\/i0.wp.com\/artstella-elixirs-floraux.com\/wp-content\/uploads\/2025\/03\/wp-image2293.png?resize=525%2C300&ssl=1 1.5x, https:\/\/i0.wp.com\/artstella-elixirs-floraux.com\/wp-content\/uploads\/2025\/03\/wp-image2293.png?resize=700%2C400&ssl=1 2x"},"classes":[]},{"id":4296,"url":"https:\/\/artstella-elixirs-floraux.com\/en\/product\/armadillo-tatou-wea-30-ml\/","url_meta":{"origin":4388,"position":1},"title":"ARMADILLO\/TATOU WEA 30 ML","author":"eveapprill","date":"9 March 2025","format":false,"excerpt":"Armadillo (tatou) Protection supr\u00eame\u00a0; avancer en s\u00e9curit\u00e9\u00a0; bouclier protecteur\u00a0; impr\u00e9gnabilit\u00e9.","rel":"","context":"Similar post","block_context":{"text":"Similar post","link":""},"img":{"alt_text":"","src":"https:\/\/i0.wp.com\/artstella-elixirs-floraux.com\/wp-content\/uploads\/2025\/03\/wp-image2285.png?resize=350%2C200&ssl=1","width":350,"height":200,"srcset":"https:\/\/i0.wp.com\/artstella-elixirs-floraux.com\/wp-content\/uploads\/2025\/03\/wp-image2285.png?resize=350%2C200&ssl=1 1x, https:\/\/i0.wp.com\/artstella-elixirs-floraux.com\/wp-content\/uploads\/2025\/03\/wp-image2285.png?resize=525%2C300&ssl=1 1.5x, https:\/\/i0.wp.com\/artstella-elixirs-floraux.com\/wp-content\/uploads\/2025\/03\/wp-image2285.png?resize=700%2C400&ssl=1 2x"},"classes":[]},{"id":4233,"url":"https:\/\/artstella-elixirs-floraux.com\/en\/product\/gazelle-wea-30-ml\/","url_meta":{"origin":4388,"position":2},"title":"GAZELLE WEA 30 ML","author":"eveapprill","date":"9 March 2025","format":false,"excerpt":"Gazelle Aide \u00e0 faire face \u00e0 sa propre vuln\u00e9rabilit\u00e9 et \u00e0 apprendre la force d\u2019une saine vuln\u00e9rabilit\u00e9. Pour \u00eatre en s\u00e9curit\u00e9 dans le monde. Aide \u00e0 d\u00e9velopper un fort sens de vigilance et de conscience","rel":"","context":"Similar post","block_context":{"text":"Similar post","link":""},"img":{"alt_text":"","src":"https:\/\/i0.wp.com\/artstella-elixirs-floraux.com\/wp-content\/uploads\/2025\/03\/wp-image2262.png?resize=350%2C200&ssl=1","width":350,"height":200,"srcset":"https:\/\/i0.wp.com\/artstella-elixirs-floraux.com\/wp-content\/uploads\/2025\/03\/wp-image2262.png?resize=350%2C200&ssl=1 1x, https:\/\/i0.wp.com\/artstella-elixirs-floraux.com\/wp-content\/uploads\/2025\/03\/wp-image2262.png?resize=525%2C300&ssl=1 1.5x, https:\/\/i0.wp.com\/artstella-elixirs-floraux.com\/wp-content\/uploads\/2025\/03\/wp-image2262.png?resize=700%2C400&ssl=1 2x"},"classes":[]},{"id":4199,"url":"https:\/\/artstella-elixirs-floraux.com\/en\/product\/bat-chauve-souris-wea-30-ml\/","url_meta":{"origin":4388,"position":3},"title":"BAT\/CHAUVE-SOURIS WEA 30 ML","author":"eveapprill","date":"9 March 2025","format":false,"excerpt":"Bat (chauve-souris) Nous aide \u00e0 voir et \u00e0 naviguer \u00e0 travers notre propre obscurit\u00e9 Apporte la confiance n\u00e9cessaire pour faire face aux probl\u00e8mes non r\u00e9solus et les gu\u00e9rir. Nous aide \u00e0 savoir qui et o\u00f9 nous sommes.","rel":"","context":"Similar post","block_context":{"text":"Similar post","link":""},"img":{"alt_text":"","src":"https:\/\/i0.wp.com\/artstella-elixirs-floraux.com\/wp-content\/uploads\/2025\/03\/wp-image2246.png?resize=350%2C200&ssl=1","width":350,"height":200,"srcset":"https:\/\/i0.wp.com\/artstella-elixirs-floraux.com\/wp-content\/uploads\/2025\/03\/wp-image2246.png?resize=350%2C200&ssl=1 1x, https:\/\/i0.wp.com\/artstella-elixirs-floraux.com\/wp-content\/uploads\/2025\/03\/wp-image2246.png?resize=525%2C300&ssl=1 1.5x, https:\/\/i0.wp.com\/artstella-elixirs-floraux.com\/wp-content\/uploads\/2025\/03\/wp-image2246.png?resize=700%2C400&ssl=1 2x"},"classes":[]},{"id":4285,"url":"https:\/\/artstella-elixirs-floraux.com\/en\/product\/wolf-loup-wea-30-ml\/","url_meta":{"origin":4388,"position":4},"title":"WOLF\/LOUP WEA 30 ML","author":"eveapprill","date":"9 March 2025","format":false,"excerpt":"Wolf (loup) Aide \u00e0 d\u00e9finir les relations et \u00e0 fixer des limites saines avec autrui. Favorise la sociabilit\u00e9 et la communaut\u00e9. Pour conna\u00eetre et agir selon la v\u00e9rit\u00e9. D\u00e9veloppe l\u2019int\u00e9grit\u00e9 et le respect des engagements de la vie.","rel":"","context":"Similar post","block_context":{"text":"Similar post","link":""},"img":{"alt_text":"","src":"","width":0,"height":0},"classes":[]},{"id":4211,"url":"https:\/\/artstella-elixirs-floraux.com\/en\/product\/cheetah-guepard-wea-30-ml\/","url_meta":{"origin":4388,"position":5},"title":"CHEETAH\/GUEPARD WEA 30 ML","author":"eveapprill","date":"9 March 2025","format":false,"excerpt":"Cheetah (gu\u00e9pard) Pour accomplir les t\u00e2ches avec grande rapidit\u00e9, efficacit\u00e9 et concentration. Apporte de l\u2019\u00e9lan pour repartir lorsqu\u2019on se sent coinc\u00e9 ou bloqu\u00e9. Aide \u00e0 agir lorsqu\u2019on a pris une d\u00e9cision. Pour une utilisation rationnelle du temps et des ressources.","rel":"","context":"Similar post","block_context":{"text":"Similar post","link":""},"img":{"alt_text":"","src":"https:\/\/i0.wp.com\/artstella-elixirs-floraux.com\/wp-content\/uploads\/2025\/03\/wp-image2250.png?resize=350%2C200&ssl=1","width":350,"height":200,"srcset":"https:\/\/i0.wp.com\/artstella-elixirs-floraux.com\/wp-content\/uploads\/2025\/03\/wp-image2250.png?resize=350%2C200&ssl=1 1x, https:\/\/i0.wp.com\/artstella-elixirs-floraux.com\/wp-content\/uploads\/2025\/03\/wp-image2250.png?resize=525%2C300&ssl=1 1.5x, https:\/\/i0.wp.com\/artstella-elixirs-floraux.com\/wp-content\/uploads\/2025\/03\/wp-image2250.png?resize=700%2C400&ssl=1 2x"},"classes":[]}],"_links":{"self":[{"href":"https:\/\/artstella-elixirs-floraux.com\/en\/wp-json\/wp\/v2\/product\/4388","targetHints":{"allow":["GET"]}}],"collection":[{"href":"https:\/\/artstella-elixirs-floraux.com\/en\/wp-json\/wp\/v2\/product"}],"about":[{"href":"https:\/\/artstella-elixirs-floraux.com\/en\/wp-json\/wp\/v2\/types\/product"}],"version-history":[{"count":0,"href":"https:\/\/artstella-elixirs-floraux.com\/en\/wp-json\/wp\/v2\/product\/4388\/revisions"}],"wp:featuredmedia":[{"embeddable":true,"href":"https:\/\/artstella-elixirs-floraux.com\/en\/wp-json\/wp\/v2\/media\/9719"}],"wp:attachment":[{"href":"https:\/\/artstella-elixirs-floraux.com\/en\/wp-json\/wp\/v2\/media?parent=4388"}],"wp:term":[{"taxonomy":"product_brand","embeddable":true,"href":"https:\/\/artstella-elixirs-floraux.com\/en\/wp-json\/wp\/v2\/product_brand?post=4388"},{"taxonomy":"product_cat","embeddable":true,"href":"https:\/\/artstella-elixirs-floraux.com\/en\/wp-json\/wp\/v2\/product_cat?post=4388"},{"taxonomy":"product_tag","embeddable":true,"href":"https:\/\/artstella-elixirs-floraux.com\/en\/wp-json\/wp\/v2\/product_tag?post=4388"}],"curies":[{"name":"wp","href":"https:\/\/api.w.org\/{rel}","templated":true}]}}