{"id":4392,"date":"2025-03-09T13:27:09","date_gmt":"2025-03-09T13:27:09","guid":{"rendered":"https:\/\/artstella-elixirs-floraux.com\/product\/gratitude-wea-30ml\/"},"modified":"2025-05-05T12:31:33","modified_gmt":"2025-05-05T12:31:33","slug":"gratitude-wea-30ml","status":"publish","type":"product","link":"https:\/\/artstella-elixirs-floraux.com\/en\/product\/gratitude-wea-30ml\/","title":{"rendered":"GRATITUDE WEA 30ML"},"content":{"rendered":"","protected":false},"excerpt":{"rendered":"<p><strong><em>Gratitude<\/em><\/strong><\/p>\n<p>Aide \u00e0 prendre conscience et exprimer de la gratitude pour les nombreux cadeaux que la vie offre.<\/p>","protected":false},"featured_media":4393,"template":"","meta":[],"product_brand":[],"product_cat":[147],"product_tag":[],"class_list":{"0":"post-4392","1":"product","2":"type-product","3":"status-publish","4":"has-post-thumbnail","6":"product_cat-les-composes-chemin-de-guerison","8":"first","9":"instock","10":"taxable","11":"shipping-taxable","12":"purchasable","13":"product-type-simple"},"etheme_brands":{"errors":{"invalid_taxonomy":["Invalid taxonomy."]},"error_data":[]},"jetpack_sharing_enabled":true,"jetpack-related-posts":[{"id":4203,"url":"https:\/\/artstella-elixirs-floraux.com\/en\/product\/buffalo-buffle-wea-30-ml\/","url_meta":{"origin":4392,"position":0},"title":"BUFFALO\/BUFFLE WEA 30 ML","author":"eveapprill","date":"9 March 2025","format":false,"excerpt":"Buffalo (buffle) Pour ralentir, pour l\u2019ancrage et la connexion avec les rythmes dela Terre. D\u00e9veloppeun sens du sacr\u00e9 et de tranquillit\u00e9, et favorise le calme et la contemplation, ainsi que les sentiments de gratitude pour le cadeau de la vie.","rel":"","context":"Similar post","block_context":{"text":"Similar post","link":""},"img":{"alt_text":"","src":"https:\/\/i0.wp.com\/artstella-elixirs-floraux.com\/wp-content\/uploads\/2025\/03\/wp-image2248.png?resize=350%2C200&ssl=1","width":350,"height":200,"srcset":"https:\/\/i0.wp.com\/artstella-elixirs-floraux.com\/wp-content\/uploads\/2025\/03\/wp-image2248.png?resize=350%2C200&ssl=1 1x, https:\/\/i0.wp.com\/artstella-elixirs-floraux.com\/wp-content\/uploads\/2025\/03\/wp-image2248.png?resize=525%2C300&ssl=1 1.5x, https:\/\/i0.wp.com\/artstella-elixirs-floraux.com\/wp-content\/uploads\/2025\/03\/wp-image2248.png?resize=700%2C400&ssl=1 2x"},"classes":[]},{"id":2609,"url":"https:\/\/artstella-elixirs-floraux.com\/en\/product\/turquoise\/","url_meta":{"origin":4392,"position":1},"title":"TURQUOISE","author":"eveapprill","date":"9 March 2025","format":false,"excerpt":"Turquoise Accorde le champ d\u2019\u00e9nergie avec la sagesse ancienne et le sens du sacr\u00e9 inh\u00e9rent \u00e0 chaque vie ; clarifie et approfondit notre lien \u00e0 la Terre ; nous aide \u00e0 vivre une vie simple dans la gratitude et le respect du Tout.","rel":"","context":"Similar post","block_context":{"text":"Similar post","link":""},"img":{"alt_text":"","src":"","width":0,"height":0},"classes":[]},{"id":4904,"url":"https:\/\/artstella-elixirs-floraux.com\/en\/product\/crowberry-alaskan-f-sup\/","url_meta":{"origin":4392,"position":2},"title":"CROWBERRY ALASKAN F SUP","author":"eveapprill","date":"9 March 2025","format":false,"excerpt":"CROWBERRY Indications : vie remplie de conflit int\u00e9rieur et attachement \u00e0 issue ; Impossible de trouver ou de maintenir son centre dans une situation difficile ou oppressive","rel":"","context":"Similar post","block_context":{"text":"Similar post","link":""},"img":{"alt_text":"","src":"https:\/\/i0.wp.com\/artstella-elixirs-floraux.com\/wp-content\/uploads\/2025\/03\/wp-image1381.png?resize=350%2C200&ssl=1","width":350,"height":200},"classes":[]},{"id":4358,"url":"https:\/\/artstella-elixirs-floraux.com\/en\/product\/wild-turkey-dindon-wea-30-ml\/","url_meta":{"origin":4392,"position":3},"title":"WILD TURKEY DINDON WEA 30 ML","author":"eveapprill","date":"9 March 2025","format":false,"excerpt":"Wild Turkey (dindon sauvage) Gratitude\u00a0; abondance\u00a0: pl\u00e9nitude et richesse\u00a0; appr\u00e9cier la vie comme une b\u00e9n\u00e9diction Divine.","rel":"","context":"Similar post","block_context":{"text":"Similar post","link":""},"img":{"alt_text":"","src":"https:\/\/i0.wp.com\/artstella-elixirs-floraux.com\/wp-content\/uploads\/2025\/03\/wp-image2316.png?resize=350%2C200&ssl=1","width":350,"height":200,"srcset":"https:\/\/i0.wp.com\/artstella-elixirs-floraux.com\/wp-content\/uploads\/2025\/03\/wp-image2316.png?resize=350%2C200&ssl=1 1x, https:\/\/i0.wp.com\/artstella-elixirs-floraux.com\/wp-content\/uploads\/2025\/03\/wp-image2316.png?resize=525%2C300&ssl=1 1.5x, https:\/\/i0.wp.com\/artstella-elixirs-floraux.com\/wp-content\/uploads\/2025\/03\/wp-image2316.png?resize=700%2C400&ssl=1 2x"},"classes":[]},{"id":4651,"url":"https:\/\/artstella-elixirs-floraux.com\/en\/product\/go-create\/","url_meta":{"origin":4392,"position":4},"title":"GO-CREATE","author":"eveapprill","date":"9 March 2025","format":false,"excerpt":"GO-CREATE Go-Create est un complexe d'abondance. Il a \u00e9t\u00e9 formul\u00e9 pour nous aider \u00e0 co-cr\u00e9er ce que nous voulons et souhaitons dans notre vie avec moins de r\u00e9sistance, plus de facilit\u00e9 et d'efficacit\u00e9.","rel":"","context":"Similar post","block_context":{"text":"Similar post","link":""},"img":{"alt_text":"","src":"https:\/\/i0.wp.com\/artstella-elixirs-floraux.com\/wp-content\/uploads\/2025\/03\/7bbe4e42-149d-46f3-9e4f-73f4081edae4.jpg?resize=350%2C200&ssl=1","width":350,"height":200,"srcset":"https:\/\/i0.wp.com\/artstella-elixirs-floraux.com\/wp-content\/uploads\/2025\/03\/7bbe4e42-149d-46f3-9e4f-73f4081edae4.jpg?resize=350%2C200&ssl=1 1x, https:\/\/i0.wp.com\/artstella-elixirs-floraux.com\/wp-content\/uploads\/2025\/03\/7bbe4e42-149d-46f3-9e4f-73f4081edae4.jpg?resize=525%2C300&ssl=1 1.5x, https:\/\/i0.wp.com\/artstella-elixirs-floraux.com\/wp-content\/uploads\/2025\/03\/7bbe4e42-149d-46f3-9e4f-73f4081edae4.jpg?resize=700%2C400&ssl=1 2x"},"classes":[]},{"id":1961,"url":"https:\/\/artstella-elixirs-floraux.com\/en\/product\/hippopotamus-calf-30ml-wea\/","url_meta":{"origin":4392,"position":5},"title":"HIPPOPOTAMUS CALF 30ML WEA","author":"eveapprill","date":"9 September 2025","format":false,"excerpt":"Hippopotamus Calf (b\u00e9b\u00e9 hippopotame) apporte la chaleur nourrici\u00e8re n\u00e9cessaire pour ressentir et exprimer les sentiments cach\u00e9s au fond de nous suite aux blessures de l\u2019enfance. Nous aide \u00e0 nous connecter avec, ressentir et exprimer les sentiments r\u00e9prim\u00e9s suite \u00e0 des blessures\/traumatismes du pass\u00e9 qui doivent \u00eatre lib\u00e9r\u00e9s pour que la\u2026","rel":"","context":"Similar post","block_context":{"text":"Similar post","link":""},"img":{"alt_text":"","src":"https:\/\/i0.wp.com\/artstella-elixirs-floraux.com\/wp-content\/uploads\/2025\/05\/Hippocalf.jpg?resize=350%2C200&ssl=1","width":350,"height":200,"srcset":"https:\/\/i0.wp.com\/artstella-elixirs-floraux.com\/wp-content\/uploads\/2025\/05\/Hippocalf.jpg?resize=350%2C200&ssl=1 1x, https:\/\/i0.wp.com\/artstella-elixirs-floraux.com\/wp-content\/uploads\/2025\/05\/Hippocalf.jpg?resize=525%2C300&ssl=1 1.5x, https:\/\/i0.wp.com\/artstella-elixirs-floraux.com\/wp-content\/uploads\/2025\/05\/Hippocalf.jpg?resize=700%2C400&ssl=1 2x"},"classes":[]}],"_links":{"self":[{"href":"https:\/\/artstella-elixirs-floraux.com\/en\/wp-json\/wp\/v2\/product\/4392","targetHints":{"allow":["GET"]}}],"collection":[{"href":"https:\/\/artstella-elixirs-floraux.com\/en\/wp-json\/wp\/v2\/product"}],"about":[{"href":"https:\/\/artstella-elixirs-floraux.com\/en\/wp-json\/wp\/v2\/types\/product"}],"version-history":[{"count":0,"href":"https:\/\/artstella-elixirs-floraux.com\/en\/wp-json\/wp\/v2\/product\/4392\/revisions"}],"wp:featuredmedia":[{"embeddable":true,"href":"https:\/\/artstella-elixirs-floraux.com\/en\/wp-json\/wp\/v2\/media\/4393"}],"wp:attachment":[{"href":"https:\/\/artstella-elixirs-floraux.com\/en\/wp-json\/wp\/v2\/media?parent=4392"}],"wp:term":[{"taxonomy":"product_brand","embeddable":true,"href":"https:\/\/artstella-elixirs-floraux.com\/en\/wp-json\/wp\/v2\/product_brand?post=4392"},{"taxonomy":"product_cat","embeddable":true,"href":"https:\/\/artstella-elixirs-floraux.com\/en\/wp-json\/wp\/v2\/product_cat?post=4392"},{"taxonomy":"product_tag","embeddable":true,"href":"https:\/\/artstella-elixirs-floraux.com\/en\/wp-json\/wp\/v2\/product_tag?post=4392"}],"curies":[{"name":"wp","href":"https:\/\/api.w.org\/{rel}","templated":true}]}}