{"id":4397,"date":"2025-03-09T13:27:13","date_gmt":"2025-03-09T13:27:13","guid":{"rendered":"https:\/\/artstella-elixirs-floraux.com\/product\/loving-parent-30-ml-wea\/"},"modified":"2025-06-19T20:53:22","modified_gmt":"2025-06-19T20:53:22","slug":"loving-parent-30-ml-wea","status":"publish","type":"product","link":"https:\/\/artstella-elixirs-floraux.com\/en\/product\/loving-parent-30-ml-wea\/","title":{"rendered":"LOVING PARENT 30 ML WEA"},"content":{"rendered":"","protected":false},"excerpt":{"rendered":"<p><em><strong>Loving Parent<\/strong> <strong>(l&rsquo;amour parental) <\/strong><\/em><\/p>\n<p><em>Favorise l\u2019amour parental envers soi et ses enfants. <\/em><\/p>","protected":false},"featured_media":4398,"template":"","meta":[],"product_brand":[],"product_cat":[151],"product_tag":[],"class_list":{"0":"post-4397","1":"product","2":"type-product","3":"status-publish","4":"has-post-thumbnail","6":"product_cat-partager-l-amour","8":"first","9":"instock","10":"taxable","11":"shipping-taxable","12":"purchasable","13":"product-type-simple"},"etheme_brands":{"errors":{"invalid_taxonomy":["Invalid taxonomy."]},"error_data":[]},"jetpack_sharing_enabled":true,"jetpack-related-posts":[{"id":4399,"url":"https:\/\/artstella-elixirs-floraux.com\/en\/product\/loving-relation-30-ml-wea\/","url_meta":{"origin":4397,"position":0},"title":"LOVING RELATION 30 ML WEA","author":"eveapprill","date":"9 March 2025","format":false,"excerpt":"Loving Relationship (la relation amoureuse) \u00a0 Profond soutien pour cr\u00e9er, renforcer et approfondir les liens amoureux dans le couple.","rel":"","context":"Similar post","block_context":{"text":"Similar post","link":""},"img":{"alt_text":"","src":"","width":0,"height":0},"classes":[]},{"id":4395,"url":"https:\/\/artstella-elixirs-floraux.com\/en\/product\/loving-compassion-30-ml-wea\/","url_meta":{"origin":4397,"position":1},"title":"LOVING COMPASSION 30 ML WEA","author":"eveapprill","date":"9 March 2025","format":false,"excerpt":"Loving Compassion (l'amour compassionnel) Aide \u00e0 ressentir et exprimer une profonde compassion pour soi et les autres.","rel":"","context":"Similar post","block_context":{"text":"Similar post","link":""},"img":{"alt_text":"","src":"","width":0,"height":0},"classes":[]},{"id":4401,"url":"https:\/\/artstella-elixirs-floraux.com\/en\/product\/loving-service-30-ml-wea\/","url_meta":{"origin":4397,"position":2},"title":"LOVING SERVICE 30 ML WEA","author":"eveapprill","date":"9 March 2025","format":false,"excerpt":"Loving Service (l'amour d\u00e9vou\u00e9) Aide \u00e0 s\u2019engager pleinement au service des autres.","rel":"","context":"Similar post","block_context":{"text":"Similar post","link":""},"img":{"alt_text":"","src":"","width":0,"height":0},"classes":[]},{"id":4405,"url":"https:\/\/artstella-elixirs-floraux.com\/en\/product\/loving-yourself-wea-30-ml\/","url_meta":{"origin":4397,"position":3},"title":"LOVING YOURSELF WEA 30 ML","author":"eveapprill","date":"9 March 2025","format":false,"excerpt":"Loving Yourself (l'amour de soi) Aide \u00e0 s'accepter, prendre soin de soi et s'aimer tel que l'on est.","rel":"","context":"Similar post","block_context":{"text":"Similar post","link":""},"img":{"alt_text":"","src":"","width":0,"height":0},"classes":[]},{"id":4412,"url":"https:\/\/artstella-elixirs-floraux.com\/en\/product\/loving-child-lamour-enfantin\/","url_meta":{"origin":4397,"position":4},"title":"Loving Child &#8211; L&rsquo;amour enfantin WEAE 30ml","author":"eveapprill","date":"9 March 2025","format":false,"excerpt":"Loving Child (l'amour enfantin) L'amour Enfantin est une ressource unique con\u00e7ue pour aider les enfants \u00e0 ressentir et \u00e0 exprimer l'amour dans tous les aspects de leur vie.","rel":"","context":"Similar post","block_context":{"text":"Similar post","link":""},"img":{"alt_text":"","src":"https:\/\/i0.wp.com\/artstella-elixirs-floraux.com\/wp-content\/uploads\/2025\/03\/092b058c-0517-4bc8-8049-d757b3d14f3e.webp?resize=350%2C200&ssl=1","width":350,"height":200,"srcset":"https:\/\/i0.wp.com\/artstella-elixirs-floraux.com\/wp-content\/uploads\/2025\/03\/092b058c-0517-4bc8-8049-d757b3d14f3e.webp?resize=350%2C200&ssl=1 1x, https:\/\/i0.wp.com\/artstella-elixirs-floraux.com\/wp-content\/uploads\/2025\/03\/092b058c-0517-4bc8-8049-d757b3d14f3e.webp?resize=525%2C300&ssl=1 1.5x, https:\/\/i0.wp.com\/artstella-elixirs-floraux.com\/wp-content\/uploads\/2025\/03\/092b058c-0517-4bc8-8049-d757b3d14f3e.webp?resize=700%2C400&ssl=1 2x"},"classes":[]},{"id":4332,"url":"https:\/\/artstella-elixirs-floraux.com\/en\/product\/opossum-wea-exp-30-ml\/","url_meta":{"origin":4397,"position":5},"title":"OPOSSUM WEA EXP 30 ML","author":"eveapprill","date":"9 March 2025","format":false,"excerpt":"Opossum D\u00e9fense et protection de ses enfants\u00a0; force maternelle\u00a0; protection parentale.","rel":"","context":"Similar post","block_context":{"text":"Similar post","link":""},"img":{"alt_text":"","src":"https:\/\/i0.wp.com\/artstella-elixirs-floraux.com\/wp-content\/uploads\/2025\/03\/wp-image2303.png?resize=350%2C200&ssl=1","width":350,"height":200,"srcset":"https:\/\/i0.wp.com\/artstella-elixirs-floraux.com\/wp-content\/uploads\/2025\/03\/wp-image2303.png?resize=350%2C200&ssl=1 1x, https:\/\/i0.wp.com\/artstella-elixirs-floraux.com\/wp-content\/uploads\/2025\/03\/wp-image2303.png?resize=525%2C300&ssl=1 1.5x, https:\/\/i0.wp.com\/artstella-elixirs-floraux.com\/wp-content\/uploads\/2025\/03\/wp-image2303.png?resize=700%2C400&ssl=1 2x, https:\/\/i0.wp.com\/artstella-elixirs-floraux.com\/wp-content\/uploads\/2025\/03\/wp-image2303.png?resize=1050%2C600&ssl=1 3x"},"classes":[]}],"_links":{"self":[{"href":"https:\/\/artstella-elixirs-floraux.com\/en\/wp-json\/wp\/v2\/product\/4397","targetHints":{"allow":["GET"]}}],"collection":[{"href":"https:\/\/artstella-elixirs-floraux.com\/en\/wp-json\/wp\/v2\/product"}],"about":[{"href":"https:\/\/artstella-elixirs-floraux.com\/en\/wp-json\/wp\/v2\/types\/product"}],"version-history":[{"count":1,"href":"https:\/\/artstella-elixirs-floraux.com\/en\/wp-json\/wp\/v2\/product\/4397\/revisions"}],"predecessor-version":[{"id":10926,"href":"https:\/\/artstella-elixirs-floraux.com\/en\/wp-json\/wp\/v2\/product\/4397\/revisions\/10926"}],"wp:featuredmedia":[{"embeddable":true,"href":"https:\/\/artstella-elixirs-floraux.com\/en\/wp-json\/wp\/v2\/media\/4398"}],"wp:attachment":[{"href":"https:\/\/artstella-elixirs-floraux.com\/en\/wp-json\/wp\/v2\/media?parent=4397"}],"wp:term":[{"taxonomy":"product_brand","embeddable":true,"href":"https:\/\/artstella-elixirs-floraux.com\/en\/wp-json\/wp\/v2\/product_brand?post=4397"},{"taxonomy":"product_cat","embeddable":true,"href":"https:\/\/artstella-elixirs-floraux.com\/en\/wp-json\/wp\/v2\/product_cat?post=4397"},{"taxonomy":"product_tag","embeddable":true,"href":"https:\/\/artstella-elixirs-floraux.com\/en\/wp-json\/wp\/v2\/product_tag?post=4397"}],"curies":[{"name":"wp","href":"https:\/\/api.w.org\/{rel}","templated":true}]}}