{"id":4403,"date":"2025-03-09T13:27:17","date_gmt":"2025-03-09T13:27:17","guid":{"rendered":"https:\/\/artstella-elixirs-floraux.com\/product\/sharing-love-wea-30-ml\/"},"modified":"2025-06-19T20:56:47","modified_gmt":"2025-06-19T20:56:47","slug":"sharing-love-wea-30-ml","status":"publish","type":"product","link":"https:\/\/artstella-elixirs-floraux.com\/en\/product\/sharing-love-wea-30-ml\/","title":{"rendered":"SHARING LOVE WEA 30 ML"},"content":{"rendered":"<p>Ce complexe comprend :<\/p>\n<p><a>Wild horse<\/a>\u00a0(cheval sauvage) &#8211; pour aimer du fond du coeur.<\/p>\n<p><a>Wolf<\/a>\u00a0(loup) &#8211; favorise la connexion avec les autres.<\/p>\n<p><a>Dolphin<\/a>\u00a0(dauphin) &#8211; pour la gaiet\u00e9 et l\u2019enjouement.<\/p>\n<p><a>Dove<\/a>\u00a0(colombe) &#8211; favorise la paix et le centrage.<\/p>\n<div><a>Peacock<\/a>\u00a0(paon) &#8211; pour avoir un sens de pl\u00e9nitude et de compl\u00e9tude.<\/div>","protected":false},"excerpt":{"rendered":"<p><strong><em>Sharing Love\u00a0<\/em><em>(partager l&rsquo;amour)\u00a0\u00a0<\/em><\/strong><\/p>\n<p>Profond soutien dans les relations avec les autres, et le partage de l\u2019amour dans tous les domaines de sa vie.<\/p>\n<p>Ce complexe comprend : &#8230;.<\/p>","protected":false},"featured_media":4404,"template":"","meta":[],"product_brand":[],"product_cat":[151],"product_tag":[],"class_list":{"0":"post-4403","1":"product","2":"type-product","3":"status-publish","4":"has-post-thumbnail","6":"product_cat-partager-l-amour","8":"first","9":"instock","10":"taxable","11":"shipping-taxable","12":"purchasable","13":"product-type-simple"},"etheme_brands":{"errors":{"invalid_taxonomy":["Invalid taxonomy."]},"error_data":[]},"jetpack_sharing_enabled":true,"jetpack-related-posts":[{"id":5285,"url":"https:\/\/artstella-elixirs-floraux.com\/en\/product\/complexe-n5-vie-affective-et-sexualite-30ml\/","url_meta":{"origin":4403,"position":0},"title":"COMPLEXE N\u00b05 Vie affective et sexualit\u00e9 30ml","author":"eveapprill","date":"9 March 2025","format":false,"excerpt":"COMPLEXE N\u00b05 Vie affective et sexualit\u00e9 est conseill\u00e9 lorsque la vie affective est d\u00e9s\u00e9quilibr\u00e9e, lorsque la sexualit\u00e9 devient pr\u00e9dominante au d\u00e9triment des autres valeurs. Il favorise l'expression des sentiments profonds et d\u00e9veloppe l'authenticit\u00e9 au niveau de la relation amoureuse.","rel":"","context":"Similar post","block_context":{"text":"Similar post","link":""},"img":{"alt_text":"","src":"https:\/\/i0.wp.com\/artstella-elixirs-floraux.com\/wp-content\/uploads\/2025\/03\/ad399809-a071-4945-853e-c27fb9967aa3.jpg?resize=350%2C200&ssl=1","width":350,"height":200,"srcset":"https:\/\/i0.wp.com\/artstella-elixirs-floraux.com\/wp-content\/uploads\/2025\/03\/ad399809-a071-4945-853e-c27fb9967aa3.jpg?resize=350%2C200&ssl=1 1x, https:\/\/i0.wp.com\/artstella-elixirs-floraux.com\/wp-content\/uploads\/2025\/03\/ad399809-a071-4945-853e-c27fb9967aa3.jpg?resize=525%2C300&ssl=1 1.5x, https:\/\/i0.wp.com\/artstella-elixirs-floraux.com\/wp-content\/uploads\/2025\/03\/ad399809-a071-4945-853e-c27fb9967aa3.jpg?resize=700%2C400&ssl=1 2x"},"classes":[]},{"id":5486,"url":"https:\/\/artstella-elixirs-floraux.com\/en\/product\/love-30-ml-liefde-bloesem-remedies\/","url_meta":{"origin":4403,"position":1},"title":"LOVE Liefde Bloesem Remedies","author":"eveapprill","date":"9 March 2025","format":false,"excerpt":"Love 30 ml Liefde\u00a0 Bloesem Remedies (Bourrache, Digitale, Ch\u00e9lidoine, Coquelicot, Lamier rouge, Perce-neige, Yelow Star Tulip) ouvre le c\u0153ur \u00e0 l\u2019amour envers soi-m\u00eame et les autres. Connecte \u00e0 la terre","rel":"","context":"Similar post","block_context":{"text":"Similar post","link":""},"img":{"alt_text":"","src":"","width":0,"height":0},"classes":[]},{"id":4397,"url":"https:\/\/artstella-elixirs-floraux.com\/en\/product\/loving-parent-30-ml-wea\/","url_meta":{"origin":4403,"position":2},"title":"LOVING PARENT 30 ML WEA","author":"eveapprill","date":"9 March 2025","format":false,"excerpt":"Loving Parent (l'amour parental) Favorise l\u2019amour parental envers soi et ses enfants.","rel":"","context":"Similar post","block_context":{"text":"Similar post","link":""},"img":{"alt_text":"","src":"","width":0,"height":0},"classes":[]},{"id":3812,"url":"https:\/\/artstella-elixirs-floraux.com\/en\/product\/love-orchid-phi\/","url_meta":{"origin":4403,"position":3},"title":"LOVE ORCHID PHI","author":"eveapprill","date":"9 March 2025","format":false,"excerpt":"Love orchid (Oncidium abortivun) Nous aide \u00e0 laisser passer en nous le courant de l'\u00e9nergie de l'amour. Lib\u00e8re notre chakra du c\u0153ur d'o\u00f9 peut s'\u00e9couler une pure \u00e9nergie d'amour. Il soutient les th\u00e9rapies \u00e9nerg\u00e9tiques.","rel":"","context":"Similar post","block_context":{"text":"Similar post","link":""},"img":{"alt_text":"","src":"https:\/\/i0.wp.com\/artstella-elixirs-floraux.com\/wp-content\/uploads\/2025\/03\/wp-image514.png?resize=350%2C200&ssl=1","width":350,"height":200},"classes":[]},{"id":5298,"url":"https:\/\/artstella-elixirs-floraux.com\/en\/product\/complexe-n9-unite-familiale-deva-30ml\/","url_meta":{"origin":4403,"position":4},"title":"COMPLEXE N\u00b09 Unit\u00e9 familiale DEVA 30ML","author":"eveapprill","date":"9 March 2025","format":false,"excerpt":"COMPLEXE N\u00b09 Unit\u00e9 familiale 30ml \u00c9coute, compr\u00e9hension, solidarit\u00e9 Renforce l'unit\u00e9 familiale. D\u00e9veloppe les liens du c\u0153ur.","rel":"","context":"Similar post","block_context":{"text":"Similar post","link":""},"img":{"alt_text":"","src":"https:\/\/i0.wp.com\/artstella-elixirs-floraux.com\/wp-content\/uploads\/2025\/03\/f4e29b6e-c225-4335-9a53-00298e16c3f6.jpg?resize=350%2C200&ssl=1","width":350,"height":200,"srcset":"https:\/\/i0.wp.com\/artstella-elixirs-floraux.com\/wp-content\/uploads\/2025\/03\/f4e29b6e-c225-4335-9a53-00298e16c3f6.jpg?resize=350%2C200&ssl=1 1x, https:\/\/i0.wp.com\/artstella-elixirs-floraux.com\/wp-content\/uploads\/2025\/03\/f4e29b6e-c225-4335-9a53-00298e16c3f6.jpg?resize=525%2C300&ssl=1 1.5x, https:\/\/i0.wp.com\/artstella-elixirs-floraux.com\/wp-content\/uploads\/2025\/03\/f4e29b6e-c225-4335-9a53-00298e16c3f6.jpg?resize=700%2C400&ssl=1 2x"},"classes":[]},{"id":6308,"url":"https:\/\/artstella-elixirs-floraux.com\/en\/product\/unconditional-love-ltoe15ml\/","url_meta":{"origin":4403,"position":5},"title":"UNCONDITIONAL LOVE LTOE15ML","author":"eveapprill","date":"9 March 2025","format":false,"excerpt":"Unconditional Love \u2013 Amour Inconditionnel L\u2019\u00e2me aspire \u00e0 se reconnecter \u00e0 notre source ultime, avec l\u2019Etre qui est au-del\u00e0 de notre compr\u00e9hension. Une \u00e9tape cl\u00e9 sur ce chemin vers ce que certains appellent le Divin est de l\u00e2cher les sch\u00e9mas restrictifs qui conditionnent l\u2019ouverture du c\u0153ur aux autres.","rel":"","context":"Similar post","block_context":{"text":"Similar post","link":""},"img":{"alt_text":"","src":"https:\/\/i0.wp.com\/artstella-elixirs-floraux.com\/wp-content\/uploads\/2025\/03\/wp-image2242.png?resize=350%2C200&ssl=1","width":350,"height":200,"srcset":"https:\/\/i0.wp.com\/artstella-elixirs-floraux.com\/wp-content\/uploads\/2025\/03\/wp-image2242.png?resize=350%2C200&ssl=1 1x, https:\/\/i0.wp.com\/artstella-elixirs-floraux.com\/wp-content\/uploads\/2025\/03\/wp-image2242.png?resize=525%2C300&ssl=1 1.5x, https:\/\/i0.wp.com\/artstella-elixirs-floraux.com\/wp-content\/uploads\/2025\/03\/wp-image2242.png?resize=700%2C400&ssl=1 2x, https:\/\/i0.wp.com\/artstella-elixirs-floraux.com\/wp-content\/uploads\/2025\/03\/wp-image2242.png?resize=1050%2C600&ssl=1 3x, https:\/\/i0.wp.com\/artstella-elixirs-floraux.com\/wp-content\/uploads\/2025\/03\/wp-image2242.png?resize=1400%2C800&ssl=1 4x"},"classes":[]}],"_links":{"self":[{"href":"https:\/\/artstella-elixirs-floraux.com\/en\/wp-json\/wp\/v2\/product\/4403","targetHints":{"allow":["GET"]}}],"collection":[{"href":"https:\/\/artstella-elixirs-floraux.com\/en\/wp-json\/wp\/v2\/product"}],"about":[{"href":"https:\/\/artstella-elixirs-floraux.com\/en\/wp-json\/wp\/v2\/types\/product"}],"version-history":[{"count":1,"href":"https:\/\/artstella-elixirs-floraux.com\/en\/wp-json\/wp\/v2\/product\/4403\/revisions"}],"predecessor-version":[{"id":10928,"href":"https:\/\/artstella-elixirs-floraux.com\/en\/wp-json\/wp\/v2\/product\/4403\/revisions\/10928"}],"wp:featuredmedia":[{"embeddable":true,"href":"https:\/\/artstella-elixirs-floraux.com\/en\/wp-json\/wp\/v2\/media\/4404"}],"wp:attachment":[{"href":"https:\/\/artstella-elixirs-floraux.com\/en\/wp-json\/wp\/v2\/media?parent=4403"}],"wp:term":[{"taxonomy":"product_brand","embeddable":true,"href":"https:\/\/artstella-elixirs-floraux.com\/en\/wp-json\/wp\/v2\/product_brand?post=4403"},{"taxonomy":"product_cat","embeddable":true,"href":"https:\/\/artstella-elixirs-floraux.com\/en\/wp-json\/wp\/v2\/product_cat?post=4403"},{"taxonomy":"product_tag","embeddable":true,"href":"https:\/\/artstella-elixirs-floraux.com\/en\/wp-json\/wp\/v2\/product_tag?post=4403"}],"curies":[{"name":"wp","href":"https:\/\/api.w.org\/{rel}","templated":true}]}}