{"id":4412,"date":"2025-03-09T13:27:22","date_gmt":"2025-03-09T13:27:22","guid":{"rendered":"https:\/\/artstella-elixirs-floraux.com\/product\/loving-child-lamour-enfantin\/"},"modified":"2025-05-27T21:04:57","modified_gmt":"2025-05-27T21:04:57","slug":"loving-child-lamour-enfantin","status":"publish","type":"product","link":"https:\/\/artstella-elixirs-floraux.com\/en\/product\/loving-child-lamour-enfantin\/","title":{"rendered":"Loving Child &#8211; L&rsquo;amour enfantin WEAE 30ml"},"content":{"rendered":"<p><em><strong>L&rsquo;amour enfantin<\/strong><\/em><\/p>\n<p>L&rsquo;amour Enfantin est une ressource unique con\u00e7ue pour aider les enfants \u00e0 ressentir et \u00e0 exprimer l&rsquo;amour dans tous les aspects de leur vie. Ce produit engage les jeunes esprits \u00e0 explorer leurs \u00e9motions et \u00e0 d\u00e9velopper un c\u0153ur aimant. En parall\u00e8le, il s&rsquo;adresse \u00e9galement \u00e0 notre enfant int\u00e9rieur, permettant \u00e0 chacun de retrouver cette joie et cet amour inconditionnel qui caract\u00e9risent l&rsquo;enfance. Offrez \u00e0 vos enfants et \u00e0 vous-m\u00eame l&rsquo;opportunit\u00e9 de vivre une vie pleine d&rsquo;amour et de bonheur.<\/p>","protected":false},"excerpt":{"rendered":"<p><em><strong>Loving Child (l&rsquo;amour enfantin)<\/strong> <\/em><\/p>\n<p>L&rsquo;amour Enfantin est une ressource unique con\u00e7ue pour aider les enfants \u00e0 ressentir et \u00e0 exprimer l&rsquo;amour dans tous les aspects de leur vie.<\/p>","protected":false},"featured_media":6674,"template":"","meta":[],"product_brand":[],"product_cat":[151],"product_tag":[],"class_list":{"0":"post-4412","1":"product","2":"type-product","3":"status-publish","4":"has-post-thumbnail","6":"product_cat-partager-l-amour","8":"first","9":"instock","10":"taxable","11":"shipping-taxable","12":"purchasable","13":"product-type-simple"},"etheme_brands":{"errors":{"invalid_taxonomy":["Invalid taxonomy."]},"error_data":[]},"jetpack_sharing_enabled":true,"jetpack-related-posts":[{"id":4395,"url":"https:\/\/artstella-elixirs-floraux.com\/en\/product\/loving-compassion-30-ml-wea\/","url_meta":{"origin":4412,"position":0},"title":"LOVING COMPASSION 30 ML WEA","author":"eveapprill","date":"9 March 2025","format":false,"excerpt":"Loving Compassion (l'amour compassionnel) Aide \u00e0 ressentir et exprimer une profonde compassion pour soi et les autres.","rel":"","context":"Similar post","block_context":{"text":"Similar post","link":""},"img":{"alt_text":"","src":"","width":0,"height":0},"classes":[]},{"id":4397,"url":"https:\/\/artstella-elixirs-floraux.com\/en\/product\/loving-parent-30-ml-wea\/","url_meta":{"origin":4412,"position":1},"title":"LOVING PARENT 30 ML WEA","author":"eveapprill","date":"9 March 2025","format":false,"excerpt":"Loving Parent (l'amour parental) Favorise l\u2019amour parental envers soi et ses enfants.","rel":"","context":"Similar post","block_context":{"text":"Similar post","link":""},"img":{"alt_text":"","src":"","width":0,"height":0},"classes":[]},{"id":4405,"url":"https:\/\/artstella-elixirs-floraux.com\/en\/product\/loving-yourself-wea-30-ml\/","url_meta":{"origin":4412,"position":2},"title":"LOVING YOURSELF WEA 30 ML","author":"eveapprill","date":"9 March 2025","format":false,"excerpt":"Loving Yourself (l'amour de soi) Aide \u00e0 s'accepter, prendre soin de soi et s'aimer tel que l'on est.","rel":"","context":"Similar post","block_context":{"text":"Similar post","link":""},"img":{"alt_text":"","src":"","width":0,"height":0},"classes":[]},{"id":4401,"url":"https:\/\/artstella-elixirs-floraux.com\/en\/product\/loving-service-30-ml-wea\/","url_meta":{"origin":4412,"position":3},"title":"LOVING SERVICE 30 ML WEA","author":"eveapprill","date":"9 March 2025","format":false,"excerpt":"Loving Service (l'amour d\u00e9vou\u00e9) Aide \u00e0 s\u2019engager pleinement au service des autres.","rel":"","context":"Similar post","block_context":{"text":"Similar post","link":""},"img":{"alt_text":"","src":"","width":0,"height":0},"classes":[]},{"id":1964,"url":"https:\/\/artstella-elixirs-floraux.com\/en\/product\/inner-child-healing-30-ml-wea\/","url_meta":{"origin":4412,"position":4},"title":"INNER CHILD HEALING 30 ML WEA","author":"eveapprill","date":"27 May 2025","format":false,"excerpt":"Ce complexe comprend les 6 \u00e9lixirs de b\u00e9b\u00e9s animaux suivants\u00a0: Hippopotamus Calf \u2013 aide \u00e0 ressentir profond\u00e9ment. Wild Foal \u2013aide \u00e0 se lib\u00e9rer du chagrin profond. Badger Cub \u2013 pour embrasser et exprimer la col\u00e8re. Robin Chick \u2013 pour recevoir l\u2019amour et la chaleur nourrici\u00e8re. Bat Pup \u2013 pour faire\u2026","rel":"","context":"Similar post","block_context":{"text":"Similar post","link":""},"img":{"alt_text":"","src":"https:\/\/i0.wp.com\/artstella-elixirs-floraux.com\/wp-content\/uploads\/2025\/05\/InnerChildHealing.png?resize=350%2C200&ssl=1","width":350,"height":200},"classes":[]},{"id":4399,"url":"https:\/\/artstella-elixirs-floraux.com\/en\/product\/loving-relation-30-ml-wea\/","url_meta":{"origin":4412,"position":5},"title":"LOVING RELATION 30 ML WEA","author":"eveapprill","date":"9 March 2025","format":false,"excerpt":"Loving Relationship (la relation amoureuse) \u00a0 Profond soutien pour cr\u00e9er, renforcer et approfondir les liens amoureux dans le couple.","rel":"","context":"Similar post","block_context":{"text":"Similar post","link":""},"img":{"alt_text":"","src":"","width":0,"height":0},"classes":[]}],"_links":{"self":[{"href":"https:\/\/artstella-elixirs-floraux.com\/en\/wp-json\/wp\/v2\/product\/4412","targetHints":{"allow":["GET"]}}],"collection":[{"href":"https:\/\/artstella-elixirs-floraux.com\/en\/wp-json\/wp\/v2\/product"}],"about":[{"href":"https:\/\/artstella-elixirs-floraux.com\/en\/wp-json\/wp\/v2\/types\/product"}],"version-history":[{"count":0,"href":"https:\/\/artstella-elixirs-floraux.com\/en\/wp-json\/wp\/v2\/product\/4412\/revisions"}],"wp:featuredmedia":[{"embeddable":true,"href":"https:\/\/artstella-elixirs-floraux.com\/en\/wp-json\/wp\/v2\/media\/6674"}],"wp:attachment":[{"href":"https:\/\/artstella-elixirs-floraux.com\/en\/wp-json\/wp\/v2\/media?parent=4412"}],"wp:term":[{"taxonomy":"product_brand","embeddable":true,"href":"https:\/\/artstella-elixirs-floraux.com\/en\/wp-json\/wp\/v2\/product_brand?post=4412"},{"taxonomy":"product_cat","embeddable":true,"href":"https:\/\/artstella-elixirs-floraux.com\/en\/wp-json\/wp\/v2\/product_cat?post=4412"},{"taxonomy":"product_tag","embeddable":true,"href":"https:\/\/artstella-elixirs-floraux.com\/en\/wp-json\/wp\/v2\/product_tag?post=4412"}],"curies":[{"name":"wp","href":"https:\/\/api.w.org\/{rel}","templated":true}]}}