{"id":4420,"date":"2025-03-09T13:27:28","date_gmt":"2025-03-09T13:27:28","guid":{"rendered":"https:\/\/artstella-elixirs-floraux.com\/product\/hibbertia-15-ml-bush\/"},"modified":"2025-04-05T13:53:50","modified_gmt":"2025-04-05T13:53:50","slug":"hibbertia-15-ml-bush","status":"publish","type":"product","link":"https:\/\/artstella-elixirs-floraux.com\/en\/product\/hibbertia-15-ml-bush\/","title":{"rendered":"HIBBERTIA 15 ML BUSH"},"content":{"rendered":"","protected":false},"excerpt":{"rendered":"<p><strong><em>Hibbertia<\/em><\/strong><\/p>\n<p>Personnalit\u00e9 rigide, fanatique pour le progr\u00e8s personnel, autodiscipline excessive. Acceptation de soi et de son savoir inn\u00e9, int\u00e9gration des connaissances et des philosophies.<\/p>","protected":false},"featured_media":4421,"template":"","meta":[],"product_brand":[],"product_cat":[107],"product_tag":[],"class_list":{"0":"post-4420","1":"product","2":"type-product","3":"status-publish","4":"has-post-thumbnail","6":"product_cat-les-elixirs-de-fleurs-du-bush-australien","8":"first","9":"instock","10":"taxable","11":"shipping-taxable","12":"purchasable","13":"product-type-simple"},"etheme_brands":{"errors":{"invalid_taxonomy":["Invalid taxonomy."]},"error_data":[]},"jetpack_sharing_enabled":true,"jetpack-related-posts":[],"_links":{"self":[{"href":"https:\/\/artstella-elixirs-floraux.com\/en\/wp-json\/wp\/v2\/product\/4420","targetHints":{"allow":["GET"]}}],"collection":[{"href":"https:\/\/artstella-elixirs-floraux.com\/en\/wp-json\/wp\/v2\/product"}],"about":[{"href":"https:\/\/artstella-elixirs-floraux.com\/en\/wp-json\/wp\/v2\/types\/product"}],"version-history":[{"count":0,"href":"https:\/\/artstella-elixirs-floraux.com\/en\/wp-json\/wp\/v2\/product\/4420\/revisions"}],"wp:featuredmedia":[{"embeddable":true,"href":"https:\/\/artstella-elixirs-floraux.com\/en\/wp-json\/wp\/v2\/media\/4421"}],"wp:attachment":[{"href":"https:\/\/artstella-elixirs-floraux.com\/en\/wp-json\/wp\/v2\/media?parent=4420"}],"wp:term":[{"taxonomy":"product_brand","embeddable":true,"href":"https:\/\/artstella-elixirs-floraux.com\/en\/wp-json\/wp\/v2\/product_brand?post=4420"},{"taxonomy":"product_cat","embeddable":true,"href":"https:\/\/artstella-elixirs-floraux.com\/en\/wp-json\/wp\/v2\/product_cat?post=4420"},{"taxonomy":"product_tag","embeddable":true,"href":"https:\/\/artstella-elixirs-floraux.com\/en\/wp-json\/wp\/v2\/product_tag?post=4420"}],"curies":[{"name":"wp","href":"https:\/\/api.w.org\/{rel}","templated":true}]}}