{"id":4450,"date":"2025-03-09T13:28:51","date_gmt":"2025-03-09T13:28:51","guid":{"rendered":"https:\/\/artstella-elixirs-floraux.com\/product\/pink-flannel-flower-bush-15-ml\/"},"modified":"2025-04-05T13:53:49","modified_gmt":"2025-04-05T13:53:49","slug":"pink-flannel-flower-bush-15-ml","status":"publish","type":"product","link":"https:\/\/artstella-elixirs-floraux.com\/en\/product\/pink-flannel-flower-bush-15-ml\/","title":{"rendered":"PINK FLANNEL FLOWER BUSH 15 ML"},"content":{"rendered":"","protected":false},"excerpt":{"rendered":"<p><strong><em>Pink Flannel Flower<\/em><\/strong><\/p>\n<p>Malheureux, trouver tout naturel, indiff\u00e9rent, trouver la vie morne, plate, sans \u00e9clat, facilement \u00e9nerv\u00e9, ingrat. Gratitude, \u00eatre reconnaissant, c\u0153ur ouvert, joie de vivre, l\u00e9g\u00e8ret\u00e9 de l\u2019\u00eatre, intelligence du c\u0153ur.<\/p>","protected":false},"featured_media":4451,"template":"","meta":[],"product_brand":[],"product_cat":[107],"product_tag":[],"class_list":{"0":"post-4450","1":"product","2":"type-product","3":"status-publish","4":"has-post-thumbnail","6":"product_cat-les-elixirs-de-fleurs-du-bush-australien","8":"first","9":"instock","10":"taxable","11":"shipping-taxable","12":"purchasable","13":"product-type-simple"},"etheme_brands":{"errors":{"invalid_taxonomy":["Invalid taxonomy."]},"error_data":[]},"jetpack_sharing_enabled":true,"jetpack-related-posts":[{"id":2651,"url":"https:\/\/artstella-elixirs-floraux.com\/en\/product\/flannel-flower-15ml\/","url_meta":{"origin":4450,"position":0},"title":"FLANNEL FLOWER 15ml","author":"eveapprill","date":"9 March 2025","format":false,"excerpt":"\u00a0FLANNEL FLOWER Aversion d\u2019\u00eatre touch\u00e9, difficult\u00e9 \u00e0 articuler ses sentiments, \u00eatre mal \u00e0 l\u2019aise avec l\u2019intimit\u00e9 physique et \u00e9motionnelle. Douceur, sensibilit\u00e9 au toucher, joie de vivre, confiance, sensualit\u00e9.","rel":"","context":"Similar post","block_context":{"text":"Similar post","link":""},"img":{"alt_text":"","src":"https:\/\/i0.wp.com\/artstella-elixirs-floraux.com\/wp-content\/uploads\/2025\/03\/wp-image256.png?resize=350%2C200&ssl=1","width":350,"height":200},"classes":[]},{"id":4854,"url":"https:\/\/artstella-elixirs-floraux.com\/en\/product\/pendentif-love-rose\/","url_meta":{"origin":4450,"position":1},"title":"Pendentif \u00ab\u00a0LOVE\u00a0\u00bb rose","author":"eveapprill","date":"9 March 2025","format":false,"excerpt":"Pendentif \u00ab\u00a0Love\u00a0\u00bb Pendentif de verre souffl\u00e9 en forme de c\u0153ur couleur rose, rempli avec les \u00e9lixirs Sydney Rose, Five Corners et Pink Flannel Flower, les \u00e9lixirs de l\u2019ouverture et de la protection du c\u0153ur","rel":"","context":"Similar post","block_context":{"text":"Similar post","link":""},"img":{"alt_text":"","src":"https:\/\/i0.wp.com\/artstella-elixirs-floraux.com\/wp-content\/uploads\/2025\/03\/wp-image1361.png?resize=350%2C200&ssl=1","width":350,"height":200,"srcset":"https:\/\/i0.wp.com\/artstella-elixirs-floraux.com\/wp-content\/uploads\/2025\/03\/wp-image1361.png?resize=350%2C200&ssl=1 1x, https:\/\/i0.wp.com\/artstella-elixirs-floraux.com\/wp-content\/uploads\/2025\/03\/wp-image1361.png?resize=525%2C300&ssl=1 1.5x"},"classes":[]},{"id":4427,"url":"https:\/\/artstella-elixirs-floraux.com\/en\/product\/little-flannel-flower-bush-15-ml\/","url_meta":{"origin":4450,"position":2},"title":"LITTLE FLANNEL FLOWER BUSH 15 ML","author":"eveapprill","date":"9 March 2025","format":false,"excerpt":"Little Flannel Flower Renier l\u2019\u00e2me d\u2019enfant en soi, se prendre trop au s\u00e9rieux. Joie de vivre, pouvoir s\u2019amuser, \u00eatre sans soucis, spontan\u00e9it\u00e9.","rel":"","context":"Similar post","block_context":{"text":"Similar post","link":""},"img":{"alt_text":"","src":"https:\/\/i0.wp.com\/artstella-elixirs-floraux.com\/wp-content\/uploads\/2025\/03\/wp-image1040.png?resize=350%2C200&ssl=1","width":350,"height":200},"classes":[]},{"id":4852,"url":"https:\/\/artstella-elixirs-floraux.com\/en\/product\/pendentif-passionate-heart\/","url_meta":{"origin":4450,"position":3},"title":"Pendentif \u00ab\u00a0Passionate heart\u00a0\u00bb","author":"eveapprill","date":"9 March 2025","format":false,"excerpt":"Pendentif \u00ab Passionate Heart\u00bb Pendentif de verre souffl\u00e9 en forme de coeur couleur rouge, rempli avec les \u00e9lixirs bush gardenia, flannel flower, little flannel flower, wedding bush et wisteria.","rel":"","context":"Similar post","block_context":{"text":"Similar post","link":""},"img":{"alt_text":"","src":"","width":0,"height":0},"classes":[]},{"id":6182,"url":"https:\/\/artstella-elixirs-floraux.com\/en\/product\/men-homme-bush-australien-30ml\/","url_meta":{"origin":4450,"position":4},"title":"MEN &#8211; \u00ab\u00a0Homme\u00a0\u00bb Bush Australien 30ml","author":"eveapprill","date":"9 March 2025","format":false,"excerpt":"MEN Pour les homes toujours sur la br\u00e8che, ce qui peut conduire \u00e0 de l\u2019impatience et de l\u2019irritabilit\u00e9. Pour ressentir et exprimer ses sentiments. \u00a0","rel":"","context":"Similar post","block_context":{"text":"Similar post","link":""},"img":{"alt_text":"","src":"https:\/\/i0.wp.com\/artstella-elixirs-floraux.com\/wp-content\/uploads\/2025\/03\/wp-image2185.png?resize=350%2C200&ssl=1","width":350,"height":200,"srcset":"https:\/\/i0.wp.com\/artstella-elixirs-floraux.com\/wp-content\/uploads\/2025\/03\/wp-image2185.png?resize=350%2C200&ssl=1 1x, https:\/\/i0.wp.com\/artstella-elixirs-floraux.com\/wp-content\/uploads\/2025\/03\/wp-image2185.png?resize=525%2C300&ssl=1 1.5x, https:\/\/i0.wp.com\/artstella-elixirs-floraux.com\/wp-content\/uploads\/2025\/03\/wp-image2185.png?resize=700%2C400&ssl=1 2x"},"classes":[]},{"id":2727,"url":"https:\/\/artstella-elixirs-floraux.com\/en\/product\/creative-creativite-bush-30ml\/","url_meta":{"origin":4450,"position":5},"title":"CREATIVE Cr\u00e9ativit\u00e9 BUSH 30ml","author":"eveapprill","date":"9 March 2025","format":false,"excerpt":"Creative - Cr\u00e9ativit\u00e9 Lib\u00e8re la voix et ouvre le c\u0153ur Favorise la cr\u00e9ativit\u00e9. Compos\u00e9 de Bush Fuchsia, Turkey Bush, Red Grevillea Crowea, Flannel Flower, Five Corner et de Tall Mulla Mulla.","rel":"","context":"Similar post","block_context":{"text":"Similar post","link":""},"img":{"alt_text":"","src":"https:\/\/i0.wp.com\/artstella-elixirs-floraux.com\/wp-content\/uploads\/2025\/03\/12e053db-1152-4625-9c20-5208c780ac39.jpg?resize=350%2C200&ssl=1","width":350,"height":200,"srcset":"https:\/\/i0.wp.com\/artstella-elixirs-floraux.com\/wp-content\/uploads\/2025\/03\/12e053db-1152-4625-9c20-5208c780ac39.jpg?resize=350%2C200&ssl=1 1x, https:\/\/i0.wp.com\/artstella-elixirs-floraux.com\/wp-content\/uploads\/2025\/03\/12e053db-1152-4625-9c20-5208c780ac39.jpg?resize=525%2C300&ssl=1 1.5x, https:\/\/i0.wp.com\/artstella-elixirs-floraux.com\/wp-content\/uploads\/2025\/03\/12e053db-1152-4625-9c20-5208c780ac39.jpg?resize=700%2C400&ssl=1 2x"},"classes":[]}],"_links":{"self":[{"href":"https:\/\/artstella-elixirs-floraux.com\/en\/wp-json\/wp\/v2\/product\/4450","targetHints":{"allow":["GET"]}}],"collection":[{"href":"https:\/\/artstella-elixirs-floraux.com\/en\/wp-json\/wp\/v2\/product"}],"about":[{"href":"https:\/\/artstella-elixirs-floraux.com\/en\/wp-json\/wp\/v2\/types\/product"}],"version-history":[{"count":0,"href":"https:\/\/artstella-elixirs-floraux.com\/en\/wp-json\/wp\/v2\/product\/4450\/revisions"}],"wp:featuredmedia":[{"embeddable":true,"href":"https:\/\/artstella-elixirs-floraux.com\/en\/wp-json\/wp\/v2\/media\/4451"}],"wp:attachment":[{"href":"https:\/\/artstella-elixirs-floraux.com\/en\/wp-json\/wp\/v2\/media?parent=4450"}],"wp:term":[{"taxonomy":"product_brand","embeddable":true,"href":"https:\/\/artstella-elixirs-floraux.com\/en\/wp-json\/wp\/v2\/product_brand?post=4450"},{"taxonomy":"product_cat","embeddable":true,"href":"https:\/\/artstella-elixirs-floraux.com\/en\/wp-json\/wp\/v2\/product_cat?post=4450"},{"taxonomy":"product_tag","embeddable":true,"href":"https:\/\/artstella-elixirs-floraux.com\/en\/wp-json\/wp\/v2\/product_tag?post=4450"}],"curies":[{"name":"wp","href":"https:\/\/api.w.org\/{rel}","templated":true}]}}