{"id":4458,"date":"2025-03-09T13:28:56","date_gmt":"2025-03-09T13:28:56","guid":{"rendered":"https:\/\/artstella-elixirs-floraux.com\/product\/red-lily-15-ml-bush\/"},"modified":"2025-04-05T13:52:43","modified_gmt":"2025-04-05T13:52:43","slug":"red-lily-15-ml-bush","status":"publish","type":"product","link":"https:\/\/artstella-elixirs-floraux.com\/en\/product\/red-lily-15-ml-bush\/","title":{"rendered":"RED LILY 15 ML BUSH"},"content":{"rendered":"","protected":false},"excerpt":{"rendered":"<p><strong><em>Red Lily<\/em><\/strong><\/p>\n<p>Manque de connexion spirituelle, ind\u00e9cis, manque de concentration, r\u00eaveries. Etre centr\u00e9, concentration, vivre dans le pr\u00e9sent, ouvre le chakra coronal, \u00e9volution spirituelle.<\/p>","protected":false},"featured_media":4459,"template":"","meta":[],"product_brand":[],"product_cat":[107],"product_tag":[],"class_list":{"0":"post-4458","1":"product","2":"type-product","3":"status-publish","4":"has-post-thumbnail","6":"product_cat-les-elixirs-de-fleurs-du-bush-australien","8":"first","9":"instock","10":"taxable","11":"shipping-taxable","12":"purchasable","13":"product-type-simple"},"etheme_brands":{"errors":{"invalid_taxonomy":["Invalid taxonomy."]},"error_data":[]},"jetpack_sharing_enabled":true,"jetpack-related-posts":[{"id":5554,"url":"https:\/\/artstella-elixirs-floraux.com\/en\/product\/mariposa-lilly-15-ml-sylfos\/","url_meta":{"origin":4458,"position":0},"title":"MARIPOSA LILLY 15 ML SYLFOS","author":"eveapprill","date":"9 March 2025","format":false,"excerpt":"MARIPOSA LILY Calochortus leichtlinii \u00a0 \u00a0 Pour les personnes qui ont ou ont eu des probl\u00e8mes avec la m\u00e8re. Pour le manque d\u2019image f\u00e9minine aussi bien pour les hommes que les femmes.","rel":"","context":"Similar post","block_context":{"text":"Similar post","link":""},"img":{"alt_text":"","src":"","width":0,"height":0},"classes":[]},{"id":2735,"url":"https:\/\/artstella-elixirs-floraux.com\/en\/product\/meditation-bush-30-ml\/","url_meta":{"origin":4458,"position":1},"title":"MEDITATION BUSH 30 ml","author":"eveapprill","date":"9 March 2025","format":false,"excerpt":"Meditation Eveille la spiritualit\u00e9. Aide approfondir toute pratique spirituelle ou religieuse et favorise l'acc\u00e8s \u00e0 un autre niveau de conscience, tout en assurant une plus grande protection du Moi et la sauvegarde de l'aura. Fortement recommand\u00e9 \u00e0 tous ceux qui pratiquent la m\u00e9ditation.","rel":"","context":"Similar post","block_context":{"text":"Similar post","link":""},"img":{"alt_text":"","src":"https:\/\/i0.wp.com\/artstella-elixirs-floraux.com\/wp-content\/uploads\/2025\/03\/8213eb41-48ef-461b-ada2-bbd45136e611.jpg?resize=350%2C200&ssl=1","width":350,"height":200,"srcset":"https:\/\/i0.wp.com\/artstella-elixirs-floraux.com\/wp-content\/uploads\/2025\/03\/8213eb41-48ef-461b-ada2-bbd45136e611.jpg?resize=350%2C200&ssl=1 1x, https:\/\/i0.wp.com\/artstella-elixirs-floraux.com\/wp-content\/uploads\/2025\/03\/8213eb41-48ef-461b-ada2-bbd45136e611.jpg?resize=525%2C300&ssl=1 1.5x, https:\/\/i0.wp.com\/artstella-elixirs-floraux.com\/wp-content\/uploads\/2025\/03\/8213eb41-48ef-461b-ada2-bbd45136e611.jpg?resize=700%2C400&ssl=1 2x"},"classes":[]},{"id":4979,"url":"https:\/\/artstella-elixirs-floraux.com\/en\/product\/red-elder-alaskan-f-sup\/","url_meta":{"origin":4458,"position":2},"title":"RED ELDER ALASKAN F SUP","author":"eveapprill","date":"9 March 2025","format":false,"excerpt":"Red Elder Sambucus racemosa Sureau de montagne Indications\u00a0: sensation de manque d\u2019enracinement et de soutien dans le monde physique\u00a0; concentration troubl\u00e9e et dispers\u00e9e.","rel":"","context":"Similar post","block_context":{"text":"Similar post","link":""},"img":{"alt_text":"","src":"","width":0,"height":0},"classes":[]},{"id":4418,"url":"https:\/\/artstella-elixirs-floraux.com\/en\/product\/gymea-lily-15-ml-bush\/","url_meta":{"origin":4458,"position":3},"title":"GYMEA LILY 15 ML BUSH","author":"eveapprill","date":"9 March 2025","format":false,"excerpt":"Gymea Lily Arrogance, d\u00e9sir d\u2019attention et prestige, personnalit\u00e9 dominante. Humilit\u00e9, avoir conscience des autres et les appr\u00e9cier \u00e0 leur juste valeur.","rel":"","context":"Similar post","block_context":{"text":"Similar post","link":""},"img":{"alt_text":"","src":"https:\/\/i0.wp.com\/artstella-elixirs-floraux.com\/wp-content\/uploads\/2025\/03\/wp-image1031.png?resize=350%2C200&ssl=1","width":350,"height":200},"classes":[]},{"id":4983,"url":"https:\/\/artstella-elixirs-floraux.com\/en\/product\/red-purple-poppy-alaskan-f-sup\/","url_meta":{"origin":4458,"position":4},"title":"RED PURPLE POPPY ALASKAN F SUP","author":"eveapprill","date":"9 March 2025","format":false,"excerpt":"Red-Purple PoppyPapaver somniferum Pavot rouge Indications\u00a0: ind\u00e9cision; l\u00e9thargie; manque d\u2019inspiration; \u00e9nergie stagnante dans les chakras inf\u00e9rieurs\u00a0; ressentant un manque de guidance et de soutien des royaumes spirituels.","rel":"","context":"Similar post","block_context":{"text":"Similar post","link":""},"img":{"alt_text":"","src":"","width":0,"height":0},"classes":[]},{"id":4888,"url":"https:\/\/artstella-elixirs-floraux.com\/en\/product\/chocolat-lily-alaskan-sup\/","url_meta":{"origin":4458,"position":5},"title":"CHOCOLAT LILY ALASKAN SUP","author":"eveapprill","date":"9 March 2025","format":false,"excerpt":"Chocolate Lily \u00a0 Indications : des situations ind\u00e9pendantes de notre volont\u00e9 ; faible endurance et fatigue de chroniquement trop nous \u00e9tendre au-del\u00e0 du point de fatigue.","rel":"","context":"Similar post","block_context":{"text":"Similar post","link":""},"img":{"alt_text":"","src":"https:\/\/i0.wp.com\/artstella-elixirs-floraux.com\/wp-content\/uploads\/2025\/03\/wp-image1377.png?resize=350%2C200&ssl=1","width":350,"height":200},"classes":[]}],"_links":{"self":[{"href":"https:\/\/artstella-elixirs-floraux.com\/en\/wp-json\/wp\/v2\/product\/4458","targetHints":{"allow":["GET"]}}],"collection":[{"href":"https:\/\/artstella-elixirs-floraux.com\/en\/wp-json\/wp\/v2\/product"}],"about":[{"href":"https:\/\/artstella-elixirs-floraux.com\/en\/wp-json\/wp\/v2\/types\/product"}],"version-history":[{"count":0,"href":"https:\/\/artstella-elixirs-floraux.com\/en\/wp-json\/wp\/v2\/product\/4458\/revisions"}],"wp:featuredmedia":[{"embeddable":true,"href":"https:\/\/artstella-elixirs-floraux.com\/en\/wp-json\/wp\/v2\/media\/4459"}],"wp:attachment":[{"href":"https:\/\/artstella-elixirs-floraux.com\/en\/wp-json\/wp\/v2\/media?parent=4458"}],"wp:term":[{"taxonomy":"product_brand","embeddable":true,"href":"https:\/\/artstella-elixirs-floraux.com\/en\/wp-json\/wp\/v2\/product_brand?post=4458"},{"taxonomy":"product_cat","embeddable":true,"href":"https:\/\/artstella-elixirs-floraux.com\/en\/wp-json\/wp\/v2\/product_cat?post=4458"},{"taxonomy":"product_tag","embeddable":true,"href":"https:\/\/artstella-elixirs-floraux.com\/en\/wp-json\/wp\/v2\/product_tag?post=4458"}],"curies":[{"name":"wp","href":"https:\/\/api.w.org\/{rel}","templated":true}]}}