{"id":4460,"date":"2025-03-09T13:28:57","date_gmt":"2025-03-09T13:28:57","guid":{"rendered":"https:\/\/artstella-elixirs-floraux.com\/product\/red-suva-frangipani-15-ml-bush\/"},"modified":"2025-04-05T13:52:43","modified_gmt":"2025-04-05T13:52:43","slug":"red-suva-frangipani-15-ml-bush","status":"publish","type":"product","link":"https:\/\/artstella-elixirs-floraux.com\/en\/product\/red-suva-frangipani-15-ml-bush\/","title":{"rendered":"RED SUVA FRANGIPANI 15 ML BUSH"},"content":{"rendered":"","protected":false},"excerpt":{"rendered":"<p><strong><em>Red Suva Frangipani<\/em><\/strong><\/p>\n<p>Chagrin et bouleversements \u00e9motionnels au sujet d\u2019une relation difficile ou d\u2019une rupture. Se sentir calme et aim\u00e9, paix int\u00e9rieure.<\/p>","protected":false},"featured_media":4461,"template":"","meta":[],"product_brand":[],"product_cat":[107],"product_tag":[],"class_list":{"0":"post-4460","1":"product","2":"type-product","3":"status-publish","4":"has-post-thumbnail","6":"product_cat-les-elixirs-de-fleurs-du-bush-australien","8":"first","9":"instock","10":"taxable","11":"shipping-taxable","12":"purchasable","13":"product-type-simple"},"etheme_brands":{"errors":{"invalid_taxonomy":["Invalid taxonomy."]},"error_data":[]},"jetpack_sharing_enabled":true,"jetpack-related-posts":[{"id":2867,"url":"https:\/\/artstella-elixirs-floraux.com\/en\/product\/red-chestnut-15-ml\/","url_meta":{"origin":4460,"position":0},"title":"RED CHESTNUT 15 ML","author":"eveapprill","date":"9 March 2025","format":false,"excerpt":"Red chesnut) (Aesculus carnea) (Marronnier rouge Nous lib\u00e8re du souci excessif d'autrui. Pour trouver le calme int\u00e9rieur et penser positivement","rel":"","context":"Similar post","block_context":{"text":"Similar post","link":""},"img":{"alt_text":"","src":"https:\/\/i0.wp.com\/artstella-elixirs-floraux.com\/wp-content\/uploads\/2025\/03\/wp-image1092.png?resize=350%2C200&ssl=1","width":350,"height":200},"classes":[]},{"id":4454,"url":"https:\/\/artstella-elixirs-floraux.com\/en\/product\/red-grevillea-15-ml-bush\/","url_meta":{"origin":4460,"position":1},"title":"RED GREVILLEA 15 ML BUSH","author":"eveapprill","date":"9 March 2025","format":false,"excerpt":"Red Grevillea Stagnation, susceptible aux critiques, \u00eatre trop d\u00e9pendants des autres. Force pour quitter des situations difficiles, audace, indiff\u00e9rence devant les jugements des autres.","rel":"","context":"Similar post","block_context":{"text":"Similar post","link":""},"img":{"alt_text":"","src":"https:\/\/i0.wp.com\/artstella-elixirs-floraux.com\/wp-content\/uploads\/2025\/03\/wp-image1057.png?resize=350%2C200&ssl=1","width":350,"height":200},"classes":[]},{"id":4458,"url":"https:\/\/artstella-elixirs-floraux.com\/en\/product\/red-lily-15-ml-bush\/","url_meta":{"origin":4460,"position":2},"title":"RED LILY 15 ML BUSH","author":"eveapprill","date":"9 March 2025","format":false,"excerpt":"Red Lily Manque de connexion spirituelle, ind\u00e9cis, manque de concentration, r\u00eaveries. Etre centr\u00e9, concentration, vivre dans le pr\u00e9sent, ouvre le chakra coronal, \u00e9volution spirituelle.","rel":"","context":"Similar post","block_context":{"text":"Similar post","link":""},"img":{"alt_text":"","src":"https:\/\/i0.wp.com\/artstella-elixirs-floraux.com\/wp-content\/uploads\/2025\/03\/wp-image1059.png?resize=350%2C200&ssl=1","width":350,"height":200},"classes":[]},{"id":4456,"url":"https:\/\/artstella-elixirs-floraux.com\/en\/product\/red-helmet-orchid-15-ml-bush\/","url_meta":{"origin":4460,"position":3},"title":"RED HELMET ORCHID 15 ML BUSH","author":"eveapprill","date":"9 March 2025","format":false,"excerpt":"Red Helmet Orchid Probl\u00e8mes non r\u00e9solus avec le p\u00e8re, r\u00e9bellion, probl\u00e8me avec l\u2019autorit\u00e9. Nouer des liens entre p\u00e8re et enfant, sensibilit\u00e9, respect.","rel":"","context":"Similar post","block_context":{"text":"Similar post","link":""},"img":{"alt_text":"","src":"https:\/\/i0.wp.com\/artstella-elixirs-floraux.com\/wp-content\/uploads\/2025\/03\/wp-image1058.png?resize=350%2C200&ssl=1","width":350,"height":200},"classes":[]},{"id":5558,"url":"https:\/\/artstella-elixirs-floraux.com\/en\/product\/orchidee-red-helmet-15ml-corybas-dilatatus\/","url_meta":{"origin":4460,"position":4},"title":"Orchid\u00e9e RED HELMET 15ml Corybas dilatatus","author":"eveapprill","date":"9 March 2025","format":false,"excerpt":"Orchid\u00e9e RED HELMET Corybas dilatatus \u00a0 \u00a0 Pour les personnes rebelles, \u00e9go\u00efstes, ayant des probl\u00e8mes avec la figure de l\u2019autorit\u00e9 provenant d\u2019une mauvaise relation avec leur propre p\u00e8re.\u00a0","rel":"","context":"Similar post","block_context":{"text":"Similar post","link":""},"img":{"alt_text":"","src":"","width":0,"height":0},"classes":[]},{"id":4979,"url":"https:\/\/artstella-elixirs-floraux.com\/en\/product\/red-elder-alaskan-f-sup\/","url_meta":{"origin":4460,"position":5},"title":"RED ELDER ALASKAN F SUP","author":"eveapprill","date":"9 March 2025","format":false,"excerpt":"Red Elder Sambucus racemosa Sureau de montagne Indications\u00a0: sensation de manque d\u2019enracinement et de soutien dans le monde physique\u00a0; concentration troubl\u00e9e et dispers\u00e9e.","rel":"","context":"Similar post","block_context":{"text":"Similar post","link":""},"img":{"alt_text":"","src":"","width":0,"height":0},"classes":[]}],"_links":{"self":[{"href":"https:\/\/artstella-elixirs-floraux.com\/en\/wp-json\/wp\/v2\/product\/4460","targetHints":{"allow":["GET"]}}],"collection":[{"href":"https:\/\/artstella-elixirs-floraux.com\/en\/wp-json\/wp\/v2\/product"}],"about":[{"href":"https:\/\/artstella-elixirs-floraux.com\/en\/wp-json\/wp\/v2\/types\/product"}],"version-history":[{"count":0,"href":"https:\/\/artstella-elixirs-floraux.com\/en\/wp-json\/wp\/v2\/product\/4460\/revisions"}],"wp:featuredmedia":[{"embeddable":true,"href":"https:\/\/artstella-elixirs-floraux.com\/en\/wp-json\/wp\/v2\/media\/4461"}],"wp:attachment":[{"href":"https:\/\/artstella-elixirs-floraux.com\/en\/wp-json\/wp\/v2\/media?parent=4460"}],"wp:term":[{"taxonomy":"product_brand","embeddable":true,"href":"https:\/\/artstella-elixirs-floraux.com\/en\/wp-json\/wp\/v2\/product_brand?post=4460"},{"taxonomy":"product_cat","embeddable":true,"href":"https:\/\/artstella-elixirs-floraux.com\/en\/wp-json\/wp\/v2\/product_cat?post=4460"},{"taxonomy":"product_tag","embeddable":true,"href":"https:\/\/artstella-elixirs-floraux.com\/en\/wp-json\/wp\/v2\/product_tag?post=4460"}],"curies":[{"name":"wp","href":"https:\/\/api.w.org\/{rel}","templated":true}]}}