{"id":4462,"date":"2025-03-09T13:28:58","date_gmt":"2025-03-09T13:28:58","guid":{"rendered":"https:\/\/artstella-elixirs-floraux.com\/product\/rough-bluebell-15-ml-bush\/"},"modified":"2025-04-05T13:52:42","modified_gmt":"2025-04-05T13:52:42","slug":"rough-bluebell-15-ml-bush","status":"publish","type":"product","link":"https:\/\/artstella-elixirs-floraux.com\/en\/product\/rough-bluebell-15-ml-bush\/","title":{"rendered":"ROUGH BLUEBELL 15 ML BUSH"},"content":{"rendered":"","protected":false},"excerpt":{"rendered":"<p><strong><em>Rough Bluebell<\/em><\/strong><\/p>\n<p>Etre malicieux, manipulateur ou blessant. Compassion, sensibilit\u00e9.<\/p>","protected":false},"featured_media":4463,"template":"","meta":[],"product_brand":[],"product_cat":[107],"product_tag":[],"class_list":{"0":"post-4462","1":"product","2":"type-product","3":"status-publish","4":"has-post-thumbnail","6":"product_cat-les-elixirs-de-fleurs-du-bush-australien","8":"first","9":"instock","10":"taxable","11":"shipping-taxable","12":"purchasable","13":"product-type-simple"},"etheme_brands":{"errors":{"invalid_taxonomy":["Invalid taxonomy."]},"error_data":[]},"jetpack_sharing_enabled":true,"jetpack-related-posts":[{"id":2631,"url":"https:\/\/artstella-elixirs-floraux.com\/en\/product\/bluebell-bush-15ml\/","url_meta":{"origin":4462,"position":0},"title":"BLUEBELL BUSH 15ml","author":"eveapprill","date":"9 March 2025","format":false,"excerpt":"BLUEBELL\u00a0 Attitude ferm\u00e9e, peur de manquer, avarice. Ouverture de c\u0153ur, \u00eatre g\u00e9n\u00e9reux.","rel":"","context":"Similar post","block_context":{"text":"Similar post","link":""},"img":{"alt_text":"","src":"https:\/\/i0.wp.com\/artstella-elixirs-floraux.com\/wp-content\/uploads\/2025\/03\/wp-image245.png?resize=350%2C200&ssl=1","width":350,"height":200},"classes":[]},{"id":2663,"url":"https:\/\/artstella-elixirs-floraux.com\/en\/product\/abund-abondance-30-ml-bush\/","url_meta":{"origin":4462,"position":1},"title":"ABUND Abondance 30 ML BUSH","author":"eveapprill","date":"9 March 2025","format":false,"excerpt":"Abund - Abondance Permet d'abandonner les croyances n\u00e9gatives, les mod\u00e8les et sch\u00e9mas familiaux. Lib\u00e8re de la tendance \u00e0 l'autodestruction et de la peur de manquer. Permet l'ouverture donnant acc\u00e8s aux richesses de tous les niveaux et pas seulement p\u00e9cuniaire. Compos\u00e9 de Bluebell, Boab, Five Corners, Philoteca, Southern Cross, Sunshine Wattle\u2026","rel":"","context":"Similar post","block_context":{"text":"Similar post","link":""},"img":{"alt_text":"","src":"https:\/\/i0.wp.com\/artstella-elixirs-floraux.com\/wp-content\/uploads\/2025\/03\/0c1366aa-b1b9-4d6f-88cd-f28788a5c7e3.jpg?resize=350%2C200&ssl=1","width":350,"height":200,"srcset":"https:\/\/i0.wp.com\/artstella-elixirs-floraux.com\/wp-content\/uploads\/2025\/03\/0c1366aa-b1b9-4d6f-88cd-f28788a5c7e3.jpg?resize=350%2C200&ssl=1 1x, https:\/\/i0.wp.com\/artstella-elixirs-floraux.com\/wp-content\/uploads\/2025\/03\/0c1366aa-b1b9-4d6f-88cd-f28788a5c7e3.jpg?resize=525%2C300&ssl=1 1.5x, https:\/\/i0.wp.com\/artstella-elixirs-floraux.com\/wp-content\/uploads\/2025\/03\/0c1366aa-b1b9-4d6f-88cd-f28788a5c7e3.jpg?resize=700%2C400&ssl=1 2x"},"classes":[]},{"id":2661,"url":"https:\/\/artstella-elixirs-floraux.com\/en\/product\/kangaroo-paw-bush-15-ml\/","url_meta":{"origin":4462,"position":2},"title":"KANGAROO PAW BUSH 15 ML","author":"eveapprill","date":"9 March 2025","format":false,"excerpt":"Kangaroo Paw Manquer de savoir-faire, maladroit, insensible par rapport aux besoins des autres. Etre d\u00e9contract\u00e9, sensibilit\u00e9 envers les autres, savoir-faire, appr\u00e9cier d\u2019\u00eatre avec les autres.","rel":"","context":"Similar post","block_context":{"text":"Similar post","link":""},"img":{"alt_text":"","src":"https:\/\/i0.wp.com\/artstella-elixirs-floraux.com\/wp-content\/uploads\/2025\/03\/wp-image612.png?resize=350%2C200&ssl=1","width":350,"height":200},"classes":[]},{"id":4108,"url":"https:\/\/artstella-elixirs-floraux.com\/en\/product\/pudu-sylfos-chamaniques-15-ml\/","url_meta":{"origin":4462,"position":3},"title":"PUDU SYLFOS CHAMANIQUES 15 ML","author":"eveapprill","date":"9 March 2025","format":false,"excerpt":"\u00a0PUDU Compassion \u2013 Sensibilit\u00e9 \u2013 Enfant int\u00e9rieur. La gentillesse et la douceur permettent de soigner les blessures (les n\u00f4tres et celles des autres) et de toucher les c\u0153urs, m\u00eame les plus durs. L\u2019\u00e9lixir aide \u00e0 entrer en contact avec son \u00eatre int\u00e9rieur, son \u00e2me enfantine, il redonne le pouvoir d\u2019\u00eatre\u2026","rel":"","context":"Similar post","block_context":{"text":"Similar post","link":""},"img":{"alt_text":"","src":"","width":0,"height":0},"classes":[]},{"id":4422,"url":"https:\/\/artstella-elixirs-floraux.com\/en\/product\/isopogon-15-ml-bush\/","url_meta":{"origin":4462,"position":4},"title":"ISOPOGON 15 ML BUSH","author":"eveapprill","date":"9 March 2025","format":false,"excerpt":"Isopogon Ne pas comprendre les le\u00e7ons du pass\u00e9, contr\u00f4le des autres, personnalit\u00e9 manipulatrice. Comprendre les le\u00e7ons du pass\u00e9, retrouver les talents du pass\u00e9.","rel":"","context":"Similar post","block_context":{"text":"Similar post","link":""},"img":{"alt_text":"","src":"","width":0,"height":0},"classes":[]},{"id":4456,"url":"https:\/\/artstella-elixirs-floraux.com\/en\/product\/red-helmet-orchid-15-ml-bush\/","url_meta":{"origin":4462,"position":5},"title":"RED HELMET ORCHID 15 ML BUSH","author":"eveapprill","date":"9 March 2025","format":false,"excerpt":"Red Helmet Orchid Probl\u00e8mes non r\u00e9solus avec le p\u00e8re, r\u00e9bellion, probl\u00e8me avec l\u2019autorit\u00e9. Nouer des liens entre p\u00e8re et enfant, sensibilit\u00e9, respect.","rel":"","context":"Similar post","block_context":{"text":"Similar post","link":""},"img":{"alt_text":"","src":"https:\/\/i0.wp.com\/artstella-elixirs-floraux.com\/wp-content\/uploads\/2025\/03\/wp-image1058.png?resize=350%2C200&ssl=1","width":350,"height":200},"classes":[]}],"_links":{"self":[{"href":"https:\/\/artstella-elixirs-floraux.com\/en\/wp-json\/wp\/v2\/product\/4462","targetHints":{"allow":["GET"]}}],"collection":[{"href":"https:\/\/artstella-elixirs-floraux.com\/en\/wp-json\/wp\/v2\/product"}],"about":[{"href":"https:\/\/artstella-elixirs-floraux.com\/en\/wp-json\/wp\/v2\/types\/product"}],"version-history":[{"count":0,"href":"https:\/\/artstella-elixirs-floraux.com\/en\/wp-json\/wp\/v2\/product\/4462\/revisions"}],"wp:featuredmedia":[{"embeddable":true,"href":"https:\/\/artstella-elixirs-floraux.com\/en\/wp-json\/wp\/v2\/media\/4463"}],"wp:attachment":[{"href":"https:\/\/artstella-elixirs-floraux.com\/en\/wp-json\/wp\/v2\/media?parent=4462"}],"wp:term":[{"taxonomy":"product_brand","embeddable":true,"href":"https:\/\/artstella-elixirs-floraux.com\/en\/wp-json\/wp\/v2\/product_brand?post=4462"},{"taxonomy":"product_cat","embeddable":true,"href":"https:\/\/artstella-elixirs-floraux.com\/en\/wp-json\/wp\/v2\/product_cat?post=4462"},{"taxonomy":"product_tag","embeddable":true,"href":"https:\/\/artstella-elixirs-floraux.com\/en\/wp-json\/wp\/v2\/product_tag?post=4462"}],"curies":[{"name":"wp","href":"https:\/\/api.w.org\/{rel}","templated":true}]}}