{"id":4464,"date":"2025-03-09T13:29:00","date_gmt":"2025-03-09T13:29:00","guid":{"rendered":"https:\/\/artstella-elixirs-floraux.com\/product\/silver-princess-15-ml-bush\/"},"modified":"2025-04-05T13:52:42","modified_gmt":"2025-04-05T13:52:42","slug":"silver-princess-15-ml-bush","status":"publish","type":"product","link":"https:\/\/artstella-elixirs-floraux.com\/en\/product\/silver-princess-15-ml-bush\/","title":{"rendered":"SILVER PRINCESS 15 ML BUSH"},"content":{"rendered":"","protected":false},"excerpt":{"rendered":"<p><strong><em>Silver Princess<\/em><\/strong><\/p>\n<p>D\u00e9s\u0153uvrement, \u00eatre abattu, aucune direction. Motivation, prendre une direction, trouver un but \u00e0 sa vie.<\/p>","protected":false},"featured_media":4465,"template":"","meta":[],"product_brand":[],"product_cat":[107],"product_tag":[],"class_list":{"0":"post-4464","1":"product","2":"type-product","3":"status-publish","4":"has-post-thumbnail","6":"product_cat-les-elixirs-de-fleurs-du-bush-australien","8":"first","9":"instock","10":"taxable","11":"shipping-taxable","12":"purchasable","13":"product-type-simple"},"etheme_brands":{"errors":{"invalid_taxonomy":["Invalid taxonomy."]},"error_data":[]},"jetpack_sharing_enabled":true,"jetpack-related-posts":[{"id":5336,"url":"https:\/\/artstella-elixirs-floraux.com\/en\/product\/silver-shadow-spray\/","url_meta":{"origin":4464,"position":0},"title":"SILVER SHADOW SPRAY","author":"eveapprill","date":"9 March 2025","format":false,"excerpt":"Silver Shadow \u2013 Ombre argent\u00e9e Aide \u00e0 percevoir les forces obscures ambiantes et nous permet de choisir ce que nous acceptons dans notre environnement. \u201cbleu\u201d avec les huiles de Leleshwa, Myrrhe et Neroli","rel":"","context":"Similar post","block_context":{"text":"Similar post","link":""},"img":{"alt_text":"","src":"https:\/\/i0.wp.com\/artstella-elixirs-floraux.com\/wp-content\/uploads\/2025\/03\/wp-image1739.png?resize=350%2C200&ssl=1","width":350,"height":200},"classes":[]},{"id":5354,"url":"https:\/\/artstella-elixirs-floraux.com\/en\/product\/silver-ghost-15-ml\/","url_meta":{"origin":4464,"position":1},"title":"SILVER GHOST 15 ML","author":"eveapprill","date":"9 March 2025","format":false,"excerpt":"Silver Ghost - Fant\u00f4me argent\u00e9 Tr\u00e8s utile pour enlever les \u201ccrochets\u201d psychiques des personnes essayant de vous manipuler. Poss\u00e8de une qualit\u00e9 yin exceptionnelle, comme de l\u2019eau miroitant et tourbillonnant en petites ondes, entourant l\u2019aura de fa\u00e7on \u00e0 ce qu\u2019aucune \u00e9nergie ext\u00e9rieure ne puisse adh\u00e9rer.","rel":"","context":"Similar post","block_context":{"text":"Similar post","link":""},"img":{"alt_text":"","src":"","width":0,"height":0},"classes":[]},{"id":5104,"url":"https:\/\/artstella-elixirs-floraux.com\/en\/product\/silver-7-5-ml-alas-gem-sup\/","url_meta":{"origin":4464,"position":2},"title":"SILVER 7.5 ML ALAS GEM SUP","author":"eveapprill","date":"9 March 2025","format":false,"excerpt":"Silver \u2013 Argent Indications : manque d\u2019alignement entre le niveau personnel et la Volont\u00e9 Divine; intoxication aux m\u00e9taux lourds; probl\u00e9matiques chroniques dans la partie sup\u00e9rieure du corps due \u00e0 un mauvais alignement\u00a0; connexion faible avec le c\u0153ur et le moi sup\u00e9rieure","rel":"","context":"Similar post","block_context":{"text":"Similar post","link":""},"img":{"alt_text":"","src":"https:\/\/i0.wp.com\/artstella-elixirs-floraux.com\/wp-content\/uploads\/2025\/03\/wp-image1419.png?resize=350%2C200&ssl=1","width":350,"height":200},"classes":[]},{"id":6179,"url":"https:\/\/artstella-elixirs-floraux.com\/en\/product\/life-cycle-renewal-15ml-ltoe\/","url_meta":{"origin":4464,"position":3},"title":"Life Cycle renewal 15ml LTOE","author":"eveapprill","date":"9 March 2025","format":false,"excerpt":"Life Cycle Renewal\u00a0 (Silver Ghost, Centre Renewal, Fruits of Love and Blue Angel) Le seul compose cr\u00e9\u00e9 sp\u00e9cialement pour accompagner les femmes. Bien que formul\u00e9 pour les femmes de plus de 50 ans, il peut aider les probl\u00e9matiques f\u00e9minines \u00e0 tout \u00e2ge.","rel":"","context":"Similar post","block_context":{"text":"Similar post","link":""},"img":{"alt_text":"","src":"https:\/\/i0.wp.com\/artstella-elixirs-floraux.com\/wp-content\/uploads\/2025\/03\/dbd1bfe3-aca8-44cd-b77b-2509ce9ef384.jpg?resize=350%2C200&ssl=1","width":350,"height":200,"srcset":"https:\/\/i0.wp.com\/artstella-elixirs-floraux.com\/wp-content\/uploads\/2025\/03\/dbd1bfe3-aca8-44cd-b77b-2509ce9ef384.jpg?resize=350%2C200&ssl=1 1x, https:\/\/i0.wp.com\/artstella-elixirs-floraux.com\/wp-content\/uploads\/2025\/03\/dbd1bfe3-aca8-44cd-b77b-2509ce9ef384.jpg?resize=525%2C300&ssl=1 1.5x, https:\/\/i0.wp.com\/artstella-elixirs-floraux.com\/wp-content\/uploads\/2025\/03\/dbd1bfe3-aca8-44cd-b77b-2509ce9ef384.jpg?resize=700%2C400&ssl=1 2x"},"classes":[]},{"id":5199,"url":"https:\/\/artstella-elixirs-floraux.com\/en\/product\/immediate-reflief\/","url_meta":{"origin":4464,"position":4},"title":"IMMEDIATE REFLIEF SPRAY","author":"eveapprill","date":"9 March 2025","format":false,"excerpt":"Immediate Relief Aura Spray (Soulagement imm\u00e9diat) Le spray est efficace dans les situations d\u2019urgence et les moments de stress intenses. Dans des situations traumatisantes ou simplement stressantes. \u00ab\u00a0bleu\u00a0\u00bb avec des huiles essentielles de poivre noir Encens, Bois de Santal","rel":"","context":"Similar post","block_context":{"text":"Similar post","link":""},"img":{"alt_text":"","src":"","width":0,"height":0},"classes":[]},{"id":5488,"url":"https:\/\/artstella-elixirs-floraux.com\/en\/product\/shield-of-light-spray\/","url_meta":{"origin":4464,"position":5},"title":"SHIELD OF LIGHT SPRAY","author":"eveapprill","date":"9 March 2025","format":false,"excerpt":"Shield of light - Bouclier de lumi\u00e8re Parmi les derni\u00e8res cr\u00e9ations de Don Denis en collaboration du Dr. Adrian Brito-Babapulle, voici un nouveau compos\u00e9 majeur pour se prot\u00e9ger des \u00e9nergies sombres. Sa formule permet \u00e0 l\u2019aura de refl\u00e9ter tel un miroir, de fa\u00e7on \u00e0 ce que de telles \u00e9nergies ne\u2026","rel":"","context":"Similar post","block_context":{"text":"Similar post","link":""},"img":{"alt_text":"","src":"","width":0,"height":0},"classes":[]}],"_links":{"self":[{"href":"https:\/\/artstella-elixirs-floraux.com\/en\/wp-json\/wp\/v2\/product\/4464","targetHints":{"allow":["GET"]}}],"collection":[{"href":"https:\/\/artstella-elixirs-floraux.com\/en\/wp-json\/wp\/v2\/product"}],"about":[{"href":"https:\/\/artstella-elixirs-floraux.com\/en\/wp-json\/wp\/v2\/types\/product"}],"version-history":[{"count":0,"href":"https:\/\/artstella-elixirs-floraux.com\/en\/wp-json\/wp\/v2\/product\/4464\/revisions"}],"wp:featuredmedia":[{"embeddable":true,"href":"https:\/\/artstella-elixirs-floraux.com\/en\/wp-json\/wp\/v2\/media\/4465"}],"wp:attachment":[{"href":"https:\/\/artstella-elixirs-floraux.com\/en\/wp-json\/wp\/v2\/media?parent=4464"}],"wp:term":[{"taxonomy":"product_brand","embeddable":true,"href":"https:\/\/artstella-elixirs-floraux.com\/en\/wp-json\/wp\/v2\/product_brand?post=4464"},{"taxonomy":"product_cat","embeddable":true,"href":"https:\/\/artstella-elixirs-floraux.com\/en\/wp-json\/wp\/v2\/product_cat?post=4464"},{"taxonomy":"product_tag","embeddable":true,"href":"https:\/\/artstella-elixirs-floraux.com\/en\/wp-json\/wp\/v2\/product_tag?post=4464"}],"curies":[{"name":"wp","href":"https:\/\/api.w.org\/{rel}","templated":true}]}}