{"id":4474,"date":"2025-03-09T13:29:06","date_gmt":"2025-03-09T13:29:06","guid":{"rendered":"https:\/\/artstella-elixirs-floraux.com\/product\/sturt-desert-pea-15-ml-bush\/"},"modified":"2025-04-03T16:48:56","modified_gmt":"2025-04-03T16:48:56","slug":"sturt-desert-pea-15-ml-bush","status":"publish","type":"product","link":"https:\/\/artstella-elixirs-floraux.com\/en\/product\/sturt-desert-pea-15-ml-bush\/","title":{"rendered":"STURT DESERT PEA 15 ML BUSH"},"content":{"rendered":"","protected":false},"excerpt":{"rendered":"<p><em><strong>Sturt Desert Pea<\/strong><\/em><\/p>\n<p>Douleur, blessure \u00e9motionnelle profonde, tristesse. Att\u00e9nuation des souvenirs tristes, l\u00e2cher-prise, motivation.<\/p>","protected":false},"featured_media":4475,"template":"","meta":[],"product_brand":[],"product_cat":[107],"product_tag":[],"class_list":{"0":"post-4474","1":"product","2":"type-product","3":"status-publish","4":"has-post-thumbnail","6":"product_cat-les-elixirs-de-fleurs-du-bush-australien","8":"first","9":"instock","10":"taxable","11":"shipping-taxable","12":"purchasable","13":"product-type-simple"},"etheme_brands":{"errors":{"invalid_taxonomy":["Invalid taxonomy."]},"error_data":[]},"jetpack_sharing_enabled":true,"jetpack-related-posts":[{"id":4472,"url":"https:\/\/artstella-elixirs-floraux.com\/en\/product\/sturt-desert-rose-bush-15-ml\/","url_meta":{"origin":4474,"position":0},"title":"STURT DESERT ROSE BUSH 15 ML","author":"eveapprill","date":"9 March 2025","format":false,"excerpt":"Sturt Desert Rose Culpabilit\u00e9, peu d\u2019estime de soi, se laisser influencer. Pour suivre ses propres convictions et sa moralit\u00e9, int\u00e9grit\u00e9 personnelle.","rel":"","context":"Similar post","block_context":{"text":"Similar post","link":""},"img":{"alt_text":"","src":"","width":0,"height":0},"classes":[]},{"id":6182,"url":"https:\/\/artstella-elixirs-floraux.com\/en\/product\/men-homme-bush-australien-30ml\/","url_meta":{"origin":4474,"position":1},"title":"MEN &#8211; \u00ab\u00a0Homme\u00a0\u00bb Bush Australien 30ml","author":"eveapprill","date":"9 March 2025","format":false,"excerpt":"MEN Pour les homes toujours sur la br\u00e8che, ce qui peut conduire \u00e0 de l\u2019impatience et de l\u2019irritabilit\u00e9. Pour ressentir et exprimer ses sentiments. \u00a0","rel":"","context":"Similar post","block_context":{"text":"Similar post","link":""},"img":{"alt_text":"","src":"https:\/\/i0.wp.com\/artstella-elixirs-floraux.com\/wp-content\/uploads\/2025\/03\/wp-image2185.png?resize=350%2C200&ssl=1","width":350,"height":200,"srcset":"https:\/\/i0.wp.com\/artstella-elixirs-floraux.com\/wp-content\/uploads\/2025\/03\/wp-image2185.png?resize=350%2C200&ssl=1 1x, https:\/\/i0.wp.com\/artstella-elixirs-floraux.com\/wp-content\/uploads\/2025\/03\/wp-image2185.png?resize=525%2C300&ssl=1 1.5x, https:\/\/i0.wp.com\/artstella-elixirs-floraux.com\/wp-content\/uploads\/2025\/03\/wp-image2185.png?resize=700%2C400&ssl=1 2x"},"classes":[]},{"id":2741,"url":"https:\/\/artstella-elixirs-floraux.com\/en\/product\/sexuality-bush-30-ml\/","url_meta":{"origin":4474,"position":2},"title":"SEXUALITY BUSH 30 ml","author":"eveapprill","date":"9 March 2025","format":false,"excerpt":"Sexuality Aide \u00e0 combattre la honte et les effets d'abus sexuels. Permet de se sentir \u00e0 l'aise dans son corps en l'acceptant pleinement.","rel":"","context":"Similar post","block_context":{"text":"Similar post","link":""},"img":{"alt_text":"","src":"https:\/\/i0.wp.com\/artstella-elixirs-floraux.com\/wp-content\/uploads\/2025\/03\/7c97458c-aad1-4c91-bbba-533f0a37ab5a.jpg?resize=350%2C200&ssl=1","width":350,"height":200,"srcset":"https:\/\/i0.wp.com\/artstella-elixirs-floraux.com\/wp-content\/uploads\/2025\/03\/7c97458c-aad1-4c91-bbba-533f0a37ab5a.jpg?resize=350%2C200&ssl=1 1x, https:\/\/i0.wp.com\/artstella-elixirs-floraux.com\/wp-content\/uploads\/2025\/03\/7c97458c-aad1-4c91-bbba-533f0a37ab5a.jpg?resize=525%2C300&ssl=1 1.5x, https:\/\/i0.wp.com\/artstella-elixirs-floraux.com\/wp-content\/uploads\/2025\/03\/7c97458c-aad1-4c91-bbba-533f0a37ab5a.jpg?resize=700%2C400&ssl=1 2x"},"classes":[]},{"id":2725,"url":"https:\/\/artstella-elixirs-floraux.com\/en\/product\/confid-confiance-bush-30ml\/","url_meta":{"origin":4474,"position":3},"title":"CONFID Confiance BUSH 30ml","author":"eveapprill","date":"9 March 2025","format":false,"excerpt":"Confid -\u00a0Confiance Fait na\u00eetre les qualit\u00e9s positives que sont la confiance en soi et l'amour propre. Permet de se sentir \u00e0 l'aise et de combattre tous les complexes d'inf\u00e9riorit\u00e9 ainsi que tout sentiment de culpabilit\u00e9 concernant des actes pass\u00e9s.","rel":"","context":"Similar post","block_context":{"text":"Similar post","link":""},"img":{"alt_text":"","src":"https:\/\/i0.wp.com\/artstella-elixirs-floraux.com\/wp-content\/uploads\/2025\/03\/cc21bcd6-7999-45bb-9f36-13d8bcf95728.jpg?resize=350%2C200&ssl=1","width":350,"height":200,"srcset":"https:\/\/i0.wp.com\/artstella-elixirs-floraux.com\/wp-content\/uploads\/2025\/03\/cc21bcd6-7999-45bb-9f36-13d8bcf95728.jpg?resize=350%2C200&ssl=1 1x, https:\/\/i0.wp.com\/artstella-elixirs-floraux.com\/wp-content\/uploads\/2025\/03\/cc21bcd6-7999-45bb-9f36-13d8bcf95728.jpg?resize=525%2C300&ssl=1 1.5x, https:\/\/i0.wp.com\/artstella-elixirs-floraux.com\/wp-content\/uploads\/2025\/03\/cc21bcd6-7999-45bb-9f36-13d8bcf95728.jpg?resize=700%2C400&ssl=1 2x"},"classes":[]},{"id":11845,"url":"https:\/\/artstella-elixirs-floraux.com\/en\/product\/mood-essence-elixir-pour-lhumeur-30ml-bush\/","url_meta":{"origin":4474,"position":4},"title":"Mood Essence \u00ab\u00a0Elixir pour l&rsquo;humeur\u00a0\u00bb 30ml Bush","author":"eveapprill","date":"10 December 2025","format":false,"excerpt":"L\u2019\u00e9lixir \u00ab Mood \u00bb favorise l'\u00e9quilibre \u00e9motionnel, la clart\u00e9, l'optimisme et un sentiment renouvel\u00e9 de joie. Il a \u00e9t\u00e9 con\u00e7u pour traiter et aider \u00e0 soulager les diverses conditions que tant de personnes malheureusement vivent en ce moment.","rel":"","context":"Similar post","block_context":{"text":"Similar post","link":""},"img":{"alt_text":"","src":"","width":0,"height":0},"classes":[]},{"id":4762,"url":"https:\/\/artstella-elixirs-floraux.com\/en\/product\/snap-pea-14-2ml-npe\/","url_meta":{"origin":4474,"position":5},"title":"SNAP PEA 14.2ML NPE","author":"eveapprill","date":"9 March 2025","format":false,"excerpt":"SNAP PEA 15 ML NPE","rel":"","context":"Similar post","block_context":{"text":"Similar post","link":""},"img":{"alt_text":"","src":"https:\/\/i0.wp.com\/artstella-elixirs-floraux.com\/wp-content\/uploads\/2025\/03\/wp-image1314.png?resize=350%2C200&ssl=1","width":350,"height":200},"classes":[]}],"_links":{"self":[{"href":"https:\/\/artstella-elixirs-floraux.com\/en\/wp-json\/wp\/v2\/product\/4474","targetHints":{"allow":["GET"]}}],"collection":[{"href":"https:\/\/artstella-elixirs-floraux.com\/en\/wp-json\/wp\/v2\/product"}],"about":[{"href":"https:\/\/artstella-elixirs-floraux.com\/en\/wp-json\/wp\/v2\/types\/product"}],"version-history":[{"count":0,"href":"https:\/\/artstella-elixirs-floraux.com\/en\/wp-json\/wp\/v2\/product\/4474\/revisions"}],"wp:featuredmedia":[{"embeddable":true,"href":"https:\/\/artstella-elixirs-floraux.com\/en\/wp-json\/wp\/v2\/media\/4475"}],"wp:attachment":[{"href":"https:\/\/artstella-elixirs-floraux.com\/en\/wp-json\/wp\/v2\/media?parent=4474"}],"wp:term":[{"taxonomy":"product_brand","embeddable":true,"href":"https:\/\/artstella-elixirs-floraux.com\/en\/wp-json\/wp\/v2\/product_brand?post=4474"},{"taxonomy":"product_cat","embeddable":true,"href":"https:\/\/artstella-elixirs-floraux.com\/en\/wp-json\/wp\/v2\/product_cat?post=4474"},{"taxonomy":"product_tag","embeddable":true,"href":"https:\/\/artstella-elixirs-floraux.com\/en\/wp-json\/wp\/v2\/product_tag?post=4474"}],"curies":[{"name":"wp","href":"https:\/\/api.w.org\/{rel}","templated":true}]}}