{"id":4480,"date":"2025-03-09T13:29:10","date_gmt":"2025-03-09T13:29:10","guid":{"rendered":"https:\/\/artstella-elixirs-floraux.com\/product\/tall-mulla-mulla-bush-15-ml\/"},"modified":"2025-04-03T16:48:55","modified_gmt":"2025-04-03T16:48:55","slug":"tall-mulla-mulla-bush-15-ml","status":"publish","type":"product","link":"https:\/\/artstella-elixirs-floraux.com\/en\/product\/tall-mulla-mulla-bush-15-ml\/","title":{"rendered":"TALL MULLA MULLA BUSH 15 ML"},"content":{"rendered":"","protected":false},"excerpt":{"rendered":"<p><strong><em>Tall Mulla Mulla<\/em><\/strong><\/p>\n<p>Se sentir mal dans sa peau, peur des relations sociales, solitaire, \u00e9viter les confrontations. Se sentir \u00e0 l\u2019aise et en s\u00e9curit\u00e9 avec les autres et dans les relations sociales.<\/p>","protected":false},"featured_media":4481,"template":"","meta":[],"product_brand":[],"product_cat":[107],"product_tag":[],"class_list":{"0":"post-4480","1":"product","2":"type-product","3":"status-publish","4":"has-post-thumbnail","6":"product_cat-les-elixirs-de-fleurs-du-bush-australien","8":"first","9":"instock","10":"taxable","11":"shipping-taxable","12":"purchasable","13":"product-type-simple"},"etheme_brands":{"errors":{"invalid_taxonomy":["Invalid taxonomy."]},"error_data":[]},"jetpack_sharing_enabled":true,"jetpack-related-posts":[{"id":4437,"url":"https:\/\/artstella-elixirs-floraux.com\/en\/product\/mulla-mulla-15-ml-bush\/","url_meta":{"origin":4480,"position":0},"title":"MULLA MULLA 15 ML BUSH","author":"eveapprill","date":"9 March 2025","format":false,"excerpt":"Mulla Mulla D\u00e9tresse associ\u00e9e au feu, \u00e0 la chaleur et au soleil. R\u00e9duction des effets n\u00e9faste de ces traumatismes.","rel":"","context":"Similar post","block_context":{"text":"Similar post","link":""},"img":{"alt_text":"","src":"https:\/\/i0.wp.com\/artstella-elixirs-floraux.com\/wp-content\/uploads\/2025\/03\/wp-image1047.png?resize=350%2C200&ssl=1","width":350,"height":200},"classes":[]},{"id":4452,"url":"https:\/\/artstella-elixirs-floraux.com\/en\/product\/pink-mulla-mulla-bush-15-ml\/","url_meta":{"origin":4480,"position":1},"title":"PINK MULLA MULLA BUSH 15 ML","author":"eveapprill","date":"9 March 2025","format":false,"excerpt":"Pink Mulla Mulla Blessure psychique profonde, personnalit\u00e9 ferm\u00e9e et difficile afin d\u2019\u00e9loigner les autres et se prot\u00e9ger. Gu\u00e9rison spirituelle, confiance et ouverture.","rel":"","context":"Similar post","block_context":{"text":"Similar post","link":""},"img":{"alt_text":"","src":"https:\/\/i0.wp.com\/artstella-elixirs-floraux.com\/wp-content\/uploads\/2025\/03\/wp-image1056.png?resize=350%2C200&ssl=1","width":350,"height":200},"classes":[]},{"id":2727,"url":"https:\/\/artstella-elixirs-floraux.com\/en\/product\/creative-creativite-bush-30ml\/","url_meta":{"origin":4480,"position":2},"title":"CREATIVE Cr\u00e9ativit\u00e9 BUSH 30ml","author":"eveapprill","date":"9 March 2025","format":false,"excerpt":"Creative - Cr\u00e9ativit\u00e9 Lib\u00e8re la voix et ouvre le c\u0153ur Favorise la cr\u00e9ativit\u00e9. Compos\u00e9 de Bush Fuchsia, Turkey Bush, Red Grevillea Crowea, Flannel Flower, Five Corner et de Tall Mulla Mulla.","rel":"","context":"Similar post","block_context":{"text":"Similar post","link":""},"img":{"alt_text":"","src":"https:\/\/i0.wp.com\/artstella-elixirs-floraux.com\/wp-content\/uploads\/2025\/03\/12e053db-1152-4625-9c20-5208c780ac39.jpg?resize=350%2C200&ssl=1","width":350,"height":200,"srcset":"https:\/\/i0.wp.com\/artstella-elixirs-floraux.com\/wp-content\/uploads\/2025\/03\/12e053db-1152-4625-9c20-5208c780ac39.jpg?resize=350%2C200&ssl=1 1x, https:\/\/i0.wp.com\/artstella-elixirs-floraux.com\/wp-content\/uploads\/2025\/03\/12e053db-1152-4625-9c20-5208c780ac39.jpg?resize=525%2C300&ssl=1 1.5x, https:\/\/i0.wp.com\/artstella-elixirs-floraux.com\/wp-content\/uploads\/2025\/03\/12e053db-1152-4625-9c20-5208c780ac39.jpg?resize=700%2C400&ssl=1 2x"},"classes":[]},{"id":2747,"url":"https:\/\/artstella-elixirs-floraux.com\/en\/product\/travel-voyage-bush-30-ml\/","url_meta":{"origin":4480,"position":3},"title":"TRAVEL Voyage BUSH 30 ml","author":"eveapprill","date":"9 March 2025","format":false,"excerpt":"Travel -\u00a0Voyage Recommand\u00e9 \u00e0 tous ceux qui partent en voyage et tout particuli\u00e8rement \u00e0 ceux qui voyagent en avion. Limite les effets du mal des transports (mer, air, fer, route).","rel":"","context":"Similar post","block_context":{"text":"Similar post","link":""},"img":{"alt_text":"","src":"https:\/\/i0.wp.com\/artstella-elixirs-floraux.com\/wp-content\/uploads\/2025\/03\/797b8093-234c-413f-994e-c16f863422b6.jpg?resize=350%2C200&ssl=1","width":350,"height":200,"srcset":"https:\/\/i0.wp.com\/artstella-elixirs-floraux.com\/wp-content\/uploads\/2025\/03\/797b8093-234c-413f-994e-c16f863422b6.jpg?resize=350%2C200&ssl=1 1x, https:\/\/i0.wp.com\/artstella-elixirs-floraux.com\/wp-content\/uploads\/2025\/03\/797b8093-234c-413f-994e-c16f863422b6.jpg?resize=525%2C300&ssl=1 1.5x, https:\/\/i0.wp.com\/artstella-elixirs-floraux.com\/wp-content\/uploads\/2025\/03\/797b8093-234c-413f-994e-c16f863422b6.jpg?resize=700%2C400&ssl=1 2x"},"classes":[]},{"id":2743,"url":"https:\/\/artstella-elixirs-floraux.com\/en\/product\/solaris-bush-30ml\/","url_meta":{"origin":4480,"position":4},"title":"SOLARIS BUSH 30ml","author":"eveapprill","date":"9 March 2025","format":false,"excerpt":"Solaris Contribue largement \u00e0 att\u00e9nuer la peur et le d\u00e9sarroi provoqu\u00e9s par l'incendie, le feu, la chaleur et le soleil en combattant les effets des ultra- violets et des radiations. Compos\u00e9 de Mulla Mulla, She oak et Spinifex.","rel":"","context":"Similar post","block_context":{"text":"Similar post","link":""},"img":{"alt_text":"","src":"https:\/\/i0.wp.com\/artstella-elixirs-floraux.com\/wp-content\/uploads\/2025\/03\/67fe5512-b4ff-4518-9255-d7d644ec8b3b.jpg?resize=350%2C200&ssl=1","width":350,"height":200,"srcset":"https:\/\/i0.wp.com\/artstella-elixirs-floraux.com\/wp-content\/uploads\/2025\/03\/67fe5512-b4ff-4518-9255-d7d644ec8b3b.jpg?resize=350%2C200&ssl=1 1x, https:\/\/i0.wp.com\/artstella-elixirs-floraux.com\/wp-content\/uploads\/2025\/03\/67fe5512-b4ff-4518-9255-d7d644ec8b3b.jpg?resize=525%2C300&ssl=1 1.5x, https:\/\/i0.wp.com\/artstella-elixirs-floraux.com\/wp-content\/uploads\/2025\/03\/67fe5512-b4ff-4518-9255-d7d644ec8b3b.jpg?resize=700%2C400&ssl=1 2x"},"classes":[]},{"id":2731,"url":"https:\/\/artstella-elixirs-floraux.com\/en\/product\/electro-bush-australien-30ml\/","url_meta":{"origin":4480,"position":5},"title":"ELECTRO BUSH AUSTRALIEN 30ml","author":"eveapprill","date":"9 March 2025","format":false,"excerpt":"Electro Peut \u00eatre utilis\u00e9 pour r\u00e9duire les effets n\u00e9fastes des radiations solaires et \u00e9lectromagn\u00e9tiques, ainsi que ceux induits par les radioth\u00e9rapies, les appareils \u00e9lectriques... Compos\u00e9 de Bush Fuschia, Crowea, Paw Paw, Fringed Violet, Mulla Mulla et Waratah.","rel":"","context":"Similar post","block_context":{"text":"Similar post","link":""},"img":{"alt_text":"","src":"https:\/\/i0.wp.com\/artstella-elixirs-floraux.com\/wp-content\/uploads\/2025\/03\/f82f91ab-588d-435b-af47-a9b6f992264f.jpg?resize=350%2C200&ssl=1","width":350,"height":200,"srcset":"https:\/\/i0.wp.com\/artstella-elixirs-floraux.com\/wp-content\/uploads\/2025\/03\/f82f91ab-588d-435b-af47-a9b6f992264f.jpg?resize=350%2C200&ssl=1 1x, https:\/\/i0.wp.com\/artstella-elixirs-floraux.com\/wp-content\/uploads\/2025\/03\/f82f91ab-588d-435b-af47-a9b6f992264f.jpg?resize=525%2C300&ssl=1 1.5x, https:\/\/i0.wp.com\/artstella-elixirs-floraux.com\/wp-content\/uploads\/2025\/03\/f82f91ab-588d-435b-af47-a9b6f992264f.jpg?resize=700%2C400&ssl=1 2x"},"classes":[]}],"_links":{"self":[{"href":"https:\/\/artstella-elixirs-floraux.com\/en\/wp-json\/wp\/v2\/product\/4480","targetHints":{"allow":["GET"]}}],"collection":[{"href":"https:\/\/artstella-elixirs-floraux.com\/en\/wp-json\/wp\/v2\/product"}],"about":[{"href":"https:\/\/artstella-elixirs-floraux.com\/en\/wp-json\/wp\/v2\/types\/product"}],"version-history":[{"count":0,"href":"https:\/\/artstella-elixirs-floraux.com\/en\/wp-json\/wp\/v2\/product\/4480\/revisions"}],"wp:featuredmedia":[{"embeddable":true,"href":"https:\/\/artstella-elixirs-floraux.com\/en\/wp-json\/wp\/v2\/media\/4481"}],"wp:attachment":[{"href":"https:\/\/artstella-elixirs-floraux.com\/en\/wp-json\/wp\/v2\/media?parent=4480"}],"wp:term":[{"taxonomy":"product_brand","embeddable":true,"href":"https:\/\/artstella-elixirs-floraux.com\/en\/wp-json\/wp\/v2\/product_brand?post=4480"},{"taxonomy":"product_cat","embeddable":true,"href":"https:\/\/artstella-elixirs-floraux.com\/en\/wp-json\/wp\/v2\/product_cat?post=4480"},{"taxonomy":"product_tag","embeddable":true,"href":"https:\/\/artstella-elixirs-floraux.com\/en\/wp-json\/wp\/v2\/product_tag?post=4480"}],"curies":[{"name":"wp","href":"https:\/\/api.w.org\/{rel}","templated":true}]}}