{"id":4501,"date":"2025-03-09T13:29:20","date_gmt":"2025-03-09T13:29:20","guid":{"rendered":"https:\/\/artstella-elixirs-floraux.com\/product\/wisteria-15-ml-bush\/"},"modified":"2025-04-03T16:48:54","modified_gmt":"2025-04-03T16:48:54","slug":"wisteria-15-ml-bush","status":"publish","type":"product","link":"https:\/\/artstella-elixirs-floraux.com\/en\/product\/wisteria-15-ml-bush\/","title":{"rendered":"WISTERIA 15 ML BUSH"},"content":{"rendered":"","protected":false},"excerpt":{"rendered":"<p><strong><em>Wisteria<\/em><\/strong><\/p>\n<p>Pour les femmes qui ne se sentent pas \u00e0 l\u2019aise avec leur sexualit\u00e9, peur qui a son origine dans l\u2019abus sexuel. Confiance, am\u00e9lioration de la vie sexuelle.<\/p>","protected":false},"featured_media":4502,"template":"","meta":[],"product_brand":[],"product_cat":[107],"product_tag":[],"class_list":{"0":"post-4501","1":"product","2":"type-product","3":"status-publish","4":"has-post-thumbnail","6":"product_cat-les-elixirs-de-fleurs-du-bush-australien","8":"first","9":"instock","10":"taxable","11":"shipping-taxable","12":"purchasable","13":"product-type-simple"},"etheme_brands":{"errors":{"invalid_taxonomy":["Invalid taxonomy."]},"error_data":[]},"jetpack_sharing_enabled":true,"jetpack-related-posts":[{"id":2078,"url":"https:\/\/artstella-elixirs-floraux.com\/en\/product\/balsam-poplar-alaskan\/","url_meta":{"origin":4501,"position":0},"title":"Balsam poplar Alaskan","author":"eveapprill","date":"9 March 2025","format":false,"excerpt":"BALSAM POPLAR \u00abAn\u00e9mie \u00bb \u00c9motionnel et sexuelle r\u00e9sultant la plupart du temps un choc traumatisme, voil\u00e0 manque de stabilit\u00e9.Permet la lib\u00e9ration de tensions physiques et \u00e9motionnelles associ\u00e9es \u00e0 un traumatisme sexuel ; \u00e9quilibre et contribue \u00e0 ancrer notre \u00e9nergie sexuelle.","rel":"","context":"Similar post","block_context":{"text":"Similar post","link":""},"img":{"alt_text":"","src":"https:\/\/i0.wp.com\/artstella-elixirs-floraux.com\/wp-content\/uploads\/2025\/03\/wp-image39.webp?resize=350%2C200&ssl=1","width":350,"height":200},"classes":[]},{"id":2627,"url":"https:\/\/artstella-elixirs-floraux.com\/en\/product\/billy-goat-plum-bush-15ml\/","url_meta":{"origin":4501,"position":1},"title":"BILLY GOAT PLUM BUSH 15ml","author":"eveapprill","date":"9 March 2025","format":false,"excerpt":"\u00a0BILLY GOAT PLUM\u00a0 D\u00e9go\u00fbt sexuel, r\u00e9pugnance envers son corps. Plaisir sexuel, accepter son propre corps.","rel":"","context":"Similar post","block_context":{"text":"Similar post","link":""},"img":{"alt_text":"","src":"https:\/\/i0.wp.com\/artstella-elixirs-floraux.com\/wp-content\/uploads\/2025\/03\/wp-image243.png?resize=350%2C200&ssl=1","width":350,"height":200},"classes":[]},{"id":2335,"url":"https:\/\/artstella-elixirs-floraux.com\/en\/product\/white-fireweed-alaskan\/","url_meta":{"origin":4501,"position":2},"title":"White fireweed Alaskan","author":"eveapprill","date":"9 March 2025","format":false,"excerpt":"White fireweed. Epilobium angustifolium. Epilobe Profond traumatisme et choc ; profonde ali\u00e9nation du corps apr\u00e8s un abus sexuel ou \u00e9motionnel.","rel":"","context":"Similar post","block_context":{"text":"Similar post","link":""},"img":{"alt_text":"","src":"https:\/\/i0.wp.com\/artstella-elixirs-floraux.com\/wp-content\/uploads\/2025\/03\/wp-image597.png?resize=350%2C200&ssl=1","width":350,"height":200},"classes":[]},{"id":2741,"url":"https:\/\/artstella-elixirs-floraux.com\/en\/product\/sexuality-bush-30-ml\/","url_meta":{"origin":4501,"position":3},"title":"SEXUALITY BUSH 30 ml","author":"eveapprill","date":"9 March 2025","format":false,"excerpt":"Sexuality Aide \u00e0 combattre la honte et les effets d'abus sexuels. Permet de se sentir \u00e0 l'aise dans son corps en l'acceptant pleinement.","rel":"","context":"Similar post","block_context":{"text":"Similar post","link":""},"img":{"alt_text":"","src":"https:\/\/i0.wp.com\/artstella-elixirs-floraux.com\/wp-content\/uploads\/2025\/03\/7c97458c-aad1-4c91-bbba-533f0a37ab5a.jpg?resize=350%2C200&ssl=1","width":350,"height":200,"srcset":"https:\/\/i0.wp.com\/artstella-elixirs-floraux.com\/wp-content\/uploads\/2025\/03\/7c97458c-aad1-4c91-bbba-533f0a37ab5a.jpg?resize=350%2C200&ssl=1 1x, https:\/\/i0.wp.com\/artstella-elixirs-floraux.com\/wp-content\/uploads\/2025\/03\/7c97458c-aad1-4c91-bbba-533f0a37ab5a.jpg?resize=525%2C300&ssl=1 1.5x, https:\/\/i0.wp.com\/artstella-elixirs-floraux.com\/wp-content\/uploads\/2025\/03\/7c97458c-aad1-4c91-bbba-533f0a37ab5a.jpg?resize=700%2C400&ssl=1 2x"},"classes":[]},{"id":3539,"url":"https:\/\/artstella-elixirs-floraux.com\/en\/product\/regulateur-de-la-base-lto-15-ml\/","url_meta":{"origin":4501,"position":4},"title":"R\u00e9gulateur de la base LTO 15 ML","author":"eveapprill","date":"9 March 2025","format":false,"excerpt":"R\u00e9gulateur de la base \/ Base Regulator (Bulbophyllum gracillimum)Profond sur les centres pelviens de m\u00eame que sur le chakra coronal. Il clarifie l\u2019exc\u00e8s d\u2019\u00e9nergies sexuelles. Il poss\u00e8de \u00e9galement une action sur le foie qui en r\u00e9duit la \u00ab\u00a0chaleur\u00a0\u00bb, permettant d\u2019\u00e9quilibrer l\u2019hyperglyc\u00e9mie.","rel":"","context":"Similar post","block_context":{"text":"Similar post","link":""},"img":{"alt_text":"","src":"https:\/\/i0.wp.com\/artstella-elixirs-floraux.com\/wp-content\/uploads\/2025\/03\/93c38b70-1e87-4a94-84ea-2c40152db0a3.jpg?resize=350%2C200&ssl=1","width":350,"height":200,"srcset":"https:\/\/i0.wp.com\/artstella-elixirs-floraux.com\/wp-content\/uploads\/2025\/03\/93c38b70-1e87-4a94-84ea-2c40152db0a3.jpg?resize=350%2C200&ssl=1 1x, https:\/\/i0.wp.com\/artstella-elixirs-floraux.com\/wp-content\/uploads\/2025\/03\/93c38b70-1e87-4a94-84ea-2c40152db0a3.jpg?resize=525%2C300&ssl=1 1.5x, https:\/\/i0.wp.com\/artstella-elixirs-floraux.com\/wp-content\/uploads\/2025\/03\/93c38b70-1e87-4a94-84ea-2c40152db0a3.jpg?resize=700%2C400&ssl=1 2x"},"classes":[]},{"id":3671,"url":"https:\/\/artstella-elixirs-floraux.com\/en\/product\/61-source-of-life-lto-15-ml\/","url_meta":{"origin":4501,"position":5},"title":"61. SOURCE OF LIFE LTO 15 ML","author":"eveapprill","date":"9 March 2025","format":false,"excerpt":"Source of Life \/ Source de vie Un\u00a0 \u00e9lixir unique pour s\u2019adresser aux aspects sexuels du 2\u00e8me chakra.\u00a0","rel":"","context":"Similar post","block_context":{"text":"Similar post","link":""},"img":{"alt_text":"","src":"https:\/\/i0.wp.com\/artstella-elixirs-floraux.com\/wp-content\/uploads\/2025\/03\/2246925e-0c0b-4269-8b46-a4b4ef4dce55.jpg?resize=350%2C200&ssl=1","width":350,"height":200,"srcset":"https:\/\/i0.wp.com\/artstella-elixirs-floraux.com\/wp-content\/uploads\/2025\/03\/2246925e-0c0b-4269-8b46-a4b4ef4dce55.jpg?resize=350%2C200&ssl=1 1x, https:\/\/i0.wp.com\/artstella-elixirs-floraux.com\/wp-content\/uploads\/2025\/03\/2246925e-0c0b-4269-8b46-a4b4ef4dce55.jpg?resize=525%2C300&ssl=1 1.5x, https:\/\/i0.wp.com\/artstella-elixirs-floraux.com\/wp-content\/uploads\/2025\/03\/2246925e-0c0b-4269-8b46-a4b4ef4dce55.jpg?resize=700%2C400&ssl=1 2x"},"classes":[]}],"_links":{"self":[{"href":"https:\/\/artstella-elixirs-floraux.com\/en\/wp-json\/wp\/v2\/product\/4501","targetHints":{"allow":["GET"]}}],"collection":[{"href":"https:\/\/artstella-elixirs-floraux.com\/en\/wp-json\/wp\/v2\/product"}],"about":[{"href":"https:\/\/artstella-elixirs-floraux.com\/en\/wp-json\/wp\/v2\/types\/product"}],"version-history":[{"count":0,"href":"https:\/\/artstella-elixirs-floraux.com\/en\/wp-json\/wp\/v2\/product\/4501\/revisions"}],"wp:featuredmedia":[{"embeddable":true,"href":"https:\/\/artstella-elixirs-floraux.com\/en\/wp-json\/wp\/v2\/media\/4502"}],"wp:attachment":[{"href":"https:\/\/artstella-elixirs-floraux.com\/en\/wp-json\/wp\/v2\/media?parent=4501"}],"wp:term":[{"taxonomy":"product_brand","embeddable":true,"href":"https:\/\/artstella-elixirs-floraux.com\/en\/wp-json\/wp\/v2\/product_brand?post=4501"},{"taxonomy":"product_cat","embeddable":true,"href":"https:\/\/artstella-elixirs-floraux.com\/en\/wp-json\/wp\/v2\/product_cat?post=4501"},{"taxonomy":"product_tag","embeddable":true,"href":"https:\/\/artstella-elixirs-floraux.com\/en\/wp-json\/wp\/v2\/product_tag?post=4501"}],"curies":[{"name":"wp","href":"https:\/\/api.w.org\/{rel}","templated":true}]}}