{"id":4511,"date":"2025-03-09T13:29:26","date_gmt":"2025-03-09T13:29:26","guid":{"rendered":"https:\/\/artstella-elixirs-floraux.com\/product\/cephalanthere-rouge-15ml-phi\/"},"modified":"2025-06-17T09:38:42","modified_gmt":"2025-06-17T09:38:42","slug":"cephalanthere-rouge-15ml-phi","status":"publish","type":"product","link":"https:\/\/artstella-elixirs-floraux.com\/en\/product\/cephalanthere-rouge-15ml-phi\/","title":{"rendered":"CEPHALANTHERE ROUGE 15ML PHI"},"content":{"rendered":"","protected":false},"excerpt":{"rendered":"<p><strong><em>Cephalanth\u00e8re rouge<br \/> (Cephalanthera rubra) (Rotes Waldv\u00f6gelchen)<\/em><\/strong><\/p>\n<p>Aide \u00e0 se focaliser sur un but. Contribue \u00e0 la structure de l&rsquo;esprit et renforce la concentration\u00a0<\/p>\n<p>la structure de l&rsquo;esprit et renforce la concentration<\/p>","protected":false},"featured_media":4512,"template":"","meta":[],"product_brand":[],"product_cat":[152],"product_tag":[],"class_list":{"0":"post-4511","1":"product","2":"type-product","3":"status-publish","4":"has-post-thumbnail","6":"product_cat-europeenne","8":"first","9":"instock","10":"taxable","11":"shipping-taxable","12":"purchasable","13":"product-type-simple"},"etheme_brands":{"errors":{"invalid_taxonomy":["Invalid taxonomy."]},"error_data":[]},"jetpack_sharing_enabled":true,"jetpack-related-posts":[{"id":3461,"url":"https:\/\/artstella-elixirs-floraux.com\/en\/product\/tremelle-gelatineuse-phi-15-ml\/","url_meta":{"origin":4511,"position":0},"title":"TREMELLE GELATINEUSE PHI 15 ML","author":"eveapprill","date":"9 March 2025","format":false,"excerpt":"Tremelle g\u00e9latineuse (Pseudohydnum gelatinosum) (Zitterzahn) L'\u00e9lixir favorise le recentrage, la concentration pour sortir de l'ind\u00e9cision. Il renforce \u00e9nerg\u00e9tiquement la structure cellulaire et aide notre propre force (chaleur) \u00e0 s'amasser dans notre centre au lieu d'\u00eatre gaspill\u00e9e.","rel":"","context":"Similar post","block_context":{"text":"Similar post","link":""},"img":{"alt_text":"","src":"https:\/\/i0.wp.com\/artstella-elixirs-floraux.com\/wp-content\/uploads\/2025\/03\/wp-image329.png?resize=350%2C200&ssl=1","width":350,"height":200},"classes":[]},{"id":5428,"url":"https:\/\/artstella-elixirs-floraux.com\/en\/product\/lamier-rouge-lamiun-red-henbit-10ml\/","url_meta":{"origin":4511,"position":1},"title":"Lamier rouge Lamiun Red Henbit 10ml","author":"eveapprill","date":"9 March 2025","format":false,"excerpt":"Lamier rouge - Lamium purpureum - Red Henbit \u00a0 am\u00e9liore le lien \u00e0 la terre et apporte de la joie dans les occupations terrestres. Donne de la clart\u00e9 dans les occupations chaotiques et \u00e9veille l\u2019esprit d\u2019ordre et de rangement.\u00a0","rel":"","context":"Similar post","block_context":{"text":"Similar post","link":""},"img":{"alt_text":"","src":"","width":0,"height":0},"classes":[]},{"id":6276,"url":"https:\/\/artstella-elixirs-floraux.com\/en\/product\/flor-de-lis-sylfos-15ml\/","url_meta":{"origin":4511,"position":2},"title":"FLOR de LIS SYLFOS 15ML","author":"eveapprill","date":"9 March 2025","format":false,"excerpt":"FLOR de LIS \/ LYS des AZTEQUES (Spekeliaformosissima) V\u00e9rit\u00e9 et Concentration. Protection psychique Convient \u00e0 ceux qui se trompent sur eux-m\u00eames ; \u00e0 ceux qui sont incapables de concentrer leur attention, de sorte qu'ils interrompent ce qu'ils font ou se perdent dans des pr\u00e9occupations sans rapport avec l'activit\u00e9 en cours,\u2026","rel":"","context":"Similar post","block_context":{"text":"Similar post","link":""},"img":{"alt_text":"","src":"https:\/\/i0.wp.com\/artstella-elixirs-floraux.com\/wp-content\/uploads\/2025\/03\/wp-image2227.png?resize=350%2C200&ssl=1","width":350,"height":200},"classes":[]},{"id":4277,"url":"https:\/\/artstella-elixirs-floraux.com\/en\/product\/tigre-wea-30-ml\/","url_meta":{"origin":4511,"position":3},"title":"TIGRE WEA 30 ML","author":"eveapprill","date":"9 March 2025","format":false,"excerpt":"Tiger (tigre) Pour calmer l\u2019esprit et arriver \u00e0 la conscience pure et brute et au pouvoir de l\u2019instant pr\u00e9sent. Apporte la force et la concentration. D\u00e9veloppe un sens de force et de ma\u00eetrise spirituelle. Pour d\u00e9velopper un esprit in\u00e9branlable.","rel":"","context":"Similar post","block_context":{"text":"Similar post","link":""},"img":{"alt_text":"","src":"https:\/\/i0.wp.com\/artstella-elixirs-floraux.com\/wp-content\/uploads\/2025\/03\/wp-image2280.png?resize=350%2C200&ssl=1","width":350,"height":200,"srcset":"https:\/\/i0.wp.com\/artstella-elixirs-floraux.com\/wp-content\/uploads\/2025\/03\/wp-image2280.png?resize=350%2C200&ssl=1 1x, https:\/\/i0.wp.com\/artstella-elixirs-floraux.com\/wp-content\/uploads\/2025\/03\/wp-image2280.png?resize=525%2C300&ssl=1 1.5x, https:\/\/i0.wp.com\/artstella-elixirs-floraux.com\/wp-content\/uploads\/2025\/03\/wp-image2280.png?resize=700%2C400&ssl=1 2x"},"classes":[]},{"id":3962,"url":"https:\/\/artstella-elixirs-floraux.com\/en\/product\/aigle-a-tete-blanche-15-ml-phi\/","url_meta":{"origin":4511,"position":4},"title":"AIGLE A TETE BLANCHE 15 ML PHI","author":"eveapprill","date":"9 March 2025","format":false,"excerpt":"Aigle \u00e0 t\u00eate blanche (Haliaetus leucocephalus) (Weisskopfseeadler) Il \u00e9tablit une clart\u00e9 de l\u2019esprit, renforce une vision plus large des choses,","rel":"","context":"Similar post","block_context":{"text":"Similar post","link":""},"img":{"alt_text":"","src":"","width":0,"height":0},"classes":[]},{"id":5162,"url":"https:\/\/artstella-elixirs-floraux.com\/en\/product\/corail-digitiforme-15-ml-phi\/","url_meta":{"origin":4511,"position":5},"title":"CORAIL DIGITIFORME 15 ML PHI","author":"eveapprill","date":"27 May 2025","format":false,"excerpt":"Corail digitiforme (Stylophora pistillata) Griffelkoralle Son \u00e9lixir agit \u00e9nerg\u00e9tiquement sur la structure et le squelette. Il renforce et permet d\u2019\u00e9tablir des structures. Il permet de se renforcer int\u00e9rieurement.","rel":"","context":"Similar post","block_context":{"text":"Similar post","link":""},"img":{"alt_text":"","src":"","width":0,"height":0},"classes":[]}],"_links":{"self":[{"href":"https:\/\/artstella-elixirs-floraux.com\/en\/wp-json\/wp\/v2\/product\/4511","targetHints":{"allow":["GET"]}}],"collection":[{"href":"https:\/\/artstella-elixirs-floraux.com\/en\/wp-json\/wp\/v2\/product"}],"about":[{"href":"https:\/\/artstella-elixirs-floraux.com\/en\/wp-json\/wp\/v2\/types\/product"}],"version-history":[{"count":1,"href":"https:\/\/artstella-elixirs-floraux.com\/en\/wp-json\/wp\/v2\/product\/4511\/revisions"}],"predecessor-version":[{"id":10789,"href":"https:\/\/artstella-elixirs-floraux.com\/en\/wp-json\/wp\/v2\/product\/4511\/revisions\/10789"}],"wp:featuredmedia":[{"embeddable":true,"href":"https:\/\/artstella-elixirs-floraux.com\/en\/wp-json\/wp\/v2\/media\/4512"}],"wp:attachment":[{"href":"https:\/\/artstella-elixirs-floraux.com\/en\/wp-json\/wp\/v2\/media?parent=4511"}],"wp:term":[{"taxonomy":"product_brand","embeddable":true,"href":"https:\/\/artstella-elixirs-floraux.com\/en\/wp-json\/wp\/v2\/product_brand?post=4511"},{"taxonomy":"product_cat","embeddable":true,"href":"https:\/\/artstella-elixirs-floraux.com\/en\/wp-json\/wp\/v2\/product_cat?post=4511"},{"taxonomy":"product_tag","embeddable":true,"href":"https:\/\/artstella-elixirs-floraux.com\/en\/wp-json\/wp\/v2\/product_tag?post=4511"}],"curies":[{"name":"wp","href":"https:\/\/api.w.org\/{rel}","templated":true}]}}