{"id":4527,"date":"2025-03-09T13:29:51","date_gmt":"2025-03-09T13:29:51","guid":{"rendered":"https:\/\/artstella-elixirs-floraux.com\/product\/collier-baleine-phi\/"},"modified":"2025-06-08T13:58:54","modified_gmt":"2025-06-08T13:58:54","slug":"collier-baleine-phi","status":"publish","type":"product","link":"https:\/\/artstella-elixirs-floraux.com\/en\/product\/collier-baleine-phi\/","title":{"rendered":"COLLIER BALEINE PHI"},"content":{"rendered":"<p>En verre souffl\u00e9 bleu. Son action active \u00e9nerg\u00e9tiquement l\u2019ouverture du c\u0153ur. Il aide \u00e0 vivre plus consciemment et \u00e0 mieux sentir sa place et son importance dans le monde. Apporte \u00e9galement un sentiment de pl\u00e9nitude et de compassion. Il est parfois utile de porter un petit quartz rose sur soi au d\u00e9but. Le verre est souffl\u00e9 \u00e0 la main dans une soci\u00e9t\u00e9 allemande sp\u00e9cialis\u00e9 dans ce domaine depuis le 14e si\u00e8cle.<\/p>","protected":false},"excerpt":{"rendered":"<p>Le pendentif \u00ab\u00a0Baleine\u00a0\u00bb<\/p>\n<p>En verre souffl\u00e9 bleu. L\u2019\u00e9lixir apporte une sensation de protection qui favorise l\u2019ouverture du c\u0153ur et permet de vivre plus consciemment et d\u2019\u2019\u00eatre plus conscient des buts de notre vie.<\/p>","protected":false},"featured_media":4528,"template":"","meta":[],"product_brand":[],"product_cat":[154],"product_tag":[],"class_list":{"0":"post-4527","1":"product","2":"type-product","3":"status-publish","4":"has-post-thumbnail","6":"product_cat-les-penditifs","8":"first","9":"instock","10":"taxable","11":"shipping-taxable","12":"purchasable","13":"product-type-simple"},"etheme_brands":{"errors":{"invalid_taxonomy":["Invalid taxonomy."]},"error_data":[]},"jetpack_sharing_enabled":true,"jetpack-related-posts":[{"id":3875,"url":"https:\/\/artstella-elixirs-floraux.com\/en\/product\/baleine-pilote-15ml-phi\/","url_meta":{"origin":4527,"position":0},"title":"BALEINE PILOTE 15ML PHI","author":"eveapprill","date":"9 March 2025","format":false,"excerpt":"Baleine (Globicephala melas) L\u2019\u00e9lixir agit sur le chakra du c\u0153ur, en l\u2019ouvrant largement. Ouvre notre conscience envers notre plan\u00e8te.","rel":"","context":"Similar post","block_context":{"text":"Similar post","link":""},"img":{"alt_text":"","src":"https:\/\/i0.wp.com\/artstella-elixirs-floraux.com\/wp-content\/uploads\/2025\/03\/wp-image2480.png?resize=350%2C200&ssl=1","width":350,"height":200,"srcset":"https:\/\/i0.wp.com\/artstella-elixirs-floraux.com\/wp-content\/uploads\/2025\/03\/wp-image2480.png?resize=350%2C200&ssl=1 1x, https:\/\/i0.wp.com\/artstella-elixirs-floraux.com\/wp-content\/uploads\/2025\/03\/wp-image2480.png?resize=525%2C300&ssl=1 1.5x, https:\/\/i0.wp.com\/artstella-elixirs-floraux.com\/wp-content\/uploads\/2025\/03\/wp-image2480.png?resize=700%2C400&ssl=1 2x, https:\/\/i0.wp.com\/artstella-elixirs-floraux.com\/wp-content\/uploads\/2025\/03\/wp-image2480.png?resize=1050%2C600&ssl=1 3x, https:\/\/i0.wp.com\/artstella-elixirs-floraux.com\/wp-content\/uploads\/2025\/03\/wp-image2480.png?resize=1400%2C800&ssl=1 4x"},"classes":[]},{"id":5852,"url":"https:\/\/artstella-elixirs-floraux.com\/en\/product\/la-baleine-a-bosse-humpbackwhale-15ml-phi\/","url_meta":{"origin":4527,"position":1},"title":"La baleine \u00e0 bosse (Humpbackwhale) 15ml PHI","author":"eveapprill","date":"9 March 2025","format":false,"excerpt":"La baleine \u00e0 bosse (Humpbackwhale)\u00a0 Cette baleine ouvre notre conscience \u00e0 la 5\u00e8me dimension. Nous pouvons nous connecter au-del\u00e0 de l\u2019espace et du temps \u00e0 l\u2019exp\u00e9rience int\u00e9rieure de la matrice et du son. Favorable aux exp\u00e9riences transpersonnelles et \u00e0 la m\u00e9ditation. Il est important que la personne soit bien enracin\u00e9e.","rel":"","context":"Similar post","block_context":{"text":"Similar post","link":""},"img":{"alt_text":"","src":"","width":0,"height":0},"classes":[]},{"id":3419,"url":"https:\/\/artstella-elixirs-floraux.com\/en\/product\/collier-delph-phi\/","url_meta":{"origin":4527,"position":2},"title":"COLLIER DELPH PHI","author":"eveapprill","date":"9 March 2025","format":false,"excerpt":"Le pendentif \u00ab\u00a0Delph\u00a0\u00bb en verre souffl\u00e9 transparent. Accroch\u00e9 \u00e0 une lani\u00e8re de cuir r\u00e9glable. Nous pouvons ainsi porter l'\u00e9lixir des dauphins directement sur le chakra du c\u0153ur. Son action est harmonisante.","rel":"","context":"Similar post","block_context":{"text":"Similar post","link":""},"img":{"alt_text":"","src":"https:\/\/i0.wp.com\/artstella-elixirs-floraux.com\/wp-content\/uploads\/2025\/03\/PENDENTIF-delph.jpg?resize=350%2C200&ssl=1","width":350,"height":200},"classes":[]},{"id":4854,"url":"https:\/\/artstella-elixirs-floraux.com\/en\/product\/pendentif-love-rose\/","url_meta":{"origin":4527,"position":3},"title":"Pendentif \u00ab\u00a0LOVE\u00a0\u00bb rose","author":"eveapprill","date":"9 March 2025","format":false,"excerpt":"Pendentif \u00ab\u00a0Love\u00a0\u00bb Pendentif de verre souffl\u00e9 en forme de c\u0153ur couleur rose, rempli avec les \u00e9lixirs Sydney Rose, Five Corners et Pink Flannel Flower, les \u00e9lixirs de l\u2019ouverture et de la protection du c\u0153ur","rel":"","context":"Similar post","block_context":{"text":"Similar post","link":""},"img":{"alt_text":"","src":"https:\/\/i0.wp.com\/artstella-elixirs-floraux.com\/wp-content\/uploads\/2025\/03\/wp-image1361.png?resize=350%2C200&ssl=1","width":350,"height":200,"srcset":"https:\/\/i0.wp.com\/artstella-elixirs-floraux.com\/wp-content\/uploads\/2025\/03\/wp-image1361.png?resize=350%2C200&ssl=1 1x, https:\/\/i0.wp.com\/artstella-elixirs-floraux.com\/wp-content\/uploads\/2025\/03\/wp-image1361.png?resize=525%2C300&ssl=1 1.5x"},"classes":[]},{"id":5854,"url":"https:\/\/artstella-elixirs-floraux.com\/en\/product\/baleine-franche-glattwal-southern-right-whale-phi\/","url_meta":{"origin":4527,"position":4},"title":"Baleine franche &#8211; Glattwal (Southern Right Whale) PHI","author":"eveapprill","date":"9 March 2025","format":false,"excerpt":"Baleine franche - Glattwal (Southern Right Whale) Cette baleine \u00e9met des sons sur un tr\u00e8s large spectre. Elle nous ouvre \u00e0 une exp\u00e9rience de la quatri\u00e8me et la cinqui\u00e8me dimension. Nous comprenons que nous sommes tous connect\u00e9s et que la s\u00e9paration est illusion. Accompagne les m\u00e9ditations et les exp\u00e9riences transpersonnelles.\u2026","rel":"","context":"Similar post","block_context":{"text":"Similar post","link":""},"img":{"alt_text":"","src":"","width":0,"height":0},"classes":[]},{"id":4856,"url":"https:\/\/artstella-elixirs-floraux.com\/en\/product\/pendentif-enfant-electro-bleu\/","url_meta":{"origin":4527,"position":5},"title":"Pendentif enfant \u2013 \u00ab Electro \u00bb (bleu)","author":"eveapprill","date":"9 March 2025","format":false,"excerpt":"Pendentif enfant \u2013 \u00ab\u00a0Electro\u00a0\u00bb (bleu) Pendentif pour enfant de plus de 8 ans en verre souffl\u00e9 couleur bleu, rempli avec les \u00e9lixirs d\u2019Electro (concentr\u00e9s)","rel":"","context":"Similar post","block_context":{"text":"Similar post","link":""},"img":{"alt_text":"","src":"https:\/\/i0.wp.com\/artstella-elixirs-floraux.com\/wp-content\/uploads\/2025\/03\/wp-image1362.png?resize=350%2C200&ssl=1","width":350,"height":200,"srcset":"https:\/\/i0.wp.com\/artstella-elixirs-floraux.com\/wp-content\/uploads\/2025\/03\/wp-image1362.png?resize=350%2C200&ssl=1 1x, https:\/\/i0.wp.com\/artstella-elixirs-floraux.com\/wp-content\/uploads\/2025\/03\/wp-image1362.png?resize=525%2C300&ssl=1 1.5x"},"classes":[]}],"_links":{"self":[{"href":"https:\/\/artstella-elixirs-floraux.com\/en\/wp-json\/wp\/v2\/product\/4527","targetHints":{"allow":["GET"]}}],"collection":[{"href":"https:\/\/artstella-elixirs-floraux.com\/en\/wp-json\/wp\/v2\/product"}],"about":[{"href":"https:\/\/artstella-elixirs-floraux.com\/en\/wp-json\/wp\/v2\/types\/product"}],"version-history":[{"count":0,"href":"https:\/\/artstella-elixirs-floraux.com\/en\/wp-json\/wp\/v2\/product\/4527\/revisions"}],"wp:featuredmedia":[{"embeddable":true,"href":"https:\/\/artstella-elixirs-floraux.com\/en\/wp-json\/wp\/v2\/media\/4528"}],"wp:attachment":[{"href":"https:\/\/artstella-elixirs-floraux.com\/en\/wp-json\/wp\/v2\/media?parent=4527"}],"wp:term":[{"taxonomy":"product_brand","embeddable":true,"href":"https:\/\/artstella-elixirs-floraux.com\/en\/wp-json\/wp\/v2\/product_brand?post=4527"},{"taxonomy":"product_cat","embeddable":true,"href":"https:\/\/artstella-elixirs-floraux.com\/en\/wp-json\/wp\/v2\/product_cat?post=4527"},{"taxonomy":"product_tag","embeddable":true,"href":"https:\/\/artstella-elixirs-floraux.com\/en\/wp-json\/wp\/v2\/product_tag?post=4527"}],"curies":[{"name":"wp","href":"https:\/\/api.w.org\/{rel}","templated":true}]}}