{"id":4529,"date":"2025-03-09T13:29:52","date_gmt":"2025-03-09T13:29:52","guid":{"rendered":"https:\/\/artstella-elixirs-floraux.com\/product\/collier-coeur-heart-phi\/"},"modified":"2025-06-08T13:58:53","modified_gmt":"2025-06-08T13:58:53","slug":"collier-coeur-heart-phi","status":"publish","type":"product","link":"https:\/\/artstella-elixirs-floraux.com\/en\/product\/collier-coeur-heart-phi\/","title":{"rendered":"COLLIER COEUR\/HEART PHI"},"content":{"rendered":"","protected":false},"excerpt":{"rendered":"<p>Le pendentif \u00ab\u00a0Heart\u00a0\u00bb\u00a0: Equilibre du c\u0153ur<\/p>\n<p>En verre souffl\u00e9 transparent avec une perle de quartz rose<\/p>","protected":false},"featured_media":4530,"template":"","meta":[],"product_brand":[],"product_cat":[154],"product_tag":[],"class_list":{"0":"post-4529","1":"product","2":"type-product","3":"status-publish","4":"has-post-thumbnail","6":"product_cat-les-penditifs","8":"first","9":"instock","10":"taxable","11":"shipping-taxable","12":"purchasable","13":"product-type-simple"},"etheme_brands":{"errors":{"invalid_taxonomy":["Invalid taxonomy."]},"error_data":[]},"jetpack_sharing_enabled":true,"jetpack-related-posts":[{"id":4527,"url":"https:\/\/artstella-elixirs-floraux.com\/en\/product\/collier-baleine-phi\/","url_meta":{"origin":4529,"position":0},"title":"COLLIER BALEINE PHI","author":"eveapprill","date":"9 March 2025","format":false,"excerpt":"Le pendentif \"Baleine\" En verre souffl\u00e9 bleu. L\u2019\u00e9lixir apporte une sensation de protection qui favorise l\u2019ouverture du c\u0153ur et permet de vivre plus consciemment et d\u2019\u2019\u00eatre plus conscient des buts de notre vie.","rel":"","context":"Similar post","block_context":{"text":"Similar post","link":""},"img":{"alt_text":"","src":"https:\/\/i0.wp.com\/artstella-elixirs-floraux.com\/wp-content\/uploads\/2025\/03\/wp-image2481.png?resize=350%2C200&ssl=1","width":350,"height":200},"classes":[]},{"id":4852,"url":"https:\/\/artstella-elixirs-floraux.com\/en\/product\/pendentif-passionate-heart\/","url_meta":{"origin":4529,"position":1},"title":"Pendentif \u00ab\u00a0Passionate heart\u00a0\u00bb","author":"eveapprill","date":"9 March 2025","format":false,"excerpt":"Pendentif \u00ab Passionate Heart\u00bb Pendentif de verre souffl\u00e9 en forme de coeur couleur rouge, rempli avec les \u00e9lixirs bush gardenia, flannel flower, little flannel flower, wedding bush et wisteria.","rel":"","context":"Similar post","block_context":{"text":"Similar post","link":""},"img":{"alt_text":"","src":"","width":0,"height":0},"classes":[]},{"id":3419,"url":"https:\/\/artstella-elixirs-floraux.com\/en\/product\/collier-delph-phi\/","url_meta":{"origin":4529,"position":2},"title":"COLLIER DELPH PHI","author":"eveapprill","date":"9 March 2025","format":false,"excerpt":"Le pendentif \u00ab\u00a0Delph\u00a0\u00bb en verre souffl\u00e9 transparent. Accroch\u00e9 \u00e0 une lani\u00e8re de cuir r\u00e9glable. Nous pouvons ainsi porter l'\u00e9lixir des dauphins directement sur le chakra du c\u0153ur. Son action est harmonisante.","rel":"","context":"Similar post","block_context":{"text":"Similar post","link":""},"img":{"alt_text":"","src":"https:\/\/i0.wp.com\/artstella-elixirs-floraux.com\/wp-content\/uploads\/2025\/03\/PENDENTIF-delph.jpg?resize=350%2C200&ssl=1","width":350,"height":200},"classes":[]},{"id":4531,"url":"https:\/\/artstella-elixirs-floraux.com\/en\/product\/collier-paradies-phi\/","url_meta":{"origin":4529,"position":3},"title":"COLLIER PARADIES PHI","author":"eveapprill","date":"9 March 2025","format":false,"excerpt":"Le pendentif \u00ab\u00a0Paradise\u00a0\u00bb\u00a0: Energie vitale En verre souffl\u00e9 transparent avec une perle de tourmaline noire Renforce l\u2019\u00e9nergie vitale ainsi que les pens\u00e9es positives. Aide les personnes dans les situations difficiles \u00e0 voir positivement et \u00e0 se relier au Divin.","rel":"","context":"Similar post","block_context":{"text":"Similar post","link":""},"img":{"alt_text":"","src":"","width":0,"height":0},"classes":[]},{"id":3798,"url":"https:\/\/artstella-elixirs-floraux.com\/en\/product\/heart-orchid-phi\/","url_meta":{"origin":4529,"position":4},"title":"HEART ORCHID PHI","author":"eveapprill","date":"9 March 2025","format":false,"excerpt":"Heart orchid (Laeliocattleya hybride) Cet \u00e9lixir \u00e9quilibre les \u00e9nergies au niveau du plexus solaire et les qualit\u00e9s du c\u0153ur. Il soutient et harmonise le chakra du c\u0153ur.","rel":"","context":"Similar post","block_context":{"text":"Similar post","link":""},"img":{"alt_text":"","src":"https:\/\/i0.wp.com\/artstella-elixirs-floraux.com\/wp-content\/uploads\/2025\/03\/wp-image510.png?resize=350%2C200&ssl=1","width":350,"height":200},"classes":[]},{"id":4525,"url":"https:\/\/artstella-elixirs-floraux.com\/en\/product\/collier-dauphin-rose-phi\/","url_meta":{"origin":4529,"position":5},"title":"COLLIER DAUPHIN ROSE PHI","author":"eveapprill","date":"9 March 2025","format":false,"excerpt":"Le pendentif \"Dauphin Rose\" En verre souffl\u00e9 rouge.Apporte une \u00e9nergie de douceur et de tendresse envers soi-m\u00eame. Harmonise les blessures \u00e9motionnelles en soutenant l\u2019\u00e9nergie f\u00e9minine. Il am\u00e9liore le contact avec la nature.","rel":"","context":"Similar post","block_context":{"text":"Similar post","link":""},"img":{"alt_text":"","src":"https:\/\/i0.wp.com\/artstella-elixirs-floraux.com\/wp-content\/uploads\/2025\/03\/wp-image1146.png?resize=350%2C200&ssl=1","width":350,"height":200},"classes":[]}],"_links":{"self":[{"href":"https:\/\/artstella-elixirs-floraux.com\/en\/wp-json\/wp\/v2\/product\/4529","targetHints":{"allow":["GET"]}}],"collection":[{"href":"https:\/\/artstella-elixirs-floraux.com\/en\/wp-json\/wp\/v2\/product"}],"about":[{"href":"https:\/\/artstella-elixirs-floraux.com\/en\/wp-json\/wp\/v2\/types\/product"}],"version-history":[{"count":0,"href":"https:\/\/artstella-elixirs-floraux.com\/en\/wp-json\/wp\/v2\/product\/4529\/revisions"}],"wp:featuredmedia":[{"embeddable":true,"href":"https:\/\/artstella-elixirs-floraux.com\/en\/wp-json\/wp\/v2\/media\/4530"}],"wp:attachment":[{"href":"https:\/\/artstella-elixirs-floraux.com\/en\/wp-json\/wp\/v2\/media?parent=4529"}],"wp:term":[{"taxonomy":"product_brand","embeddable":true,"href":"https:\/\/artstella-elixirs-floraux.com\/en\/wp-json\/wp\/v2\/product_brand?post=4529"},{"taxonomy":"product_cat","embeddable":true,"href":"https:\/\/artstella-elixirs-floraux.com\/en\/wp-json\/wp\/v2\/product_cat?post=4529"},{"taxonomy":"product_tag","embeddable":true,"href":"https:\/\/artstella-elixirs-floraux.com\/en\/wp-json\/wp\/v2\/product_tag?post=4529"}],"curies":[{"name":"wp","href":"https:\/\/api.w.org\/{rel}","templated":true}]}}