{"id":4531,"date":"2025-03-09T13:29:53","date_gmt":"2025-03-09T13:29:53","guid":{"rendered":"https:\/\/artstella-elixirs-floraux.com\/product\/collier-paradies-phi\/"},"modified":"2025-06-08T13:58:53","modified_gmt":"2025-06-08T13:58:53","slug":"collier-paradies-phi","status":"publish","type":"product","link":"https:\/\/artstella-elixirs-floraux.com\/en\/product\/collier-paradies-phi\/","title":{"rendered":"COLLIER PARADIES PHI"},"content":{"rendered":"","protected":false},"excerpt":{"rendered":"<p>Le pendentif \u00ab\u00a0Paradise\u00a0\u00bb\u00a0: Energie vitale<\/p>\n<p>En verre souffl\u00e9 transparent avec une perle de tourmaline noire<\/p>\n<p>Renforce l\u2019\u00e9nergie vitale ainsi que les pens\u00e9es positives. Aide les personnes dans les situations difficiles \u00e0 voir positivement et \u00e0 se relier au Divin.<\/p>","protected":false},"featured_media":4532,"template":"","meta":[],"product_brand":[],"product_cat":[154],"product_tag":[],"class_list":{"0":"post-4531","1":"product","2":"type-product","3":"status-publish","4":"has-post-thumbnail","6":"product_cat-les-penditifs","8":"first","9":"instock","10":"taxable","11":"shipping-taxable","12":"purchasable","13":"product-type-simple"},"etheme_brands":{"errors":{"invalid_taxonomy":["Invalid taxonomy."]},"error_data":[]},"jetpack_sharing_enabled":true,"jetpack-related-posts":[{"id":3685,"url":"https:\/\/artstella-elixirs-floraux.com\/en\/product\/69-vital-core-ltoe-15ml\/","url_meta":{"origin":4531,"position":0},"title":"VITAL CORE LTOE 15ML","author":"eveapprill","date":"9 March 2025","format":false,"excerpt":"Vital core \/ Centre vital Apporte une forte \u00e9nergie d\u2019enracinement et au 2\u00e8me chakra de m\u00eame qu\u2019au m\u00e9ridien de la v\u00e9sicule biliaire. Tout en ayant une action sur le chakra coronal, laryng\u00e9 et du c\u0153ur, celle-ci est principalement remarquable","rel":"","context":"Similar post","block_context":{"text":"Similar post","link":""},"img":{"alt_text":"","src":"https:\/\/i0.wp.com\/artstella-elixirs-floraux.com\/wp-content\/uploads\/2025\/03\/b7fd20da-5fb4-4b7c-83f1-7cba0c405f2b.jpg?resize=350%2C200&ssl=1","width":350,"height":200,"srcset":"https:\/\/i0.wp.com\/artstella-elixirs-floraux.com\/wp-content\/uploads\/2025\/03\/b7fd20da-5fb4-4b7c-83f1-7cba0c405f2b.jpg?resize=350%2C200&ssl=1 1x, https:\/\/i0.wp.com\/artstella-elixirs-floraux.com\/wp-content\/uploads\/2025\/03\/b7fd20da-5fb4-4b7c-83f1-7cba0c405f2b.jpg?resize=525%2C300&ssl=1 1.5x, https:\/\/i0.wp.com\/artstella-elixirs-floraux.com\/wp-content\/uploads\/2025\/03\/b7fd20da-5fb4-4b7c-83f1-7cba0c405f2b.jpg?resize=700%2C400&ssl=1 2x"},"classes":[]},{"id":6060,"url":"https:\/\/artstella-elixirs-floraux.com\/en\/product\/elixir-ocean-n16-phi-15ml\/","url_meta":{"origin":4531,"position":1},"title":"ELIXIR OCEAN N\u00b016 PHI 15ML","author":"eveapprill","date":"9 March 2025","format":false,"excerpt":"L\u2019\u00e9lixir agit \u00e9nerg\u00e9tiquement en lib\u00e9rant des vieux sch\u00e9mas et sentiments. Les limitations int\u00e9rieures peuvent \u00eatre transform\u00e9es et les blocages dissouts. Cela contribue \u00e0 am\u00e9liorer la confiance en soi et il est alors plus ais\u00e9 d\u2019aborder les autres de fa\u00e7on plus cordiale et sans pr\u00e9jug\u00e9s.","rel":"","context":"Similar post","block_context":{"text":"Similar post","link":""},"img":{"alt_text":"","src":"https:\/\/i0.wp.com\/artstella-elixirs-floraux.com\/wp-content\/uploads\/2025\/03\/wp-image2054.png?resize=350%2C200&ssl=1","width":350,"height":200},"classes":[]},{"id":3531,"url":"https:\/\/artstella-elixirs-floraux.com\/en\/product\/vital-lift-ltoe-15-ml\/","url_meta":{"origin":4531,"position":2},"title":"VITAL LIFT LTOE 15 ML","author":"eveapprill","date":"9 March 2025","format":false,"excerpt":"\u00c9nergie vitale\/Vital Lift Ce complexe calme, dynamise et invite \u00e0 habiter le corps. Il favorise \u00e9galement la concentration et l\u2019endurance n\u00e9cessaires au travail soutenu. Il fut cr\u00e9\u00e9 \u00e0 base de Double espresso et de Tr\u00e9fonds de l\u2019\u00eatre, dont l\u2019effet apaisant aide \u00e0 s\u2019aligner sur ses valeurs spirituelles.","rel":"","context":"Similar post","block_context":{"text":"Similar post","link":""},"img":{"alt_text":"Les compos\u00e9s living tree orchid\u00e9es","src":"https:\/\/i0.wp.com\/artstella-elixirs-floraux.com\/wp-content\/uploads\/2025\/03\/13643efd-b41f-4e38-8845-0013b9beda26.jpg?resize=350%2C200&ssl=1","width":350,"height":200,"srcset":"https:\/\/i0.wp.com\/artstella-elixirs-floraux.com\/wp-content\/uploads\/2025\/03\/13643efd-b41f-4e38-8845-0013b9beda26.jpg?resize=350%2C200&ssl=1 1x, https:\/\/i0.wp.com\/artstella-elixirs-floraux.com\/wp-content\/uploads\/2025\/03\/13643efd-b41f-4e38-8845-0013b9beda26.jpg?resize=525%2C300&ssl=1 1.5x, https:\/\/i0.wp.com\/artstella-elixirs-floraux.com\/wp-content\/uploads\/2025\/03\/13643efd-b41f-4e38-8845-0013b9beda26.jpg?resize=700%2C400&ssl=1 2x"},"classes":[]},{"id":6215,"url":"https:\/\/artstella-elixirs-floraux.com\/en\/product\/elixirs-ocean-n-28\/","url_meta":{"origin":4531,"position":3},"title":"ELIXIRS OCEAN N\u00b0 28","author":"eveapprill","date":"9 March 2025","format":false,"excerpt":"ELIXIRS OCEAN N\u00b0 28\u00a0\u00a0 am\u00e9liore force vitale et vitalit\u00e9. Il agit positivement sur tout l\u2019organisme, apportant clart\u00e9, nettoyage int\u00e9rieur et dynamisme. Il soutient les processus de groupe et la capacit\u00e9 de collaborer. Il aide \u00e0 rassembler les \u00e9nergies, c'est-\u00e0-dire d\u2019aligner la force du groupe sur un but commun.","rel":"","context":"Similar post","block_context":{"text":"Similar post","link":""},"img":{"alt_text":"","src":"https:\/\/i0.wp.com\/artstella-elixirs-floraux.com\/wp-content\/uploads\/2025\/03\/wp-image2202.png?resize=350%2C200&ssl=1","width":350,"height":200},"classes":[]},{"id":6076,"url":"https:\/\/artstella-elixirs-floraux.com\/en\/product\/vital-light-15-ml-ltoe\/","url_meta":{"origin":4531,"position":4},"title":"Vital Light 15 ml LTOE","author":"eveapprill","date":"9 March 2025","format":false,"excerpt":"Vital Light\u00a0- Cet \u00e9lixir cumule les effets de ces 3 composants, Vital core, Vital Clarity agisant sur les corps subtils inf\u00e9rieurs et Kuan Yin fluorite sur le chakra du c\u0153ur vers le haut. Invoquant un chariot mystique de l\u2019\u00e2me, le Merkabah. Vital Light est rafra\u00eechissant, apportant vitalit\u00e9 et \u00e9nergie.","rel":"","context":"Similar post","block_context":{"text":"Similar post","link":""},"img":{"alt_text":"","src":"https:\/\/i0.wp.com\/artstella-elixirs-floraux.com\/wp-content\/uploads\/2025\/03\/61681582-05e5-47ee-8b72-56d99fa23113.jpg?resize=350%2C200&ssl=1","width":350,"height":200,"srcset":"https:\/\/i0.wp.com\/artstella-elixirs-floraux.com\/wp-content\/uploads\/2025\/03\/61681582-05e5-47ee-8b72-56d99fa23113.jpg?resize=350%2C200&ssl=1 1x, https:\/\/i0.wp.com\/artstella-elixirs-floraux.com\/wp-content\/uploads\/2025\/03\/61681582-05e5-47ee-8b72-56d99fa23113.jpg?resize=525%2C300&ssl=1 1.5x, https:\/\/i0.wp.com\/artstella-elixirs-floraux.com\/wp-content\/uploads\/2025\/03\/61681582-05e5-47ee-8b72-56d99fa23113.jpg?resize=700%2C400&ssl=1 2x"},"classes":[]},{"id":5592,"url":"https:\/\/artstella-elixirs-floraux.com\/en\/product\/pyramide-guachimontes-15ml\/","url_meta":{"origin":4531,"position":5},"title":"PYRAMIDE GUACHIMONTES 15ML","author":"eveapprill","date":"9 March 2025","format":false,"excerpt":"Renforce et soutient l\u2019\u00e9nergie Yin. Il relie \u00e0 la terre M\u00e8re. L\u2019\u00e9nergie monte en spirale renfor\u00e7ant la force vitale dans un vortex d\u2019\u00e9nergie.","rel":"","context":"Similar post","block_context":{"text":"Similar post","link":""},"img":{"alt_text":"","src":"","width":0,"height":0},"classes":[]}],"_links":{"self":[{"href":"https:\/\/artstella-elixirs-floraux.com\/en\/wp-json\/wp\/v2\/product\/4531","targetHints":{"allow":["GET"]}}],"collection":[{"href":"https:\/\/artstella-elixirs-floraux.com\/en\/wp-json\/wp\/v2\/product"}],"about":[{"href":"https:\/\/artstella-elixirs-floraux.com\/en\/wp-json\/wp\/v2\/types\/product"}],"version-history":[{"count":0,"href":"https:\/\/artstella-elixirs-floraux.com\/en\/wp-json\/wp\/v2\/product\/4531\/revisions"}],"wp:featuredmedia":[{"embeddable":true,"href":"https:\/\/artstella-elixirs-floraux.com\/en\/wp-json\/wp\/v2\/media\/4532"}],"wp:attachment":[{"href":"https:\/\/artstella-elixirs-floraux.com\/en\/wp-json\/wp\/v2\/media?parent=4531"}],"wp:term":[{"taxonomy":"product_brand","embeddable":true,"href":"https:\/\/artstella-elixirs-floraux.com\/en\/wp-json\/wp\/v2\/product_brand?post=4531"},{"taxonomy":"product_cat","embeddable":true,"href":"https:\/\/artstella-elixirs-floraux.com\/en\/wp-json\/wp\/v2\/product_cat?post=4531"},{"taxonomy":"product_tag","embeddable":true,"href":"https:\/\/artstella-elixirs-floraux.com\/en\/wp-json\/wp\/v2\/product_tag?post=4531"}],"curies":[{"name":"wp","href":"https:\/\/api.w.org\/{rel}","templated":true}]}}