{"id":4537,"date":"2025-03-09T13:29:57","date_gmt":"2025-03-09T13:29:57","guid":{"rendered":"https:\/\/artstella-elixirs-floraux.com\/product\/coffret-fleurs-classiques-15-ml\/"},"modified":"2025-07-12T15:16:21","modified_gmt":"2025-07-12T15:16:21","slug":"coffret-fleurs-classiques-15-ml","status":"publish","type":"product","link":"https:\/\/artstella-elixirs-floraux.com\/en\/product\/coffret-fleurs-classiques-15-ml\/","title":{"rendered":"COFFRET FLEURS CLASSIQUES 15 ML"},"content":{"rendered":"<p>Les \u00e9lixirs de fleurs classiques correspondent aux fleurs mises au point par le Dr Bach pr\u00e9par\u00e9s avec la m\u00e9thode sans couper les fleurs par le cristal.<\/p>","protected":false},"excerpt":{"rendered":"<p><span style=\"color: #008000;\">Elixirs de fleurs classiques<\/span> :<\/p>\n<p>Correspondent aux 38 Fleurs de Bach avec le RQ5 rem\u00e8de d&rsquo;urgence aux 5 fleurs et le RQ7 rem\u00e8de d&rsquo;urgence aux 7 fleurs, r\u00e9alis\u00e9s avec la m\u00e9thode de transfert sans couper les fleurs.<\/p>","protected":false},"featured_media":4538,"template":"","meta":[],"product_brand":[],"product_cat":[127,108],"product_tag":[],"class_list":{"0":"post-4537","1":"product","2":"type-product","3":"status-publish","4":"has-post-thumbnail","6":"product_cat-les-fleurs-de-bach-phi","7":"product_cat-les-coffrets-phi","9":"first","10":"instock","11":"taxable","12":"shipping-taxable","13":"purchasable","14":"product-type-simple"},"etheme_brands":{"errors":{"invalid_taxonomy":["Invalid taxonomy."]},"error_data":[]},"jetpack_sharing_enabled":true,"jetpack-related-posts":[{"id":4518,"url":"https:\/\/artstella-elixirs-floraux.com\/en\/product\/rq7\/","url_meta":{"origin":4537,"position":0},"title":"RQ7","author":"eveapprill","date":"27 May 2025","format":false,"excerpt":"RQ7 M\u00e9lange de fleurs faisant partie de la gamme des fleurs classiques mises au point par le Dr Bach. Cet \u00e9lixir correspond au rem\u00e8de d\u2019urgence traditionnel. A. Korte y a ajout\u00e9 le Lotus pour l\u2019harmonisation et la Brunelle pour l\u2019auto gu\u00e9rison. Cet \u00e9lixir combat le stress, r\u00e9\u00e9quilibre et r\u00e9 harmonise\u2026","rel":"","context":"Similar post","block_context":{"text":"Similar post","link":""},"img":{"alt_text":"","src":"","width":0,"height":0},"classes":[]},{"id":6345,"url":"https:\/\/artstella-elixirs-floraux.com\/en\/product\/le-repertoire-des-humeurs-fleurs-de-bach\/","url_meta":{"origin":4537,"position":1},"title":"Le R\u00e9pertoire des humeurs Fleurs de Bach","author":"eveapprill","date":"9 March 2025","format":false,"excerpt":"Le R\u00e9pertoire des humeurs et des rem\u00e8des et dictionnaire des Fleurs de Bach par FJ Wheeler et T W Jones","rel":"","context":"Similar post","block_context":{"text":"Similar post","link":""},"img":{"alt_text":"","src":"https:\/\/i0.wp.com\/artstella-elixirs-floraux.com\/wp-content\/uploads\/2025\/03\/wp-image2348.png?resize=350%2C200&ssl=1","width":350,"height":200,"srcset":"https:\/\/i0.wp.com\/artstella-elixirs-floraux.com\/wp-content\/uploads\/2025\/03\/wp-image2348.png?resize=350%2C200&ssl=1 1x, https:\/\/i0.wp.com\/artstella-elixirs-floraux.com\/wp-content\/uploads\/2025\/03\/wp-image2348.png?resize=525%2C300&ssl=1 1.5x, https:\/\/i0.wp.com\/artstella-elixirs-floraux.com\/wp-content\/uploads\/2025\/03\/wp-image2348.png?resize=700%2C400&ssl=1 2x"},"classes":[]},{"id":5255,"url":"https:\/\/artstella-elixirs-floraux.com\/en\/product\/jeu-de-40-cartes-de-fleurs-classiques\/","url_meta":{"origin":4537,"position":2},"title":"Jeu de 40 cartes de Fleurs Classiques","author":"eveapprill","date":"9 March 2025","format":false,"excerpt":"Jeu de 40 cartes de Fleurs classiques repr\u00e9sentant les fleurs de Bach","rel":"","context":"Similar post","block_context":{"text":"Similar post","link":""},"img":{"alt_text":"","src":"https:\/\/i0.wp.com\/artstella-elixirs-floraux.com\/wp-content\/uploads\/2025\/03\/wp-image2489.png?resize=350%2C200&ssl=1","width":350,"height":200,"srcset":"https:\/\/i0.wp.com\/artstella-elixirs-floraux.com\/wp-content\/uploads\/2025\/03\/wp-image2489.png?resize=350%2C200&ssl=1 1x, https:\/\/i0.wp.com\/artstella-elixirs-floraux.com\/wp-content\/uploads\/2025\/03\/wp-image2489.png?resize=525%2C300&ssl=1 1.5x"},"classes":[]},{"id":6016,"url":"https:\/\/artstella-elixirs-floraux.com\/en\/product\/lessentiel-des-fleurs-de-bach\/","url_meta":{"origin":4537,"position":3},"title":"L&rsquo;essentiel des Fleurs de Bach","author":"eveapprill","date":"9 March 2025","format":false,"excerpt":"L'essentiel des Fleurs de Bach Editions Le Courrier du Livre Introduit de fa\u00e7on simple et pratique \u00e0 l'essentiel de ce qu'il faut conna\u00eetre sur ces rem\u00e8des floraux.","rel":"","context":"Similar post","block_context":{"text":"Similar post","link":""},"img":{"alt_text":"","src":"https:\/\/i0.wp.com\/artstella-elixirs-floraux.com\/wp-content\/uploads\/2025\/03\/wp-image2028.png?resize=350%2C200&ssl=1","width":350,"height":200},"classes":[]},{"id":2915,"url":"https:\/\/artstella-elixirs-floraux.com\/en\/product\/rq7-phi\/","url_meta":{"origin":4537,"position":4},"title":"RQ7 PHI","author":"eveapprill","date":"9 March 2025","format":false,"excerpt":"\u00a0RQ7 - Rem\u00e8de d\u2019urgence aux sept fleurs Ce m\u00e9lange comprend les cinq fleurs du RQ5 ainsi que la brunelle qui active les forces d'auto gu\u00e9rison et le lotus, pour son action harmonisante. Il s'utilise dans les cas d'urgence et de stress prolong\u00e9. On peut \u00e9galement l\u2019utiliser sous forme de spray\u2026","rel":"","context":"Similar post","block_context":{"text":"Similar post","link":""},"img":{"alt_text":"","src":"https:\/\/i0.wp.com\/artstella-elixirs-floraux.com\/wp-content\/uploads\/2025\/03\/wp-image1108.png?resize=350%2C200&ssl=1","width":350,"height":200},"classes":[]},{"id":5360,"url":"https:\/\/artstella-elixirs-floraux.com\/en\/product\/les-fleurs-de-bach-pascale-millier\/","url_meta":{"origin":4537,"position":5},"title":"LES FLEURS DE BACH PASCALE MILLIER","author":"eveapprill","date":"9 March 2025","format":false,"excerpt":"Dans la mouvance de l'hom\u00e9opathie, le docteur Bach a d\u00e9velopp\u00e9 une typologie de fleurs destin\u00e9e \u00e0 favoriser l'\u00e9quilibre \u00e9motionnel.\u00a0 239 pages.","rel":"","context":"Similar post","block_context":{"text":"Similar post","link":""},"img":{"alt_text":"","src":"https:\/\/i0.wp.com\/artstella-elixirs-floraux.com\/wp-content\/uploads\/2025\/03\/wp-image1647.png?resize=350%2C200&ssl=1","width":350,"height":200},"classes":[]}],"_links":{"self":[{"href":"https:\/\/artstella-elixirs-floraux.com\/en\/wp-json\/wp\/v2\/product\/4537","targetHints":{"allow":["GET"]}}],"collection":[{"href":"https:\/\/artstella-elixirs-floraux.com\/en\/wp-json\/wp\/v2\/product"}],"about":[{"href":"https:\/\/artstella-elixirs-floraux.com\/en\/wp-json\/wp\/v2\/types\/product"}],"version-history":[{"count":1,"href":"https:\/\/artstella-elixirs-floraux.com\/en\/wp-json\/wp\/v2\/product\/4537\/revisions"}],"predecessor-version":[{"id":11000,"href":"https:\/\/artstella-elixirs-floraux.com\/en\/wp-json\/wp\/v2\/product\/4537\/revisions\/11000"}],"wp:featuredmedia":[{"embeddable":true,"href":"https:\/\/artstella-elixirs-floraux.com\/en\/wp-json\/wp\/v2\/media\/4538"}],"wp:attachment":[{"href":"https:\/\/artstella-elixirs-floraux.com\/en\/wp-json\/wp\/v2\/media?parent=4537"}],"wp:term":[{"taxonomy":"product_brand","embeddable":true,"href":"https:\/\/artstella-elixirs-floraux.com\/en\/wp-json\/wp\/v2\/product_brand?post=4537"},{"taxonomy":"product_cat","embeddable":true,"href":"https:\/\/artstella-elixirs-floraux.com\/en\/wp-json\/wp\/v2\/product_cat?post=4537"},{"taxonomy":"product_tag","embeddable":true,"href":"https:\/\/artstella-elixirs-floraux.com\/en\/wp-json\/wp\/v2\/product_tag?post=4537"}],"curies":[{"name":"wp","href":"https:\/\/api.w.org\/{rel}","templated":true}]}}