{"id":4542,"date":"2025-03-09T13:30:03","date_gmt":"2025-03-09T13:30:03","guid":{"rendered":"https:\/\/artstella-elixirs-floraux.com\/product\/coffret-pierres-precieuses-15-ml\/"},"modified":"2025-04-23T13:16:23","modified_gmt":"2025-04-23T13:16:23","slug":"coffret-pierres-precieuses-15-ml","status":"publish","type":"product","link":"https:\/\/artstella-elixirs-floraux.com\/en\/product\/coffret-pierres-precieuses-15-ml\/","title":{"rendered":"COFFRET PIERRES PRECIEUSES 15 ML"},"content":{"rendered":"<p>Dans toutes les civilisations, elles ont \u00e9t\u00e9 appr\u00e9ci\u00e9es pour leur beaut\u00e9 et utilis\u00e9es pour leurs forces myst\u00e9rieuses. La tradition des temps anciens rapporte leurs effets b\u00e9n\u00e9fiques pour la sant\u00e9 des hommes, des animaux et m\u00eame des plantes. Les pierres pr\u00e9cieuses exercent leur action harmonisant selon leur forme cristalline, leur composition, leur couleur, leur vibration, leur transparence et leur duret\u00e9. Les \u00e9lixirs \u00ab\u00a0travaillent\u00a0\u00bb au niveau \u00e9nerg\u00e9tique<\/p>\n<p><strong>Comprend<\/strong> :amazonite, am\u00e9thyste, aigue marine, cristal de roche, diamant, cristal elestial, h\u00e9matite, pierre de lune, olivine, quartz fum\u00e9, quartz rose, rubis, quartz rutile, \u00e9meraude, topaze jaune, tourmaline bleue, tourmaline rose, tourmaline melon d&rsquo;eau, citrine.<\/p>","protected":false},"excerpt":{"rendered":"<p><strong>\u00a0Les 20 \u00e9lixirs de pierres pr\u00e9cieuses<\/strong><\/p>\n<p>Les pierres pr\u00e9cieuses sont un cadeau de la terre. Durant des millions d\u2019ann\u00e9es, elles se sont form\u00e9es en son sein jusqu\u2019\u00e0 ce que les hommes les d\u00e9couvrent et les mettent \u00e0 la lumi\u00e8re.<\/p>","protected":false},"featured_media":4543,"template":"","meta":[],"product_brand":[],"product_cat":[108,85],"product_tag":[],"class_list":{"0":"post-4542","1":"product","2":"type-product","3":"status-publish","4":"has-post-thumbnail","6":"product_cat-les-coffrets-phi","7":"product_cat-les-elixirs-de-pierres-precieuses","9":"first","10":"instock","11":"taxable","12":"shipping-taxable","13":"purchasable","14":"product-type-simple"},"etheme_brands":{"errors":{"invalid_taxonomy":["Invalid taxonomy."]},"error_data":[]},"jetpack_sharing_enabled":true,"jetpack-related-posts":[{"id":2968,"url":"https:\/\/artstella-elixirs-floraux.com\/en\/product\/tourmaline-rose-15-ml-phi\/","url_meta":{"origin":4542,"position":0},"title":"TOURMALINE ROSE 15 ML PHI","author":"eveapprill","date":"9 March 2025","format":false,"excerpt":"Tourmaline rose (Turmalin rosa) Lib\u00e8re le chakra du c\u0153ur de blocages r\u00e9sultant d'exp\u00e9riences n\u00e9gatives de la vie. Lib\u00e8re le chakra du c\u0153ur et l'harmonise. \u00a0","rel":"","context":"Similar post","block_context":{"text":"Similar post","link":""},"img":{"alt_text":"","src":"https:\/\/i0.wp.com\/artstella-elixirs-floraux.com\/wp-content\/uploads\/2025\/03\/wp-image309.png?resize=350%2C200&ssl=1","width":350,"height":200},"classes":[]},{"id":2928,"url":"https:\/\/artstella-elixirs-floraux.com\/en\/product\/cristal-de-roche-15-ml-phi\/","url_meta":{"origin":4542,"position":1},"title":"CRISTAL DE ROCHE 15 ML PHI","author":"eveapprill","date":"9 March 2025","format":false,"excerpt":"Cristal de roche (quartz incolore) (Bergkristal) A une action purifiante, d\u00e9sintoxicante sur le plan psychique. Il renforce la protection de l'aura.","rel":"","context":"Similar post","block_context":{"text":"Similar post","link":""},"img":{"alt_text":"","src":"https:\/\/i0.wp.com\/artstella-elixirs-floraux.com\/wp-content\/uploads\/2025\/03\/wp-image296.png?resize=350%2C200&ssl=1","width":350,"height":200},"classes":[]},{"id":2950,"url":"https:\/\/artstella-elixirs-floraux.com\/en\/product\/quartz-rose-15-ml-phi\/","url_meta":{"origin":4542,"position":2},"title":"QUARTZ ROSE 15 ML PHI","author":"eveapprill","date":"9 March 2025","format":false,"excerpt":"Quartz rose (Rosenquarz) Dissout la n\u00e9gativit\u00e9 par la douceur et l'amour. Apporte une vibration douce, calme et pleine d'amour, harmonise le corps \u00e9motionnel.","rel":"","context":"Similar post","block_context":{"text":"Similar post","link":""},"img":{"alt_text":"","src":"https:\/\/i0.wp.com\/artstella-elixirs-floraux.com\/wp-content\/uploads\/2025\/03\/wp-image637.png?resize=350%2C200&ssl=1","width":350,"height":200},"classes":[]},{"id":2974,"url":"https:\/\/artstella-elixirs-floraux.com\/en\/product\/tourmaline-melon-deau-15ml-phi\/","url_meta":{"origin":4542,"position":3},"title":"TOURMALINE MELON D&rsquo;EAU 15ML PHI","author":"eveapprill","date":"9 March 2025","format":false,"excerpt":"Tourmaline melon d\u2019eau (Wassermelonen Turmalin) Agit \u00e9nerg\u00e9tiquement sur la structuration et le renouvellement des cellules. Stimule les forces d'auto gu\u00e9rison","rel":"","context":"Similar post","block_context":{"text":"Similar post","link":""},"img":{"alt_text":"","src":"https:\/\/i0.wp.com\/artstella-elixirs-floraux.com\/wp-content\/uploads\/2025\/03\/wp-image311.png?resize=350%2C200&ssl=1","width":350,"height":200},"classes":[]},{"id":2971,"url":"https:\/\/artstella-elixirs-floraux.com\/en\/product\/tourmaline-noire-15-ml-phi\/","url_meta":{"origin":4542,"position":4},"title":"TOURMALINE NOIRE 15 ML PHI","author":"eveapprill","date":"9 March 2025","format":false,"excerpt":"Tourmaline noire (Turmalin schwarz) Aide les \u00eatres soumis aux rayonnements d'ordinateurs, d'appareils \u00e9lectriques et d'\u00e9crans. Contribue \u00e0 supprimer les vibrations n\u00e9gatives du corps et de l'esprit.","rel":"","context":"Similar post","block_context":{"text":"Similar post","link":""},"img":{"alt_text":"","src":"https:\/\/i0.wp.com\/artstella-elixirs-floraux.com\/wp-content\/uploads\/2025\/03\/wp-image310.png?resize=350%2C200&ssl=1","width":350,"height":200},"classes":[]},{"id":2964,"url":"https:\/\/artstella-elixirs-floraux.com\/en\/product\/tourmaline-bleue-15-ml-phi\/","url_meta":{"origin":4542,"position":5},"title":"TOURMALINE BLEUE 15 ML PHI","author":"eveapprill","date":"9 March 2025","format":false,"excerpt":"Tourmaline bleue (Indigolite) (Turmalin blau) D\u00e9noue les \u00e9motions bloqu\u00e9es au niveau du plexus solaire qui peuvent alors \u00eatre exprim\u00e9es verbalement. Correspond \u00e0 la partie r\u00e9ceptive de l'\u00eatre.","rel":"","context":"Similar post","block_context":{"text":"Similar post","link":""},"img":{"alt_text":"","src":"https:\/\/i0.wp.com\/artstella-elixirs-floraux.com\/wp-content\/uploads\/2025\/03\/wp-image308.png?resize=350%2C200&ssl=1","width":350,"height":200},"classes":[]}],"_links":{"self":[{"href":"https:\/\/artstella-elixirs-floraux.com\/en\/wp-json\/wp\/v2\/product\/4542","targetHints":{"allow":["GET"]}}],"collection":[{"href":"https:\/\/artstella-elixirs-floraux.com\/en\/wp-json\/wp\/v2\/product"}],"about":[{"href":"https:\/\/artstella-elixirs-floraux.com\/en\/wp-json\/wp\/v2\/types\/product"}],"version-history":[{"count":0,"href":"https:\/\/artstella-elixirs-floraux.com\/en\/wp-json\/wp\/v2\/product\/4542\/revisions"}],"wp:featuredmedia":[{"embeddable":true,"href":"https:\/\/artstella-elixirs-floraux.com\/en\/wp-json\/wp\/v2\/media\/4543"}],"wp:attachment":[{"href":"https:\/\/artstella-elixirs-floraux.com\/en\/wp-json\/wp\/v2\/media?parent=4542"}],"wp:term":[{"taxonomy":"product_brand","embeddable":true,"href":"https:\/\/artstella-elixirs-floraux.com\/en\/wp-json\/wp\/v2\/product_brand?post=4542"},{"taxonomy":"product_cat","embeddable":true,"href":"https:\/\/artstella-elixirs-floraux.com\/en\/wp-json\/wp\/v2\/product_cat?post=4542"},{"taxonomy":"product_tag","embeddable":true,"href":"https:\/\/artstella-elixirs-floraux.com\/en\/wp-json\/wp\/v2\/product_tag?post=4542"}],"curies":[{"name":"wp","href":"https:\/\/api.w.org\/{rel}","templated":true}]}}