{"id":4557,"date":"2025-03-09T13:30:18","date_gmt":"2025-03-09T13:30:18","guid":{"rendered":"https:\/\/artstella-elixirs-floraux.com\/product\/coffret-20-elixirs-de-champignons-15-ml-phi\/"},"modified":"2025-04-23T12:56:52","modified_gmt":"2025-04-23T12:56:52","slug":"coffret-20-elixirs-de-champignons-15-ml-phi","status":"publish","type":"product","link":"https:\/\/artstella-elixirs-floraux.com\/en\/product\/coffret-20-elixirs-de-champignons-15-ml-phi\/","title":{"rendered":"COFFRET 20 Elixirs de CHAMPIGNONS 15 ML PHI"},"content":{"rendered":"<p>Les champignons sont des plantes sans chlorophylle ce qui repr\u00e9sente une particularit\u00e9 dans le monde v\u00e9g\u00e9tal. Ils d\u00e9pendent de substances organiques qu&rsquo;ils puisent dans leur environnement. Les \u00e9lixirs agissent sur le corps \u00e9motionnel. Ils am\u00e8nent cette transformation sur le plan physique et permettent d&rsquo;int\u00e9grer l&rsquo;\u00e9nergie au niveau cellulaire.<\/p>","protected":false},"excerpt":{"rendered":"<p><strong><span style=\"color: #008000;\">Les 20 \u00e9lixirs de champignons :<\/span><\/strong><\/p>\n<p>Les 20 \u00e9lixirs de champignons sont plus r\u00e9cents dans la recherche PHI. Ils offrent une possibilit\u00e9 int\u00e9ressante de combinaison avec les \u00e9lixirs floraux.<\/p>","protected":false},"featured_media":4558,"template":"","meta":[],"product_brand":[],"product_cat":[108,93],"product_tag":[],"class_list":{"0":"post-4557","1":"product","2":"type-product","3":"status-publish","4":"has-post-thumbnail","6":"product_cat-les-coffrets-phi","7":"product_cat-les-elixirs-de-champignons","9":"first","10":"instock","11":"taxable","12":"shipping-taxable","13":"purchasable","14":"product-type-simple"},"etheme_brands":{"errors":{"invalid_taxonomy":["Invalid taxonomy."]},"error_data":[]},"jetpack_sharing_enabled":true,"jetpack-related-posts":[{"id":5269,"url":"https:\/\/artstella-elixirs-floraux.com\/en\/product\/jeu-de-20-cartes-de-champignons\/","url_meta":{"origin":4557,"position":0},"title":"Jeu de 20 cartes de champignons","author":"eveapprill","date":"9 March 2025","format":false,"excerpt":"Jeu de 20 cartes de champignons avec lesquels les \u00e9lixirs ont \u00e9t\u00e9 r\u00e9alis\u00e9s par Andr\u00e9as Korte","rel":"","context":"Similar post","block_context":{"text":"Similar post","link":""},"img":{"alt_text":"","src":"","width":0,"height":0},"classes":[]},{"id":3466,"url":"https:\/\/artstella-elixirs-floraux.com\/en\/product\/champ-amazonie-n2-15ml-phi\/","url_meta":{"origin":4557,"position":1},"title":"CHAMP AMAZONIE N2 15ML PHI","author":"eveapprill","date":"9 March 2025","format":false,"excerpt":"Champignon d\u2019Amazonie n\u00b02 (Pycnoporus sanguineus) (Porling) Permet un bon enracinement. Stimule les pieds, le premier chakra est reli\u00e9 \u00e0 la terre.","rel":"","context":"Similar post","block_context":{"text":"Similar post","link":""},"img":{"alt_text":"","src":"https:\/\/i0.wp.com\/artstella-elixirs-floraux.com\/wp-content\/uploads\/2025\/03\/wp-image331.png?resize=350%2C200&ssl=1","width":350,"height":200},"classes":[]},{"id":3441,"url":"https:\/\/artstella-elixirs-floraux.com\/en\/product\/tete-de-moine-15ml-phi\/","url_meta":{"origin":4557,"position":2},"title":"TETE DE MOINE 15ML PHI","author":"eveapprill","date":"9 March 2025","format":false,"excerpt":"T\u00eate de moine (Clitocybe geotropa) (M\u00f6nschskopf ) Lib\u00e8re les blocages et d\u00e9sordres du 1er et 2\u00e8me chakras. Il renforce la vitalit\u00e9 et nettoie \u00e9nerg\u00e9tiquement l'information de poison des champignons parasites. Son action nettoie et d\u00e9sintoxique \u00e9nerg\u00e9tiquement.","rel":"","context":"Similar post","block_context":{"text":"Similar post","link":""},"img":{"alt_text":"","src":"https:\/\/i0.wp.com\/artstella-elixirs-floraux.com\/wp-content\/uploads\/2025\/03\/wp-image321.png?resize=350%2C200&ssl=1","width":350,"height":200},"classes":[]},{"id":3464,"url":"https:\/\/artstella-elixirs-floraux.com\/en\/product\/champ-amazonie-n1-15-ml-phi\/","url_meta":{"origin":4557,"position":3},"title":"CHAMP AMAZONIE N1 15 ML PHI","author":"eveapprill","date":"9 March 2025","format":false,"excerpt":"Champignon d\u2019Amazonie n\u00b01 (Cordyceps) (Kernkeulen) L\u2019\u00e9lixir soutient et purifie le 2\u00e8me chakra et sur la zone des reins. Son action est tr\u00e8s profonde et permet d\u2019\u00e9vacuer les poisons \u00e9motionnels qui sont install\u00e9s au niveau corporel","rel":"","context":"Similar post","block_context":{"text":"Similar post","link":""},"img":{"alt_text":"","src":"https:\/\/i0.wp.com\/artstella-elixirs-floraux.com\/wp-content\/uploads\/2025\/03\/wp-image330.png?resize=350%2C200&ssl=1","width":350,"height":200},"classes":[]},{"id":3446,"url":"https:\/\/artstella-elixirs-floraux.com\/en\/product\/coulemelle-phi-15-ml\/","url_meta":{"origin":4557,"position":4},"title":"COULEMELLE PHI 15 ML","author":"eveapprill","date":"9 March 2025","format":false,"excerpt":"Coulemelle (Macrolepiota procera) (Parasol) Pour reconna\u00eetre et d\u00e9ployer son potentiel, d\u00e9couvrir sa vraie grandeur et l'accepter","rel":"","context":"Similar post","block_context":{"text":"Similar post","link":""},"img":{"alt_text":"","src":"https:\/\/i0.wp.com\/artstella-elixirs-floraux.com\/wp-content\/uploads\/2025\/03\/wp-image323.png?resize=350%2C200&ssl=1","width":350,"height":200},"classes":[]},{"id":3902,"url":"https:\/\/artstella-elixirs-floraux.com\/en\/product\/lichen-phi-n16-15-ml\/","url_meta":{"origin":4557,"position":5},"title":"LICHEN PHI n\u00b016 15 ML","author":"eveapprill","date":"9 March 2025","format":false,"excerpt":"Lichen (Stereocaulon vesuvianum Strauchf\u00f6rmige Flechte)Pour recommencer une vie nouvelle, apr\u00e8s des difficult\u00e9s. L\u2019\u00e9lixir renforce la volont\u00e9 (m\u00eame les petits pas).","rel":"","context":"Similar post","block_context":{"text":"Similar post","link":""},"img":{"alt_text":"","src":"https:\/\/i0.wp.com\/artstella-elixirs-floraux.com\/wp-content\/uploads\/2025\/03\/wp-image657.png?resize=350%2C200&ssl=1","width":350,"height":200},"classes":[]}],"_links":{"self":[{"href":"https:\/\/artstella-elixirs-floraux.com\/en\/wp-json\/wp\/v2\/product\/4557","targetHints":{"allow":["GET"]}}],"collection":[{"href":"https:\/\/artstella-elixirs-floraux.com\/en\/wp-json\/wp\/v2\/product"}],"about":[{"href":"https:\/\/artstella-elixirs-floraux.com\/en\/wp-json\/wp\/v2\/types\/product"}],"version-history":[{"count":0,"href":"https:\/\/artstella-elixirs-floraux.com\/en\/wp-json\/wp\/v2\/product\/4557\/revisions"}],"wp:featuredmedia":[{"embeddable":true,"href":"https:\/\/artstella-elixirs-floraux.com\/en\/wp-json\/wp\/v2\/media\/4558"}],"wp:attachment":[{"href":"https:\/\/artstella-elixirs-floraux.com\/en\/wp-json\/wp\/v2\/media?parent=4557"}],"wp:term":[{"taxonomy":"product_brand","embeddable":true,"href":"https:\/\/artstella-elixirs-floraux.com\/en\/wp-json\/wp\/v2\/product_brand?post=4557"},{"taxonomy":"product_cat","embeddable":true,"href":"https:\/\/artstella-elixirs-floraux.com\/en\/wp-json\/wp\/v2\/product_cat?post=4557"},{"taxonomy":"product_tag","embeddable":true,"href":"https:\/\/artstella-elixirs-floraux.com\/en\/wp-json\/wp\/v2\/product_tag?post=4557"}],"curies":[{"name":"wp","href":"https:\/\/api.w.org\/{rel}","templated":true}]}}