{"id":4563,"date":"2025-03-09T13:30:23","date_gmt":"2025-03-09T13:30:23","guid":{"rendered":"https:\/\/artstella-elixirs-floraux.com\/product\/coffret-10-elixirs-danimaux-dafrique\/"},"modified":"2025-06-08T12:51:22","modified_gmt":"2025-06-08T12:51:22","slug":"coffret-10-elixirs-danimaux-dafrique","status":"publish","type":"product","link":"https:\/\/artstella-elixirs-floraux.com\/en\/product\/coffret-10-elixirs-danimaux-dafrique\/","title":{"rendered":"COFFRET 10 \u00e9lixirs d&rsquo;ANIMAUX D&rsquo;AFRIQUE"},"content":{"rendered":"","protected":false},"excerpt":{"rendered":"<p><strong>Contient 10 flacon d&rsquo;\u00e9liixirs d&rsquo;animaux d&rsquo;Afrique<\/strong> :<\/p>\n<p>Singe, El\u00e9phant, Hippopotame, Gnou, L\u00e9opard, Lion, Rhinoc\u00e9ros, Autruche, Aigle \u00e0 t\u00ebte blanche, Serpent.<\/p>","protected":false},"featured_media":4564,"template":"","meta":[],"product_brand":[],"product_cat":[108,102],"product_tag":[],"class_list":{"0":"post-4563","1":"product","2":"type-product","3":"status-publish","4":"has-post-thumbnail","6":"product_cat-les-coffrets-phi","7":"product_cat-les-elixirs-d-animaux-d-afrique","9":"first","10":"instock","11":"taxable","12":"shipping-taxable","13":"purchasable","14":"product-type-simple"},"etheme_brands":{"errors":{"invalid_taxonomy":["Invalid taxonomy."]},"error_data":[]},"jetpack_sharing_enabled":true,"jetpack-related-posts":[{"id":1920,"url":"https:\/\/artstella-elixirs-floraux.com\/en\/product\/gnou-30-ml-phi\/","url_meta":{"origin":4563,"position":0},"title":"GNOU 30 ML PHI","author":"eveapprill","date":"27 May 2025","format":false,"excerpt":"","rel":"","context":"Similar post","block_context":{"text":"Similar post","link":""},"img":{"alt_text":"","src":"","width":0,"height":0},"classes":[]},{"id":1921,"url":"https:\/\/artstella-elixirs-floraux.com\/en\/product\/autruche-30-ml-phi\/","url_meta":{"origin":4563,"position":1},"title":"AUTRUCHE 30 ML PHI","author":"eveapprill","date":"27 May 2025","format":false,"excerpt":"","rel":"","context":"Similar post","block_context":{"text":"Similar post","link":""},"img":{"alt_text":"","src":"","width":0,"height":0},"classes":[]},{"id":3964,"url":"https:\/\/artstella-elixirs-floraux.com\/en\/product\/serpent-15ml-phi\/","url_meta":{"origin":4563,"position":2},"title":"SERPENT 15ML PHI","author":"eveapprill","date":"9 March 2025","format":false,"excerpt":"Serpent (Dendroaspis) (Schlange) Active nos forces d\u2019autogu\u00e9rison et apporte de l\u2019harmonie dans les situations \u00e9motionnelles empoisonn\u00e9es.","rel":"","context":"Similar post","block_context":{"text":"Similar post","link":""},"img":{"alt_text":"","src":"https:\/\/i0.wp.com\/artstella-elixirs-floraux.com\/wp-content\/uploads\/2025\/03\/wp-image730.png?resize=350%2C200&ssl=1","width":350,"height":200},"classes":[]},{"id":4157,"url":"https:\/\/artstella-elixirs-floraux.com\/en\/product\/coffret-10-animaux-chamaniques-15ml\/","url_meta":{"origin":4563,"position":3},"title":"COFFRET 10 ANIMAUX CHAMANIQUES 15ML","author":"eveapprill","date":"9 March 2025","format":false,"excerpt":"Contient les 10 animaux chamaniques Sylfos en 15ml","rel":"","context":"Similar post","block_context":{"text":"Similar post","link":""},"img":{"alt_text":"","src":"https:\/\/i0.wp.com\/artstella-elixirs-floraux.com\/wp-content\/uploads\/2025\/03\/wp-image1494.png?resize=350%2C200&ssl=1","width":350,"height":200,"srcset":"https:\/\/i0.wp.com\/artstella-elixirs-floraux.com\/wp-content\/uploads\/2025\/03\/wp-image1494.png?resize=350%2C200&ssl=1 1x, https:\/\/i0.wp.com\/artstella-elixirs-floraux.com\/wp-content\/uploads\/2025\/03\/wp-image1494.png?resize=525%2C300&ssl=1 1.5x, https:\/\/i0.wp.com\/artstella-elixirs-floraux.com\/wp-content\/uploads\/2025\/03\/wp-image1494.png?resize=700%2C400&ssl=1 2x"},"classes":[]},{"id":3946,"url":"https:\/\/artstella-elixirs-floraux.com\/en\/product\/hippopotame-15-ml-phi\/","url_meta":{"origin":4563,"position":4},"title":"HIPPOPOTAME 15 ML PHI","author":"eveapprill","date":"9 March 2025","format":false,"excerpt":"Hippopotame (Hippopotamus amphibius) Pour \u00eatre s\u00fbr de soi. L\u2019\u00e9lixir am\u00e9liore la paix int\u00e9rieure. Pour se laisser aller dans ses sentiments et \u00eatre authentique.","rel":"","context":"Similar post","block_context":{"text":"Similar post","link":""},"img":{"alt_text":"","src":"","width":0,"height":0},"classes":[]},{"id":3954,"url":"https:\/\/artstella-elixirs-floraux.com\/en\/product\/lion-phi-15-ml\/","url_meta":{"origin":4563,"position":5},"title":"LION PHI 15 ML","author":"eveapprill","date":"9 March 2025","format":false,"excerpt":"Lion (Panthera Leo) apporte la s\u00fbret\u00e9 et la confiance en soi. Il aide \u00e0 se reposer et \u00e0 appr\u00e9cier la vie. Nous sommes au milieu de l\u2019attention.","rel":"","context":"Similar post","block_context":{"text":"Similar post","link":""},"img":{"alt_text":"","src":"","width":0,"height":0},"classes":[]}],"_links":{"self":[{"href":"https:\/\/artstella-elixirs-floraux.com\/en\/wp-json\/wp\/v2\/product\/4563","targetHints":{"allow":["GET"]}}],"collection":[{"href":"https:\/\/artstella-elixirs-floraux.com\/en\/wp-json\/wp\/v2\/product"}],"about":[{"href":"https:\/\/artstella-elixirs-floraux.com\/en\/wp-json\/wp\/v2\/types\/product"}],"version-history":[{"count":0,"href":"https:\/\/artstella-elixirs-floraux.com\/en\/wp-json\/wp\/v2\/product\/4563\/revisions"}],"wp:featuredmedia":[{"embeddable":true,"href":"https:\/\/artstella-elixirs-floraux.com\/en\/wp-json\/wp\/v2\/media\/4564"}],"wp:attachment":[{"href":"https:\/\/artstella-elixirs-floraux.com\/en\/wp-json\/wp\/v2\/media?parent=4563"}],"wp:term":[{"taxonomy":"product_brand","embeddable":true,"href":"https:\/\/artstella-elixirs-floraux.com\/en\/wp-json\/wp\/v2\/product_brand?post=4563"},{"taxonomy":"product_cat","embeddable":true,"href":"https:\/\/artstella-elixirs-floraux.com\/en\/wp-json\/wp\/v2\/product_cat?post=4563"},{"taxonomy":"product_tag","embeddable":true,"href":"https:\/\/artstella-elixirs-floraux.com\/en\/wp-json\/wp\/v2\/product_tag?post=4563"}],"curies":[{"name":"wp","href":"https:\/\/api.w.org\/{rel}","templated":true}]}}