{"id":4565,"date":"2025-03-09T13:30:25","date_gmt":"2025-03-09T13:30:25","guid":{"rendered":"https:\/\/artstella-elixirs-floraux.com\/product\/coffret-complexes-elixirs-phi\/"},"modified":"2025-09-11T08:33:33","modified_gmt":"2025-09-11T08:33:33","slug":"coffret-complexes-elixirs-phi","status":"publish","type":"product","link":"https:\/\/artstella-elixirs-floraux.com\/en\/product\/coffret-complexes-elixirs-phi\/","title":{"rendered":"COFFRET COMPLEXES ELIXIRS PHI"},"content":{"rendered":"","protected":false},"excerpt":{"rendered":"<p><span style=\"color: #008000;\"><strong>Contient les 10 \u00e9lixirs compos\u00e9s de la gamme PHI pour r\u00e9\u00e9quilibrer l&rsquo;\u00e9nergie:<\/strong><\/span><\/p>\n<p><strong>Women<\/strong> \u00e9quilibre du f\u00e9minin, <strong>Men<\/strong> \u00e9quilibre du masculin, <strong>Joyful<\/strong> <strong>Sexuality<\/strong> sexualit\u00e9 heureuse, <strong>Forever<\/strong> <strong>Joung<\/strong>! Eternelle jeunesse <strong>Regeneration<\/strong>, <strong>Purification<\/strong>, Equilibre du <strong>Stress<\/strong>, <strong>Jetlag<\/strong> \/ <strong>Sleep<\/strong> d\u00e9calage horaire \/ sommeil, <strong>Heart<\/strong> \u00e9quilibre du coeur, <strong>Protection<\/strong><\/p>","protected":false},"featured_media":4566,"template":"","meta":[],"product_brand":[],"product_cat":[108],"product_tag":[],"class_list":{"0":"post-4565","1":"product","2":"type-product","3":"status-publish","4":"has-post-thumbnail","6":"product_cat-les-coffrets-phi","8":"first","9":"instock","10":"taxable","11":"shipping-taxable","12":"purchasable","13":"product-type-simple"},"etheme_brands":{"errors":{"invalid_taxonomy":["Invalid taxonomy."]},"error_data":[]},"jetpack_sharing_enabled":true,"jetpack-related-posts":[{"id":4529,"url":"https:\/\/artstella-elixirs-floraux.com\/en\/product\/collier-coeur-heart-phi\/","url_meta":{"origin":4565,"position":0},"title":"COLLIER COEUR\/HEART PHI","author":"eveapprill","date":"9 March 2025","format":false,"excerpt":"Le pendentif \u00ab\u00a0Heart\u00a0\u00bb\u00a0: Equilibre du c\u0153ur En verre souffl\u00e9 transparent avec une perle de quartz rose","rel":"","context":"Similar post","block_context":{"text":"Similar post","link":""},"img":{"alt_text":"","src":"","width":0,"height":0},"classes":[]},{"id":2988,"url":"https:\/\/artstella-elixirs-floraux.com\/en\/product\/chrysoberyl-phi-15-ml\/","url_meta":{"origin":4565,"position":1},"title":"CHRYSOBERYL PHI 15 ML","author":"eveapprill","date":"9 March 2025","format":false,"excerpt":"Chrysob\u00e9ril (Chrysoberyl) Am\u00e9liore les capacit\u00e9s intellectuelles, l'\u00e9quilibre, la purification. Il apporte un soutient \u00e9nerg\u00e9tique aux yeux.","rel":"","context":"Similar post","block_context":{"text":"Similar post","link":""},"img":{"alt_text":"","src":"https:\/\/i0.wp.com\/artstella-elixirs-floraux.com\/wp-content\/uploads\/2025\/03\/wp-image624.png?resize=350%2C200&ssl=1","width":350,"height":200,"srcset":"https:\/\/i0.wp.com\/artstella-elixirs-floraux.com\/wp-content\/uploads\/2025\/03\/wp-image624.png?resize=350%2C200&ssl=1 1x, https:\/\/i0.wp.com\/artstella-elixirs-floraux.com\/wp-content\/uploads\/2025\/03\/wp-image624.png?resize=525%2C300&ssl=1 1.5x, https:\/\/i0.wp.com\/artstella-elixirs-floraux.com\/wp-content\/uploads\/2025\/03\/wp-image624.png?resize=700%2C400&ssl=1 2x, https:\/\/i0.wp.com\/artstella-elixirs-floraux.com\/wp-content\/uploads\/2025\/03\/wp-image624.png?resize=1050%2C600&ssl=1 3x"},"classes":[]},{"id":6048,"url":"https:\/\/artstella-elixirs-floraux.com\/en\/product\/elixir-ocean-n10-phi-15ml\/","url_meta":{"origin":4565,"position":2},"title":"ELIXIR OCEAN N\u00b010 PHI 15ML","author":"eveapprill","date":"9 March 2025","format":false,"excerpt":"L\u2019\u00e9lixir aide \u00e0 \u00e9quilibrer nos \u00e9motions et notre Ego. De cette fa\u00e7on, nous pouvons mieux nous int\u00e9grer dans un groupe et agir de fa\u00e7on coordonn\u00e9e. Il nous aide \u00e9nerg\u00e9tiquement (cellules, groupes) \u00e0 int\u00e9grer des structures et soutient la collaboration pour le succ\u00e8s de tous. Coordination et harmonisation.","rel":"","context":"Similar post","block_context":{"text":"Similar post","link":""},"img":{"alt_text":"","src":"https:\/\/i0.wp.com\/artstella-elixirs-floraux.com\/wp-content\/uploads\/2025\/03\/wp-image2048.png?resize=350%2C200&ssl=1","width":350,"height":200},"classes":[]},{"id":3798,"url":"https:\/\/artstella-elixirs-floraux.com\/en\/product\/heart-orchid-phi\/","url_meta":{"origin":4565,"position":3},"title":"HEART ORCHID PHI","author":"eveapprill","date":"9 March 2025","format":false,"excerpt":"Heart orchid (Laeliocattleya hybride) Cet \u00e9lixir \u00e9quilibre les \u00e9nergies au niveau du plexus solaire et les qualit\u00e9s du c\u0153ur. Il soutient et harmonise le chakra du c\u0153ur.","rel":"","context":"Similar post","block_context":{"text":"Similar post","link":""},"img":{"alt_text":"","src":"https:\/\/i0.wp.com\/artstella-elixirs-floraux.com\/wp-content\/uploads\/2025\/03\/wp-image510.png?resize=350%2C200&ssl=1","width":350,"height":200},"classes":[]},{"id":3802,"url":"https:\/\/artstella-elixirs-floraux.com\/en\/product\/higher-self-orchid-phi\/","url_meta":{"origin":4565,"position":4},"title":"HIGHER SELF ORCHID PHI","author":"eveapprill","date":"9 March 2025","format":false,"excerpt":"Cet \u00e9lixir \u00e9quilibre les \u00e9nergies au niveau du plexus solaire et les qualit\u00e9s du c\u0153ur. Il soutient et harmonise le chakra du c\u0153ur.","rel":"","context":"Similar post","block_context":{"text":"Similar post","link":""},"img":{"alt_text":"","src":"https:\/\/i0.wp.com\/artstella-elixirs-floraux.com\/wp-content\/uploads\/2025\/03\/wp-image511.png?resize=350%2C200&ssl=1","width":350,"height":200},"classes":[]},{"id":2977,"url":"https:\/\/artstella-elixirs-floraux.com\/en\/product\/citrine-15-ml-phi\/","url_meta":{"origin":4565,"position":5},"title":"CITRINE 15 ML PHI","author":"eveapprill","date":"9 March 2025","format":false,"excerpt":"Citrine (Zitrin) \u00c9quilibre les \u00e9motions au niveau du plexus solaire et renforce la confiance en soi, l'intuition et le sens de la communaut\u00e9. Stimule le troisi\u00e8me \u0153il et le chakra coronal.","rel":"","context":"Similar post","block_context":{"text":"Similar post","link":""},"img":{"alt_text":"","src":"https:\/\/i0.wp.com\/artstella-elixirs-floraux.com\/wp-content\/uploads\/2025\/03\/wp-image312.png?resize=350%2C200&ssl=1","width":350,"height":200},"classes":[]}],"_links":{"self":[{"href":"https:\/\/artstella-elixirs-floraux.com\/en\/wp-json\/wp\/v2\/product\/4565","targetHints":{"allow":["GET"]}}],"collection":[{"href":"https:\/\/artstella-elixirs-floraux.com\/en\/wp-json\/wp\/v2\/product"}],"about":[{"href":"https:\/\/artstella-elixirs-floraux.com\/en\/wp-json\/wp\/v2\/types\/product"}],"version-history":[{"count":1,"href":"https:\/\/artstella-elixirs-floraux.com\/en\/wp-json\/wp\/v2\/product\/4565\/revisions"}],"predecessor-version":[{"id":11435,"href":"https:\/\/artstella-elixirs-floraux.com\/en\/wp-json\/wp\/v2\/product\/4565\/revisions\/11435"}],"wp:featuredmedia":[{"embeddable":true,"href":"https:\/\/artstella-elixirs-floraux.com\/en\/wp-json\/wp\/v2\/media\/4566"}],"wp:attachment":[{"href":"https:\/\/artstella-elixirs-floraux.com\/en\/wp-json\/wp\/v2\/media?parent=4565"}],"wp:term":[{"taxonomy":"product_brand","embeddable":true,"href":"https:\/\/artstella-elixirs-floraux.com\/en\/wp-json\/wp\/v2\/product_brand?post=4565"},{"taxonomy":"product_cat","embeddable":true,"href":"https:\/\/artstella-elixirs-floraux.com\/en\/wp-json\/wp\/v2\/product_cat?post=4565"},{"taxonomy":"product_tag","embeddable":true,"href":"https:\/\/artstella-elixirs-floraux.com\/en\/wp-json\/wp\/v2\/product_tag?post=4565"}],"curies":[{"name":"wp","href":"https:\/\/api.w.org\/{rel}","templated":true}]}}