{"id":4579,"date":"2025-03-09T13:30:37","date_gmt":"2025-03-09T13:30:37","guid":{"rendered":"https:\/\/artstella-elixirs-floraux.com\/product\/coffret-pyramide-light-frequency\/"},"modified":"2025-08-06T15:55:06","modified_gmt":"2025-08-06T15:55:06","slug":"coffret-pyramide-light-frequency","status":"publish","type":"product","link":"https:\/\/artstella-elixirs-floraux.com\/en\/product\/coffret-pyramide-light-frequency\/","title":{"rendered":"COFFRET PYRAMIDE LIGHT FREQUENCY"},"content":{"rendered":"","protected":false},"excerpt":{"rendered":"<p>COFFRET PYRAMIDE LIGTH FREQUENCY 10 ML contient les 7 \u00e9lixirs Fr\u00e9quences de Lumi\u00e8res soit Amazon, Antarctic, Arctic, China, Lac Baikal, Madagascar et Mont Pinatubo.<\/p>","protected":false},"featured_media":4580,"template":"","meta":[],"product_brand":[],"product_cat":[156,125,107],"product_tag":[],"class_list":{"0":"post-4579","1":"product","2":"type-product","3":"status-publish","4":"has-post-thumbnail","6":"product_cat-les-coffrets","7":"product_cat-les-elixirs-ligth-frequences","8":"product_cat-les-elixirs-de-fleurs-du-bush-australien","10":"first","11":"instock","12":"taxable","13":"shipping-taxable","14":"purchasable","15":"product-type-simple"},"etheme_brands":{"errors":{"invalid_taxonomy":["Invalid taxonomy."]},"error_data":[]},"jetpack_sharing_enabled":true,"jetpack-related-posts":[{"id":6167,"url":"https:\/\/artstella-elixirs-floraux.com\/en\/product\/coffret-11-elixirs-phi-pyramides-15-ml\/","url_meta":{"origin":4579,"position":0},"title":"COFFRET 11 ELIXIRS PHI PYRAMIDES 15 ML","author":"eveapprill","date":"9 March 2025","format":false,"excerpt":"Ce coffret contient les 11 \u00e9lixirs de pyramides PHI en 15ml","rel":"","context":"Similar post","block_context":{"text":"Similar post","link":""},"img":{"alt_text":"","src":"","width":0,"height":0},"classes":[]},{"id":4581,"url":"https:\/\/artstella-elixirs-floraux.com\/en\/product\/coffret-pyramide-white-light\/","url_meta":{"origin":4579,"position":1},"title":"COFFRET PYRAMIDE WHITE LIGHT","author":"eveapprill","date":"9 March 2025","format":false,"excerpt":"Le COFFRET PYRAMIDE WHITE LIGHT contient les 7 \u00e9lixirs White Light, Lumi\u00e8re Blanche, soit Water \/ Eau, Earth \/ Terre, Fire \/ feu, Air, Devic, Higher self \/ moi sup\u00e9rieur et Angelic \/ Ang\u00e9lique, un livret en anglais et 1 CD Le livret en fran\u00e7ais est offert dans la mesure\u2026","rel":"","context":"Similar post","block_context":{"text":"Similar post","link":""},"img":{"alt_text":"","src":"","width":0,"height":0},"classes":[]},{"id":6165,"url":"https:\/\/artstella-elixirs-floraux.com\/en\/product\/pyramide-saqqarah-phi-15ml\/","url_meta":{"origin":4579,"position":2},"title":"PYRAMIDE SAQQARAH PHI 15ML","author":"eveapprill","date":"9 March 2025","format":false,"excerpt":"Pyramide Saqqarah La plus ancienne pyramide, a \u00e9t\u00e9 utilis\u00e9e pour l'initiation. L\u2019\u00e9lixir renforce \u00e9nerg\u00e9tiquement et aide \u00e0 lib\u00e9rer des anciennes informations sur la douleur. Agit comme un tonique \u00e9nerg\u00e9tique, l\u2019estime de soi est augment\u00e9e","rel":"","context":"Similar post","block_context":{"text":"Similar post","link":""},"img":{"alt_text":"","src":"https:\/\/i0.wp.com\/artstella-elixirs-floraux.com\/wp-content\/uploads\/2025\/03\/wp-image2168.png?resize=350%2C200&ssl=1","width":350,"height":200,"srcset":"https:\/\/i0.wp.com\/artstella-elixirs-floraux.com\/wp-content\/uploads\/2025\/03\/wp-image2168.png?resize=350%2C200&ssl=1 1x, https:\/\/i0.wp.com\/artstella-elixirs-floraux.com\/wp-content\/uploads\/2025\/03\/wp-image2168.png?resize=525%2C300&ssl=1 1.5x, https:\/\/i0.wp.com\/artstella-elixirs-floraux.com\/wp-content\/uploads\/2025\/03\/wp-image2168.png?resize=700%2C400&ssl=1 2x"},"classes":[]},{"id":3090,"url":"https:\/\/artstella-elixirs-floraux.com\/en\/product\/pyramide-guimar-15ml-phi\/","url_meta":{"origin":4579,"position":3},"title":"PYRAMIDE GUIMAR 15ML PHI","author":"eveapprill","date":"9 March 2025","format":false,"excerpt":"Apporte un ancrage en douceur","rel":"","context":"Similar post","block_context":{"text":"Similar post","link":""},"img":{"alt_text":"","src":"","width":0,"height":0},"classes":[]},{"id":3097,"url":"https:\/\/artstella-elixirs-floraux.com\/en\/product\/pyramide-chichenitza-15ml-phi\/","url_meta":{"origin":4579,"position":4},"title":"PYRAMIDE CHICHENITZA 15ML PHI","author":"eveapprill","date":"9 March 2025","format":false,"excerpt":"Soutient l\u2019ancrage et la protection","rel":"","context":"Similar post","block_context":{"text":"Similar post","link":""},"img":{"alt_text":"","src":"","width":0,"height":0},"classes":[]},{"id":5588,"url":"https:\/\/artstella-elixirs-floraux.com\/en\/product\/pyramide-kephren-phi-15-ml\/","url_meta":{"origin":4579,"position":5},"title":"PYRAMIDE Kephren PHI 15 ML","author":"eveapprill","date":"9 March 2025","format":false,"excerpt":"Pyramide de Kh\u00e9phren En partant du chakra du c\u0153ur, cette \u00e9nergie monte et communique avec le corps mental et les chakras sup\u00e9rieurs. L\u2019\u00e9lixir active \u00e9nergiquement le cerveau. Pour \u00e9quilibrer \u00e9nergiquement\u00a0 notre \u00e9volution.","rel":"","context":"Similar post","block_context":{"text":"Similar post","link":""},"img":{"alt_text":"","src":"https:\/\/i0.wp.com\/artstella-elixirs-floraux.com\/wp-content\/uploads\/2025\/03\/wp-image2169.png?resize=350%2C200&ssl=1","width":350,"height":200,"srcset":"https:\/\/i0.wp.com\/artstella-elixirs-floraux.com\/wp-content\/uploads\/2025\/03\/wp-image2169.png?resize=350%2C200&ssl=1 1x, https:\/\/i0.wp.com\/artstella-elixirs-floraux.com\/wp-content\/uploads\/2025\/03\/wp-image2169.png?resize=525%2C300&ssl=1 1.5x, https:\/\/i0.wp.com\/artstella-elixirs-floraux.com\/wp-content\/uploads\/2025\/03\/wp-image2169.png?resize=700%2C400&ssl=1 2x"},"classes":[]}],"_links":{"self":[{"href":"https:\/\/artstella-elixirs-floraux.com\/en\/wp-json\/wp\/v2\/product\/4579","targetHints":{"allow":["GET"]}}],"collection":[{"href":"https:\/\/artstella-elixirs-floraux.com\/en\/wp-json\/wp\/v2\/product"}],"about":[{"href":"https:\/\/artstella-elixirs-floraux.com\/en\/wp-json\/wp\/v2\/types\/product"}],"version-history":[{"count":1,"href":"https:\/\/artstella-elixirs-floraux.com\/en\/wp-json\/wp\/v2\/product\/4579\/revisions"}],"predecessor-version":[{"id":11112,"href":"https:\/\/artstella-elixirs-floraux.com\/en\/wp-json\/wp\/v2\/product\/4579\/revisions\/11112"}],"wp:featuredmedia":[{"embeddable":true,"href":"https:\/\/artstella-elixirs-floraux.com\/en\/wp-json\/wp\/v2\/media\/4580"}],"wp:attachment":[{"href":"https:\/\/artstella-elixirs-floraux.com\/en\/wp-json\/wp\/v2\/media?parent=4579"}],"wp:term":[{"taxonomy":"product_brand","embeddable":true,"href":"https:\/\/artstella-elixirs-floraux.com\/en\/wp-json\/wp\/v2\/product_brand?post=4579"},{"taxonomy":"product_cat","embeddable":true,"href":"https:\/\/artstella-elixirs-floraux.com\/en\/wp-json\/wp\/v2\/product_cat?post=4579"},{"taxonomy":"product_tag","embeddable":true,"href":"https:\/\/artstella-elixirs-floraux.com\/en\/wp-json\/wp\/v2\/product_tag?post=4579"}],"curies":[{"name":"wp","href":"https:\/\/api.w.org\/{rel}","templated":true}]}}