{"id":4584,"date":"2025-03-09T13:30:41","date_gmt":"2025-03-09T13:30:41","guid":{"rendered":"https:\/\/artstella-elixirs-floraux.com\/product\/coffret-elixirs-bush-71-elixirs\/"},"modified":"2026-01-07T17:53:26","modified_gmt":"2026-01-07T17:53:26","slug":"coffret-elixirs-bush-71-elixirs","status":"publish","type":"product","link":"https:\/\/artstella-elixirs-floraux.com\/en\/product\/coffret-elixirs-bush-71-elixirs\/","title":{"rendered":"COFFRET ELIXIRS BUSH 71 \u00e9lixirs"},"content":{"rendered":"","protected":false},"excerpt":{"rendered":"<p><strong>COFFRET \u00c9LIXIRS BUSH 71 Fl 15 ML<\/strong><\/p>\n<p><strong>Comprend les 71 \u00e9lixirs floraux du Bush, \u00e9tiquettes; le livret est en anglais<\/strong><\/p>","protected":false},"featured_media":4585,"template":"","meta":[],"product_brand":[],"product_cat":[156,107],"product_tag":[],"class_list":{"0":"post-4584","1":"product","2":"type-product","3":"status-publish","4":"has-post-thumbnail","6":"product_cat-les-coffrets","7":"product_cat-les-elixirs-de-fleurs-du-bush-australien","9":"first","10":"instock","11":"taxable","12":"shipping-taxable","13":"purchasable","14":"product-type-simple"},"etheme_brands":{"errors":{"invalid_taxonomy":["Invalid taxonomy."]},"error_data":[]},"jetpack_sharing_enabled":true,"jetpack-related-posts":[{"id":4581,"url":"https:\/\/artstella-elixirs-floraux.com\/en\/product\/coffret-pyramide-white-light\/","url_meta":{"origin":4584,"position":0},"title":"COFFRET PYRAMIDE WHITE LIGHT","author":"eveapprill","date":"9 March 2025","format":false,"excerpt":"Le COFFRET PYRAMIDE WHITE LIGHT contient les 7 \u00e9lixirs White Light, Lumi\u00e8re Blanche, soit Water \/ Eau, Earth \/ Terre, Fire \/ feu, Air, Devic, Higher self \/ moi sup\u00e9rieur et Angelic \/ Ang\u00e9lique, un livret en anglais et 1 CD Le livret en fran\u00e7ais est offert dans la mesure\u2026","rel":"","context":"Similar post","block_context":{"text":"Similar post","link":""},"img":{"alt_text":"","src":"","width":0,"height":0},"classes":[]},{"id":4592,"url":"https:\/\/artstella-elixirs-floraux.com\/en\/product\/petit-livre-bush-anglais\/","url_meta":{"origin":4584,"position":1},"title":"PETIT LIVRE BUSH en anglais","author":"eveapprill","date":"9 March 2025","format":false,"excerpt":"PETIT LIVRE BUSH en anglais Ce Livre de r\u00e9f\u00e9rence en anglais pr\u00e9sente les diff\u00e9rents \u00e9lixirs du Bush Australien. Il fait partie du coffret complet.","rel":"","context":"Similar post","block_context":{"text":"Similar post","link":""},"img":{"alt_text":"","src":"https:\/\/i0.wp.com\/artstella-elixirs-floraux.com\/wp-content\/uploads\/2025\/03\/Cheminer-avec-les-elixirs.jpg?resize=350%2C200&ssl=1","width":350,"height":200,"srcset":"https:\/\/i0.wp.com\/artstella-elixirs-floraux.com\/wp-content\/uploads\/2025\/03\/Cheminer-avec-les-elixirs.jpg?resize=350%2C200&ssl=1 1x, https:\/\/i0.wp.com\/artstella-elixirs-floraux.com\/wp-content\/uploads\/2025\/03\/Cheminer-avec-les-elixirs.jpg?resize=525%2C300&ssl=1 1.5x"},"classes":[]},{"id":4579,"url":"https:\/\/artstella-elixirs-floraux.com\/en\/product\/coffret-pyramide-light-frequency\/","url_meta":{"origin":4584,"position":2},"title":"COFFRET PYRAMIDE LIGHT FREQUENCY","author":"eveapprill","date":"9 March 2025","format":false,"excerpt":"COFFRET PYRAMIDE LIGTH FREQUENCY 10 ML contient les 7 \u00e9lixirs Fr\u00e9quences de Lumi\u00e8res soit Amazon, Antarctic, Arctic, China, Lac Baikal, Madagascar et Mont Pinatubo.","rel":"","context":"Similar post","block_context":{"text":"Similar post","link":""},"img":{"alt_text":"","src":"","width":0,"height":0},"classes":[]},{"id":4424,"url":"https:\/\/artstella-elixirs-floraux.com\/en\/product\/lichen-15-ml-bush\/","url_meta":{"origin":4584,"position":3},"title":"LICHEN 15 ML BUSH","author":"eveapprill","date":"27 May 2025","format":false,"excerpt":"","rel":"","context":"Similar post","block_context":{"text":"Similar post","link":""},"img":{"alt_text":"","src":"https:\/\/i0.wp.com\/artstella-elixirs-floraux.com\/wp-content\/uploads\/2025\/03\/wp-image1038.png?resize=350%2C200&ssl=1","width":350,"height":200},"classes":[]},{"id":4493,"url":"https:\/\/artstella-elixirs-floraux.com\/en\/product\/turkey-bush-15-ml-bush\/","url_meta":{"origin":4584,"position":4},"title":"TURKEY BUSH 15 ML BUSH","author":"eveapprill","date":"9 March 2025","format":false,"excerpt":"Turkey Bush Blocage au niveau de la cr\u00e9ativit\u00e9, ne pas croire \u00e0 ses capacit\u00e9s cr\u00e9atrices. Inspirations cr\u00e9atrices, avoir confiance dans sa propre cr\u00e9ativit\u00e9.","rel":"","context":"Similar post","block_context":{"text":"Similar post","link":""},"img":{"alt_text":"","src":"https:\/\/i0.wp.com\/artstella-elixirs-floraux.com\/wp-content\/uploads\/2025\/03\/wp-image1081.png?resize=350%2C200&ssl=1","width":350,"height":200},"classes":[]},{"id":4499,"url":"https:\/\/artstella-elixirs-floraux.com\/en\/product\/wild-potato-bush-15-ml\/","url_meta":{"origin":4584,"position":5},"title":"WILD POTATO BUSH 15 ML","author":"eveapprill","date":"9 March 2025","format":false,"excerpt":"Wild Potato Bush Accablement, frustration. Pouvoir avancer dans la vie.","rel":"","context":"Similar post","block_context":{"text":"Similar post","link":""},"img":{"alt_text":"","src":"","width":0,"height":0},"classes":[]}],"_links":{"self":[{"href":"https:\/\/artstella-elixirs-floraux.com\/en\/wp-json\/wp\/v2\/product\/4584","targetHints":{"allow":["GET"]}}],"collection":[{"href":"https:\/\/artstella-elixirs-floraux.com\/en\/wp-json\/wp\/v2\/product"}],"about":[{"href":"https:\/\/artstella-elixirs-floraux.com\/en\/wp-json\/wp\/v2\/types\/product"}],"version-history":[{"count":1,"href":"https:\/\/artstella-elixirs-floraux.com\/en\/wp-json\/wp\/v2\/product\/4584\/revisions"}],"predecessor-version":[{"id":11935,"href":"https:\/\/artstella-elixirs-floraux.com\/en\/wp-json\/wp\/v2\/product\/4584\/revisions\/11935"}],"wp:featuredmedia":[{"embeddable":true,"href":"https:\/\/artstella-elixirs-floraux.com\/en\/wp-json\/wp\/v2\/media\/4585"}],"wp:attachment":[{"href":"https:\/\/artstella-elixirs-floraux.com\/en\/wp-json\/wp\/v2\/media?parent=4584"}],"wp:term":[{"taxonomy":"product_brand","embeddable":true,"href":"https:\/\/artstella-elixirs-floraux.com\/en\/wp-json\/wp\/v2\/product_brand?post=4584"},{"taxonomy":"product_cat","embeddable":true,"href":"https:\/\/artstella-elixirs-floraux.com\/en\/wp-json\/wp\/v2\/product_cat?post=4584"},{"taxonomy":"product_tag","embeddable":true,"href":"https:\/\/artstella-elixirs-floraux.com\/en\/wp-json\/wp\/v2\/product_tag?post=4584"}],"curies":[{"name":"wp","href":"https:\/\/api.w.org\/{rel}","templated":true}]}}