{"id":4594,"date":"2025-03-09T13:30:52","date_gmt":"2025-03-09T13:30:52","guid":{"rendered":"https:\/\/artstella-elixirs-floraux.com\/product\/livre-white-light-anglais\/"},"modified":"2025-06-08T12:51:21","modified_gmt":"2025-06-08T12:51:21","slug":"livre-white-light-anglais","status":"publish","type":"product","link":"https:\/\/artstella-elixirs-floraux.com\/en\/product\/livre-white-light-anglais\/","title":{"rendered":"LIVRE WHITE LIGHT anglais"},"content":{"rendered":"","protected":false},"excerpt":{"rendered":"<p>LIVRE WHITE LIGHT anglais<\/p>","protected":false},"featured_media":4595,"template":"","meta":[],"product_brand":[],"product_cat":[159,157],"product_tag":[],"class_list":{"0":"post-4594","1":"product","2":"type-product","3":"status-publish","4":"has-post-thumbnail","6":"product_cat-livres-divers-anglais","7":"product_cat-livres-et-cartes-sur-le-bush-australien","9":"first","10":"instock","11":"taxable","12":"shipping-taxable","13":"purchasable","14":"product-type-simple"},"etheme_brands":{"errors":{"invalid_taxonomy":["Invalid taxonomy."]},"error_data":[]},"jetpack_sharing_enabled":true,"jetpack-related-posts":[{"id":4581,"url":"https:\/\/artstella-elixirs-floraux.com\/en\/product\/coffret-pyramide-white-light\/","url_meta":{"origin":4594,"position":0},"title":"COFFRET PYRAMIDE WHITE LIGHT","author":"eveapprill","date":"9 March 2025","format":false,"excerpt":"Le COFFRET PYRAMIDE WHITE LIGHT contient les 7 \u00e9lixirs White Light, Lumi\u00e8re Blanche, soit Water \/ Eau, Earth \/ Terre, Fire \/ feu, Air, Devic, Higher self \/ moi sup\u00e9rieur et Angelic \/ Ang\u00e9lique, un livret en anglais et 1 CD Le livret en fran\u00e7ais est offert dans la mesure\u2026","rel":"","context":"Similar post","block_context":{"text":"Similar post","link":""},"img":{"alt_text":"","src":"","width":0,"height":0},"classes":[]},{"id":4588,"url":"https:\/\/artstella-elixirs-floraux.com\/en\/product\/les-elixirs-white-light-en-francais\/","url_meta":{"origin":4594,"position":1},"title":"Les \u00e9lixirs \u00ab\u00a0WHITE LIGHT\u00a0\u00bb en fran\u00e7ais","author":"eveapprill","date":"9 March 2025","format":false,"excerpt":"Petit opuscule pr\u00e9sentant cet aspect particulier de la recherche de Ian White qu'il a men\u00e9e \u00e0 travers tous les continents.","rel":"","context":"Similar post","block_context":{"text":"Similar post","link":""},"img":{"alt_text":"","src":"","width":0,"height":0},"classes":[]},{"id":4592,"url":"https:\/\/artstella-elixirs-floraux.com\/en\/product\/petit-livre-bush-anglais\/","url_meta":{"origin":4594,"position":2},"title":"PETIT LIVRE BUSH en anglais","author":"eveapprill","date":"9 March 2025","format":false,"excerpt":"PETIT LIVRE BUSH en anglais Ce Livre de r\u00e9f\u00e9rence en anglais pr\u00e9sente les diff\u00e9rents \u00e9lixirs du Bush Australien. Il fait partie du coffret complet.","rel":"","context":"Similar post","block_context":{"text":"Similar post","link":""},"img":{"alt_text":"","src":"https:\/\/i0.wp.com\/artstella-elixirs-floraux.com\/wp-content\/uploads\/2025\/03\/Cheminer-avec-les-elixirs.jpg?resize=350%2C200&ssl=1","width":350,"height":200,"srcset":"https:\/\/i0.wp.com\/artstella-elixirs-floraux.com\/wp-content\/uploads\/2025\/03\/Cheminer-avec-les-elixirs.jpg?resize=350%2C200&ssl=1 1x, https:\/\/i0.wp.com\/artstella-elixirs-floraux.com\/wp-content\/uploads\/2025\/03\/Cheminer-avec-les-elixirs.jpg?resize=525%2C300&ssl=1 1.5x"},"classes":[]},{"id":5181,"url":"https:\/\/artstella-elixirs-floraux.com\/en\/product\/le-livre-orchid-essence-healing-en-anglais\/","url_meta":{"origin":4594,"position":3},"title":"Le livre Orchid Essence Healing en anglais","author":"eveapprill","date":"9 March 2025","format":false,"excerpt":"Ce livre en anglais paru en 2010 est une introduction \u00e0 l'utilisation des \u00e9lixirs d'orchid\u00e9es LTOE par Don Dennis, cr\u00e9ateur de la gamme.","rel":"","context":"Similar post","block_context":{"text":"Similar post","link":""},"img":{"alt_text":"","src":"https:\/\/i0.wp.com\/artstella-elixirs-floraux.com\/wp-content\/uploads\/2025\/03\/wp-image1482.png?resize=350%2C200&ssl=1","width":350,"height":200},"classes":[]},{"id":4197,"url":"https:\/\/artstella-elixirs-floraux.com\/en\/product\/livre-anglais-wild-earth-animal\/","url_meta":{"origin":4594,"position":4},"title":"LIVRE ANGLAIS WILD EARTH ANIMAL","author":"","date":"9 March 2025","format":false,"excerpt":"Opuscule d\u00e9crivant les 45 premeirs \u00e9lixirs d'animaux r\u00e9alis\u00e9s par Daniel Mapel, en anglais.","rel":"","context":"Similar post","block_context":{"text":"Similar post","link":""},"img":{"alt_text":"","src":"https:\/\/i0.wp.com\/artstella-elixirs-floraux.com\/wp-content\/uploads\/2025\/03\/wp-image1352.png?resize=350%2C200&ssl=1","width":350,"height":200},"classes":[]},{"id":2753,"url":"https:\/\/artstella-elixirs-floraux.com\/en\/product\/earth-terre-bush-white-light\/","url_meta":{"origin":4594,"position":5},"title":"EARTH (Terre) BUSH WHITE LIGHT","author":"eveapprill","date":"9 March 2025","format":false,"excerpt":"L\u2019\u00c9LIXIR TERRE (EARTH ESSENCE)\u00a0\u00e9t\u00e9 pr\u00e9par\u00e9 dans la grotte sacr\u00e9e du village de Patal Bhuvaneshwar au nord de l\u2019Inde. Au niveau \u00e9motionnel, il apporte la stabilit\u00e9.","rel":"","context":"Similar post","block_context":{"text":"Similar post","link":""},"img":{"alt_text":"","src":"https:\/\/i0.wp.com\/artstella-elixirs-floraux.com\/wp-content\/uploads\/2025\/03\/a4b34596-73c3-4e23-bbc2-6536f4fd1abf.jpg?resize=350%2C200&ssl=1","width":350,"height":200,"srcset":"https:\/\/i0.wp.com\/artstella-elixirs-floraux.com\/wp-content\/uploads\/2025\/03\/a4b34596-73c3-4e23-bbc2-6536f4fd1abf.jpg?resize=350%2C200&ssl=1 1x, https:\/\/i0.wp.com\/artstella-elixirs-floraux.com\/wp-content\/uploads\/2025\/03\/a4b34596-73c3-4e23-bbc2-6536f4fd1abf.jpg?resize=525%2C300&ssl=1 1.5x, https:\/\/i0.wp.com\/artstella-elixirs-floraux.com\/wp-content\/uploads\/2025\/03\/a4b34596-73c3-4e23-bbc2-6536f4fd1abf.jpg?resize=700%2C400&ssl=1 2x"},"classes":[]}],"_links":{"self":[{"href":"https:\/\/artstella-elixirs-floraux.com\/en\/wp-json\/wp\/v2\/product\/4594","targetHints":{"allow":["GET"]}}],"collection":[{"href":"https:\/\/artstella-elixirs-floraux.com\/en\/wp-json\/wp\/v2\/product"}],"about":[{"href":"https:\/\/artstella-elixirs-floraux.com\/en\/wp-json\/wp\/v2\/types\/product"}],"version-history":[{"count":0,"href":"https:\/\/artstella-elixirs-floraux.com\/en\/wp-json\/wp\/v2\/product\/4594\/revisions"}],"wp:featuredmedia":[{"embeddable":true,"href":"https:\/\/artstella-elixirs-floraux.com\/en\/wp-json\/wp\/v2\/media\/4595"}],"wp:attachment":[{"href":"https:\/\/artstella-elixirs-floraux.com\/en\/wp-json\/wp\/v2\/media?parent=4594"}],"wp:term":[{"taxonomy":"product_brand","embeddable":true,"href":"https:\/\/artstella-elixirs-floraux.com\/en\/wp-json\/wp\/v2\/product_brand?post=4594"},{"taxonomy":"product_cat","embeddable":true,"href":"https:\/\/artstella-elixirs-floraux.com\/en\/wp-json\/wp\/v2\/product_cat?post=4594"},{"taxonomy":"product_tag","embeddable":true,"href":"https:\/\/artstella-elixirs-floraux.com\/en\/wp-json\/wp\/v2\/product_tag?post=4594"}],"curies":[{"name":"wp","href":"https:\/\/api.w.org\/{rel}","templated":true}]}}