{"id":4596,"date":"2025-03-09T13:30:53","date_gmt":"2025-03-09T13:30:53","guid":{"rendered":"https:\/\/artstella-elixirs-floraux.com\/product\/happy-healthy-kids-bush-essences\/"},"modified":"2025-06-08T12:51:21","modified_gmt":"2025-06-08T12:51:21","slug":"happy-healthy-kids-bush-essences","status":"publish","type":"product","link":"https:\/\/artstella-elixirs-floraux.com\/en\/product\/happy-healthy-kids-bush-essences\/","title":{"rendered":"HAPPY HEALTHY KIDS BUSH ESSENCES"},"content":{"rendered":"","protected":false},"excerpt":{"rendered":"<p>HAPPY HEALTHY KIDS BUSH ESSENCES<\/p>","protected":false},"featured_media":4597,"template":"","meta":[],"product_brand":[],"product_cat":[159,157],"product_tag":[],"class_list":{"0":"post-4596","1":"product","2":"type-product","3":"status-publish","4":"has-post-thumbnail","6":"product_cat-livres-divers-anglais","7":"product_cat-livres-et-cartes-sur-le-bush-australien","9":"first","10":"instock","11":"taxable","12":"shipping-taxable","13":"purchasable","14":"product-type-simple"},"etheme_brands":{"errors":{"invalid_taxonomy":["Invalid taxonomy."]},"error_data":[]},"jetpack_sharing_enabled":true,"jetpack-related-posts":[{"id":4598,"url":"https:\/\/artstella-elixirs-floraux.com\/en\/product\/animal-healing-bush-essences\/","url_meta":{"origin":4596,"position":0},"title":"ANIMAL HEALING BUSH ESSENCES","author":"eveapprill","date":"9 March 2025","format":false,"excerpt":"ANIMAL HEALING BUSH ESSENCES","rel":"","context":"Similar post","block_context":{"text":"Similar post","link":""},"img":{"alt_text":"","src":"","width":0,"height":0},"classes":[]},{"id":2678,"url":"https:\/\/artstella-elixirs-floraux.com\/en\/product\/green-essence-bush-15ml\/","url_meta":{"origin":4596,"position":1},"title":"GREEN ESSENCE BUSH 15ML","author":"eveapprill","date":"9 March 2025","format":false,"excerpt":"GREEN ESSENCE D\u00e9tresse \u00e9motionnelle associ\u00e9e \u00e0 des probl\u00e8mes intestinaux et dermatologiques. Harmonise la vibration de tout champignon ou parasite avec sa propre vibration, purification.","rel":"","context":"Similar post","block_context":{"text":"Similar post","link":""},"img":{"alt_text":"","src":"","width":0,"height":0},"classes":[]},{"id":2769,"url":"https:\/\/artstella-elixirs-floraux.com\/en\/product\/arctic-essence-bush-lf\/","url_meta":{"origin":4596,"position":2},"title":"ARCTIC ESSENCE BUSH LF","author":"eveapprill","date":"9 March 2025","format":false,"excerpt":"Arctic Essence \u2013 Elixir de l'Arctique Lib\u00e8re le potentiel lumineux de chaque individu. Favorise la spiritualit\u00e9 et nous aide \u00e0 \u00e9quilibrer notre fr\u00e9quence \u00e9lectromagn\u00e9tique avec celle de la plan\u00e8te.","rel":"","context":"Similar post","block_context":{"text":"Similar post","link":""},"img":{"alt_text":"","src":"https:\/\/i0.wp.com\/artstella-elixirs-floraux.com\/wp-content\/uploads\/2025\/03\/a56184b6-0ac2-44d9-a881-46b1cf098ebd.jpg?resize=350%2C200&ssl=1","width":350,"height":200,"srcset":"https:\/\/i0.wp.com\/artstella-elixirs-floraux.com\/wp-content\/uploads\/2025\/03\/a56184b6-0ac2-44d9-a881-46b1cf098ebd.jpg?resize=350%2C200&ssl=1 1x, https:\/\/i0.wp.com\/artstella-elixirs-floraux.com\/wp-content\/uploads\/2025\/03\/a56184b6-0ac2-44d9-a881-46b1cf098ebd.jpg?resize=525%2C300&ssl=1 1.5x, https:\/\/i0.wp.com\/artstella-elixirs-floraux.com\/wp-content\/uploads\/2025\/03\/a56184b6-0ac2-44d9-a881-46b1cf098ebd.jpg?resize=700%2C400&ssl=1 2x"},"classes":[]},{"id":4414,"url":"https:\/\/artstella-elixirs-floraux.com\/en\/product\/green-essence-15-ml-bush\/","url_meta":{"origin":4596,"position":3},"title":"GREEN ESSENCE 15 ML BUSH","author":"eveapprill","date":"27 May 2025","format":false,"excerpt":"Green Spider Flower Cauchemars et phobies dus aux vies ant\u00e9rieures, ne pas supporter la vie du sang. Apprendre \u00e0 ne pas divulguer certaines informations, communication t\u00e9l\u00e9pathique, \u00eatre en harmonie.","rel":"","context":"Similar post","block_context":{"text":"Similar post","link":""},"img":{"alt_text":"","src":"","width":0,"height":0},"classes":[]},{"id":12079,"url":"https:\/\/artstella-elixirs-floraux.com\/en\/product\/2026-essence-bush-australien\/","url_meta":{"origin":4596,"position":4},"title":"2026 Essence Bush Australien","author":"eveapprill","date":"9 February 2026","format":false,"excerpt":"Compos\u00e9 r\u00e9alis\u00e9 par Ian White pour faire face aux d\u00e9fis de 2026 !","rel":"","context":"Similar post","block_context":{"text":"Similar post","link":""},"img":{"alt_text":"","src":"https:\/\/i0.wp.com\/artstella-elixirs-floraux.com\/wp-content\/uploads\/2026\/02\/2026-comp.webp?resize=350%2C200&ssl=1","width":350,"height":200,"srcset":"https:\/\/i0.wp.com\/artstella-elixirs-floraux.com\/wp-content\/uploads\/2026\/02\/2026-comp.webp?resize=350%2C200&ssl=1 1x, https:\/\/i0.wp.com\/artstella-elixirs-floraux.com\/wp-content\/uploads\/2026\/02\/2026-comp.webp?resize=525%2C300&ssl=1 1.5x, https:\/\/i0.wp.com\/artstella-elixirs-floraux.com\/wp-content\/uploads\/2026\/02\/2026-comp.webp?resize=700%2C400&ssl=1 2x, https:\/\/i0.wp.com\/artstella-elixirs-floraux.com\/wp-content\/uploads\/2026\/02\/2026-comp.webp?resize=1050%2C600&ssl=1 3x"},"classes":[]},{"id":6388,"url":"https:\/\/artstella-elixirs-floraux.com\/en\/product\/2025-essence-bush-australien-30ml\/","url_meta":{"origin":4596,"position":5},"title":"2025 Essence Bush australien 30ml","author":"eveapprill","date":"9 March 2025","format":false,"excerpt":"Compos\u00e9 2025 cr\u00e9\u00e9 par Ian White Pour embrasser avec audace son potentiel et saisir de nouvelles opportunit\u00e9s","rel":"","context":"Similar post","block_context":{"text":"Similar post","link":""},"img":{"alt_text":"2025 Essence Bush australien 30ml","src":"https:\/\/i0.wp.com\/artstella-elixirs-floraux.com\/wp-content\/uploads\/2025\/03\/wp-image2483.webp?resize=350%2C200&ssl=1","width":350,"height":200,"srcset":"https:\/\/i0.wp.com\/artstella-elixirs-floraux.com\/wp-content\/uploads\/2025\/03\/wp-image2483.webp?resize=350%2C200&ssl=1 1x, https:\/\/i0.wp.com\/artstella-elixirs-floraux.com\/wp-content\/uploads\/2025\/03\/wp-image2483.webp?resize=525%2C300&ssl=1 1.5x, https:\/\/i0.wp.com\/artstella-elixirs-floraux.com\/wp-content\/uploads\/2025\/03\/wp-image2483.webp?resize=700%2C400&ssl=1 2x"},"classes":[]}],"_links":{"self":[{"href":"https:\/\/artstella-elixirs-floraux.com\/en\/wp-json\/wp\/v2\/product\/4596","targetHints":{"allow":["GET"]}}],"collection":[{"href":"https:\/\/artstella-elixirs-floraux.com\/en\/wp-json\/wp\/v2\/product"}],"about":[{"href":"https:\/\/artstella-elixirs-floraux.com\/en\/wp-json\/wp\/v2\/types\/product"}],"version-history":[{"count":0,"href":"https:\/\/artstella-elixirs-floraux.com\/en\/wp-json\/wp\/v2\/product\/4596\/revisions"}],"wp:featuredmedia":[{"embeddable":true,"href":"https:\/\/artstella-elixirs-floraux.com\/en\/wp-json\/wp\/v2\/media\/4597"}],"wp:attachment":[{"href":"https:\/\/artstella-elixirs-floraux.com\/en\/wp-json\/wp\/v2\/media?parent=4596"}],"wp:term":[{"taxonomy":"product_brand","embeddable":true,"href":"https:\/\/artstella-elixirs-floraux.com\/en\/wp-json\/wp\/v2\/product_brand?post=4596"},{"taxonomy":"product_cat","embeddable":true,"href":"https:\/\/artstella-elixirs-floraux.com\/en\/wp-json\/wp\/v2\/product_cat?post=4596"},{"taxonomy":"product_tag","embeddable":true,"href":"https:\/\/artstella-elixirs-floraux.com\/en\/wp-json\/wp\/v2\/product_tag?post=4596"}],"curies":[{"name":"wp","href":"https:\/\/api.w.org\/{rel}","templated":true}]}}