{"id":4603,"date":"2025-03-09T13:30:58","date_gmt":"2025-03-09T13:30:58","guid":{"rendered":"https:\/\/artstella-elixirs-floraux.com\/product\/coffret-4sprays-espace-sacre-120-ml\/"},"modified":"2025-04-07T15:04:08","modified_gmt":"2025-04-07T15:04:08","slug":"coffret-4sprays-espace-sacre-120-ml","status":"publish","type":"product","link":"https:\/\/artstella-elixirs-floraux.com\/en\/product\/coffret-4sprays-espace-sacre-120-ml\/","title":{"rendered":"COFFRET 4 SPRAYS ESPACE SACRE 120 ML"},"content":{"rendered":"<p><strong>Contient les sprays :<\/strong><\/p>\n<p><strong>Purification <\/strong>pour \u00ab\u00a0nettoyer\u00a0\u00bb \u00e9nerg\u00e9tiquement une pi\u00e8ce, en faisant particuli\u00e8rement attention aux coins et \u00e0 tous les endroits apparaissant lourds, sombres ou \u00e9pais.<\/p>\n<p><strong>Guardian<\/strong> quand vous souhaitez invoquer une \u00e9nergie de protection dans l\u2019espace, mais aussi quand vous souhaitez sceller l\u2019espace, une fois le travail de nettoyage accompli. Une bonne fa\u00e7on d\u2019apporter plus de s\u00e9curit\u00e9 dans les magasins et les bureaux\u00a0!<\/p>\n<p><strong>Calling All Angels <\/strong>quand vous souhaitez apporter une \u00e9nergie tr\u00e8s sacr\u00e9e et paisible. Formidable pour les pi\u00e8ces de m\u00e9ditation ou de consultation, les salles de yoga ou les nurseries.<\/p>\n<p><strong>Ligthen Up <\/strong>quand vous souhaitez \u00e9lever, revitaliser et accro\u00eetre la circulation de l\u2019\u00e9nergie dans l\u2019endroit. Excellent pour les pi\u00e8ces manquant de lumi\u00e8re naturelle ou dans lesquelles il y a eu des d\u00e9pressions.<\/p>\n<p>Tous les sprays peuvent \u00eatre utilis\u00e9s avec les instruments habituels du \u00abSpace Clearing\u00a0\u00bb<\/p>","protected":false},"excerpt":{"rendered":"<p><strong>COFFRET 4SPRAYS ESPACE SACRE 120 ML<\/strong><\/p>\n<p><strong>Purification <\/strong>pour \u00ab\u00a0nettoyer\u00a0\u00bb \u00e9nerg\u00e9tiquement une pi\u00e8ce.<\/p>\n<p><strong>Guardian<\/strong> pour invoquer une \u00e9nergie de protection dans l\u2019espace.<\/p>\n<p><strong>Calling All Angels <\/strong>pour les pi\u00e8ces de m\u00e9ditation ou de consultation&#8230;<\/p>\n<p><strong>Ligthen Up <\/strong>Excellent pour les pi\u00e8ces manquant de lumi\u00e8re naturelle<\/p>","protected":false},"featured_media":4604,"template":"","meta":[],"product_brand":[],"product_cat":[110],"product_tag":[],"class_list":{"0":"post-4603","1":"product","2":"type-product","3":"status-publish","4":"has-post-thumbnail","6":"product_cat-les-coffrets-des-elixirs-d-alaska","8":"first","9":"instock","10":"taxable","11":"shipping-taxable","12":"purchasable","13":"product-type-variable"},"etheme_brands":{"errors":{"invalid_taxonomy":["Invalid taxonomy."]},"error_data":[]},"jetpack_sharing_enabled":true,"jetpack-related-posts":[{"id":3706,"url":"https:\/\/artstella-elixirs-floraux.com\/en\/product\/clear-and-relaesing-spray-blue\/","url_meta":{"origin":4603,"position":0},"title":"CLEAR AND RELEASING SPRAY BLUE","author":"eveapprill","date":"9 March 2025","format":false,"excerpt":"Clearing and releasing (Nettoyer et lib\u00e9rer) Pour faire face \u00e0 des \u00e9nergies profond\u00e9ment ancr\u00e9es et tr\u00e8s probl\u00e9matiques, soit au niveau de l'espace soit dans l'aura. Sert de \"space-clearing\", \"bleu\" Encens, Pamplemousse et Bois de Santal","rel":"","context":"Similar post","block_context":{"text":"Similar post","link":""},"img":{"alt_text":"","src":"","width":0,"height":0},"classes":[]},{"id":3891,"url":"https:\/\/artstella-elixirs-floraux.com\/en\/product\/delph-spray-spray-energie-dauphin-phi\/","url_meta":{"origin":4603,"position":1},"title":"DELPH -SPRAY spray \u00e9nergie dauphin PHI","author":"eveapprill","date":"9 March 2025","format":false,"excerpt":"Delph spray - Spray \u00e0 l'\u00e9nergie des dauphins Action bienfaisante et purifiante de Delph\u00ae existe en spray. Il s'utilise en vaporisation pour purifier les pi\u00e8ces charg\u00e9es \u00e9nerg\u00e9tiquement (bureau, cabinet de consultation, salle de conf\u00e9rences, etc.).","rel":"","context":"Similar post","block_context":{"text":"Similar post","link":""},"img":{"alt_text":"","src":"","width":0,"height":0},"classes":[]},{"id":3733,"url":"https:\/\/artstella-elixirs-floraux.com\/en\/product\/white-beauty-spray\/","url_meta":{"origin":4603,"position":2},"title":"WHITE BEAUTY SPRAY","author":"eveapprill","date":"9 March 2025","format":false,"excerpt":"White beauty (Blanche beaut\u00e9) Une \u00e9nergie nourrissante et aimante descend sur le chakra coronal quand on le pulv\u00e9rise au dessus de la t\u00eate. \u00ab\u00a0bleu\u00a0\u00bb avec les huiles essentielles de Rose Bulgare","rel":"","context":"Similar post","block_context":{"text":"Similar post","link":""},"img":{"alt_text":"","src":"","width":0,"height":0},"classes":[]},{"id":11315,"url":"https:\/\/artstella-elixirs-floraux.com\/en\/product\/guardian-gardien-spray\/","url_meta":{"origin":4603,"position":3},"title":"Guardian &#8211; Gardien Spray","author":"eveapprill","date":"31 August 2025","format":false,"excerpt":"Le Spray Guardian est \u00e0 utiliser lorsque vous souhaitez invoquer les \u00e9nergies de calme, de stabilit\u00e9 et de s\u00e9curit\u00e9. Pulv\u00e9risez votre aura et votre environnement imm\u00e9diat pour vous sentir fort et en s\u00e9curit\u00e9 tout en maintenant votre ouverture et votre sensibilit\u00e9.","rel":"","context":"Similar post","block_context":{"text":"Similar post","link":""},"img":{"alt_text":"","src":"https:\/\/i0.wp.com\/artstella-elixirs-floraux.com\/wp-content\/uploads\/2025\/08\/guardian-1.jpg?resize=350%2C200&ssl=1","width":350,"height":200},"classes":[]},{"id":3895,"url":"https:\/\/artstella-elixirs-floraux.com\/en\/product\/aura-spray-phi\/","url_meta":{"origin":4603,"position":4},"title":"AURA SPRAY PHI","author":"eveapprill","date":"9 March 2025","format":false,"excerpt":"AURA SPRAY Nous sommes de plus en plus expos\u00e9s \u00e0 des rayonnements n\u00e9fastes ou des environnements difficiles. C'est pourquoi PHI a \u00e9labor\u00e9 \u00ab Aura-spray \u00bb compos\u00e9 d'\u00e9lixirs et de produits naturels qui renforce \u00e9nerg\u00e9tiquement la protection naturelle de l'Aura, notamment dans les lieux publics, transport, bureaux...","rel":"","context":"Similar post","block_context":{"text":"Similar post","link":""},"img":{"alt_text":"aura spay","src":"https:\/\/i0.wp.com\/artstella-elixirs-floraux.com\/wp-content\/uploads\/2025\/03\/f927a3ef-4871-46ac-bddf-072fc3f42c0b.jpg?resize=350%2C200&ssl=1","width":350,"height":200,"srcset":"https:\/\/i0.wp.com\/artstella-elixirs-floraux.com\/wp-content\/uploads\/2025\/03\/f927a3ef-4871-46ac-bddf-072fc3f42c0b.jpg?resize=350%2C200&ssl=1 1x, https:\/\/i0.wp.com\/artstella-elixirs-floraux.com\/wp-content\/uploads\/2025\/03\/f927a3ef-4871-46ac-bddf-072fc3f42c0b.jpg?resize=525%2C300&ssl=1 1.5x, https:\/\/i0.wp.com\/artstella-elixirs-floraux.com\/wp-content\/uploads\/2025\/03\/f927a3ef-4871-46ac-bddf-072fc3f42c0b.jpg?resize=700%2C400&ssl=1 2x"},"classes":[]},{"id":2796,"url":"https:\/\/artstella-elixirs-floraux.com\/en\/product\/spray-space-clearing-nettoyage-de-lespace\/","url_meta":{"origin":4603,"position":5},"title":"Spray SPACE CLEARING &#8211; Nettoyage de l&rsquo;espace","author":"eveapprill","date":"9 March 2025","format":false,"excerpt":"Le Spray \"Space Clearing\" - Nettoyage de l'Espace Combat les \u00e9nergies n\u00e9gatives, mentales, \u00e9motionnelles et physiques. n\u00e9ttoie un environenement n\u00e9gatif et le remplace par un environnement harmonieux.","rel":"","context":"Similar post","block_context":{"text":"Similar post","link":""},"img":{"alt_text":"","src":"https:\/\/i0.wp.com\/artstella-elixirs-floraux.com\/wp-content\/uploads\/2025\/03\/6e52b662-3813-42f5-8673-caf05bf815e1.jpg?resize=350%2C200&ssl=1","width":350,"height":200,"srcset":"https:\/\/i0.wp.com\/artstella-elixirs-floraux.com\/wp-content\/uploads\/2025\/03\/6e52b662-3813-42f5-8673-caf05bf815e1.jpg?resize=350%2C200&ssl=1 1x, https:\/\/i0.wp.com\/artstella-elixirs-floraux.com\/wp-content\/uploads\/2025\/03\/6e52b662-3813-42f5-8673-caf05bf815e1.jpg?resize=525%2C300&ssl=1 1.5x, https:\/\/i0.wp.com\/artstella-elixirs-floraux.com\/wp-content\/uploads\/2025\/03\/6e52b662-3813-42f5-8673-caf05bf815e1.jpg?resize=700%2C400&ssl=1 2x"},"classes":[]}],"_links":{"self":[{"href":"https:\/\/artstella-elixirs-floraux.com\/en\/wp-json\/wp\/v2\/product\/4603","targetHints":{"allow":["GET"]}}],"collection":[{"href":"https:\/\/artstella-elixirs-floraux.com\/en\/wp-json\/wp\/v2\/product"}],"about":[{"href":"https:\/\/artstella-elixirs-floraux.com\/en\/wp-json\/wp\/v2\/types\/product"}],"version-history":[{"count":0,"href":"https:\/\/artstella-elixirs-floraux.com\/en\/wp-json\/wp\/v2\/product\/4603\/revisions"}],"wp:featuredmedia":[{"embeddable":true,"href":"https:\/\/artstella-elixirs-floraux.com\/en\/wp-json\/wp\/v2\/media\/4604"}],"wp:attachment":[{"href":"https:\/\/artstella-elixirs-floraux.com\/en\/wp-json\/wp\/v2\/media?parent=4603"}],"wp:term":[{"taxonomy":"product_brand","embeddable":true,"href":"https:\/\/artstella-elixirs-floraux.com\/en\/wp-json\/wp\/v2\/product_brand?post=4603"},{"taxonomy":"product_cat","embeddable":true,"href":"https:\/\/artstella-elixirs-floraux.com\/en\/wp-json\/wp\/v2\/product_cat?post=4603"},{"taxonomy":"product_tag","embeddable":true,"href":"https:\/\/artstella-elixirs-floraux.com\/en\/wp-json\/wp\/v2\/product_tag?post=4603"}],"curies":[{"name":"wp","href":"https:\/\/api.w.org\/{rel}","templated":true}]}}