{"id":4609,"date":"2025-03-09T13:31:01","date_gmt":"2025-03-09T13:31:01","guid":{"rendered":"https:\/\/artstella-elixirs-floraux.com\/product\/coffret-12-combinaisons-30-ml-alaska\/"},"modified":"2025-04-07T14:57:09","modified_gmt":"2025-04-07T14:57:09","slug":"coffret-12-combinaisons-30-ml-alaska","status":"publish","type":"product","link":"https:\/\/artstella-elixirs-floraux.com\/en\/product\/coffret-12-combinaisons-30-ml-alaska\/","title":{"rendered":"COFFRET 12 Combinaisons 30 ML ALASKA"},"content":{"rendered":"","protected":false},"excerpt":{"rendered":"<p>COFFRET 12 Combinaisons 30 ML ALASKA<\/p>","protected":false},"featured_media":4610,"template":"","meta":[],"product_brand":[],"product_cat":[110],"product_tag":[],"class_list":{"0":"post-4609","1":"product","2":"type-product","3":"status-publish","4":"has-post-thumbnail","6":"product_cat-les-coffrets-des-elixirs-d-alaska","8":"first","9":"instock","10":"taxable","11":"shipping-taxable","12":"purchasable","13":"product-type-variable"},"etheme_brands":{"errors":{"invalid_taxonomy":["Invalid taxonomy."]},"error_data":[]},"jetpack_sharing_enabled":true,"jetpack-related-posts":[{"id":4625,"url":"https:\/\/artstella-elixirs-floraux.com\/en\/product\/coffret-72-fleurs-30-ml\/","url_meta":{"origin":4609,"position":0},"title":"COFFRET 72 FLEURS 30 ML","author":"eveapprill","date":"9 March 2025","format":false,"excerpt":"COFFRET 72 FLEURS 30 ML","rel":"","context":"Similar post","block_context":{"text":"Similar post","link":""},"img":{"alt_text":"Les coffrets des \u00e9lixirs d'Alaska","src":"https:\/\/i0.wp.com\/artstella-elixirs-floraux.com\/wp-content\/uploads\/2025\/03\/wp-image1462.png?resize=350%2C200&ssl=1","width":350,"height":200},"classes":[]},{"id":4617,"url":"https:\/\/artstella-elixirs-floraux.com\/en\/product\/coffret-48-gemmes-30-ml\/","url_meta":{"origin":4609,"position":1},"title":"COFFRET 48 GEMMES 30 ML","author":"eveapprill","date":"9 March 2025","format":false,"excerpt":"COFFRET 48 GEMMES 30 ML","rel":"","context":"Similar post","block_context":{"text":"Similar post","link":""},"img":{"alt_text":"","src":"","width":0,"height":0},"classes":[]},{"id":4629,"url":"https:\/\/artstella-elixirs-floraux.com\/en\/product\/coffret-elixirs-denvironnement-30-ml\/","url_meta":{"origin":4609,"position":2},"title":"COFFRET \u00e9lixirs d&rsquo;environnement 30 ML","author":"eveapprill","date":"9 March 2025","format":false,"excerpt":"COFFRET \u00e9lixirs d'environnement 30ML","rel":"","context":"Similar post","block_context":{"text":"Similar post","link":""},"img":{"alt_text":"","src":"","width":0,"height":0},"classes":[]},{"id":4607,"url":"https:\/\/artstella-elixirs-floraux.com\/en\/product\/coffret-4-sprays-combi-60-ml\/","url_meta":{"origin":4609,"position":3},"title":"COFFRET 4 SPRAYS COMBI 60 ML","author":"eveapprill","date":"9 March 2025","format":false,"excerpt":"COFFRET 4 SPRAYS COMBI 60 ML","rel":"","context":"Similar post","block_context":{"text":"Similar post","link":""},"img":{"alt_text":"","src":"","width":0,"height":0},"classes":[]},{"id":4155,"url":"https:\/\/artstella-elixirs-floraux.com\/en\/product\/coffret-sylfos-30-ml\/","url_meta":{"origin":4609,"position":4},"title":"COFFRET SYLFOS 30 ML","author":"","date":"9 March 2025","format":false,"excerpt":"contient les 24 \u00e9lixirs floraux Andins en 30 ml","rel":"","context":"Similar post","block_context":{"text":"Similar post","link":""},"img":{"alt_text":"","src":"https:\/\/i0.wp.com\/artstella-elixirs-floraux.com\/wp-content\/uploads\/2025\/03\/wp-image1493.png?resize=350%2C200&ssl=1","width":350,"height":200},"classes":[]},{"id":4557,"url":"https:\/\/artstella-elixirs-floraux.com\/en\/product\/coffret-20-elixirs-de-champignons-15-ml-phi\/","url_meta":{"origin":4609,"position":5},"title":"COFFRET 20 Elixirs de CHAMPIGNONS 15 ML PHI","author":"eveapprill","date":"9 March 2025","format":false,"excerpt":"Les 20 \u00e9lixirs de champignons : Les 20 \u00e9lixirs de champignons sont plus r\u00e9cents dans la recherche PHI. Ils offrent une possibilit\u00e9 int\u00e9ressante de combinaison avec les \u00e9lixirs floraux.","rel":"","context":"Similar post","block_context":{"text":"Similar post","link":""},"img":{"alt_text":"","src":"https:\/\/i0.wp.com\/artstella-elixirs-floraux.com\/wp-content\/uploads\/2025\/03\/wp-image1162.png?resize=350%2C200&ssl=1","width":350,"height":200,"srcset":"https:\/\/i0.wp.com\/artstella-elixirs-floraux.com\/wp-content\/uploads\/2025\/03\/wp-image1162.png?resize=350%2C200&ssl=1 1x, https:\/\/i0.wp.com\/artstella-elixirs-floraux.com\/wp-content\/uploads\/2025\/03\/wp-image1162.png?resize=525%2C300&ssl=1 1.5x, https:\/\/i0.wp.com\/artstella-elixirs-floraux.com\/wp-content\/uploads\/2025\/03\/wp-image1162.png?resize=700%2C400&ssl=1 2x"},"classes":[]}],"_links":{"self":[{"href":"https:\/\/artstella-elixirs-floraux.com\/en\/wp-json\/wp\/v2\/product\/4609","targetHints":{"allow":["GET"]}}],"collection":[{"href":"https:\/\/artstella-elixirs-floraux.com\/en\/wp-json\/wp\/v2\/product"}],"about":[{"href":"https:\/\/artstella-elixirs-floraux.com\/en\/wp-json\/wp\/v2\/types\/product"}],"version-history":[{"count":0,"href":"https:\/\/artstella-elixirs-floraux.com\/en\/wp-json\/wp\/v2\/product\/4609\/revisions"}],"wp:featuredmedia":[{"embeddable":true,"href":"https:\/\/artstella-elixirs-floraux.com\/en\/wp-json\/wp\/v2\/media\/4610"}],"wp:attachment":[{"href":"https:\/\/artstella-elixirs-floraux.com\/en\/wp-json\/wp\/v2\/media?parent=4609"}],"wp:term":[{"taxonomy":"product_brand","embeddable":true,"href":"https:\/\/artstella-elixirs-floraux.com\/en\/wp-json\/wp\/v2\/product_brand?post=4609"},{"taxonomy":"product_cat","embeddable":true,"href":"https:\/\/artstella-elixirs-floraux.com\/en\/wp-json\/wp\/v2\/product_cat?post=4609"},{"taxonomy":"product_tag","embeddable":true,"href":"https:\/\/artstella-elixirs-floraux.com\/en\/wp-json\/wp\/v2\/product_tag?post=4609"}],"curies":[{"name":"wp","href":"https:\/\/api.w.org\/{rel}","templated":true}]}}