{"id":4655,"date":"2025-03-09T13:31:46","date_gmt":"2025-03-09T13:31:46","guid":{"rendered":"https:\/\/artstella-elixirs-floraux.com\/product\/t1-delph-phi-2x15-ml\/"},"modified":"2026-01-14T17:10:36","modified_gmt":"2026-01-14T17:10:36","slug":"t1-delph-phi-2x15-ml","status":"publish","type":"product","link":"https:\/\/artstella-elixirs-floraux.com\/en\/product\/t1-delph-phi-2x15-ml\/","title":{"rendered":"T1 + DELPH PHI 2&#215;15 ML"},"content":{"rendered":"<p><strong>T1 &#8211; \u00e9lixir anti-rayonnement<\/strong><\/p>\n<p>Cet \u00e9lixir est diff\u00e9rent de tous les autres \u00e9lixirs connus. Au lieu d\u2019\u00e9mettre de l\u2019\u00e9nergie, il absorbe les \u00e9nergies exc\u00e9dentaires et r\u00e9\u00e9quilibre ainsi l\u2019organisme \u00e9nerg\u00e9tiquement.<\/p>\n<p>Cet \u00e9lixir est apparu positif aux tests dans des cas comme\u00a0: surcharge par des \u00e9nergies telluriques, une radiation aux rayons X, \u00e9lectro-smog.<\/p>\n<p><strong>Possibilit\u00e9s d\u2019utilisation<\/strong>\u00a0: un flacon ferm\u00e9 est plac\u00e9 entre les pieds (sans chaussures), de mani\u00e8re \u00e0 les toucher l\u00e9g\u00e8rement. Un flacon de l\u2019\u00e9lixir Delph dans la main gauche ou droite est plac\u00e9 au-dessus de la t\u00eate ou d\u2019un endroit que nous ressentons. Puis la bouteille est pass\u00e9e autour du corps de haut en bas jusqu\u2019au pieds. La position assise se pr\u00eate bien \u00e0 cette utilisation. Apr\u00e8s quelques minutes, on constate parfois un chatouillement dans les pieds. Gr\u00e2ce \u00e0 l\u2019effet purificateur de Delph, nous nous \u00ab\u00a0nettoyons\u00a0\u00bb pour ainsi dire \u00e9nerg\u00e9tiquement. N\u2019oubliez pas de purifier les flacons apr\u00e8s utilisation (lumi\u00e8re, pens\u00e9e, etc). T1 doit \u00eatre conserv\u00e9 \u00e0 part des autres \u00e9lixirs.<\/p>","protected":false},"excerpt":{"rendered":"<p><strong>T1 &#8211; \u00e9lixir anti-rayonnement<\/strong><\/p>\n<p>Cet \u00e9lixir est diff\u00e9rent de tous les autres \u00e9lixirs connus. Au lieu d\u2019\u00e9mettre de l\u2019\u00e9nergie, il absorbe les \u00e9nergies exc\u00e9dentaires et r\u00e9\u00e9quilibre ainsi l\u2019organisme \u00e9nerg\u00e9tiquement.<\/p>","protected":false},"featured_media":6678,"template":"","meta":[],"product_brand":[],"product_cat":[108,86],"product_tag":[],"class_list":{"0":"post-4655","1":"product","2":"type-product","3":"status-publish","4":"has-post-thumbnail","6":"product_cat-les-coffrets-phi","7":"product_cat-les-elixirs-environnementaux","9":"first","10":"instock","11":"taxable","12":"shipping-taxable","13":"purchasable","14":"product-type-simple"},"etheme_brands":{"errors":{"invalid_taxonomy":["Invalid taxonomy."]},"error_data":[]},"jetpack_sharing_enabled":true,"jetpack-related-posts":[{"id":3084,"url":"https:\/\/artstella-elixirs-floraux.com\/en\/product\/t1-phi-15-ml\/","url_meta":{"origin":4655,"position":0},"title":"T1 PHI 15 ML","author":"eveapprill","date":"9 March 2025","format":false,"excerpt":"T1 - \u00e9lixir anti-rayonnement Cet \u00e9lixir est diff\u00e9rent de tous les autres \u00e9lixirs connus. Au lieu d\u2019\u00e9mettre de l\u2019\u00e9nergie, il absorbe les \u00e9nergies exc\u00e9dentaires et r\u00e9\u00e9quilibre ainsi l\u2019organisme \u00e9nerg\u00e9tiquement.","rel":"","context":"Similar post","block_context":{"text":"Similar post","link":""},"img":{"alt_text":"","src":"","width":0,"height":0},"classes":[]},{"id":3843,"url":"https:\/\/artstella-elixirs-floraux.com\/en\/product\/delph-dauphin-15-ml-phi\/","url_meta":{"origin":4655,"position":1},"title":"DELPH Elixir des Dauphins PHI","author":"eveapprill","date":"9 March 2025","format":false,"excerpt":"Delph (Tursiops truncatus) Delph est un \u00e9lixir \u00e0 part. Il a pu \u00eatre r\u00e9alis\u00e9 avec l\u2019aide des dauphins dans la mer. existe aussi en spray, en cr\u00e8me et en pendentif","rel":"","context":"Similar post","block_context":{"text":"Similar post","link":""},"img":{"alt_text":"","src":"","width":0,"height":0},"classes":[]},{"id":3419,"url":"https:\/\/artstella-elixirs-floraux.com\/en\/product\/collier-delph-phi\/","url_meta":{"origin":4655,"position":2},"title":"COLLIER DELPH PHI","author":"eveapprill","date":"9 March 2025","format":false,"excerpt":"Le pendentif \u00ab\u00a0Delph\u00a0\u00bb en verre souffl\u00e9 transparent. Accroch\u00e9 \u00e0 une lani\u00e8re de cuir r\u00e9glable. Nous pouvons ainsi porter l'\u00e9lixir des dauphins directement sur le chakra du c\u0153ur. Son action est harmonisante.","rel":"","context":"Similar post","block_context":{"text":"Similar post","link":""},"img":{"alt_text":"","src":"https:\/\/i0.wp.com\/artstella-elixirs-floraux.com\/wp-content\/uploads\/2025\/03\/PENDENTIF-delph.jpg?resize=350%2C200&ssl=1","width":350,"height":200},"classes":[]},{"id":5237,"url":"https:\/\/artstella-elixirs-floraux.com\/en\/product\/creme-delph-a-lenergie-des-dauphins\/","url_meta":{"origin":4655,"position":3},"title":"Cr\u00e8me DELPH, \u00e0 l&rsquo;\u00e9nergie des dauphins","author":"eveapprill","date":"9 March 2025","format":false,"excerpt":"Cr\u00e8me DELPH, \u00e0 l'\u00e9nergie des dauphins La Cr\u00e8me DELPH, \u00e0 l\u2019\u00e9nergie des dauphins. Elle \u00e9quilibre \u00e9nerg\u00e9tiquement la peau et, par son action d\u2019ouverture du c\u0153ur, favorise le bien-\u00eatre. Elle est particuli\u00e8rement recommand\u00e9e pour appliquer un choix d\u2019\u00e9lixirs personnel ou d\u2019huiles essentielles, et comme cr\u00e8me de massage pendant la grossesse.","rel":"","context":"Similar post","block_context":{"text":"Similar post","link":""},"img":{"alt_text":"","src":"https:\/\/i0.wp.com\/artstella-elixirs-floraux.com\/wp-content\/uploads\/2025\/03\/cf5e58c7-45d9-4f51-9ba7-60a61f4188bd.jpg?resize=350%2C200&ssl=1","width":350,"height":200,"srcset":"https:\/\/i0.wp.com\/artstella-elixirs-floraux.com\/wp-content\/uploads\/2025\/03\/cf5e58c7-45d9-4f51-9ba7-60a61f4188bd.jpg?resize=350%2C200&ssl=1 1x, https:\/\/i0.wp.com\/artstella-elixirs-floraux.com\/wp-content\/uploads\/2025\/03\/cf5e58c7-45d9-4f51-9ba7-60a61f4188bd.jpg?resize=525%2C300&ssl=1 1.5x, https:\/\/i0.wp.com\/artstella-elixirs-floraux.com\/wp-content\/uploads\/2025\/03\/cf5e58c7-45d9-4f51-9ba7-60a61f4188bd.jpg?resize=700%2C400&ssl=1 2x"},"classes":[]},{"id":3891,"url":"https:\/\/artstella-elixirs-floraux.com\/en\/product\/delph-spray-spray-energie-dauphin-phi\/","url_meta":{"origin":4655,"position":4},"title":"DELPH -SPRAY spray \u00e9nergie dauphin PHI","author":"eveapprill","date":"9 March 2025","format":false,"excerpt":"Delph spray - Spray \u00e0 l'\u00e9nergie des dauphins Action bienfaisante et purifiante de Delph\u00ae existe en spray. Il s'utilise en vaporisation pour purifier les pi\u00e8ces charg\u00e9es \u00e9nerg\u00e9tiquement (bureau, cabinet de consultation, salle de conf\u00e9rences, etc.).","rel":"","context":"Similar post","block_context":{"text":"Similar post","link":""},"img":{"alt_text":"","src":"","width":0,"height":0},"classes":[]},{"id":6060,"url":"https:\/\/artstella-elixirs-floraux.com\/en\/product\/elixir-ocean-n16-phi-15ml\/","url_meta":{"origin":4655,"position":5},"title":"ELIXIR OCEAN N\u00b016 PHI 15ML","author":"eveapprill","date":"9 March 2025","format":false,"excerpt":"L\u2019\u00e9lixir agit \u00e9nerg\u00e9tiquement en lib\u00e9rant des vieux sch\u00e9mas et sentiments. Les limitations int\u00e9rieures peuvent \u00eatre transform\u00e9es et les blocages dissouts. Cela contribue \u00e0 am\u00e9liorer la confiance en soi et il est alors plus ais\u00e9 d\u2019aborder les autres de fa\u00e7on plus cordiale et sans pr\u00e9jug\u00e9s.","rel":"","context":"Similar post","block_context":{"text":"Similar post","link":""},"img":{"alt_text":"","src":"https:\/\/i0.wp.com\/artstella-elixirs-floraux.com\/wp-content\/uploads\/2025\/03\/wp-image2054.png?resize=350%2C200&ssl=1","width":350,"height":200},"classes":[]}],"_links":{"self":[{"href":"https:\/\/artstella-elixirs-floraux.com\/en\/wp-json\/wp\/v2\/product\/4655","targetHints":{"allow":["GET"]}}],"collection":[{"href":"https:\/\/artstella-elixirs-floraux.com\/en\/wp-json\/wp\/v2\/product"}],"about":[{"href":"https:\/\/artstella-elixirs-floraux.com\/en\/wp-json\/wp\/v2\/types\/product"}],"version-history":[{"count":1,"href":"https:\/\/artstella-elixirs-floraux.com\/en\/wp-json\/wp\/v2\/product\/4655\/revisions"}],"predecessor-version":[{"id":11963,"href":"https:\/\/artstella-elixirs-floraux.com\/en\/wp-json\/wp\/v2\/product\/4655\/revisions\/11963"}],"wp:featuredmedia":[{"embeddable":true,"href":"https:\/\/artstella-elixirs-floraux.com\/en\/wp-json\/wp\/v2\/media\/6678"}],"wp:attachment":[{"href":"https:\/\/artstella-elixirs-floraux.com\/en\/wp-json\/wp\/v2\/media?parent=4655"}],"wp:term":[{"taxonomy":"product_brand","embeddable":true,"href":"https:\/\/artstella-elixirs-floraux.com\/en\/wp-json\/wp\/v2\/product_brand?post=4655"},{"taxonomy":"product_cat","embeddable":true,"href":"https:\/\/artstella-elixirs-floraux.com\/en\/wp-json\/wp\/v2\/product_cat?post=4655"},{"taxonomy":"product_tag","embeddable":true,"href":"https:\/\/artstella-elixirs-floraux.com\/en\/wp-json\/wp\/v2\/product_tag?post=4655"}],"curies":[{"name":"wp","href":"https:\/\/api.w.org\/{rel}","templated":true}]}}